{"id":271,"date":"2016-12-13T17:41:11","date_gmt":"2016-12-13T17:41:11","guid":{"rendered":"http:\/\/liag.ft.unicamp.br\/dje\/?page_id=271"},"modified":"2016-12-13T17:48:41","modified_gmt":"2016-12-13T17:48:41","slug":"stagium-ii","status":"publish","type":"page","link":"https:\/\/liag.ft.unicamp.br\/dje\/stagium-ii\/","title":{"rendered":"STAGIUM II"},"content":{"rendered":"<p>A Equipe Stagium II comentou sobre sua participa\u00e7\u00e3o no DJE016. Quer dar uma conferida ou saber mais sobre os vencedores?<\/p>\n<p><img fetchpriority=\"high\" decoding=\"async\" src=\"https:\/\/liag.ft.unicamp.br\/dje\/wp-content\/uploads\/sites\/2\/2016\/12\/IMG_8840.png\" alt=\"img_8840\" width=\"500\" height=\"421\" class=\"aligncenter size-full wp-image-272\" \/><\/p>\n<p>Assiste a\u00ed:<\/p>\n<p>https:\/\/youtube.com\/watch?v=TM9kSYinw2o<\/p>\n","protected":false},"excerpt":{"rendered":"<p>A Equipe Stagium II comentou sobre sua participa\u00e7\u00e3o no DJE016. Quer dar uma conferida ou saber mais sobre os vencedores? Assiste a\u00ed: https:\/\/youtube.com\/watch?v=TM9kSYinw2o<\/p>\n","protected":false},"author":8,"featured_media":0,"parent":0,"menu_order":0,"comment_status":"closed","ping_status":"closed","template":"","meta":{"_monsterinsights_skip_tracking":false,"_monsterinsights_sitenote_active":false,"_monsterinsights_sitenote_note":"","_monsterinsights_sitenote_category":0,"footnotes":"","_links_to":"","_links_to_target":""},"class_list":["post-271","page","type-page","status-publish","hentry"],"wps_subtitle":"Equipe Campe\u00e3 do Desafio Jovem Engenheiro 2016","_links":{"self":[{"href":"https:\/\/liag.ft.unicamp.br\/dje\/wp-json\/wp\/v2\/pages\/271","targetHints":{"allow":["GET"]}}],"collection":[{"href":"https:\/\/liag.ft.unicamp.br\/dje\/wp-json\/wp\/v2\/pages"}],"about":[{"href":"https:\/\/liag.ft.unicamp.br\/dje\/wp-json\/wp\/v2\/types\/page"}],"author":[{"embeddable":true,"href":"https:\/\/liag.ft.unicamp.br\/dje\/wp-json\/wp\/v2\/users\/8"}],"replies":[{"embeddable":true,"href":"https:\/\/liag.ft.unicamp.br\/dje\/wp-json\/wp\/v2\/comments?post=271"}],"version-history":[{"count":9,"href":"https:\/\/liag.ft.unicamp.br\/dje\/wp-json\/wp\/v2\/pages\/271\/revisions"}],"predecessor-version":[{"id":281,"href":"https:\/\/liag.ft.unicamp.br\/dje\/wp-json\/wp\/v2\/pages\/271\/revisions\/281"}],"wp:attachment":[{"href":"https:\/\/liag.ft.unicamp.br\/dje\/wp-json\/wp\/v2\/media?parent=271"}],"curies":[{"name":"wp","href":"https:\/\/api.w.org\/{rel}","templated":true}]}}