{"id":305,"date":"2017-03-07T17:55:42","date_gmt":"2017-03-07T17:55:42","guid":{"rendered":"http:\/\/liag.ft.unicamp.br\/dje\/?page_id=305"},"modified":"2019-04-24T12:08:04","modified_gmt":"2019-04-24T12:08:04","slug":"dje017","status":"publish","type":"page","link":"https:\/\/liag.ft.unicamp.br\/dje\/dje017\/","title":{"rendered":"DJE017"},"content":{"rendered":"<hr \/>\n<h3 style=\"text-align: center;\"><span style=\"font-family: arial, helvetica, sans-serif; font-size: 14pt;\"><strong>DESAFIOS DJE017<\/strong><\/span><\/h3>\n<hr \/>\n<p style=\"text-align: center;\"><span style=\"font-family: arial, helvetica, sans-serif; font-size: 14pt;\"><strong>ETAPA 01<\/strong><\/span><br \/>\n<span style=\"color: green; font-family: arial, helvetica, sans-serif; font-size: 14pt;\">\u2588 <a href=\"https:\/\/liag.ft.unicamp.br\/dje\/wp-content\/uploads\/sites\/2\/2017\/03\/Desafio_Verde_01.pdf\">Desafio 1.1<\/a><\/span><br \/>\n<span style=\"color: green; font-family: arial, helvetica, sans-serif; font-size: 14pt;\">\u2588 <a href=\"https:\/\/liag.ft.unicamp.br\/dje\/wp-content\/uploads\/sites\/2\/2017\/03\/Desafio_Verde_02.pdf\">Desafio 1.2<\/a><\/span><br \/>\n<span style=\"color: green; font-family: arial, helvetica, sans-serif; font-size: 14pt;\">\u2588 <a href=\"https:\/\/liag.ft.unicamp.br\/dje\/wp-content\/uploads\/sites\/2\/2017\/03\/Desafio_Verde_03.pdf\">Desafio 1.3<\/a><\/span><\/p>\n<p style=\"text-align: center;\"><span style=\"font-family: arial, helvetica, sans-serif; font-size: 14pt;\"><strong>ETAPA 02<\/strong><\/span><br \/>\n<span style=\"color: red; font-family: arial, helvetica, sans-serif; font-size: 14pt;\">\u2588 <a href=\"https:\/\/liag.ft.unicamp.br\/dje\/wp-content\/uploads\/sites\/2\/2017\/11\/Desafio_Vermelho-04.pdf\">Desafio 2.1<\/a><\/span><br \/>\n<span style=\"color: red; font-family: arial, helvetica, sans-serif; font-size: 14pt;\">\u2588 <a href=\"https:\/\/liag.ft.unicamp.br\/dje\/wp-content\/uploads\/sites\/2\/2017\/11\/Desafio_Vermelho-05.pdf\">Desafio 2.2<\/a><\/span><\/p>\n<p style=\"text-align: center;\"><span style=\"font-family: arial, helvetica, sans-serif; font-size: 14pt;\"><strong>ETAPA FINAL<\/strong><\/span><br \/>\n<span style=\"color: black; font-family: arial, helvetica, sans-serif; font-size: 14pt;\">\u2588 <a href=\"https:\/\/liag.ft.unicamp.br\/dje\/wp-content\/uploads\/sites\/2\/2017\/11\/Desafio_Black_Final.pdf\">Desafio Black<\/a><\/span><\/p>\n<hr \/>\n<p><span style=\"font-family: arial, helvetica, sans-serif; font-size: 14pt;\">Link para acesso ao MOODLE: www.unicamp.br\/ea<\/span><\/p>\n<h2 style=\"text-align: center;\"><span style=\"color: #993300; font-family: arial, helvetica, sans-serif; font-size: 14pt;\"><strong>SOLINOVA PARCEIRA DJE017<\/strong><\/span><\/h2>\n<p><span style=\"font-family: arial, helvetica, sans-serif; font-size: 14pt;\"><img fetchpriority=\"high\" decoding=\"async\" class=\"alignleft wp-image-490\" src=\"https:\/\/liag.ft.unicamp.br\/dje\/wp-content\/uploads\/sites\/2\/2017\/11\/solinova.png\" alt=\"\" width=\"417\" height=\"180\" srcset=\"https:\/\/liag.ft.unicamp.br\/wp-content\/uploads\/sites\/2\/2017\/11\/solinova.png 1098w, https:\/\/liag.ft.unicamp.br\/wp-content\/uploads\/sites\/2\/2017\/11\/solinova-300x129.png 300w, https:\/\/liag.ft.unicamp.br\/wp-content\/uploads\/sites\/2\/2017\/11\/solinova-768x331.png 768w, https:\/\/liag.ft.unicamp.br\/wp-content\/uploads\/sites\/2\/2017\/11\/solinova-1024x441.png 1024w\" sizes=\"(max-width: 417px) 100vw, 417px\" \/><\/span><\/p>\n<p><span style=\"font-family: arial, helvetica, sans-serif; font-size: 14pt;\">Voc\u00eas sabiam que a SOLINOVA \u00e9 parceira do DJE017? A Solinova desenvolve projetos que envolvem t\u00e9cnicas de efici\u00eancia energ\u00e9tica, fontes alternativas de energias limpas e renov\u00e1veis (CSP), desenvolvimento tecnol\u00f3gico para equipamentos ligados ao mercado de energia, al\u00e9m de consultorias e diagn\u00f3sticos de mercado, comercializa\u00e7\u00e3o de produtos e servi\u00e7os especializados de engenharia energ\u00e9tica voltado ao agroneg\u00f3cio e regi\u00f5es descentralizadas do Brasil. \u00c9 com atitude voltada a concretiza\u00e7\u00e3o de resultados que vamos construir um futuro sustent\u00e1vel. Para saber mais, acesse: https:\/\/www.solinova.com.br\/<\/span><\/p>\n<p><span style=\"font-family: arial, helvetica, sans-serif; font-size: 14pt;\"><embed src=\"https:\/\/liag.ft.unicamp.br\/dje\/wp-content\/uploads\/sites\/2\/2017\/05\/REGULAMENTO2017.pdf\" width=\"1000\" height=\"1600\"><\/embed><\/span><\/p>\n<h2 style=\"text-align: center;\"><span style=\"font-family: arial, helvetica, sans-serif; font-size: 14pt;\">CALEND\u00c1RIO<\/span><\/h2>\n<p><span style=\"font-family: arial, helvetica, sans-serif; font-size: 14pt;\"><a href=\"https:\/\/liag.ft.unicamp.br\/dje\/wp-content\/uploads\/sites\/2\/2017\/03\/Calendario-DJE017.png\"><img decoding=\"async\" class=\"alignnone wp-image-424 size-full\" src=\"https:\/\/liag.ft.unicamp.br\/dje\/wp-content\/uploads\/sites\/2\/2017\/03\/Calendario-DJE017.png\" alt=\"\" width=\"984\" height=\"680\" srcset=\"https:\/\/liag.ft.unicamp.br\/wp-content\/uploads\/sites\/2\/2017\/03\/Calendario-DJE017.png 984w, https:\/\/liag.ft.unicamp.br\/wp-content\/uploads\/sites\/2\/2017\/03\/Calendario-DJE017-300x207.png 300w, https:\/\/liag.ft.unicamp.br\/wp-content\/uploads\/sites\/2\/2017\/03\/Calendario-DJE017-768x531.png 768w\" sizes=\"(max-width: 984px) 100vw, 984px\" \/><\/a><\/span><\/p>\n<p><img decoding=\"async\" class=\"alignleft wp-image-322\" src=\"https:\/\/liag.ft.unicamp.br\/dje\/wp-content\/uploads\/sites\/2\/2017\/03\/BANNER017-1-724x1024.png\" alt=\"banner017-1\" width=\"550\" height=\"778\" srcset=\"https:\/\/liag.ft.unicamp.br\/wp-content\/uploads\/sites\/2\/2017\/03\/BANNER017-1-724x1024.png 724w, https:\/\/liag.ft.unicamp.br\/wp-content\/uploads\/sites\/2\/2017\/03\/BANNER017-1-212x300.png 212w, https:\/\/liag.ft.unicamp.br\/wp-content\/uploads\/sites\/2\/2017\/03\/BANNER017-1-768x1086.png 768w, https:\/\/liag.ft.unicamp.br\/wp-content\/uploads\/sites\/2\/2017\/03\/BANNER017-1.png 1654w\" sizes=\"(max-width: 550px) 100vw, 550px\" \/><\/p>\n","protected":false},"excerpt":{"rendered":"<p>DESAFIOS DJE017 ETAPA 01 \u2588 Desafio 1.1 \u2588 Desafio 1.2 \u2588 Desafio 1.3 ETAPA 02 \u2588 Desafio 2.1 \u2588 Desafio 2.2 ETAPA FINAL \u2588 Desafio Black Link para acesso ao MOODLE: www.unicamp.br\/ea SOLINOVA PARCEIRA DJE017 Voc\u00eas sabiam que a SOLINOVA \u00e9 parceira do DJE017? A Solinova desenvolve projetos que envolvem t\u00e9cnicas de efici\u00eancia energ\u00e9tica, fontes [&hellip;]<\/p>\n","protected":false},"author":8,"featured_media":0,"parent":0,"menu_order":0,"comment_status":"closed","ping_status":"closed","template":"","meta":{"_monsterinsights_skip_tracking":false,"_monsterinsights_sitenote_active":false,"_monsterinsights_sitenote_note":"","_monsterinsights_sitenote_category":0,"footnotes":"","_links_to":"","_links_to_target":""},"class_list":["post-305","page","type-page","status-publish","hentry"],"wps_subtitle":"DJE017","_links":{"self":[{"href":"https:\/\/liag.ft.unicamp.br\/dje\/wp-json\/wp\/v2\/pages\/305","targetHints":{"allow":["GET"]}}],"collection":[{"href":"https:\/\/liag.ft.unicamp.br\/dje\/wp-json\/wp\/v2\/pages"}],"about":[{"href":"https:\/\/liag.ft.unicamp.br\/dje\/wp-json\/wp\/v2\/types\/page"}],"author":[{"embeddable":true,"href":"https:\/\/liag.ft.unicamp.br\/dje\/wp-json\/wp\/v2\/users\/8"}],"replies":[{"embeddable":true,"href":"https:\/\/liag.ft.unicamp.br\/dje\/wp-json\/wp\/v2\/comments?post=305"}],"version-history":[{"count":31,"href":"https:\/\/liag.ft.unicamp.br\/dje\/wp-json\/wp\/v2\/pages\/305\/revisions"}],"predecessor-version":[{"id":628,"href":"https:\/\/liag.ft.unicamp.br\/dje\/wp-json\/wp\/v2\/pages\/305\/revisions\/628"}],"wp:attachment":[{"href":"https:\/\/liag.ft.unicamp.br\/dje\/wp-json\/wp\/v2\/media?parent=305"}],"curies":[{"name":"wp","href":"https:\/\/api.w.org\/{rel}","templated":true}]}}