{"id":53,"date":"2016-07-29T19:24:45","date_gmt":"2016-07-29T19:24:45","guid":{"rendered":"http:\/\/liag.ft.unicamp.br\/dje\/?page_id=53"},"modified":"2019-04-24T12:06:54","modified_gmt":"2019-04-24T12:06:54","slug":"dje015","status":"publish","type":"page","link":"https:\/\/liag.ft.unicamp.br\/dje\/dje015\/","title":{"rendered":"DJE015"},"content":{"rendered":"<p><span style=\"font-family: arial, helvetica, sans-serif; font-size: 14pt;\">Equipe Campe\u00e3:<\/span><\/p>\n<div id=\"attachment_54\" style=\"width: 310px\" class=\"wp-caption alignleft\"><img fetchpriority=\"high\" decoding=\"async\" aria-describedby=\"caption-attachment-54\" class=\"size-medium wp-image-54\" src=\"https:\/\/liag.ft.unicamp.br\/dje\/wp-content\/uploads\/sites\/2\/2016\/07\/Equipe-Criativando-_-campe\u00e3-da-edi\u00e7\u00e3o-de-2015-300x300.jpg\" alt=\"Equipe CRIATIVANDO\" width=\"300\" height=\"300\" srcset=\"https:\/\/liag.ft.unicamp.br\/wp-content\/uploads\/sites\/2\/2016\/07\/Equipe-Criativando-_-campe\u00e3-da-edi\u00e7\u00e3o-de-2015-300x300.jpg 300w, https:\/\/liag.ft.unicamp.br\/wp-content\/uploads\/sites\/2\/2016\/07\/Equipe-Criativando-_-campe\u00e3-da-edi\u00e7\u00e3o-de-2015-150x150.jpg 150w, https:\/\/liag.ft.unicamp.br\/wp-content\/uploads\/sites\/2\/2016\/07\/Equipe-Criativando-_-campe\u00e3-da-edi\u00e7\u00e3o-de-2015.jpg 740w\" sizes=\"(max-width: 300px) 100vw, 300px\" \/><p id=\"caption-attachment-54\" class=\"wp-caption-text\"><\/span> <span style=\"font-family: arial, helvetica, sans-serif; font-size: 14pt;\">Equipe CRIATIVANDO<\/span><\/p><\/div>\n<hr \/>\n<p><span style=\"font-family: arial, helvetica, sans-serif; font-size: 14pt;\">Confira os Desafios do DJE015<\/span><\/p>\n<p><span style=\"font-family: arial, helvetica, sans-serif; font-size: 14pt;\"><a href=\"https:\/\/liag.ft.unicamp.br\/dje\/wp-content\/uploads\/sites\/2\/2016\/07\/Desafio1-2015-Auctus.pdf\">Desafio 01<\/a><\/span><\/p>\n<p><span style=\"font-family: arial, helvetica, sans-serif; font-size: 14pt;\"><a href=\"https:\/\/liag.ft.unicamp.br\/dje\/wp-content\/uploads\/sites\/2\/2016\/07\/Desafio2-2015-FEQ.pdf\">Desafio 02<\/a><\/span><\/p>\n<p><span style=\"font-family: arial, helvetica, sans-serif; font-size: 14pt;\"><a href=\"https:\/\/liag.ft.unicamp.br\/dje\/wp-content\/uploads\/sites\/2\/2016\/07\/Desafio3-2015-LIAG.pdf\">Desafio 03<\/a><\/span><\/p>\n<hr \/>\n<p><span style=\"font-family: arial, helvetica, sans-serif; font-size: 14pt;\">Equipes Participantes do Desafio<\/span><\/p>\n<p><img decoding=\"async\" class=\"size-full wp-image-204 alignleft\" src=\"https:\/\/liag.ft.unicamp.br\/dje\/wp-content\/uploads\/sites\/2\/2016\/07\/segundaFvcvcvc2015.png\" alt=\"segundafvcvcvc2015\" width=\"263\" height=\"507\" srcset=\"https:\/\/liag.ft.unicamp.br\/wp-content\/uploads\/sites\/2\/2016\/07\/segundaFvcvcvc2015.png 263w, https:\/\/liag.ft.unicamp.br\/wp-content\/uploads\/sites\/2\/2016\/07\/segundaFvcvcvc2015-156x300.png 156w\" sizes=\"(max-width: 263px) 100vw, 263px\" \/><\/p>\n","protected":false},"excerpt":{"rendered":"<p>Equipe Campe\u00e3: Confira os Desafios do DJE015 Desafio 01 Desafio 02 Desafio 03 Equipes Participantes do Desafio<\/p>\n","protected":false},"author":8,"featured_media":166,"parent":0,"menu_order":0,"comment_status":"closed","ping_status":"closed","template":"","meta":{"_monsterinsights_skip_tracking":false,"_monsterinsights_sitenote_active":false,"_monsterinsights_sitenote_note":"","_monsterinsights_sitenote_category":0,"footnotes":"","_links_to":"","_links_to_target":""},"class_list":["post-53","page","type-page","status-publish","has-post-thumbnail","hentry"],"wps_subtitle":"","_links":{"self":[{"href":"https:\/\/liag.ft.unicamp.br\/dje\/wp-json\/wp\/v2\/pages\/53","targetHints":{"allow":["GET"]}}],"collection":[{"href":"https:\/\/liag.ft.unicamp.br\/dje\/wp-json\/wp\/v2\/pages"}],"about":[{"href":"https:\/\/liag.ft.unicamp.br\/dje\/wp-json\/wp\/v2\/types\/page"}],"author":[{"embeddable":true,"href":"https:\/\/liag.ft.unicamp.br\/dje\/wp-json\/wp\/v2\/users\/8"}],"replies":[{"embeddable":true,"href":"https:\/\/liag.ft.unicamp.br\/dje\/wp-json\/wp\/v2\/comments?post=53"}],"version-history":[{"count":14,"href":"https:\/\/liag.ft.unicamp.br\/dje\/wp-json\/wp\/v2\/pages\/53\/revisions"}],"predecessor-version":[{"id":625,"href":"https:\/\/liag.ft.unicamp.br\/dje\/wp-json\/wp\/v2\/pages\/53\/revisions\/625"}],"wp:featuredmedia":[{"embeddable":true,"href":"https:\/\/liag.ft.unicamp.br\/dje\/wp-json\/wp\/v2\/media\/166"}],"wp:attachment":[{"href":"https:\/\/liag.ft.unicamp.br\/dje\/wp-json\/wp\/v2\/media?parent=53"}],"curies":[{"name":"wp","href":"https:\/\/api.w.org\/{rel}","templated":true}]}}