{"id":57,"date":"2016-07-29T19:25:57","date_gmt":"2016-07-29T19:25:57","guid":{"rendered":"http:\/\/liag.ft.unicamp.br\/dje\/?page_id=57"},"modified":"2019-04-24T12:06:21","modified_gmt":"2019-04-24T12:06:21","slug":"dje014","status":"publish","type":"page","link":"https:\/\/liag.ft.unicamp.br\/dje\/dje014\/","title":{"rendered":"DJE014"},"content":{"rendered":"<p><span style=\"font-family: arial, helvetica, sans-serif; font-size: 14pt;\"><img fetchpriority=\"high\" decoding=\"async\" class=\"aligncenter wp-image-64\" src=\"https:\/\/liag.ft.unicamp.br\/dje\/wp-content\/uploads\/sites\/2\/2016\/07\/Equipe-JovensTitans.jpg\" alt=\"Equipe-JovensTitans\" width=\"456\" height=\"304\" srcset=\"https:\/\/liag.ft.unicamp.br\/wp-content\/uploads\/sites\/2\/2016\/07\/Equipe-JovensTitans.jpg 2352w, https:\/\/liag.ft.unicamp.br\/wp-content\/uploads\/sites\/2\/2016\/07\/Equipe-JovensTitans-300x200.jpg 300w, https:\/\/liag.ft.unicamp.br\/wp-content\/uploads\/sites\/2\/2016\/07\/Equipe-JovensTitans-768x512.jpg 768w, https:\/\/liag.ft.unicamp.br\/wp-content\/uploads\/sites\/2\/2016\/07\/Equipe-JovensTitans-1024x683.jpg 1024w\" sizes=\"(max-width: 456px) 100vw, 456px\" \/><\/span><\/p>\n<p><span style=\"font-family: arial, helvetica, sans-serif; font-size: 14pt;\">Equipe Campe\u00e3<\/span><\/p>\n<p><span style=\"font-family: arial, helvetica, sans-serif; font-size: 14pt;\">Patricinadora:<\/span><\/p>\n<p><span style=\"font-family: arial, helvetica, sans-serif; font-size: 14pt;\"><a href=\"https:\/\/www.facebook.com\/novabrico\/\">NOVABRICO<\/a>:\u00a0Produtos para constru\u00e7\u00e3o e decora\u00e7\u00e3o, entregas r\u00e1pidas, pre\u00e7os econ\u00f4micos e qualidade garantida.<\/span><\/p>\n<p><span style=\"font-family: arial, helvetica, sans-serif; font-size: 14pt;\">A empresa patrocinou a premia\u00e7\u00e3o para equipe campe\u00e3 com 4 smartphones.<\/span><\/p>\n<p><span style=\"font-family: arial, helvetica, sans-serif; font-size: 14pt;\"><img decoding=\"async\" class=\"wp-image-66 alignnone\" src=\"https:\/\/liag.ft.unicamp.br\/dje\/wp-content\/uploads\/sites\/2\/2016\/07\/Nova-Brico-e-equipe-do-DJE-2013-300x200.jpg\" alt=\"Nova Brico e equipe do DJE 2013\" width=\"550\" height=\"367\" srcset=\"https:\/\/liag.ft.unicamp.br\/wp-content\/uploads\/sites\/2\/2016\/07\/Nova-Brico-e-equipe-do-DJE-2013-300x200.jpg 300w, https:\/\/liag.ft.unicamp.br\/wp-content\/uploads\/sites\/2\/2016\/07\/Nova-Brico-e-equipe-do-DJE-2013-768x512.jpg 768w, https:\/\/liag.ft.unicamp.br\/wp-content\/uploads\/sites\/2\/2016\/07\/Nova-Brico-e-equipe-do-DJE-2013-1024x683.jpg 1024w, https:\/\/liag.ft.unicamp.br\/wp-content\/uploads\/sites\/2\/2016\/07\/Nova-Brico-e-equipe-do-DJE-2013.jpg 1200w\" sizes=\"(max-width: 550px) 100vw, 550px\" \/><\/span><\/p>\n<hr \/>\n<p><span style=\"font-family: arial, helvetica, sans-serif; font-size: 14pt;\">Not\u00edcias Sobre DJE014<\/span><\/p>\n<h2 style=\"text-align: center;\"><span style=\"font-family: arial, helvetica, sans-serif; font-size: 14pt;\">Desafio Jovem Engenheiro<\/span><br \/>\n<span style=\"font-family: arial, helvetica, sans-serif; font-size: 14pt;\">teve 90 equipes de 14 estados<\/span><\/h2>\n<div id=\"attachment_84\" style=\"width: 560px\" class=\"wp-caption aligncenter\"><a href=\"https:\/\/www.unicamp.br\/unicamp\/noticias\/2014\/12\/22\/desafio-jovem-engenheiro-teve-90-equipes-de-14-estados\"><img decoding=\"async\" aria-describedby=\"caption-attachment-84\" class=\"wp-image-84\" title=\"Acesse Not\u00edcia Clicando na imagem\" src=\"https:\/\/liag.ft.unicamp.br\/dje\/wp-content\/uploads\/sites\/2\/2016\/07\/ic_marcos-augusto-francisco-borges_350x230__0-300x197.jpg\" alt=\"Marcos Borges, coordenador do LIAG\" width=\"550\" height=\"361\" srcset=\"https:\/\/liag.ft.unicamp.br\/wp-content\/uploads\/sites\/2\/2016\/07\/ic_marcos-augusto-francisco-borges_350x230__0-300x197.jpg 300w, https:\/\/liag.ft.unicamp.br\/wp-content\/uploads\/sites\/2\/2016\/07\/ic_marcos-augusto-francisco-borges_350x230__0.jpg 350w\" sizes=\"(max-width: 550px) 100vw, 550px\" \/><\/a><p id=\"caption-attachment-84\" class=\"wp-caption-text\"><\/span> <span style=\"font-family: arial, helvetica, sans-serif; font-size: 14pt;\">Marcos Borges, coordenador do LIAG<\/span><\/p><\/div>\n<p><span style=\"font-family: arial, helvetica, sans-serif; font-size: 14pt;\"><img loading=\"lazy\" decoding=\"async\" class=\"aligncenter wp-image-78\" src=\"https:\/\/liag.ft.unicamp.br\/dje\/wp-content\/uploads\/sites\/2\/2016\/07\/Jornal_Limeira2-844x1024.jpg\" alt=\"Jornal_Limeira2\" width=\"550\" height=\"667\" srcset=\"https:\/\/liag.ft.unicamp.br\/wp-content\/uploads\/sites\/2\/2016\/07\/Jornal_Limeira2-844x1024.jpg 844w, https:\/\/liag.ft.unicamp.br\/wp-content\/uploads\/sites\/2\/2016\/07\/Jornal_Limeira2-247x300.jpg 247w, https:\/\/liag.ft.unicamp.br\/wp-content\/uploads\/sites\/2\/2016\/07\/Jornal_Limeira2-768x932.jpg 768w, https:\/\/liag.ft.unicamp.br\/wp-content\/uploads\/sites\/2\/2016\/07\/Jornal_Limeira2.jpg 1066w\" sizes=\"(max-width: 550px) 100vw, 550px\" \/> <img loading=\"lazy\" decoding=\"async\" class=\"aligncenter wp-image-79\" src=\"https:\/\/liag.ft.unicamp.br\/dje\/wp-content\/uploads\/sites\/2\/2016\/07\/Jornal_Limeira1-1024x336.jpg\" alt=\"Jornal_Limeira1\" width=\"550\" height=\"180\" srcset=\"https:\/\/liag.ft.unicamp.br\/wp-content\/uploads\/sites\/2\/2016\/07\/Jornal_Limeira1-1024x336.jpg 1024w, https:\/\/liag.ft.unicamp.br\/wp-content\/uploads\/sites\/2\/2016\/07\/Jornal_Limeira1-300x98.jpg 300w, https:\/\/liag.ft.unicamp.br\/wp-content\/uploads\/sites\/2\/2016\/07\/Jornal_Limeira1-768x252.jpg 768w, https:\/\/liag.ft.unicamp.br\/wp-content\/uploads\/sites\/2\/2016\/07\/Jornal_Limeira1.jpg 1932w\" sizes=\"(max-width: 550px) 100vw, 550px\" \/><\/span><\/p>\n<hr \/>\n<p><span style=\"font-family: arial, helvetica, sans-serif; font-size: 14pt;\">Desafios DJE014<\/span><\/p>\n<p><span style=\"font-family: arial, helvetica, sans-serif; font-size: 14pt;\">Fase 01:<\/span><\/p>\n<p><span style=\"font-family: arial, helvetica, sans-serif; font-size: 14pt;\"><a href=\"https:\/\/liag.ft.unicamp.br\/dje\/wp-content\/uploads\/sites\/2\/2016\/07\/Fase-1-Desafio-1-2014-Lequip.pdf\">Desafio 01<\/a><\/span><\/p>\n<p><span style=\"font-family: arial, helvetica, sans-serif; font-size: 14pt;\"><a href=\"https:\/\/liag.ft.unicamp.br\/dje\/wp-content\/uploads\/sites\/2\/2016\/07\/Fase-1-Desafio-2-2014-Hidraulica.pdf\">Desafio 02<\/a><\/span><\/p>\n<p><span style=\"font-family: arial, helvetica, sans-serif; font-size: 14pt;\"><a href=\"https:\/\/liag.ft.unicamp.br\/dje\/wp-content\/uploads\/sites\/2\/2016\/07\/Fase-1-Desafio-3-2014-NovaBrico.pdf\">Desafio 03<\/a><\/span><\/p>\n<p><span style=\"font-family: arial, helvetica, sans-serif; font-size: 14pt;\">Fase 02<\/span><\/p>\n<p><span style=\"font-family: arial, helvetica, sans-serif; font-size: 14pt;\"><a href=\"https:\/\/liag.ft.unicamp.br\/dje\/wp-content\/uploads\/sites\/2\/2016\/07\/Fase-2-Desafio-1-2014-LIAG.pdf\">Desafio 01<\/a><\/span><\/p>\n<p><span style=\"font-family: arial, helvetica, sans-serif; font-size: 14pt;\"><a href=\"https:\/\/liag.ft.unicamp.br\/dje\/wp-content\/uploads\/sites\/2\/2016\/07\/Fase-2-Desafio-2-2014-Auctus.pdf\">Desafio 02<\/a><\/span><\/p>\n<p><span style=\"font-family: arial, helvetica, sans-serif; font-size: 14pt;\"><a href=\"https:\/\/liag.ft.unicamp.br\/dje\/wp-content\/uploads\/sites\/2\/2016\/07\/Desafio-Final-DJE-2014.pdf\">Desafio Final<\/a><\/span><\/p>\n<hr \/>\n<p><span style=\"font-family: arial, helvetica, sans-serif; font-size: 14pt;\">Equipes Participantes do DJE014<\/span><\/p>\n<p><span style=\"font-family: arial, helvetica, sans-serif; font-size: 14pt;\"><img loading=\"lazy\" decoding=\"async\" class=\"aligncenter size-full wp-image-216\" src=\"https:\/\/liag.ft.unicamp.br\/dje\/wp-content\/uploads\/sites\/2\/2016\/07\/Equipes-2014.png\" alt=\"equipes-2014\" width=\"534\" height=\"1160\" srcset=\"https:\/\/liag.ft.unicamp.br\/wp-content\/uploads\/sites\/2\/2016\/07\/Equipes-2014.png 534w, https:\/\/liag.ft.unicamp.br\/wp-content\/uploads\/sites\/2\/2016\/07\/Equipes-2014-138x300.png 138w, https:\/\/liag.ft.unicamp.br\/wp-content\/uploads\/sites\/2\/2016\/07\/Equipes-2014-471x1024.png 471w\" sizes=\"(max-width: 534px) 100vw, 534px\" \/><\/span><\/p>\n","protected":false},"excerpt":{"rendered":"<p>Equipe Campe\u00e3 Patricinadora: NOVABRICO:\u00a0Produtos para constru\u00e7\u00e3o e decora\u00e7\u00e3o, entregas r\u00e1pidas, pre\u00e7os econ\u00f4micos e qualidade garantida. A empresa patrocinou a premia\u00e7\u00e3o para equipe campe\u00e3 com 4 smartphones. Not\u00edcias Sobre DJE014 Desafio Jovem Engenheiro teve 90 equipes de 14 estados Desafios DJE014 Fase 01: Desafio 01 Desafio 02 Desafio 03 Fase 02 Desafio 01 Desafio 02 Desafio [&hellip;]<\/p>\n","protected":false},"author":8,"featured_media":165,"parent":0,"menu_order":0,"comment_status":"closed","ping_status":"closed","template":"","meta":{"_monsterinsights_skip_tracking":false,"_monsterinsights_sitenote_active":false,"_monsterinsights_sitenote_note":"","_monsterinsights_sitenote_category":0,"footnotes":"","_links_to":"","_links_to_target":""},"class_list":["post-57","page","type-page","status-publish","has-post-thumbnail","hentry"],"wps_subtitle":"DJE014","_links":{"self":[{"href":"https:\/\/liag.ft.unicamp.br\/dje\/wp-json\/wp\/v2\/pages\/57","targetHints":{"allow":["GET"]}}],"collection":[{"href":"https:\/\/liag.ft.unicamp.br\/dje\/wp-json\/wp\/v2\/pages"}],"about":[{"href":"https:\/\/liag.ft.unicamp.br\/dje\/wp-json\/wp\/v2\/types\/page"}],"author":[{"embeddable":true,"href":"https:\/\/liag.ft.unicamp.br\/dje\/wp-json\/wp\/v2\/users\/8"}],"replies":[{"embeddable":true,"href":"https:\/\/liag.ft.unicamp.br\/dje\/wp-json\/wp\/v2\/comments?post=57"}],"version-history":[{"count":32,"href":"https:\/\/liag.ft.unicamp.br\/dje\/wp-json\/wp\/v2\/pages\/57\/revisions"}],"predecessor-version":[{"id":623,"href":"https:\/\/liag.ft.unicamp.br\/dje\/wp-json\/wp\/v2\/pages\/57\/revisions\/623"}],"wp:featuredmedia":[{"embeddable":true,"href":"https:\/\/liag.ft.unicamp.br\/dje\/wp-json\/wp\/v2\/media\/165"}],"wp:attachment":[{"href":"https:\/\/liag.ft.unicamp.br\/dje\/wp-json\/wp\/v2\/media?parent=57"}],"curies":[{"name":"wp","href":"https:\/\/api.w.org\/{rel}","templated":true}]}}