{"id":412,"date":"2017-05-22T16:11:29","date_gmt":"2017-05-22T16:11:29","guid":{"rendered":"http:\/\/liag.ft.unicamp.br\/jogos-educacionais\/?page_id=412"},"modified":"2019-04-26T14:21:35","modified_gmt":"2019-04-26T14:21:35","slug":"equipe","status":"publish","type":"page","link":"https:\/\/liag.ft.unicamp.br\/jogos-educacionais\/equipe\/","title":{"rendered":"Equipe"},"content":{"rendered":"<p><strong><span style=\"font-family: arial, helvetica, sans-serif; font-size: 18pt;\">Gene<\/span><\/strong><\/p>\n<p><span style=\"font-family: arial, helvetica, sans-serif; font-size: 14pt;\">2016 &#8211; Vers\u00e3o 4.0<\/span><\/p>\n<p><span style=\"font-family: arial, helvetica, sans-serif; font-size: 14pt;\">-Leandro Ribeiro &#8211; IC-PIBIC<\/span><\/p>\n<p><span style=\"font-family: arial, helvetica, sans-serif; font-size: 14pt;\">&#8211; Rafael Franco &#8211; IC-Volunt\u00e1ria<\/span><\/p>\n<p><strong><span style=\"font-family: arial, helvetica, sans-serif; font-size: 18pt;\">Hemotion<\/span><\/strong><\/p>\n<p><span style=\"font-family: arial, helvetica, sans-serif; font-size: 14pt;\">2016 &#8211; Vers\u00e3o Unity<\/span><\/p>\n<p><span style=\"font-family: arial, helvetica, sans-serif; font-size: 14pt;\">-Antonio Alberto Pereira Junior &#8211; IC-PIBIC<\/span><\/p>\n<p><span style=\"font-family: arial, helvetica, sans-serif; font-size: 14pt;\">2016 &#8211; Vers\u00e3o Flash<\/span><\/p>\n<p><span style=\"font-family: arial, helvetica, sans-serif; font-size: 14pt;\">&#8211;\u00a0Vitor Eduardo Lopes Paulella &#8211; IC-Volunt\u00e1ria<\/span><\/p>\n<p><strong><span style=\"font-family: arial, helvetica, sans-serif; font-size: 18pt;\">Daphnia<\/span><\/strong><\/p>\n<p><span style=\"font-family: arial, helvetica, sans-serif; font-size: 14pt;\">2016 &#8211; Vers\u00e3o Unity<\/span><\/p>\n<p><span style=\"font-family: arial, helvetica, sans-serif; font-size: 14pt;\">-Lucas Francisco &#8211; Volunt\u00e1rio<\/span><\/p>\n<p><span style=\"font-family: arial, helvetica, sans-serif; font-size: 14pt;\">-Guilherme yudy shiota &#8211; Volunt\u00e1rio<\/span><\/p>\n<p><strong><span style=\"font-family: arial, helvetica, sans-serif; font-size: 18pt;\">AgroTOX<\/span><\/strong><\/p>\n<p><span style=\"font-family: arial, helvetica, sans-serif; font-size: 14pt;\">2016<\/span><\/p>\n<p><span style=\"font-family: arial, helvetica, sans-serif; font-size: 14pt;\">-Andr\u00e9 Luis Forner &#8211; IC-Volunt\u00e1ria<\/span><\/p>\n","protected":false},"excerpt":{"rendered":"<p>Gene 2016 &#8211; Vers\u00e3o 4.0 -Leandro Ribeiro &#8211; IC-PIBIC &#8211; Rafael Franco &#8211; IC-Volunt\u00e1ria Hemotion 2016 &#8211; Vers\u00e3o Unity -Antonio Alberto Pereira Junior &#8211; IC-PIBIC 2016 &#8211; Vers\u00e3o Flash &#8211;\u00a0Vitor Eduardo Lopes Paulella &#8211; IC-Volunt\u00e1ria Daphnia 2016 &#8211; Vers\u00e3o Unity -Lucas Francisco &#8211; Volunt\u00e1rio -Guilherme yudy shiota &#8211; Volunt\u00e1rio AgroTOX 2016 -Andr\u00e9 Luis Forner &#8211; [&hellip;]<\/p>\n","protected":false},"author":1,"featured_media":0,"parent":0,"menu_order":0,"comment_status":"closed","ping_status":"closed","template":"","meta":{"_monsterinsights_skip_tracking":false,"_monsterinsights_sitenote_active":false,"_monsterinsights_sitenote_note":"","_monsterinsights_sitenote_category":0,"footnotes":"","_links_to":"","_links_to_target":""},"class_list":["post-412","page","type-page","status-publish","hentry"],"wps_subtitle":"Equipes Jogos","_links":{"self":[{"href":"https:\/\/liag.ft.unicamp.br\/jogos-educacionais\/wp-json\/wp\/v2\/pages\/412","targetHints":{"allow":["GET"]}}],"collection":[{"href":"https:\/\/liag.ft.unicamp.br\/jogos-educacionais\/wp-json\/wp\/v2\/pages"}],"about":[{"href":"https:\/\/liag.ft.unicamp.br\/jogos-educacionais\/wp-json\/wp\/v2\/types\/page"}],"author":[{"embeddable":true,"href":"https:\/\/liag.ft.unicamp.br\/jogos-educacionais\/wp-json\/wp\/v2\/users\/1"}],"replies":[{"embeddable":true,"href":"https:\/\/liag.ft.unicamp.br\/jogos-educacionais\/wp-json\/wp\/v2\/comments?post=412"}],"version-history":[{"count":6,"href":"https:\/\/liag.ft.unicamp.br\/jogos-educacionais\/wp-json\/wp\/v2\/pages\/412\/revisions"}],"predecessor-version":[{"id":586,"href":"https:\/\/liag.ft.unicamp.br\/jogos-educacionais\/wp-json\/wp\/v2\/pages\/412\/revisions\/586"}],"wp:attachment":[{"href":"https:\/\/liag.ft.unicamp.br\/jogos-educacionais\/wp-json\/wp\/v2\/media?parent=412"}],"curies":[{"name":"wp","href":"https:\/\/api.w.org\/{rel}","templated":true}]}}