{"id":465,"date":"2017-06-05T21:31:56","date_gmt":"2017-06-05T21:31:56","guid":{"rendered":"http:\/\/liag.ft.unicamp.br\/jogos-educacionais\/?page_id=465"},"modified":"2019-04-26T14:20:09","modified_gmt":"2019-04-26T14:20:09","slug":"projeto-scratch-era-uma-vez","status":"publish","type":"page","link":"https:\/\/liag.ft.unicamp.br\/jogos-educacionais\/projeto-scratch-era-uma-vez\/","title":{"rendered":"Projeto Scratch Era uma vez"},"content":{"rendered":"<p><span style=\"font-family: arial, helvetica, sans-serif; font-size: 14pt;\">Este projeto apresenta uma proposta de um conjunto de seis aulas, compostas por din\u00e2micas, teorias e pr\u00e1ticas, fazendo uso da ferramenta de programa\u00e7\u00e3o Scratch .<\/span><\/p>\n<p><span style=\"font-family: arial, helvetica, sans-serif; font-size: 14pt;\">As aulas foram elaboradas a partir de uma tem\u00e1tica infantil, o conto da Chapeuzinho Vermelho, e o trabalho da arte gr\u00e1fica \u00e9 original do projeto. O conjunto de aulas de programa\u00e7\u00e3o, estipulado para crian\u00e7as de 10 a 13 anos de idade, pode ser aplicado em um contexto formal de ensino, em escolas que tenham carga hor\u00e1ria espec\u00edfica para ensino de conte\u00fado computacional ou em atividades fora do contexto formal da escola, em ambientes diferentes de aprendizado, como oficinas de programa\u00e7\u00e3o.<\/span><br \/>\n<span style=\"font-family: arial, helvetica, sans-serif; font-size: 14pt;\">Quer introduzir crian\u00e7as na programa\u00e7\u00e3o de modo divertido? Conhe\u00e7a o Era uma vez !<\/span><br \/>\n<span style=\"font-family: arial, helvetica, sans-serif; font-size: 14pt;\"><a href=\"https:\/\/liag.ft.unicamp.br\/computacaocriativa\/era-uma-vez\/\" target=\"_blank\" rel=\"noopener noreferrer\">Entre!<\/a><\/span><\/p>\n","protected":false},"excerpt":{"rendered":"<p>Este projeto apresenta uma proposta de um conjunto de seis aulas, compostas por din\u00e2micas, teorias e pr\u00e1ticas, fazendo uso da ferramenta de programa\u00e7\u00e3o Scratch . As aulas foram elaboradas a partir de uma tem\u00e1tica infantil, o conto da Chapeuzinho Vermelho, e o trabalho da arte gr\u00e1fica \u00e9 original do projeto. O conjunto de aulas de [&hellip;]<\/p>\n","protected":false},"author":1,"featured_media":0,"parent":0,"menu_order":0,"comment_status":"closed","ping_status":"closed","template":"","meta":{"_monsterinsights_skip_tracking":false,"_monsterinsights_sitenote_active":false,"_monsterinsights_sitenote_note":"","_monsterinsights_sitenote_category":0,"footnotes":"","_links_to":"","_links_to_target":""},"class_list":["post-465","page","type-page","status-publish","hentry"],"wps_subtitle":"","_links":{"self":[{"href":"https:\/\/liag.ft.unicamp.br\/jogos-educacionais\/wp-json\/wp\/v2\/pages\/465","targetHints":{"allow":["GET"]}}],"collection":[{"href":"https:\/\/liag.ft.unicamp.br\/jogos-educacionais\/wp-json\/wp\/v2\/pages"}],"about":[{"href":"https:\/\/liag.ft.unicamp.br\/jogos-educacionais\/wp-json\/wp\/v2\/types\/page"}],"author":[{"embeddable":true,"href":"https:\/\/liag.ft.unicamp.br\/jogos-educacionais\/wp-json\/wp\/v2\/users\/1"}],"replies":[{"embeddable":true,"href":"https:\/\/liag.ft.unicamp.br\/jogos-educacionais\/wp-json\/wp\/v2\/comments?post=465"}],"version-history":[{"count":3,"href":"https:\/\/liag.ft.unicamp.br\/jogos-educacionais\/wp-json\/wp\/v2\/pages\/465\/revisions"}],"predecessor-version":[{"id":580,"href":"https:\/\/liag.ft.unicamp.br\/jogos-educacionais\/wp-json\/wp\/v2\/pages\/465\/revisions\/580"}],"wp:attachment":[{"href":"https:\/\/liag.ft.unicamp.br\/jogos-educacionais\/wp-json\/wp\/v2\/media?parent=465"}],"curies":[{"name":"wp","href":"https:\/\/api.w.org\/{rel}","templated":true}]}}