{"id":672,"date":"2020-10-28T17:55:54","date_gmt":"2020-10-28T17:55:54","guid":{"rendered":"http:\/\/liag.ft.unicamp.br\/jogos-educacionais\/?page_id=672"},"modified":"2020-10-29T19:16:15","modified_gmt":"2020-10-29T19:16:15","slug":"pdjea","status":"publish","type":"page","link":"https:\/\/liag.ft.unicamp.br\/jogos-educacionais\/pdjea\/","title":{"rendered":"PDJEA"},"content":{"rendered":"\n<p style=\"text-align: justify;\"><span style=\"font-family: arial, helvetica, sans-serif; font-size: 14pt;\"><b>Processo de Software para Desenvolvimento de Jogos Eletr\u00f4nicos Educacionais na Academia (PDJEA)<\/b><\/span><\/p>\n<p style=\"text-align: justify;\"><span style=\"font-weight: 400; font-family: arial, helvetica, sans-serif; font-size: 14pt;\">O PDJEA \u00e9 um processo de software iterativo e incremental para o desenvolvimento de jogos eletr\u00f4nicos educacionais na academia.<\/span><\/p>\n<p style=\"text-align: justify;\"><span style=\"font-weight: 400; font-family: arial, helvetica, sans-serif; font-size: 14pt;\">Seu objetivo \u00e9 minimizar os problemas encontrados na produ\u00e7\u00e3o de jogos eletr\u00f4nicos educacionais na academia, atrav\u00e9s de um processo padronizado e documentado.<\/span><\/p>\n<p style=\"text-align: justify;\"><span style=\"font-weight: 400; font-family: arial, helvetica, sans-serif; font-size: 14pt;\">O PDJEA (Figura 1) \u00e9 composto por fases (pr\u00e9-produ\u00e7\u00e3o, produ\u00e7\u00e3o e p\u00f3s-produ\u00e7\u00e3o), processos (planejamento, an\u00e1lise, projeto, implementa\u00e7\u00e3o, integra\u00e7\u00e3o e testes e verifica\u00e7\u00e3o e valida\u00e7\u00e3o) e artefatos (avalia\u00e7\u00f5es, diagramas, documentos, modelos, projetos, recursos, etc.).<\/span><\/p>\n<div id=\"attachment_675\" style=\"width: 779px\" class=\"wp-caption aligncenter\"><img fetchpriority=\"high\" decoding=\"async\" aria-describedby=\"caption-attachment-675\" class=\"wp-image-675\" src=\"https:\/\/liag.ft.unicamp.br\/jogos-educacionais\/wp-content\/uploads\/sites\/9\/2020\/10\/PDJEA-visao_geral-300x140.png\" alt=\"\" width=\"769\" height=\"359\" srcset=\"https:\/\/liag.ft.unicamp.br\/jogos-educacionais\/wp-content\/uploads\/sites\/9\/2020\/10\/PDJEA-visao_geral-300x140.png 300w, https:\/\/liag.ft.unicamp.br\/jogos-educacionais\/wp-content\/uploads\/sites\/9\/2020\/10\/PDJEA-visao_geral-1024x478.png 1024w, https:\/\/liag.ft.unicamp.br\/jogos-educacionais\/wp-content\/uploads\/sites\/9\/2020\/10\/PDJEA-visao_geral-768x358.png 768w, https:\/\/liag.ft.unicamp.br\/jogos-educacionais\/wp-content\/uploads\/sites\/9\/2020\/10\/PDJEA-visao_geral.png 1084w\" sizes=\"(max-width: 769px) 100vw, 769px\" \/><p id=\"caption-attachment-675\" class=\"wp-caption-text\"><span style=\"font-family: arial, helvetica, sans-serif; font-size: 14pt;\">(Figura 1 \u2013 Vis\u00e3o geral do PDJEA)<\/span><\/p><\/div>\n<p style=\"text-align: justify;\">\u00a0<\/p>\n<hr \/>\n\n\n\n<div class=\"wp-block-buttons is-layout-flex wp-block-buttons-is-layout-flex\">\n<div class=\"wp-block-button\"><a class=\"wp-block-button__link\"><strong>| \u00cdNDICE |<\/strong><\/a><\/div>\n<\/div>\n\n\n\n<div class=\"wp-block-group\"><div class=\"wp-block-group__inner-container is-layout-flow wp-block-group-is-layout-flow\">\n<div class=\"wp-block-buttons is-layout-flex wp-block-buttons-is-layout-flex\">\n<div class=\"wp-block-button is-style-outline is-style-outline--1\"><a class=\"wp-block-button__link\" href=\"https:\/\/liag.ft.unicamp.br\/jogos-educacionais\/introducao\/\">&#8211;&gt; Introdu\u00e7\u00e3o<\/a><\/div>\n<\/div>\n\n\n\n<div class=\"wp-block-buttons is-layout-flex wp-block-buttons-is-layout-flex\">\n<div class=\"wp-block-button is-style-outline is-style-outline--2\"><a class=\"wp-block-button__link\" href=\"https:\/\/liag.ft.unicamp.br\/jogos-educacionais\/resumo-pdje\/\">&#8211;&gt; Resumo do PDJEA<\/a><\/div>\n<\/div>\n\n\n\n<div class=\"wp-block-buttons is-layout-flex wp-block-buttons-is-layout-flex\">\n<div class=\"wp-block-button is-style-outline is-style-outline--3\"><a class=\"wp-block-button__link\" href=\"https:\/\/liag.ft.unicamp.br\/jogos-educacionais\/sobre-o-autor\/\">&#8211;&gt; Sobre o autor<\/a><\/div>\n<\/div>\n\n\n\n<hr>\n<p>&nbsp;<\/p>\n\n\n\n<div class=\"wp-block-buttons aligncenter is-layout-flex wp-block-buttons-is-layout-flex\">\n<div class=\"wp-block-button is-style-fill\"><a class=\"wp-block-button__link\" href=\"https:\/\/liag.ft.unicamp.br\/jogos-educacionais\/wp-content\/uploads\/sites\/9\/2020\/10\/PDJEA_Resumo.zip\">DOWNLOAD COMPLETO PDJEA<\/a><\/div>\n<\/div>\n<\/div><\/div>\n\n\n\n<hr \/>\n<p style=\"text-align: justify;\"><span style=\"font-family: arial, helvetica, sans-serif; font-size: 14pt;\"><b>REFER\u00caNCIAS<\/b><\/span><\/p>\n<p style=\"text-align: justify;\"><span style=\"font-family: arial, helvetica, sans-serif; font-size: 14pt;\"><span style=\"font-weight: 400;\">RODRIGUES, William Fontanin. Processo de software para desenvolvimento de jogos eletr\u00f4nicos educacionais na academia (PDJEA). 2020. 1 recurso online (225 p.) Disserta\u00e7\u00e3o (mestrado) &#8211; Universidade Estadual de Campinas, Faculdade de Tecnologia, Limeira, SP. Dispon\u00edvel em: &lt;<\/span><a href=\"https:\/\/repositorio.unicamp.br\/jspui\/handle\/REPOSIP\/343662\" target=\"_blank\" rel=\"noopener noreferrer\"><span style=\"font-weight: 400;\">https:\/\/repositorio.unicamp.br\/jspui\/handle\/REPOSIP\/343662<\/span><\/a><span style=\"font-weight: 400;\">&gt;.<\/span><\/span><\/p>\n","protected":false},"excerpt":{"rendered":"<p>Processo de Software para Desenvolvimento de Jogos Eletr\u00f4nicos Educacionais na Academia (PDJEA) O PDJEA \u00e9 um processo de software iterativo e incremental para o desenvolvimento de jogos eletr\u00f4nicos educacionais na academia. Seu objetivo \u00e9 minimizar os problemas encontrados na produ\u00e7\u00e3o de jogos eletr\u00f4nicos educacionais na academia, atrav\u00e9s de um processo padronizado e documentado. O PDJEA [&hellip;]<\/p>\n","protected":false},"author":1,"featured_media":0,"parent":0,"menu_order":0,"comment_status":"closed","ping_status":"closed","template":"","meta":{"_monsterinsights_skip_tracking":false,"_monsterinsights_sitenote_active":false,"_monsterinsights_sitenote_note":"","_monsterinsights_sitenote_category":0,"footnotes":"","_links_to":"","_links_to_target":""},"class_list":["post-672","page","type-page","status-publish","hentry"],"wps_subtitle":"","_links":{"self":[{"href":"https:\/\/liag.ft.unicamp.br\/jogos-educacionais\/wp-json\/wp\/v2\/pages\/672","targetHints":{"allow":["GET"]}}],"collection":[{"href":"https:\/\/liag.ft.unicamp.br\/jogos-educacionais\/wp-json\/wp\/v2\/pages"}],"about":[{"href":"https:\/\/liag.ft.unicamp.br\/jogos-educacionais\/wp-json\/wp\/v2\/types\/page"}],"author":[{"embeddable":true,"href":"https:\/\/liag.ft.unicamp.br\/jogos-educacionais\/wp-json\/wp\/v2\/users\/1"}],"replies":[{"embeddable":true,"href":"https:\/\/liag.ft.unicamp.br\/jogos-educacionais\/wp-json\/wp\/v2\/comments?post=672"}],"version-history":[{"count":30,"href":"https:\/\/liag.ft.unicamp.br\/jogos-educacionais\/wp-json\/wp\/v2\/pages\/672\/revisions"}],"predecessor-version":[{"id":754,"href":"https:\/\/liag.ft.unicamp.br\/jogos-educacionais\/wp-json\/wp\/v2\/pages\/672\/revisions\/754"}],"wp:attachment":[{"href":"https:\/\/liag.ft.unicamp.br\/jogos-educacionais\/wp-json\/wp\/v2\/media?parent=672"}],"curies":[{"name":"wp","href":"https:\/\/api.w.org\/{rel}","templated":true}]}}