{"id":32,"date":"2016-06-22T21:23:19","date_gmt":"2016-06-23T00:23:19","guid":{"rendered":"http:\/\/liag.ft.unicamp.br\/leanit\/?page_id=32"},"modified":"2019-04-25T22:24:59","modified_gmt":"2019-04-25T22:24:59","slug":"ferramentas","status":"publish","type":"page","link":"https:\/\/liag.ft.unicamp.br\/leanit\/ferramentas\/","title":{"rendered":"Ferramentas"},"content":{"rendered":"<p><span style=\"font-family: arial, helvetica, sans-serif; font-size: 18pt;\"><strong>Ferramentas Desenvolvidas:<\/strong><i>\u00a0<\/i><\/span><\/p>\n<ul>\n<li><span style=\"font-family: arial, helvetica, sans-serif; font-size: 14pt;\"><em>LESAT for Software<\/em> &#8211; A ferramenta auxilia as empresas na implanta\u00e7\u00e3o do\u00a0<i>lean<\/i>\u00a0atrav\u00e9s da avalia\u00e7\u00e3o do estado atual das capacidades\u00a0<i>lean<\/i>, bem como definir os pr\u00f3ximos passos. \u00c9 projetada para uso em autoavalia\u00e7\u00e3o por parte da lideran\u00e7a de uma empresa, e para a melhoria cont\u00ednua da capacidade da empresa em cumprir os seus objetivos de lean. \u00a0Desenvolvida por: Alessandra Montanher e Elisa Ortolani<\/span><\/li>\n<\/ul>\n<p><span style=\"font-family: arial, helvetica, sans-serif; font-size: 14pt;\"><strong><a href=\"https:\/\/liag.ft.unicamp.br\/lesatweb\/index.php\">Click aqui para ter acesso a Ferramenta !<\/a><\/strong><\/span><\/p>\n<p><span style=\"font-family: arial, helvetica, sans-serif; font-size: 18pt;\"><strong>Ferramentas em Desenvolvimento:<\/strong><\/span><\/p>\n<ul>\n<li><span style=\"font-family: arial, helvetica, sans-serif; font-size: 14pt;\"><em>Agile Self-Assessment Tool (ASA)<\/em> &#8211; Ferramenta de auto avalia\u00e7\u00e3o para Desenvolvimento \u00c1gil de Software. Desenvolvida por: Matheus Henrique Flor\u00eancio Silva<\/span><\/li>\n<\/ul>\n","protected":false},"excerpt":{"rendered":"<p>Ferramentas Desenvolvidas:\u00a0 LESAT for Software &#8211; A ferramenta auxilia as empresas na implanta\u00e7\u00e3o do\u00a0lean\u00a0atrav\u00e9s da avalia\u00e7\u00e3o do estado atual das capacidades\u00a0lean, bem como definir os pr\u00f3ximos passos. \u00c9 projetada para uso em autoavalia\u00e7\u00e3o por parte da lideran\u00e7a de uma empresa, e para a melhoria cont\u00ednua da capacidade da empresa em cumprir os seus objetivos de [&hellip;]<\/p>\n","protected":false},"author":18,"featured_media":0,"parent":0,"menu_order":0,"comment_status":"closed","ping_status":"closed","template":"","meta":{"_monsterinsights_skip_tracking":false,"_monsterinsights_sitenote_active":false,"_monsterinsights_sitenote_note":"","_monsterinsights_sitenote_category":0,"footnotes":"","_links_to":"","_links_to_target":""},"class_list":["post-32","page","type-page","status-publish","hentry"],"wps_subtitle":"","_links":{"self":[{"href":"https:\/\/liag.ft.unicamp.br\/leanit\/wp-json\/wp\/v2\/pages\/32","targetHints":{"allow":["GET"]}}],"collection":[{"href":"https:\/\/liag.ft.unicamp.br\/leanit\/wp-json\/wp\/v2\/pages"}],"about":[{"href":"https:\/\/liag.ft.unicamp.br\/leanit\/wp-json\/wp\/v2\/types\/page"}],"author":[{"embeddable":true,"href":"https:\/\/liag.ft.unicamp.br\/leanit\/wp-json\/wp\/v2\/users\/18"}],"replies":[{"embeddable":true,"href":"https:\/\/liag.ft.unicamp.br\/leanit\/wp-json\/wp\/v2\/comments?post=32"}],"version-history":[{"count":8,"href":"https:\/\/liag.ft.unicamp.br\/leanit\/wp-json\/wp\/v2\/pages\/32\/revisions"}],"predecessor-version":[{"id":480,"href":"https:\/\/liag.ft.unicamp.br\/leanit\/wp-json\/wp\/v2\/pages\/32\/revisions\/480"}],"wp:attachment":[{"href":"https:\/\/liag.ft.unicamp.br\/leanit\/wp-json\/wp\/v2\/media?parent=32"}],"curies":[{"name":"wp","href":"https:\/\/api.w.org\/{rel}","templated":true}]}}