{"id":330,"date":"2017-06-27T23:03:40","date_gmt":"2017-06-27T23:03:40","guid":{"rendered":"http:\/\/liag.ft.unicamp.br\/leanit\/?page_id=330"},"modified":"2019-04-25T22:26:22","modified_gmt":"2019-04-25T22:26:22","slug":"equipe","status":"publish","type":"page","link":"https:\/\/liag.ft.unicamp.br\/leanit\/equipe\/","title":{"rendered":"Equipe"},"content":{"rendered":"<p><span style=\"color: #008080; font-family: arial, helvetica, sans-serif; font-size: 18pt;\"><strong>Fernando Sambinelli<\/strong><\/span><\/p>\n<p><span style=\"font-family: arial, helvetica, sans-serif; font-size: 14pt;\"><a href=\"https:\/\/liag.ft.unicamp.br\/leanit\/wp-content\/uploads\/sites\/8\/2017\/06\/unnamed.jpg\"><img decoding=\"async\" class=\" wp-image-417 alignnone\" src=\"https:\/\/liag.ft.unicamp.br\/leanit\/wp-content\/uploads\/sites\/8\/2018\/11\/sambinelli.jpg\" alt=\"\" width=\"133\" height=\"135\" \/><\/a><\/span><\/p>\n<p><span style=\"font-family: arial, helvetica, sans-serif; font-size: 14pt;\">Email: fersambi@gmail.com<\/span><\/p>\n<p><span style=\"font-family: arial, helvetica, sans-serif; font-size: 14pt;\">Ingresso no Liag: 08\/2016<\/span><\/p>\n<p><span style=\"font-family: arial, helvetica, sans-serif; font-size: 14pt;\">Mini-CV: Aluno de Doutorado em Tecnologia pelo Programa de P\u00f3s-gradua\u00e7\u00e3o da Faculdade de Tecnologia da Unicamp na \u00e1rea de M\u00e9todos \u00c1geis e Lean IT. \u00c9 professor no Instituto Federal de S\u00e3o Paulo (IFSP) desde 2014. Mais de 15 anos de experi\u00eancia profissional em diversas empresas do setor de software, como CI&amp;T, CPqD, DB1, entre outras. Possui algumas certifica\u00e7\u00f5es internacionais: PMP, CSPO e ITIL. \u00c9 membro da Agile Alliance.<\/span><\/p>\n<p><span style=\"font-family: arial, helvetica, sans-serif; font-size: 14pt;\"><strong><a href=\"https:\/\/lattes.cnpq.br\/2057543426729046\">Curr\u00edculo Lattes\u00a0<\/a>\u00a0 \u00a0 <a href=\"https:\/\/www.linkedin.com\/in\/fernandosambinelli\/\">Linkedin<\/a><\/strong><\/span><\/p>\n<p><span style=\"color: #008080; font-family: arial, helvetica, sans-serif; font-size: 18pt;\"><strong>Carlos Roberto de Jesus<\/strong><\/span><\/p>\n<p><span style=\"font-family: arial, helvetica, sans-serif; font-size: 14pt;\"><a href=\"https:\/\/liag.ft.unicamp.br\/leanit\/wp-content\/uploads\/sites\/8\/2017\/06\/CarlosJesus.jpeg\"><br \/>\n<img decoding=\"async\" class=\"wp-image-420 alignnone\" src=\"https:\/\/liag.ft.unicamp.br\/leanit\/wp-content\/uploads\/sites\/8\/2018\/11\/carlos.jpeg\" alt=\"\" width=\"158\" height=\"155\" \/><\/a><\/span><\/p>\n<p><span style=\"font-family: arial, helvetica, sans-serif; font-size: 14pt;\">Email: carlos.jesus@fates.sp.gov.br<\/span><\/p>\n<p><span style=\"font-family: arial, helvetica, sans-serif; font-size: 14pt;\">Ingresso: 08\/2016<\/span><\/p>\n<p><span style=\"font-family: arial, helvetica, sans-serif; font-size: 14pt;\">Mini-CV:\u00a0Aluno de Mestrado em\u00a0Tecnologia pelo Programa de P\u00f3s-gradua\u00e7\u00e3o da Faculdade de Tecnologia da Unicamp. Desenvolve pesquisa na \u00e1rea de Lean IT e colabora com o time LIAG em diversas frentes de trabalho. Trabalha como\u00a0Professor na Fatec Arthur de Azevedo &#8211; Mogi Mirim , Fatec Ogari de Castro Pacheco &#8211; Itapira e Faculdade Municipal Prof. Franco Montoro &#8211; Mogi Gua\u00e7u.<\/span><\/p>\n<p><span style=\"font-family: arial, helvetica, sans-serif; font-size: 14pt;\"><strong><a href=\"https:\/\/lattes.cnpq.br\/1344808835131825\">Curr\u00edculo Lattes\u00a0<\/a>\u00a0 \u00a0 <a href=\"https:\/\/www.linkedin.com\/in\/carlosrjesus\/\">Linkedin<\/a><\/strong><\/span><\/p>\n","protected":false},"excerpt":{"rendered":"<p>Fernando Sambinelli Email: fersambi@gmail.com Ingresso no Liag: 08\/2016 Mini-CV: Aluno de Doutorado em Tecnologia pelo Programa de P\u00f3s-gradua\u00e7\u00e3o da Faculdade de Tecnologia da Unicamp na \u00e1rea de M\u00e9todos \u00c1geis e Lean IT. \u00c9 professor no Instituto Federal de S\u00e3o Paulo (IFSP) desde 2014. Mais de 15 anos de experi\u00eancia profissional em diversas empresas do setor [&hellip;]<\/p>\n","protected":false},"author":1,"featured_media":0,"parent":0,"menu_order":0,"comment_status":"closed","ping_status":"closed","template":"","meta":{"_monsterinsights_skip_tracking":false,"_monsterinsights_sitenote_active":false,"_monsterinsights_sitenote_note":"","_monsterinsights_sitenote_category":0,"footnotes":"","_links_to":"","_links_to_target":""},"class_list":["post-330","page","type-page","status-publish","hentry"],"wps_subtitle":"","_links":{"self":[{"href":"https:\/\/liag.ft.unicamp.br\/leanit\/wp-json\/wp\/v2\/pages\/330","targetHints":{"allow":["GET"]}}],"collection":[{"href":"https:\/\/liag.ft.unicamp.br\/leanit\/wp-json\/wp\/v2\/pages"}],"about":[{"href":"https:\/\/liag.ft.unicamp.br\/leanit\/wp-json\/wp\/v2\/types\/page"}],"author":[{"embeddable":true,"href":"https:\/\/liag.ft.unicamp.br\/leanit\/wp-json\/wp\/v2\/users\/1"}],"replies":[{"embeddable":true,"href":"https:\/\/liag.ft.unicamp.br\/leanit\/wp-json\/wp\/v2\/comments?post=330"}],"version-history":[{"count":12,"href":"https:\/\/liag.ft.unicamp.br\/leanit\/wp-json\/wp\/v2\/pages\/330\/revisions"}],"predecessor-version":[{"id":482,"href":"https:\/\/liag.ft.unicamp.br\/leanit\/wp-json\/wp\/v2\/pages\/330\/revisions\/482"}],"wp:attachment":[{"href":"https:\/\/liag.ft.unicamp.br\/leanit\/wp-json\/wp\/v2\/media?parent=330"}],"curies":[{"name":"wp","href":"https:\/\/api.w.org\/{rel}","templated":true}]}}