{"id":533,"date":"2023-03-27T23:55:25","date_gmt":"2023-03-27T23:55:25","guid":{"rendered":"https:\/\/liag.ft.unicamp.br\/leanit\/?page_id=533"},"modified":"2023-03-28T00:14:33","modified_gmt":"2023-03-28T00:14:33","slug":"sambinelli2020","status":"publish","type":"page","link":"https:\/\/liag.ft.unicamp.br\/leanit\/sambinelli2020\/","title":{"rendered":"Estrat\u00e9gias para cria\u00e7\u00e3o de valor para o cliente em equipes \u00e1geis de software"},"content":{"rendered":"\t\t<div data-elementor-type=\"wp-page\" data-elementor-id=\"533\" class=\"elementor elementor-533\">\n\t\t\t\t\t\t<section class=\"elementor-section elementor-top-section elementor-element elementor-element-657993b elementor-section-boxed elementor-section-height-default elementor-section-height-default\" data-id=\"657993b\" data-element_type=\"section\" data-e-type=\"section\">\n\t\t\t\t\t\t<div class=\"elementor-container elementor-column-gap-default\">\n\t\t\t\t\t<div class=\"elementor-column elementor-col-100 elementor-top-column elementor-element elementor-element-9c806c8\" data-id=\"9c806c8\" data-element_type=\"column\" data-e-type=\"column\">\n\t\t\t<div class=\"elementor-widget-wrap elementor-element-populated\">\n\t\t\t\t\t\t<div class=\"elementor-element elementor-element-e08cad0 elementor-widget elementor-widget-heading\" data-id=\"e08cad0\" data-element_type=\"widget\" data-e-type=\"widget\" data-widget_type=\"heading.default\">\n\t\t\t\t<div class=\"elementor-widget-container\">\n\t\t\t\t\t<h2 class=\"elementor-heading-title elementor-size-default\"><b>Tese de doutorado defendida em 2020<\/b><\/h2>\t\t\t\t<\/div>\n\t\t\t\t<\/div>\n\t\t\t\t\t<\/div>\n\t\t<\/div>\n\t\t\t\t\t<\/div>\n\t\t<\/section>\n\t\t\t\t<section class=\"elementor-section elementor-top-section elementor-element elementor-element-b4d66c4 elementor-section-boxed elementor-section-height-default elementor-section-height-default\" data-id=\"b4d66c4\" data-element_type=\"section\" data-e-type=\"section\">\n\t\t\t\t\t\t<div class=\"elementor-container elementor-column-gap-default\">\n\t\t\t\t\t<div class=\"elementor-column elementor-col-100 elementor-top-column elementor-element elementor-element-90b7341\" data-id=\"90b7341\" data-element_type=\"column\" data-e-type=\"column\">\n\t\t\t<div class=\"elementor-widget-wrap elementor-element-populated\">\n\t\t\t\t\t\t<div class=\"elementor-element elementor-element-67ecdc8 elementor-widget elementor-widget-text-editor\" data-id=\"67ecdc8\" data-element_type=\"widget\" data-e-type=\"widget\" data-widget_type=\"text-editor.default\">\n\t\t\t\t<div class=\"elementor-widget-container\">\n\t\t\t\t\t\t\t\t\t<h2 class=\"elementor-heading-title elementor-size-default elementor-inline-editing pen\" contenteditable=\"true\" spellcheck=\"false\" data-elementor-setting-key=\"title\" data-lt-tmp-id=\"lt-897650\" data-gramm=\"false\" data-pen-placeholder=\"Digite aqui...\"><span style=\"font-size: 18pt;\">SAMBINELLI, Fernando. Estrat\u00e9gias para cria\u00e7\u00e3o de valor para o cliente em equipes \u00e1geis de software. 2020. 1 recurso online (178 p.) Tese (doutorado) &#8211; Universidade Estadual de Campinas, Faculdade de Tecnologia, Limeira, SP. Dispon\u00edvel em: <a href=\"https:\/\/hdl.handle.net\/20.500.12733\/1639345\">https:\/\/hdl.handle.net\/20.500.12733\/1639345<\/a>. Acesso em: 30 jan. 2023.<\/span><\/h2>\t\t\t\t\t\t\t\t<\/div>\n\t\t\t\t<\/div>\n\t\t\t\t\t<\/div>\n\t\t<\/div>\n\t\t\t\t\t<\/div>\n\t\t<\/section>\n\t\t\t\t<section class=\"elementor-section elementor-top-section elementor-element elementor-element-a251133 elementor-section-boxed elementor-section-height-default elementor-section-height-default\" data-id=\"a251133\" data-element_type=\"section\" data-e-type=\"section\">\n\t\t\t\t\t\t<div class=\"elementor-container elementor-column-gap-default\">\n\t\t\t\t\t<div class=\"elementor-column elementor-col-100 elementor-top-column elementor-element elementor-element-a891a9c\" data-id=\"a891a9c\" data-element_type=\"column\" data-e-type=\"column\">\n\t\t\t<div class=\"elementor-widget-wrap elementor-element-populated\">\n\t\t\t\t\t\t<div class=\"elementor-element elementor-element-9238a08 elementor-widget elementor-widget-spacer\" data-id=\"9238a08\" data-element_type=\"widget\" data-e-type=\"widget\" data-widget_type=\"spacer.default\">\n\t\t\t\t<div class=\"elementor-widget-container\">\n\t\t\t\t\t\t\t<div class=\"elementor-spacer\">\n\t\t\t<div class=\"elementor-spacer-inner\"><\/div>\n\t\t<\/div>\n\t\t\t\t\t\t<\/div>\n\t\t\t\t<\/div>\n\t\t\t\t<div class=\"elementor-element elementor-element-628145a elementor-widget elementor-widget-heading\" data-id=\"628145a\" data-element_type=\"widget\" data-e-type=\"widget\" data-widget_type=\"heading.default\">\n\t\t\t\t<div class=\"elementor-widget-container\">\n\t\t\t\t\t<h2 class=\"elementor-heading-title elementor-size-default\"><b>Fernando Sambinelli<\/b><\/h2>\t\t\t\t<\/div>\n\t\t\t\t<\/div>\n\t\t\t\t\t<\/div>\n\t\t<\/div>\n\t\t\t\t\t<\/div>\n\t\t<\/section>\n\t\t\t\t<section class=\"elementor-section elementor-top-section elementor-element elementor-element-c8eac2d elementor-section-boxed elementor-section-height-default elementor-section-height-default\" data-id=\"c8eac2d\" data-element_type=\"section\" data-e-type=\"section\">\n\t\t\t\t\t\t<div class=\"elementor-container elementor-column-gap-default\">\n\t\t\t\t\t<div class=\"elementor-column elementor-col-50 elementor-top-column elementor-element elementor-element-2e2599c\" data-id=\"2e2599c\" data-element_type=\"column\" data-e-type=\"column\">\n\t\t\t<div class=\"elementor-widget-wrap elementor-element-populated\">\n\t\t\t\t\t\t<div class=\"elementor-element elementor-element-71b7f9e elementor-widget elementor-widget-image\" data-id=\"71b7f9e\" data-element_type=\"widget\" data-e-type=\"widget\" data-widget_type=\"image.default\">\n\t\t\t\t<div class=\"elementor-widget-container\">\n\t\t\t\t\t\t\t\t\t\t\t\t\t\t\t<img fetchpriority=\"high\" decoding=\"async\" width=\"300\" height=\"300\" src=\"https:\/\/liag.ft.unicamp.br\/leanit\/wp-content\/uploads\/sites\/8\/2023\/03\/sambinelli-300x300.jpg\" class=\"attachment-medium size-medium wp-image-538\" alt=\"\" srcset=\"https:\/\/liag.ft.unicamp.br\/leanit\/wp-content\/uploads\/sites\/8\/2023\/03\/sambinelli-300x300.jpg 300w, https:\/\/liag.ft.unicamp.br\/leanit\/wp-content\/uploads\/sites\/8\/2023\/03\/sambinelli-150x150.jpg 150w, https:\/\/liag.ft.unicamp.br\/leanit\/wp-content\/uploads\/sites\/8\/2023\/03\/sambinelli.jpg 332w\" sizes=\"(max-width: 300px) 100vw, 300px\" \/>\t\t\t\t\t\t\t\t\t\t\t\t\t\t\t<\/div>\n\t\t\t\t<\/div>\n\t\t\t\t<div class=\"elementor-element elementor-element-82481e2 elementor-widget elementor-widget-heading\" data-id=\"82481e2\" data-element_type=\"widget\" data-e-type=\"widget\" data-widget_type=\"heading.default\">\n\t\t\t\t<div class=\"elementor-widget-container\">\n\t\t\t\t\t<h2 class=\"elementor-heading-title elementor-size-default\">Email: fersambi@gmail.com<br><br>Ingresso no Liag: 08\/2016<\/h2>\t\t\t\t<\/div>\n\t\t\t\t<\/div>\n\t\t\t\t\t<\/div>\n\t\t<\/div>\n\t\t\t\t<div class=\"elementor-column elementor-col-50 elementor-top-column elementor-element elementor-element-013b4a6\" data-id=\"013b4a6\" data-element_type=\"column\" data-e-type=\"column\">\n\t\t\t<div class=\"elementor-widget-wrap elementor-element-populated\">\n\t\t\t\t\t\t<div class=\"elementor-element elementor-element-7cdc157 elementor-widget elementor-widget-heading\" data-id=\"7cdc157\" data-element_type=\"widget\" data-e-type=\"widget\" data-widget_type=\"heading.default\">\n\t\t\t\t<div class=\"elementor-widget-container\">\n\t\t\t\t\t<h2 class=\"elementor-heading-title elementor-size-default\">Mini-CV: Aluno de Doutorado em Tecnologia pelo Programa de P\u00f3s-gradua\u00e7\u00e3o da Faculdade de Tecnologia da Unicamp na \u00e1rea de M\u00e9todos \u00c1geis e Lean IT. \u00c9 professor no Instituto Federal de S\u00e3o Paulo (IFSP) desde 2014. Mais de 15 anos de experi\u00eancia profissional em diversas empresas do setor de software, como CI&amp;T, CPqD, DB1, entre outras. Possui algumas certifica\u00e7\u00f5es internacionais: PMP, CSPO e ITIL. \u00c9 membro da Agile Alliance.<\/h2>\t\t\t\t<\/div>\n\t\t\t\t<\/div>\n\t\t\t\t\t<\/div>\n\t\t<\/div>\n\t\t\t\t\t<\/div>\n\t\t<\/section>\n\t\t\t\t<section class=\"elementor-section elementor-top-section elementor-element elementor-element-1c9767e elementor-section-boxed elementor-section-height-default elementor-section-height-default\" data-id=\"1c9767e\" data-element_type=\"section\" data-e-type=\"section\">\n\t\t\t\t\t\t<div class=\"elementor-container elementor-column-gap-default\">\n\t\t\t\t\t<div class=\"elementor-column elementor-col-100 elementor-top-column elementor-element elementor-element-6b9ab4f\" data-id=\"6b9ab4f\" data-element_type=\"column\" data-e-type=\"column\">\n\t\t\t<div class=\"elementor-widget-wrap elementor-element-populated\">\n\t\t\t\t\t\t<div class=\"elementor-element elementor-element-a255ee1 elementor-widget elementor-widget-spacer\" data-id=\"a255ee1\" data-element_type=\"widget\" data-e-type=\"widget\" data-widget_type=\"spacer.default\">\n\t\t\t\t<div class=\"elementor-widget-container\">\n\t\t\t\t\t\t\t<div class=\"elementor-spacer\">\n\t\t\t<div class=\"elementor-spacer-inner\"><\/div>\n\t\t<\/div>\n\t\t\t\t\t\t<\/div>\n\t\t\t\t<\/div>\n\t\t\t\t\t<\/div>\n\t\t<\/div>\n\t\t\t\t\t<\/div>\n\t\t<\/section>\n\t\t\t\t<section class=\"elementor-section elementor-top-section elementor-element elementor-element-a4ac66a elementor-section-boxed elementor-section-height-default elementor-section-height-default\" data-id=\"a4ac66a\" data-element_type=\"section\" data-e-type=\"section\">\n\t\t\t\t\t\t<div class=\"elementor-container elementor-column-gap-default\">\n\t\t\t\t\t<div class=\"elementor-column elementor-col-50 elementor-top-column elementor-element elementor-element-bedb097\" data-id=\"bedb097\" data-element_type=\"column\" data-e-type=\"column\">\n\t\t\t<div class=\"elementor-widget-wrap elementor-element-populated\">\n\t\t\t\t\t\t<div class=\"elementor-element elementor-element-4dd1834 elementor-button-info elementor-align-center elementor-widget elementor-widget-button\" data-id=\"4dd1834\" data-element_type=\"widget\" data-e-type=\"widget\" data-widget_type=\"button.default\">\n\t\t\t\t<div class=\"elementor-widget-container\">\n\t\t\t\t\t\t\t\t\t<div class=\"elementor-button-wrapper\">\n\t\t\t\t\t<a class=\"elementor-button elementor-button-link elementor-size-lg elementor-animation-shrink\" href=\"https:\/\/lattes.cnpq.br\/2057543426729046\" target=\"_blank\">\n\t\t\t\t\t\t<span class=\"elementor-button-content-wrapper\">\n\t\t\t\t\t\t\t\t\t<span class=\"elementor-button-text\">Curr\u00edculo Lattes<\/span>\n\t\t\t\t\t<\/span>\n\t\t\t\t\t<\/a>\n\t\t\t\t<\/div>\n\t\t\t\t\t\t\t\t<\/div>\n\t\t\t\t<\/div>\n\t\t\t\t\t<\/div>\n\t\t<\/div>\n\t\t\t\t<div class=\"elementor-column elementor-col-50 elementor-top-column elementor-element elementor-element-5b6c7b5\" data-id=\"5b6c7b5\" data-element_type=\"column\" data-e-type=\"column\">\n\t\t\t<div class=\"elementor-widget-wrap elementor-element-populated\">\n\t\t\t\t\t\t<div class=\"elementor-element elementor-element-9303df8 elementor-button-info elementor-align-center elementor-widget elementor-widget-button\" data-id=\"9303df8\" data-element_type=\"widget\" data-e-type=\"widget\" data-widget_type=\"button.default\">\n\t\t\t\t<div class=\"elementor-widget-container\">\n\t\t\t\t\t\t\t\t\t<div class=\"elementor-button-wrapper\">\n\t\t\t\t\t<a class=\"elementor-button elementor-button-link elementor-size-lg elementor-animation-shrink\" href=\"https:\/\/www.linkedin.com\/in\/fernandosambinelli\/\" target=\"_blank\">\n\t\t\t\t\t\t<span class=\"elementor-button-content-wrapper\">\n\t\t\t\t\t\t\t\t\t<span class=\"elementor-button-text\">Linkedin<\/span>\n\t\t\t\t\t<\/span>\n\t\t\t\t\t<\/a>\n\t\t\t\t<\/div>\n\t\t\t\t\t\t\t\t<\/div>\n\t\t\t\t<\/div>\n\t\t\t\t\t<\/div>\n\t\t<\/div>\n\t\t\t\t\t<\/div>\n\t\t<\/section>\n\t\t\t\t<\/div>\n\t\t","protected":false},"excerpt":{"rendered":"<p>Tese de doutorado defendida em 2020 SAMBINELLI, Fernando. Estrat\u00e9gias para cria\u00e7\u00e3o de valor para o cliente em equipes \u00e1geis de software. 2020. 1 recurso online (178 p.) Tese (doutorado) &#8211; Universidade Estadual de Campinas, Faculdade de Tecnologia, Limeira, SP. Dispon\u00edvel em: https:\/\/hdl.handle.net\/20.500.12733\/1639345. Acesso em: 30 jan. 2023. Fernando Sambinelli Email: fersambi@gmail.com Ingresso no Liag: 08\/2016 [&hellip;]<\/p>\n","protected":false},"author":54,"featured_media":0,"parent":0,"menu_order":0,"comment_status":"closed","ping_status":"closed","template":"","meta":{"_monsterinsights_skip_tracking":false,"_monsterinsights_sitenote_active":false,"_monsterinsights_sitenote_note":"","_monsterinsights_sitenote_category":0,"footnotes":"","_links_to":"","_links_to_target":""},"class_list":["post-533","page","type-page","status-publish","hentry"],"wps_subtitle":"","_links":{"self":[{"href":"https:\/\/liag.ft.unicamp.br\/leanit\/wp-json\/wp\/v2\/pages\/533","targetHints":{"allow":["GET"]}}],"collection":[{"href":"https:\/\/liag.ft.unicamp.br\/leanit\/wp-json\/wp\/v2\/pages"}],"about":[{"href":"https:\/\/liag.ft.unicamp.br\/leanit\/wp-json\/wp\/v2\/types\/page"}],"author":[{"embeddable":true,"href":"https:\/\/liag.ft.unicamp.br\/leanit\/wp-json\/wp\/v2\/users\/54"}],"replies":[{"embeddable":true,"href":"https:\/\/liag.ft.unicamp.br\/leanit\/wp-json\/wp\/v2\/comments?post=533"}],"version-history":[{"count":13,"href":"https:\/\/liag.ft.unicamp.br\/leanit\/wp-json\/wp\/v2\/pages\/533\/revisions"}],"predecessor-version":[{"id":564,"href":"https:\/\/liag.ft.unicamp.br\/leanit\/wp-json\/wp\/v2\/pages\/533\/revisions\/564"}],"wp:attachment":[{"href":"https:\/\/liag.ft.unicamp.br\/leanit\/wp-json\/wp\/v2\/media?parent=533"}],"curies":[{"name":"wp","href":"https:\/\/api.w.org\/{rel}","templated":true}]}}