{"id":547,"date":"2023-03-28T00:03:25","date_gmt":"2023-03-28T00:03:25","guid":{"rendered":"https:\/\/liag.ft.unicamp.br\/leanit\/?page_id=547"},"modified":"2023-03-28T00:13:33","modified_gmt":"2023-03-28T00:13:33","slug":"jesus2019","status":"publish","type":"page","link":"https:\/\/liag.ft.unicamp.br\/leanit\/jesus2019\/","title":{"rendered":"Proposi\u00e7\u00e3o e an\u00e1lise de um m\u00e9todo de avalia\u00e7\u00e3o Lean IT aplicado em empresas de tecnologia de informa\u00e7\u00e3o"},"content":{"rendered":"\t\t<div data-elementor-type=\"wp-page\" data-elementor-id=\"547\" class=\"elementor elementor-547\">\n\t\t\t\t\t\t<section class=\"elementor-section elementor-top-section elementor-element elementor-element-657993b elementor-section-boxed elementor-section-height-default elementor-section-height-default\" data-id=\"657993b\" data-element_type=\"section\" data-e-type=\"section\">\n\t\t\t\t\t\t<div class=\"elementor-container elementor-column-gap-default\">\n\t\t\t\t\t<div class=\"elementor-column elementor-col-100 elementor-top-column elementor-element elementor-element-9c806c8\" data-id=\"9c806c8\" data-element_type=\"column\" data-e-type=\"column\">\n\t\t\t<div class=\"elementor-widget-wrap elementor-element-populated\">\n\t\t\t\t\t\t<div class=\"elementor-element elementor-element-e08cad0 elementor-widget elementor-widget-heading\" data-id=\"e08cad0\" data-element_type=\"widget\" data-e-type=\"widget\" data-widget_type=\"heading.default\">\n\t\t\t\t<div class=\"elementor-widget-container\">\n\t\t\t\t\t<h2 class=\"elementor-heading-title elementor-size-default\"><b>Disserta\u00e7\u00e3o de mestrado defendida em 2019<\/b><\/h2>\t\t\t\t<\/div>\n\t\t\t\t<\/div>\n\t\t\t\t\t<\/div>\n\t\t<\/div>\n\t\t\t\t\t<\/div>\n\t\t<\/section>\n\t\t\t\t<section class=\"elementor-section elementor-top-section elementor-element elementor-element-b4d66c4 elementor-section-boxed elementor-section-height-default elementor-section-height-default\" data-id=\"b4d66c4\" data-element_type=\"section\" data-e-type=\"section\">\n\t\t\t\t\t\t<div class=\"elementor-container elementor-column-gap-default\">\n\t\t\t\t\t<div class=\"elementor-column elementor-col-100 elementor-top-column elementor-element elementor-element-90b7341\" data-id=\"90b7341\" data-element_type=\"column\" data-e-type=\"column\">\n\t\t\t<div class=\"elementor-widget-wrap elementor-element-populated\">\n\t\t\t\t\t\t<div class=\"elementor-element elementor-element-67ecdc8 elementor-widget elementor-widget-text-editor\" data-id=\"67ecdc8\" data-element_type=\"widget\" data-e-type=\"widget\" data-widget_type=\"text-editor.default\">\n\t\t\t\t<div class=\"elementor-widget-container\">\n\t\t\t\t\t\t\t\t\t<p><span style=\"font-size: 14pt;\">JESUS, Carlos Roberto de. Proposi\u00e7\u00e3o e an\u00e1lise de um m\u00e9todo de avalia\u00e7\u00e3o Lean IT aplicado em empresas de tecnologia de informa\u00e7\u00e3o. 2019. 1 recurso online (108 p.) Disserta\u00e7\u00e3o (mestrado) &#8211; Universidade Estadual de Campinas, Faculdade de Tecnologia, Limeira, SP. Dispon\u00edvel em:\u00a0<a href=\"https:\/\/hdl.handle.net\/20.500.12733\/1637316\" target=\"_blank\" rel=\"noopener\" data-saferedirecturl=\"https:\/\/www.google.com\/url?q=https:\/\/hdl.handle.net\/20.500.12733\/1637316&amp;source=gmail&amp;ust=1680045997728000&amp;usg=AOvVaw0HcqXotOsrZ5buOE5PJ2dw\">https:\/\/hdl.handle.net\/20.500.<wbr \/>12733\/1637316<\/a>. Acesso em: 30 jan. 2023.<\/span><\/p>\t\t\t\t\t\t\t\t<\/div>\n\t\t\t\t<\/div>\n\t\t\t\t\t<\/div>\n\t\t<\/div>\n\t\t\t\t\t<\/div>\n\t\t<\/section>\n\t\t\t\t<section class=\"elementor-section elementor-top-section elementor-element elementor-element-625f0b8 elementor-section-boxed elementor-section-height-default elementor-section-height-default\" data-id=\"625f0b8\" data-element_type=\"section\" data-e-type=\"section\">\n\t\t\t\t\t\t<div class=\"elementor-container elementor-column-gap-default\">\n\t\t\t\t\t<div class=\"elementor-column elementor-col-100 elementor-top-column elementor-element elementor-element-215f956\" data-id=\"215f956\" data-element_type=\"column\" data-e-type=\"column\">\n\t\t\t<div class=\"elementor-widget-wrap elementor-element-populated\">\n\t\t\t\t\t\t<div class=\"elementor-element elementor-element-38f7247 elementor-button-info elementor-align-center elementor-widget elementor-widget-button\" data-id=\"38f7247\" data-element_type=\"widget\" data-e-type=\"widget\" data-widget_type=\"button.default\">\n\t\t\t\t<div class=\"elementor-widget-container\">\n\t\t\t\t\t\t\t\t\t<div class=\"elementor-button-wrapper\">\n\t\t\t\t\t<a class=\"elementor-button elementor-button-link elementor-size-xl elementor-animation-shrink\" href=\"https:\/\/liag.ft.unicamp.br\/lesatweb\/index.php\" target=\"_blank\">\n\t\t\t\t\t\t<span class=\"elementor-button-content-wrapper\">\n\t\t\t\t\t\t\t\t\t<span class=\"elementor-button-text\">Conhe\u00e7a o Lesat Web<\/span>\n\t\t\t\t\t<\/span>\n\t\t\t\t\t<\/a>\n\t\t\t\t<\/div>\n\t\t\t\t\t\t\t\t<\/div>\n\t\t\t\t<\/div>\n\t\t\t\t\t<\/div>\n\t\t<\/div>\n\t\t\t\t\t<\/div>\n\t\t<\/section>\n\t\t\t\t<section class=\"elementor-section elementor-top-section elementor-element elementor-element-a251133 elementor-section-boxed elementor-section-height-default elementor-section-height-default\" data-id=\"a251133\" data-element_type=\"section\" data-e-type=\"section\">\n\t\t\t\t\t\t<div class=\"elementor-container elementor-column-gap-default\">\n\t\t\t\t\t<div class=\"elementor-column elementor-col-100 elementor-top-column elementor-element elementor-element-a891a9c\" data-id=\"a891a9c\" data-element_type=\"column\" data-e-type=\"column\">\n\t\t\t<div class=\"elementor-widget-wrap elementor-element-populated\">\n\t\t\t\t\t\t<div class=\"elementor-element elementor-element-9238a08 elementor-widget elementor-widget-spacer\" data-id=\"9238a08\" data-element_type=\"widget\" data-e-type=\"widget\" data-widget_type=\"spacer.default\">\n\t\t\t\t<div class=\"elementor-widget-container\">\n\t\t\t\t\t\t\t<div class=\"elementor-spacer\">\n\t\t\t<div class=\"elementor-spacer-inner\"><\/div>\n\t\t<\/div>\n\t\t\t\t\t\t<\/div>\n\t\t\t\t<\/div>\n\t\t\t\t<div class=\"elementor-element elementor-element-628145a elementor-widget elementor-widget-heading\" data-id=\"628145a\" data-element_type=\"widget\" data-e-type=\"widget\" data-widget_type=\"heading.default\">\n\t\t\t\t<div class=\"elementor-widget-container\">\n\t\t\t\t\t<h2 class=\"elementor-heading-title elementor-size-default\"><b>Carlos Roberto de Jesus<\/b><\/h2>\t\t\t\t<\/div>\n\t\t\t\t<\/div>\n\t\t\t\t\t<\/div>\n\t\t<\/div>\n\t\t\t\t\t<\/div>\n\t\t<\/section>\n\t\t\t\t<section class=\"elementor-section elementor-top-section elementor-element elementor-element-c8eac2d elementor-section-boxed elementor-section-height-default elementor-section-height-default\" data-id=\"c8eac2d\" data-element_type=\"section\" data-e-type=\"section\">\n\t\t\t\t\t\t<div class=\"elementor-container elementor-column-gap-default\">\n\t\t\t\t\t<div class=\"elementor-column elementor-col-50 elementor-top-column elementor-element elementor-element-2e2599c\" data-id=\"2e2599c\" data-element_type=\"column\" data-e-type=\"column\">\n\t\t\t<div class=\"elementor-widget-wrap elementor-element-populated\">\n\t\t\t\t\t\t<div class=\"elementor-element elementor-element-71b7f9e elementor-widget elementor-widget-image\" data-id=\"71b7f9e\" data-element_type=\"widget\" data-e-type=\"widget\" data-widget_type=\"image.default\">\n\t\t\t\t<div class=\"elementor-widget-container\">\n\t\t\t\t\t\t\t\t\t\t\t\t\t\t\t<img fetchpriority=\"high\" decoding=\"async\" width=\"300\" height=\"300\" src=\"https:\/\/liag.ft.unicamp.br\/leanit\/wp-content\/uploads\/sites\/8\/2023\/03\/carlos-300x300.jpeg\" class=\"attachment-medium size-medium wp-image-554\" alt=\"\" srcset=\"https:\/\/liag.ft.unicamp.br\/leanit\/wp-content\/uploads\/sites\/8\/2023\/03\/carlos-300x300.jpeg 300w, https:\/\/liag.ft.unicamp.br\/leanit\/wp-content\/uploads\/sites\/8\/2023\/03\/carlos-150x150.jpeg 150w, https:\/\/liag.ft.unicamp.br\/leanit\/wp-content\/uploads\/sites\/8\/2023\/03\/carlos.jpeg 500w\" sizes=\"(max-width: 300px) 100vw, 300px\" \/>\t\t\t\t\t\t\t\t\t\t\t\t\t\t\t<\/div>\n\t\t\t\t<\/div>\n\t\t\t\t<div class=\"elementor-element elementor-element-82481e2 elementor-widget elementor-widget-heading\" data-id=\"82481e2\" data-element_type=\"widget\" data-e-type=\"widget\" data-widget_type=\"heading.default\">\n\t\t\t\t<div class=\"elementor-widget-container\">\n\t\t\t\t\t<h2 class=\"elementor-heading-title elementor-size-default\">Email: carlos.jesus@fates.sp.gov.br<br><br>Ingresso no Liag: 08\/2016<\/h2>\t\t\t\t<\/div>\n\t\t\t\t<\/div>\n\t\t\t\t\t<\/div>\n\t\t<\/div>\n\t\t\t\t<div class=\"elementor-column elementor-col-50 elementor-top-column elementor-element elementor-element-013b4a6\" data-id=\"013b4a6\" data-element_type=\"column\" data-e-type=\"column\">\n\t\t\t<div class=\"elementor-widget-wrap elementor-element-populated\">\n\t\t\t\t\t\t<div class=\"elementor-element elementor-element-7cdc157 elementor-widget elementor-widget-heading\" data-id=\"7cdc157\" data-element_type=\"widget\" data-e-type=\"widget\" data-widget_type=\"heading.default\">\n\t\t\t\t<div class=\"elementor-widget-container\">\n\t\t\t\t\t<h2 class=\"elementor-heading-title elementor-size-default\">Mini-CV:&nbsp;Aluno de Mestrado em&nbsp;Tecnologia pelo Programa de P\u00f3s-gradua\u00e7\u00e3o da Faculdade de Tecnologia da Unicamp. Desenvolve pesquisa na \u00e1rea de Lean IT e colabora com o time LIAG em diversas frentes de trabalho. Trabalha como&nbsp;Professor na Fatec Arthur de Azevedo \u2013 Mogi Mirim , Fatec Ogari de Castro Pacheco \u2013 Itapira e Faculdade Municipal Prof. Franco Montoro \u2013 Mogi Gua\u00e7u.<\/h2>\t\t\t\t<\/div>\n\t\t\t\t<\/div>\n\t\t\t\t\t<\/div>\n\t\t<\/div>\n\t\t\t\t\t<\/div>\n\t\t<\/section>\n\t\t\t\t<section class=\"elementor-section elementor-top-section elementor-element elementor-element-1c9767e elementor-section-boxed elementor-section-height-default elementor-section-height-default\" data-id=\"1c9767e\" data-element_type=\"section\" data-e-type=\"section\">\n\t\t\t\t\t\t<div class=\"elementor-container elementor-column-gap-default\">\n\t\t\t\t\t<div class=\"elementor-column elementor-col-100 elementor-top-column elementor-element elementor-element-6b9ab4f\" data-id=\"6b9ab4f\" data-element_type=\"column\" data-e-type=\"column\">\n\t\t\t<div class=\"elementor-widget-wrap elementor-element-populated\">\n\t\t\t\t\t\t<div class=\"elementor-element elementor-element-a255ee1 elementor-widget elementor-widget-spacer\" data-id=\"a255ee1\" data-element_type=\"widget\" data-e-type=\"widget\" data-widget_type=\"spacer.default\">\n\t\t\t\t<div class=\"elementor-widget-container\">\n\t\t\t\t\t\t\t<div class=\"elementor-spacer\">\n\t\t\t<div class=\"elementor-spacer-inner\"><\/div>\n\t\t<\/div>\n\t\t\t\t\t\t<\/div>\n\t\t\t\t<\/div>\n\t\t\t\t\t<\/div>\n\t\t<\/div>\n\t\t\t\t\t<\/div>\n\t\t<\/section>\n\t\t\t\t<section class=\"elementor-section elementor-top-section elementor-element elementor-element-a4ac66a elementor-section-boxed elementor-section-height-default elementor-section-height-default\" data-id=\"a4ac66a\" data-element_type=\"section\" data-e-type=\"section\">\n\t\t\t\t\t\t<div class=\"elementor-container elementor-column-gap-default\">\n\t\t\t\t\t<div class=\"elementor-column elementor-col-50 elementor-top-column elementor-element elementor-element-bedb097\" data-id=\"bedb097\" data-element_type=\"column\" data-e-type=\"column\">\n\t\t\t<div class=\"elementor-widget-wrap elementor-element-populated\">\n\t\t\t\t\t\t<div class=\"elementor-element elementor-element-4dd1834 elementor-button-info elementor-align-center elementor-widget elementor-widget-button\" data-id=\"4dd1834\" data-element_type=\"widget\" data-e-type=\"widget\" data-widget_type=\"button.default\">\n\t\t\t\t<div class=\"elementor-widget-container\">\n\t\t\t\t\t\t\t\t\t<div class=\"elementor-button-wrapper\">\n\t\t\t\t\t<a class=\"elementor-button elementor-button-link elementor-size-lg elementor-animation-shrink\" href=\"https:\/\/lattes.cnpq.br\/1344808835131825\" target=\"_blank\">\n\t\t\t\t\t\t<span class=\"elementor-button-content-wrapper\">\n\t\t\t\t\t\t\t\t\t<span class=\"elementor-button-text\">Curr\u00edculo Lattes<\/span>\n\t\t\t\t\t<\/span>\n\t\t\t\t\t<\/a>\n\t\t\t\t<\/div>\n\t\t\t\t\t\t\t\t<\/div>\n\t\t\t\t<\/div>\n\t\t\t\t\t<\/div>\n\t\t<\/div>\n\t\t\t\t<div class=\"elementor-column elementor-col-50 elementor-top-column elementor-element elementor-element-5b6c7b5\" data-id=\"5b6c7b5\" data-element_type=\"column\" data-e-type=\"column\">\n\t\t\t<div class=\"elementor-widget-wrap elementor-element-populated\">\n\t\t\t\t\t\t<div class=\"elementor-element elementor-element-9303df8 elementor-button-info elementor-align-center elementor-widget elementor-widget-button\" data-id=\"9303df8\" data-element_type=\"widget\" data-e-type=\"widget\" data-widget_type=\"button.default\">\n\t\t\t\t<div class=\"elementor-widget-container\">\n\t\t\t\t\t\t\t\t\t<div class=\"elementor-button-wrapper\">\n\t\t\t\t\t<a class=\"elementor-button elementor-button-link elementor-size-lg elementor-animation-shrink\" href=\"https:\/\/www.linkedin.com\/in\/carlosrjesus\/\" target=\"_blank\">\n\t\t\t\t\t\t<span class=\"elementor-button-content-wrapper\">\n\t\t\t\t\t\t\t\t\t<span class=\"elementor-button-text\">Linkedin<\/span>\n\t\t\t\t\t<\/span>\n\t\t\t\t\t<\/a>\n\t\t\t\t<\/div>\n\t\t\t\t\t\t\t\t<\/div>\n\t\t\t\t<\/div>\n\t\t\t\t\t<\/div>\n\t\t<\/div>\n\t\t\t\t\t<\/div>\n\t\t<\/section>\n\t\t\t\t<\/div>\n\t\t","protected":false},"excerpt":{"rendered":"<p>Disserta\u00e7\u00e3o de mestrado defendida em 2019 JESUS, Carlos Roberto de. Proposi\u00e7\u00e3o e an\u00e1lise de um m\u00e9todo de avalia\u00e7\u00e3o Lean IT aplicado em empresas de tecnologia de informa\u00e7\u00e3o. 2019. 1 recurso online (108 p.) Disserta\u00e7\u00e3o (mestrado) &#8211; Universidade Estadual de Campinas, Faculdade de Tecnologia, Limeira, SP. Dispon\u00edvel em:\u00a0https:\/\/hdl.handle.net\/20.500.12733\/1637316. Acesso em: 30 jan. 2023. Conhe\u00e7a o Lesat [&hellip;]<\/p>\n","protected":false},"author":54,"featured_media":0,"parent":0,"menu_order":0,"comment_status":"closed","ping_status":"closed","template":"","meta":{"_monsterinsights_skip_tracking":false,"_monsterinsights_sitenote_active":false,"_monsterinsights_sitenote_note":"","_monsterinsights_sitenote_category":0,"footnotes":"","_links_to":"","_links_to_target":""},"class_list":["post-547","page","type-page","status-publish","hentry"],"wps_subtitle":"","_links":{"self":[{"href":"https:\/\/liag.ft.unicamp.br\/leanit\/wp-json\/wp\/v2\/pages\/547","targetHints":{"allow":["GET"]}}],"collection":[{"href":"https:\/\/liag.ft.unicamp.br\/leanit\/wp-json\/wp\/v2\/pages"}],"about":[{"href":"https:\/\/liag.ft.unicamp.br\/leanit\/wp-json\/wp\/v2\/types\/page"}],"author":[{"embeddable":true,"href":"https:\/\/liag.ft.unicamp.br\/leanit\/wp-json\/wp\/v2\/users\/54"}],"replies":[{"embeddable":true,"href":"https:\/\/liag.ft.unicamp.br\/leanit\/wp-json\/wp\/v2\/comments?post=547"}],"version-history":[{"count":8,"href":"https:\/\/liag.ft.unicamp.br\/leanit\/wp-json\/wp\/v2\/pages\/547\/revisions"}],"predecessor-version":[{"id":558,"href":"https:\/\/liag.ft.unicamp.br\/leanit\/wp-json\/wp\/v2\/pages\/547\/revisions\/558"}],"wp:attachment":[{"href":"https:\/\/liag.ft.unicamp.br\/leanit\/wp-json\/wp\/v2\/media?parent=547"}],"curies":[{"name":"wp","href":"https:\/\/api.w.org\/{rel}","templated":true}]}}