{"id":568,"date":"2023-03-28T00:28:52","date_gmt":"2023-03-28T00:28:52","guid":{"rendered":"https:\/\/liag.ft.unicamp.br\/leanit\/?page_id=568"},"modified":"2023-04-13T14:20:07","modified_gmt":"2023-04-13T14:20:07","slug":"cantanhede2014","status":"publish","type":"page","link":"https:\/\/liag.ft.unicamp.br\/leanit\/cantanhede2014\/","title":{"rendered":"Lean thinking em desenvolvimento de software: estudo e aplica\u00e7\u00e3o de ferramenta para avalia\u00e7\u00e3o do lean em software"},"content":{"rendered":"\t\t<div data-elementor-type=\"wp-page\" data-elementor-id=\"568\" class=\"elementor elementor-568\">\n\t\t\t\t\t\t<section class=\"elementor-section elementor-top-section elementor-element elementor-element-657993b elementor-section-boxed elementor-section-height-default elementor-section-height-default\" data-id=\"657993b\" data-element_type=\"section\" data-e-type=\"section\">\n\t\t\t\t\t\t<div class=\"elementor-container elementor-column-gap-default\">\n\t\t\t\t\t<div class=\"elementor-column elementor-col-100 elementor-top-column elementor-element elementor-element-9c806c8\" data-id=\"9c806c8\" data-element_type=\"column\" data-e-type=\"column\">\n\t\t\t<div class=\"elementor-widget-wrap elementor-element-populated\">\n\t\t\t\t\t\t<div class=\"elementor-element elementor-element-e08cad0 elementor-widget elementor-widget-heading\" data-id=\"e08cad0\" data-element_type=\"widget\" data-e-type=\"widget\" data-widget_type=\"heading.default\">\n\t\t\t\t<div class=\"elementor-widget-container\">\n\t\t\t\t\t<h2 class=\"elementor-heading-title elementor-size-default\"><b>Disserta\u00e7\u00e3o de mestrado defendida em 2014<\/b><\/h2>\t\t\t\t<\/div>\n\t\t\t\t<\/div>\n\t\t\t\t\t<\/div>\n\t\t<\/div>\n\t\t\t\t\t<\/div>\n\t\t<\/section>\n\t\t\t\t<section class=\"elementor-section elementor-top-section elementor-element elementor-element-b4d66c4 elementor-section-boxed elementor-section-height-default elementor-section-height-default\" data-id=\"b4d66c4\" data-element_type=\"section\" data-e-type=\"section\">\n\t\t\t\t\t\t<div class=\"elementor-container elementor-column-gap-default\">\n\t\t\t\t\t<div class=\"elementor-column elementor-col-100 elementor-top-column elementor-element elementor-element-90b7341\" data-id=\"90b7341\" data-element_type=\"column\" data-e-type=\"column\">\n\t\t\t<div class=\"elementor-widget-wrap elementor-element-populated\">\n\t\t\t\t\t\t<div class=\"elementor-element elementor-element-67ecdc8 elementor-widget elementor-widget-text-editor\" data-id=\"67ecdc8\" data-element_type=\"widget\" data-e-type=\"widget\" data-widget_type=\"text-editor.default\">\n\t\t\t\t<div class=\"elementor-widget-container\">\n\t\t\t\t\t\t\t\t\t<p><span style=\"font-size: 14pt;\">CANTANHEDE, Marco Andr\u00e9 Dias. Lean thinking em desenvolvimento de software: estudo e aplica\u00e7\u00e3o de ferramenta para avalia\u00e7\u00e3o do lean em software. 2014. 142 p. Disserta\u00e7\u00e3o (mestrado) &#8211; Universidade Estadual de Campinas, Faculdade de Tecnologia, Limeira, SP. Dispon\u00edvel em:\u00a0<a href=\"https:\/\/hdl.handle.net\/20.500.12733\/1622903\" target=\"_blank\" rel=\"noopener\" data-saferedirecturl=\"https:\/\/www.google.com\/url?q=https:\/\/hdl.handle.net\/20.500.12733\/1622903&amp;source=gmail&amp;ust=1680045997728000&amp;usg=AOvVaw2jaduD2sjY22zqRfNG99va\">https:\/\/hdl.handle.net\/20.500.<wbr \/>12733\/1622903<\/a>. Acesso em: 30 jan. 2023.\u00a0<\/span><\/p>\t\t\t\t\t\t\t\t<\/div>\n\t\t\t\t<\/div>\n\t\t\t\t\t<\/div>\n\t\t<\/div>\n\t\t\t\t\t<\/div>\n\t\t<\/section>\n\t\t\t\t<section class=\"elementor-section elementor-top-section elementor-element elementor-element-91a48a0 elementor-section-boxed elementor-section-height-default elementor-section-height-default\" data-id=\"91a48a0\" data-element_type=\"section\" data-e-type=\"section\">\n\t\t\t\t\t\t<div class=\"elementor-container elementor-column-gap-default\">\n\t\t\t\t\t<div class=\"elementor-column elementor-col-100 elementor-top-column elementor-element elementor-element-78f2a94\" data-id=\"78f2a94\" data-element_type=\"column\" data-e-type=\"column\">\n\t\t\t<div class=\"elementor-widget-wrap elementor-element-populated\">\n\t\t\t\t\t\t<div class=\"elementor-element elementor-element-4b6bf9c elementor-widget elementor-widget-spacer\" data-id=\"4b6bf9c\" data-element_type=\"widget\" data-e-type=\"widget\" data-widget_type=\"spacer.default\">\n\t\t\t\t<div class=\"elementor-widget-container\">\n\t\t\t\t\t\t\t<div class=\"elementor-spacer\">\n\t\t\t<div class=\"elementor-spacer-inner\"><\/div>\n\t\t<\/div>\n\t\t\t\t\t\t<\/div>\n\t\t\t\t<\/div>\n\t\t\t\t<div class=\"elementor-element elementor-element-a2e97eb elementor-widget elementor-widget-text-editor\" data-id=\"a2e97eb\" data-element_type=\"widget\" data-e-type=\"widget\" data-widget_type=\"text-editor.default\">\n\t\t\t\t<div class=\"elementor-widget-container\">\n\t\t\t\t\t\t\t\t\t<p><span style=\"font-size: 14pt;\">O<em> lean<\/em> revolucionou a ind\u00fastria automobil\u00edstica propondo novas possibilidades de aumento <\/span><span style=\"font-size: 14pt;\">de produtividade, novas rela\u00e7\u00f5es entre os trabalhadores e novas rela\u00e7\u00f5es entre as <\/span><span style=\"font-size: 14pt;\">empresas. O <em>lean<\/em> se expandiu para al\u00e9m das fronteiras da produ\u00e7\u00e3o automobil\u00edstica, <\/span><span style=\"font-size: 14pt;\">chegando em outros ramos de produ\u00e7\u00e3o incluindo a \u00e1rea de servi\u00e7os. Essa expans\u00e3o para <\/span><span style=\"font-size: 14pt;\">v\u00e1rias \u00e1reas de aplica\u00e7\u00e3o foi denominada <em>lean thinking<\/em> (pensamento enxuto).<\/span><\/p><p><span style=\"font-size: 14pt;\">A \u00e1rea de tecnologia da informa\u00e7\u00e3o (TI) passa tamb\u00e9m pelas transforma\u00e7\u00f5es e desafios de <\/span><span style=\"font-size: 14pt;\">outras ind\u00fastrias. Este conjunto de desafios faz com que a ind\u00fastria de TI busque <\/span><span style=\"font-size: 14pt;\">alternativas para lidar com a complexidade das rela\u00e7\u00f5es comerciais, com os desafios <\/span><span style=\"font-size: 14pt;\">trazidos pelos clientes, a mudan\u00e7a e renova\u00e7\u00e3o constante da tecnologia, os altos custos <\/span><span style=\"font-size: 14pt;\">com m\u00e3o-de-obra, a necessidade de investimentos, entre outros.<\/span><\/p><p><span style=\"font-size: 14pt;\">O<em> lean thinking<\/em> tem sido utilizado como uma maneira de diferencia\u00e7\u00e3o na ind\u00fastria de TI <\/span><span style=\"font-size: 14pt;\">e como uma importante alternativa para melhora na performance do neg\u00f3cio (satisfa\u00e7\u00e3o dos <\/span><span style=\"font-size: 14pt;\">clientes, baixo n\u00famero de retrabalho, reten\u00e7\u00e3o das pessoas e custos adequados).<\/span><\/p><p><span style=\"font-size: 14pt;\"><em>Lean IT<\/em> \u00e9 o termo utilizado para o <em>lean thinking<\/em> em TI. Uma das \u00e1reas de aplica\u00e7\u00e3o do <\/span><span style=\"font-size: 14pt;\"><em>lean<\/em> em TI \u00e9 a \u00e1rea de desenvolvimento de software, \u00e1rea essa, que enfrenta os <\/span><span style=\"font-size: 14pt;\">desafios de entregar produtos com qualidade, de forma r\u00e1pida, com a vis\u00e3o do cliente e <\/span><span style=\"font-size: 14pt;\">com a necessidade de constantes ajustes (mudan\u00e7as).<\/span><\/p><p><span style=\"font-size: 14pt;\">O<em> lean thinking<\/em> \u00e9 uma filosofia de trabalho e gest\u00e3o que traz v\u00e1rios desafios na <\/span><span style=\"font-size: 14pt;\">implementa\u00e7\u00e3o e ado\u00e7\u00e3o em qualquer \u00e1rea de neg\u00f3cio, n\u00e3o sendo diferente em TI, <\/span><span style=\"font-size: 14pt;\">nesse sentido, \u00e9 de grande valia a possibilidade da exist\u00eancia que ferramentas e <\/span><span style=\"font-size: 14pt;\">m\u00e9todos de avalia\u00e7\u00e3o do n\u00edvel de implementa\u00e7\u00e3o e ader\u00eancia com os pilares do <em>lean<\/em>, <\/span><span style=\"font-size: 14pt;\">para que a empresa (ou institui\u00e7\u00e3o) possa elaborar planos de a\u00e7\u00e3o e ir avan\u00e7ando na <\/span><span style=\"font-size: 14pt;\">ado\u00e7\u00e3o do lean thinking, bem como, nos resultados esperados.<\/span><\/p><p><span style=\"font-size: 14pt;\">Esse estudo prop\u00f5e:<\/span><\/p><ul><li><span style=\"font-size: 14pt;\">Revis\u00e3o hist\u00f3rica e bibliogr\u00e1fica do <em>Lean Thinking<\/em> e do <em>Lean Software Development <\/em><\/span><span style=\"font-size: 14pt;\">(LSD).<\/span><\/li><li><span style=\"font-size: 14pt;\">Estudar e aplicar uma Ferramenta de Avalia\u00e7\u00e3o do N\u00edvel de Lean adaptado para a <\/span><span style=\"font-size: 14pt;\">\u00e1rea de software, avaliando a sua efetividade e aplicabilidade.<\/span><\/li><li><span style=\"font-size: 14pt;\">Contribuir para o conjunto de conhecimento do lean em desenvolvimento de <\/span><span style=\"font-size: 14pt;\">software e para a evolu\u00e7\u00e3o da ferramenta estudada.<\/span><\/li><\/ul>\t\t\t\t\t\t\t\t<\/div>\n\t\t\t\t<\/div>\n\t\t\t\t\t<\/div>\n\t\t<\/div>\n\t\t\t\t\t<\/div>\n\t\t<\/section>\n\t\t\t\t<section class=\"elementor-section elementor-top-section elementor-element elementor-element-a251133 elementor-section-boxed elementor-section-height-default elementor-section-height-default\" data-id=\"a251133\" data-element_type=\"section\" data-e-type=\"section\">\n\t\t\t\t\t\t<div class=\"elementor-container elementor-column-gap-default\">\n\t\t\t\t\t<div class=\"elementor-column elementor-col-100 elementor-top-column elementor-element elementor-element-a891a9c\" data-id=\"a891a9c\" data-element_type=\"column\" data-e-type=\"column\">\n\t\t\t<div class=\"elementor-widget-wrap elementor-element-populated\">\n\t\t\t\t\t\t<div class=\"elementor-element elementor-element-9238a08 elementor-widget elementor-widget-spacer\" data-id=\"9238a08\" data-element_type=\"widget\" data-e-type=\"widget\" data-widget_type=\"spacer.default\">\n\t\t\t\t<div class=\"elementor-widget-container\">\n\t\t\t\t\t\t\t<div class=\"elementor-spacer\">\n\t\t\t<div class=\"elementor-spacer-inner\"><\/div>\n\t\t<\/div>\n\t\t\t\t\t\t<\/div>\n\t\t\t\t<\/div>\n\t\t\t\t<div class=\"elementor-element elementor-element-628145a elementor-widget elementor-widget-heading\" data-id=\"628145a\" data-element_type=\"widget\" data-e-type=\"widget\" data-widget_type=\"heading.default\">\n\t\t\t\t<div class=\"elementor-widget-container\">\n\t\t\t\t\t<h2 class=\"elementor-heading-title elementor-size-default\"><b>Marco Andr\u00e9 Dias Cantanhede<\/b><\/h2>\t\t\t\t<\/div>\n\t\t\t\t<\/div>\n\t\t\t\t\t<\/div>\n\t\t<\/div>\n\t\t\t\t\t<\/div>\n\t\t<\/section>\n\t\t\t\t<section class=\"elementor-section elementor-top-section elementor-element elementor-element-c8eac2d elementor-section-boxed elementor-section-height-default elementor-section-height-default\" data-id=\"c8eac2d\" data-element_type=\"section\" data-e-type=\"section\">\n\t\t\t\t\t\t<div class=\"elementor-container elementor-column-gap-default\">\n\t\t\t\t\t<div class=\"elementor-column elementor-col-50 elementor-top-column elementor-element elementor-element-2e2599c\" data-id=\"2e2599c\" data-element_type=\"column\" data-e-type=\"column\">\n\t\t\t<div class=\"elementor-widget-wrap elementor-element-populated\">\n\t\t\t\t\t\t<div class=\"elementor-element elementor-element-71b7f9e elementor-widget elementor-widget-image\" data-id=\"71b7f9e\" data-element_type=\"widget\" data-e-type=\"widget\" data-widget_type=\"image.default\">\n\t\t\t\t<div class=\"elementor-widget-container\">\n\t\t\t\t\t\t\t\t\t\t\t\t\t\t\t<img fetchpriority=\"high\" decoding=\"async\" width=\"300\" height=\"300\" src=\"https:\/\/liag.ft.unicamp.br\/leanit\/wp-content\/uploads\/sites\/8\/2023\/04\/MarcoCatanhede-1-300x300.jpg\" class=\"attachment-medium size-medium wp-image-573\" alt=\"\" srcset=\"https:\/\/liag.ft.unicamp.br\/leanit\/wp-content\/uploads\/sites\/8\/2023\/04\/MarcoCatanhede-1-300x300.jpg 300w, https:\/\/liag.ft.unicamp.br\/leanit\/wp-content\/uploads\/sites\/8\/2023\/04\/MarcoCatanhede-1-1024x1024.jpg 1024w, https:\/\/liag.ft.unicamp.br\/leanit\/wp-content\/uploads\/sites\/8\/2023\/04\/MarcoCatanhede-1-150x150.jpg 150w, https:\/\/liag.ft.unicamp.br\/leanit\/wp-content\/uploads\/sites\/8\/2023\/04\/MarcoCatanhede-1-768x768.jpg 768w, https:\/\/liag.ft.unicamp.br\/leanit\/wp-content\/uploads\/sites\/8\/2023\/04\/MarcoCatanhede-1-1536x1536.jpg 1536w, https:\/\/liag.ft.unicamp.br\/leanit\/wp-content\/uploads\/sites\/8\/2023\/04\/MarcoCatanhede-1-2048x2048.jpg 2048w\" sizes=\"(max-width: 300px) 100vw, 300px\" \/>\t\t\t\t\t\t\t\t\t\t\t\t\t\t\t<\/div>\n\t\t\t\t<\/div>\n\t\t\t\t\t<\/div>\n\t\t<\/div>\n\t\t\t\t<div class=\"elementor-column elementor-col-50 elementor-top-column elementor-element elementor-element-013b4a6\" data-id=\"013b4a6\" data-element_type=\"column\" data-e-type=\"column\">\n\t\t\t<div class=\"elementor-widget-wrap elementor-element-populated\">\n\t\t\t\t\t\t<div class=\"elementor-element elementor-element-7cdc157 elementor-widget elementor-widget-heading\" data-id=\"7cdc157\" data-element_type=\"widget\" data-e-type=\"widget\" data-widget_type=\"heading.default\">\n\t\t\t\t<div class=\"elementor-widget-container\">\n\t\t\t\t\t<h2 class=\"elementor-heading-title elementor-size-default\">Mini-CV:&nbsp;Duas d\u00e9cadas trabalhando em TI com projetos variados, desde implementa\u00e7\u00e3o de ERPs,\nData Centres, integra\u00e7\u00e3o de empresas, desenvolvimentos web e eCommerce. Destaque\npara implementa\u00e7\u00e3o de Lean nas \u00e1reas de servi\u00e7o de suporte e desenvolvimento da IBM\ncom excelentes resultados. Atualmente \u00e9 gestor de TI para a Am\u00e9rica Latina em uma\nmultinacional Inglesa, com resultados importantes utiliza\u00e7\u00e3o sistem\u00e1tica dos Lean Thinking\ndentro e fora de TI. Recentemente fez uma licenciatura em Filosofia por entender que a\neduca\u00e7\u00e3o do pensamento \u00e9 a base para implementa\u00e7\u00e3o e gest\u00e3o qualquer tecnologia.<\/h2>\t\t\t\t<\/div>\n\t\t\t\t<\/div>\n\t\t\t\t\t<\/div>\n\t\t<\/div>\n\t\t\t\t\t<\/div>\n\t\t<\/section>\n\t\t\t\t<\/div>\n\t\t","protected":false},"excerpt":{"rendered":"<p>Disserta\u00e7\u00e3o de mestrado defendida em 2014 CANTANHEDE, Marco Andr\u00e9 Dias. Lean thinking em desenvolvimento de software: estudo e aplica\u00e7\u00e3o de ferramenta para avalia\u00e7\u00e3o do lean em software. 2014. 142 p. Disserta\u00e7\u00e3o (mestrado) &#8211; Universidade Estadual de Campinas, Faculdade de Tecnologia, Limeira, SP. Dispon\u00edvel em:\u00a0https:\/\/hdl.handle.net\/20.500.12733\/1622903. Acesso em: 30 jan. 2023.\u00a0 O lean revolucionou a ind\u00fastria automobil\u00edstica [&hellip;]<\/p>\n","protected":false},"author":54,"featured_media":0,"parent":0,"menu_order":0,"comment_status":"closed","ping_status":"closed","template":"","meta":{"_monsterinsights_skip_tracking":false,"_monsterinsights_sitenote_active":false,"_monsterinsights_sitenote_note":"","_monsterinsights_sitenote_category":0,"footnotes":"","_links_to":"","_links_to_target":""},"class_list":["post-568","page","type-page","status-publish","hentry"],"wps_subtitle":"","_links":{"self":[{"href":"https:\/\/liag.ft.unicamp.br\/leanit\/wp-json\/wp\/v2\/pages\/568","targetHints":{"allow":["GET"]}}],"collection":[{"href":"https:\/\/liag.ft.unicamp.br\/leanit\/wp-json\/wp\/v2\/pages"}],"about":[{"href":"https:\/\/liag.ft.unicamp.br\/leanit\/wp-json\/wp\/v2\/types\/page"}],"author":[{"embeddable":true,"href":"https:\/\/liag.ft.unicamp.br\/leanit\/wp-json\/wp\/v2\/users\/54"}],"replies":[{"embeddable":true,"href":"https:\/\/liag.ft.unicamp.br\/leanit\/wp-json\/wp\/v2\/comments?post=568"}],"version-history":[{"count":7,"href":"https:\/\/liag.ft.unicamp.br\/leanit\/wp-json\/wp\/v2\/pages\/568\/revisions"}],"predecessor-version":[{"id":578,"href":"https:\/\/liag.ft.unicamp.br\/leanit\/wp-json\/wp\/v2\/pages\/568\/revisions\/578"}],"wp:attachment":[{"href":"https:\/\/liag.ft.unicamp.br\/leanit\/wp-json\/wp\/v2\/media?parent=568"}],"curies":[{"name":"wp","href":"https:\/\/api.w.org\/{rel}","templated":true}]}}