{"id":2421,"date":"2016-03-09T12:13:20","date_gmt":"2016-03-09T12:13:20","guid":{"rendered":"http:\/\/liag.ft.unicamp.br\/liagcopiateste\/?page_id=2421"},"modified":"2016-11-17T17:28:43","modified_gmt":"2016-11-17T17:28:43","slug":"labs-life","status":"publish","type":"page","link":"https:\/\/liag.ft.unicamp.br\/liagcopiateste\/pesquisa\/labs-life\/","title":{"rendered":"LAB&#8217;S LIFE"},"content":{"rendered":"<p><a class=\"btn-ver-todas\" target=\"_blank\" href=\"https:\/\/liag.ft.unicamp.br\/liagcopiateste\/jogos\/labslife\/\">Jogar<\/a><br \/>\n<script type=\"text\/javascript\">\n               window.location=\"https:\/\/liag.ft.unicamp.br\/liagcopiateste\/jogos\/labslife\/\";\n<\/script><\/p>\n","protected":false},"excerpt":{"rendered":"<p>Jogar<\/p>\n","protected":false},"author":1,"featured_media":2423,"parent":2382,"menu_order":0,"comment_status":"closed","ping_status":"closed","template":"","meta":{"_monsterinsights_skip_tracking":false,"_monsterinsights_sitenote_active":false,"_monsterinsights_sitenote_note":"","_monsterinsights_sitenote_category":0,"footnotes":"","_links_to":"","_links_to_target":""},"class_list":["post-2421","page","type-page","status-publish","has-post-thumbnail","hentry"],"yoast_head":"<!-- This site is optimized with the Yoast SEO plugin v27.4 - https:\/\/yoast.com\/product\/yoast-seo-wordpress\/ -->\n<title>LAB&#039;S LIFE - LIAG c\u00f3pia teste<\/title>\n<meta name=\"robots\" content=\"index, follow, max-snippet:-1, max-image-preview:large, max-video-preview:-1\" \/>\n<link rel=\"canonical\" href=\"https:\/\/liag.ft.unicamp.br\/liagcopiateste\/pesquisa\/labs-life\/\" \/>\n<meta property=\"og:locale\" content=\"pt_BR\" \/>\n<meta property=\"og:type\" content=\"article\" \/>\n<meta property=\"og:title\" content=\"LAB&#039;S LIFE - LIAG c\u00f3pia teste\" \/>\n<meta property=\"og:description\" content=\"Jogar\" \/>\n<meta property=\"og:url\" content=\"https:\/\/liag.ft.unicamp.br\/liagcopiateste\/pesquisa\/labs-life\/\" \/>\n<meta property=\"og:site_name\" content=\"LIAG c\u00f3pia teste\" \/>\n<meta property=\"article:publisher\" content=\"https:\/\/www.facebook.com\/Liag-Laborat%c3%b3rio-de-inform%c3%a1tica-aprendizagem-e-gest%c3%a3o-245242555530637\/\" \/>\n<meta property=\"article:modified_time\" content=\"2016-11-17T17:28:43+00:00\" \/>\n<meta property=\"og:image\" content=\"https:\/\/liag.ft.unicamp.br\/liagcopiateste\/wp-content\/uploads\/sites\/36\/2016\/03\/cropped-cabe\u00e7alho-DW1.jpg\" \/>\n\t<meta property=\"og:image:width\" content=\"960\" \/>\n\t<meta property=\"og:image:height\" content=\"198\" \/>\n\t<meta property=\"og:image:type\" content=\"image\/jpeg\" \/>\n<meta name=\"twitter:card\" content=\"summary_large_image\" \/>\n<script type=\"application\/ld+json\" class=\"yoast-schema-graph\">{\"@context\":\"https:\\\/\\\/schema.org\",\"@graph\":[{\"@type\":\"WebPage\",\"@id\":\"https:\\\/\\\/liag.ft.unicamp.br\\\/liagcopiateste\\\/pesquisa\\\/labs-life\\\/\",\"url\":\"https:\\\/\\\/liag.ft.unicamp.br\\\/liagcopiateste\\\/pesquisa\\\/labs-life\\\/\",\"name\":\"LAB'S LIFE - LIAG c\u00f3pia teste\",\"isPartOf\":{\"@id\":\"https:\\\/\\\/liag.ft.unicamp.br\\\/liagcopiateste\\\/#website\"},\"primaryImageOfPage\":{\"@id\":\"https:\\\/\\\/liag.ft.unicamp.br\\\/liagcopiateste\\\/pesquisa\\\/labs-life\\\/#primaryimage\"},\"image\":{\"@id\":\"https:\\\/\\\/liag.ft.unicamp.br\\\/liagcopiateste\\\/pesquisa\\\/labs-life\\\/#primaryimage\"},\"thumbnailUrl\":\"https:\\\/\\\/liag.ft.unicamp.br\\\/liagcopiateste\\\/wp-content\\\/uploads\\\/sites\\\/36\\\/2016\\\/03\\\/cropped-cabe\u00e7alho-DW1.jpg\",\"datePublished\":\"2016-03-09T12:13:20+00:00\",\"dateModified\":\"2016-11-17T17:28:43+00:00\",\"breadcrumb\":{\"@id\":\"https:\\\/\\\/liag.ft.unicamp.br\\\/liagcopiateste\\\/pesquisa\\\/labs-life\\\/#breadcrumb\"},\"inLanguage\":\"pt-BR\",\"potentialAction\":[{\"@type\":\"ReadAction\",\"target\":[\"https:\\\/\\\/liag.ft.unicamp.br\\\/liagcopiateste\\\/pesquisa\\\/labs-life\\\/\"]}]},{\"@type\":\"ImageObject\",\"inLanguage\":\"pt-BR\",\"@id\":\"https:\\\/\\\/liag.ft.unicamp.br\\\/liagcopiateste\\\/pesquisa\\\/labs-life\\\/#primaryimage\",\"url\":\"https:\\\/\\\/liag.ft.unicamp.br\\\/liagcopiateste\\\/wp-content\\\/uploads\\\/sites\\\/36\\\/2016\\\/03\\\/cropped-cabe\u00e7alho-DW1.jpg\",\"contentUrl\":\"https:\\\/\\\/liag.ft.unicamp.br\\\/liagcopiateste\\\/wp-content\\\/uploads\\\/sites\\\/36\\\/2016\\\/03\\\/cropped-cabe\u00e7alho-DW1.jpg\",\"width\":960,\"height\":198},{\"@type\":\"BreadcrumbList\",\"@id\":\"https:\\\/\\\/liag.ft.unicamp.br\\\/liagcopiateste\\\/pesquisa\\\/labs-life\\\/#breadcrumb\",\"itemListElement\":[{\"@type\":\"ListItem\",\"position\":1,\"name\":\"Home\",\"item\":\"https:\\\/\\\/liag.ft.unicamp.br\\\/liagcopiateste\\\/\"},{\"@type\":\"ListItem\",\"position\":2,\"name\":\"Pesquisas\",\"item\":\"https:\\\/\\\/liag.ft.unicamp.br\\\/liagcopiateste\\\/pesquisa\\\/\"},{\"@type\":\"ListItem\",\"position\":3,\"name\":\"LAB&#8217;S LIFE\"}]},{\"@type\":\"WebSite\",\"@id\":\"https:\\\/\\\/liag.ft.unicamp.br\\\/liagcopiateste\\\/#website\",\"url\":\"https:\\\/\\\/liag.ft.unicamp.br\\\/liagcopiateste\\\/\",\"name\":\"LIAG\",\"description\":\"Laborat\u00f3rio de Inform\u00e1tica, Aprendizado e Gest\u00e3o\",\"publisher\":{\"@id\":\"https:\\\/\\\/liag.ft.unicamp.br\\\/liagcopiateste\\\/#organization\"},\"potentialAction\":[{\"@type\":\"SearchAction\",\"target\":{\"@type\":\"EntryPoint\",\"urlTemplate\":\"https:\\\/\\\/liag.ft.unicamp.br\\\/liagcopiateste\\\/?s={search_term_string}\"},\"query-input\":{\"@type\":\"PropertyValueSpecification\",\"valueRequired\":true,\"valueName\":\"search_term_string\"}}],\"inLanguage\":\"pt-BR\"},{\"@type\":\"Organization\",\"@id\":\"https:\\\/\\\/liag.ft.unicamp.br\\\/liagcopiateste\\\/#organization\",\"name\":\"LIAG\",\"url\":\"https:\\\/\\\/liag.ft.unicamp.br\\\/liagcopiateste\\\/\",\"logo\":{\"@type\":\"ImageObject\",\"inLanguage\":\"pt-BR\",\"@id\":\"https:\\\/\\\/liag.ft.unicamp.br\\\/liagcopiateste\\\/#\\\/schema\\\/logo\\\/image\\\/\",\"url\":\"https:\\\/\\\/liag.ft.unicamp.br\\\/liagcopiateste\\\/wp-content\\\/uploads\\\/sites\\\/36\\\/2016\\\/10\\\/cropped-logo_liag.png\",\"contentUrl\":\"https:\\\/\\\/liag.ft.unicamp.br\\\/liagcopiateste\\\/wp-content\\\/uploads\\\/sites\\\/36\\\/2016\\\/10\\\/cropped-logo_liag.png\",\"width\":148,\"height\":80,\"caption\":\"LIAG\"},\"image\":{\"@id\":\"https:\\\/\\\/liag.ft.unicamp.br\\\/liagcopiateste\\\/#\\\/schema\\\/logo\\\/image\\\/\"},\"sameAs\":[\"https:\\\/\\\/www.facebook.com\\\/Liag-Laborat\u00f3rio-de-inform\u00e1tica-aprendizagem-e-gest\u00e3o-245242555530637\\\/\"]}]}<\/script>\n<!-- \/ Yoast SEO plugin. -->","yoast_head_json":{"title":"LAB'S LIFE - LIAG c\u00f3pia teste","robots":{"index":"index","follow":"follow","max-snippet":"max-snippet:-1","max-image-preview":"max-image-preview:large","max-video-preview":"max-video-preview:-1"},"canonical":"https:\/\/liag.ft.unicamp.br\/liagcopiateste\/pesquisa\/labs-life\/","og_locale":"pt_BR","og_type":"article","og_title":"LAB'S LIFE - LIAG c\u00f3pia teste","og_description":"Jogar","og_url":"https:\/\/liag.ft.unicamp.br\/liagcopiateste\/pesquisa\/labs-life\/","og_site_name":"LIAG c\u00f3pia teste","article_publisher":"https:\/\/www.facebook.com\/Liag-Laborat%c3%b3rio-de-inform%c3%a1tica-aprendizagem-e-gest%c3%a3o-245242555530637\/","article_modified_time":"2016-11-17T17:28:43+00:00","og_image":[{"width":960,"height":198,"url":"https:\/\/liag.ft.unicamp.br\/liagcopiateste\/wp-content\/uploads\/sites\/36\/2016\/03\/cropped-cabe\u00e7alho-DW1.jpg","type":"image\/jpeg"}],"twitter_card":"summary_large_image","schema":{"@context":"https:\/\/schema.org","@graph":[{"@type":"WebPage","@id":"https:\/\/liag.ft.unicamp.br\/liagcopiateste\/pesquisa\/labs-life\/","url":"https:\/\/liag.ft.unicamp.br\/liagcopiateste\/pesquisa\/labs-life\/","name":"LAB'S LIFE - LIAG c\u00f3pia teste","isPartOf":{"@id":"https:\/\/liag.ft.unicamp.br\/liagcopiateste\/#website"},"primaryImageOfPage":{"@id":"https:\/\/liag.ft.unicamp.br\/liagcopiateste\/pesquisa\/labs-life\/#primaryimage"},"image":{"@id":"https:\/\/liag.ft.unicamp.br\/liagcopiateste\/pesquisa\/labs-life\/#primaryimage"},"thumbnailUrl":"https:\/\/liag.ft.unicamp.br\/liagcopiateste\/wp-content\/uploads\/sites\/36\/2016\/03\/cropped-cabe\u00e7alho-DW1.jpg","datePublished":"2016-03-09T12:13:20+00:00","dateModified":"2016-11-17T17:28:43+00:00","breadcrumb":{"@id":"https:\/\/liag.ft.unicamp.br\/liagcopiateste\/pesquisa\/labs-life\/#breadcrumb"},"inLanguage":"pt-BR","potentialAction":[{"@type":"ReadAction","target":["https:\/\/liag.ft.unicamp.br\/liagcopiateste\/pesquisa\/labs-life\/"]}]},{"@type":"ImageObject","inLanguage":"pt-BR","@id":"https:\/\/liag.ft.unicamp.br\/liagcopiateste\/pesquisa\/labs-life\/#primaryimage","url":"https:\/\/liag.ft.unicamp.br\/liagcopiateste\/wp-content\/uploads\/sites\/36\/2016\/03\/cropped-cabe\u00e7alho-DW1.jpg","contentUrl":"https:\/\/liag.ft.unicamp.br\/liagcopiateste\/wp-content\/uploads\/sites\/36\/2016\/03\/cropped-cabe\u00e7alho-DW1.jpg","width":960,"height":198},{"@type":"BreadcrumbList","@id":"https:\/\/liag.ft.unicamp.br\/liagcopiateste\/pesquisa\/labs-life\/#breadcrumb","itemListElement":[{"@type":"ListItem","position":1,"name":"Home","item":"https:\/\/liag.ft.unicamp.br\/liagcopiateste\/"},{"@type":"ListItem","position":2,"name":"Pesquisas","item":"https:\/\/liag.ft.unicamp.br\/liagcopiateste\/pesquisa\/"},{"@type":"ListItem","position":3,"name":"LAB&#8217;S LIFE"}]},{"@type":"WebSite","@id":"https:\/\/liag.ft.unicamp.br\/liagcopiateste\/#website","url":"https:\/\/liag.ft.unicamp.br\/liagcopiateste\/","name":"LIAG","description":"Laborat\u00f3rio de Inform\u00e1tica, Aprendizado e Gest\u00e3o","publisher":{"@id":"https:\/\/liag.ft.unicamp.br\/liagcopiateste\/#organization"},"potentialAction":[{"@type":"SearchAction","target":{"@type":"EntryPoint","urlTemplate":"https:\/\/liag.ft.unicamp.br\/liagcopiateste\/?s={search_term_string}"},"query-input":{"@type":"PropertyValueSpecification","valueRequired":true,"valueName":"search_term_string"}}],"inLanguage":"pt-BR"},{"@type":"Organization","@id":"https:\/\/liag.ft.unicamp.br\/liagcopiateste\/#organization","name":"LIAG","url":"https:\/\/liag.ft.unicamp.br\/liagcopiateste\/","logo":{"@type":"ImageObject","inLanguage":"pt-BR","@id":"https:\/\/liag.ft.unicamp.br\/liagcopiateste\/#\/schema\/logo\/image\/","url":"https:\/\/liag.ft.unicamp.br\/liagcopiateste\/wp-content\/uploads\/sites\/36\/2016\/10\/cropped-logo_liag.png","contentUrl":"https:\/\/liag.ft.unicamp.br\/liagcopiateste\/wp-content\/uploads\/sites\/36\/2016\/10\/cropped-logo_liag.png","width":148,"height":80,"caption":"LIAG"},"image":{"@id":"https:\/\/liag.ft.unicamp.br\/liagcopiateste\/#\/schema\/logo\/image\/"},"sameAs":["https:\/\/www.facebook.com\/Liag-Laborat\u00f3rio-de-inform\u00e1tica-aprendizagem-e-gest\u00e3o-245242555530637\/"]}]}},"wps_subtitle":"","_links":{"self":[{"href":"https:\/\/liag.ft.unicamp.br\/liagcopiateste\/wp-json\/wp\/v2\/pages\/2421","targetHints":{"allow":["GET"]}}],"collection":[{"href":"https:\/\/liag.ft.unicamp.br\/liagcopiateste\/wp-json\/wp\/v2\/pages"}],"about":[{"href":"https:\/\/liag.ft.unicamp.br\/liagcopiateste\/wp-json\/wp\/v2\/types\/page"}],"author":[{"embeddable":true,"href":"https:\/\/liag.ft.unicamp.br\/liagcopiateste\/wp-json\/wp\/v2\/users\/1"}],"replies":[{"embeddable":true,"href":"https:\/\/liag.ft.unicamp.br\/liagcopiateste\/wp-json\/wp\/v2\/comments?post=2421"}],"version-history":[{"count":6,"href":"https:\/\/liag.ft.unicamp.br\/liagcopiateste\/wp-json\/wp\/v2\/pages\/2421\/revisions"}],"predecessor-version":[{"id":2973,"href":"https:\/\/liag.ft.unicamp.br\/liagcopiateste\/wp-json\/wp\/v2\/pages\/2421\/revisions\/2973"}],"up":[{"embeddable":true,"href":"https:\/\/liag.ft.unicamp.br\/liagcopiateste\/wp-json\/wp\/v2\/pages\/2382"}],"wp:featuredmedia":[{"embeddable":true,"href":"https:\/\/liag.ft.unicamp.br\/liagcopiateste\/wp-json\/wp\/v2\/media\/2423"}],"wp:attachment":[{"href":"https:\/\/liag.ft.unicamp.br\/liagcopiateste\/wp-json\/wp\/v2\/media?parent=2421"}],"curies":[{"name":"wp","href":"https:\/\/api.w.org\/{rel}","templated":true}]}}