{"id":2753,"date":"2016-09-10T22:52:09","date_gmt":"2016-09-10T22:52:09","guid":{"rendered":"http:\/\/liag.ft.unicamp.br\/liagcopiateste\/?page_id=2753"},"modified":"2016-09-15T23:25:54","modified_gmt":"2016-09-15T23:25:54","slug":"palestra-sobre-metodologias-ageis","status":"publish","type":"page","link":"https:\/\/liag.ft.unicamp.br\/liagcopiateste\/noticias\/palestra-sobre-metodologias-ageis\/","title":{"rendered":"Palestra sobre Metodologias Ageis"},"content":{"rendered":"<div>\n<p class=\"x_MsoNormal\">Durante a disciplina do Professor Marcos Borges, ser\u00e1 realizada a palestra sobre Metodologias \u00c1geis pelo\u00a0Diretor de Projetos da empresa de TI <strong><a href=\"https:\/\/dextra.com.br\/\">Dextra<\/a><\/strong>\u00a0Jos\u00e9 Fernando Guedes.<\/p>\n<\/div>\n<p class=\"x_MsoNormal\">Ser\u00e1 as 16h na sala PA05.<\/p>\n<table>\n<tbody>\n<tr>\n<td><img decoding=\"async\" class=\" wp-image-2754 alignright\" src=\"https:\/\/liag.ft.unicamp.br\/liagcopiateste\/wp-content\/uploads\/sites\/36\/2016\/09\/Ambiente-Dextra-126-199x300.jpg\" alt=\"ambiente-dextra-126\" width=\"166\" height=\"250\" srcset=\"https:\/\/liag.ft.unicamp.br\/liagcopiateste\/wp-content\/uploads\/sites\/36\/2016\/09\/Ambiente-Dextra-126-199x300.jpg 199w, https:\/\/liag.ft.unicamp.br\/liagcopiateste\/wp-content\/uploads\/sites\/36\/2016\/09\/Ambiente-Dextra-126-768x1160.jpg 768w, https:\/\/liag.ft.unicamp.br\/liagcopiateste\/wp-content\/uploads\/sites\/36\/2016\/09\/Ambiente-Dextra-126-678x1024.jpg 678w, https:\/\/liag.ft.unicamp.br\/liagcopiateste\/wp-content\/uploads\/sites\/36\/2016\/09\/Ambiente-Dextra-126.jpg 784w\" sizes=\"(max-width: 166px) 100vw, 166px\" \/><\/td>\n<td>\n<div>\n<p class=\"x_MsoNormal\"><b>T\u00edtulo da palestra:<\/b> O que as metodologias \u00e1geis tem a ver com o seu futuro profissional?<\/p>\n<\/div>\n<p class=\"x_MsoNormal\"><b>Descri\u00e7\u00e3o<\/b>: As metodologias \u00e1geis tem impactado profundamente a forma que as empresas tem feito o desenvolvimento de software. Mas se olharmos bem, n\u00e3o \u00e9 s\u00f3 isto que est\u00e1 mudando. A organiza\u00e7\u00e3o interna das empresas tem mudado, e impactado profundamente como as pessoas tem trabalhado. Vamos conversar um pouco sobre isto e sobre como voc\u00ea pode se beneficiar destas mudan\u00e7as.<\/p>\n<\/td>\n<\/tr>\n<\/tbody>\n<\/table>\n<div>\n<p class=\"x_MsoNormal\">Jos\u00e9 Fernando Guedes<\/p>\n<p class=\"x_MsoNormal\">Gerente de Projetos por 9 anos em TI, com especializa\u00e7\u00e3o em infraestrutura, desenvolvimento de software, integra\u00e7\u00e3o de sistemas e processos de neg\u00f3cios. Tem certifica\u00e7\u00e3o PMP, amplo conhecimento em metodologias de gerenciamento de projetos, processos e ferramentas.<\/p>\n<\/div>\n<p class=\"x_MsoNormal\"><img decoding=\"async\" class=\"aligncenter wp-image-2769 size-medium\" src=\"https:\/\/liag.ft.unicamp.br\/liagcopiateste\/wp-content\/uploads\/sites\/36\/2016\/09\/dextra_logo_2013_3200pxw-300x84.png\" alt=\"dextra_logo_2013_3200pxw\" width=\"300\" height=\"84\" srcset=\"https:\/\/liag.ft.unicamp.br\/liagcopiateste\/wp-content\/uploads\/sites\/36\/2016\/09\/dextra_logo_2013_3200pxw-300x84.png 300w, https:\/\/liag.ft.unicamp.br\/liagcopiateste\/wp-content\/uploads\/sites\/36\/2016\/09\/dextra_logo_2013_3200pxw-768x216.png 768w, https:\/\/liag.ft.unicamp.br\/liagcopiateste\/wp-content\/uploads\/sites\/36\/2016\/09\/dextra_logo_2013_3200pxw-1024x288.png 1024w\" sizes=\"(max-width: 300px) 100vw, 300px\" \/><\/p>\n","protected":false},"excerpt":{"rendered":"<p>Durante a disciplina do Professor Marcos Borges, ser\u00e1 realizada a palestra sobre Metodologias \u00c1geis pelo\u00a0Diretor de Projetos da empresa de TI Dextra\u00a0Jos\u00e9 Fernando Guedes. Ser\u00e1 as 16h na sala PA05. T\u00edtulo da palestra: O que as metodologias \u00e1geis tem a ver com o seu futuro profissional? Descri\u00e7\u00e3o: As metodologias \u00e1geis tem impactado profundamente a forma [&hellip;]<\/p>\n","protected":false},"author":1,"featured_media":0,"parent":2380,"menu_order":0,"comment_status":"closed","ping_status":"closed","template":"","meta":{"_monsterinsights_skip_tracking":false,"_monsterinsights_sitenote_active":false,"_monsterinsights_sitenote_note":"","_monsterinsights_sitenote_category":0,"footnotes":"","_links_to":"","_links_to_target":""},"class_list":["post-2753","page","type-page","status-publish","hentry"],"yoast_head":"<!-- This site is optimized with the Yoast SEO plugin v27.4 - https:\/\/yoast.com\/product\/yoast-seo-wordpress\/ -->\n<title>Palestra sobre Metodologias Ageis - LIAG c\u00f3pia teste<\/title>\n<meta name=\"robots\" content=\"index, follow, max-snippet:-1, max-image-preview:large, max-video-preview:-1\" \/>\n<link rel=\"canonical\" href=\"https:\/\/liag.ft.unicamp.br\/liagcopiateste\/noticias\/palestra-sobre-metodologias-ageis\/\" \/>\n<meta property=\"og:locale\" content=\"pt_BR\" \/>\n<meta property=\"og:type\" content=\"article\" \/>\n<meta property=\"og:title\" content=\"Palestra sobre Metodologias Ageis - LIAG c\u00f3pia teste\" \/>\n<meta property=\"og:description\" content=\"Durante a disciplina do Professor Marcos Borges, ser\u00e1 realizada a palestra sobre Metodologias \u00c1geis pelo\u00a0Diretor de Projetos da empresa de TI Dextra\u00a0Jos\u00e9 Fernando Guedes. Ser\u00e1 as 16h na sala PA05. T\u00edtulo da palestra: O que as metodologias \u00e1geis tem a ver com o seu futuro profissional? Descri\u00e7\u00e3o: As metodologias \u00e1geis tem impactado profundamente a forma [&hellip;]\" \/>\n<meta property=\"og:url\" content=\"https:\/\/liag.ft.unicamp.br\/liagcopiateste\/noticias\/palestra-sobre-metodologias-ageis\/\" \/>\n<meta property=\"og:site_name\" content=\"LIAG c\u00f3pia teste\" \/>\n<meta property=\"article:publisher\" content=\"https:\/\/www.facebook.com\/Liag-Laborat%c3%b3rio-de-inform%c3%a1tica-aprendizagem-e-gest%c3%a3o-245242555530637\/\" \/>\n<meta property=\"article:modified_time\" content=\"2016-09-15T23:25:54+00:00\" \/>\n<meta property=\"og:image\" content=\"https:\/\/liag.ft.unicamp.br\/liagcopiateste\/wp-content\/uploads\/sites\/36\/2016\/09\/Ambiente-Dextra-126-199x300.jpg\" \/>\n<meta name=\"twitter:card\" content=\"summary_large_image\" \/>\n<meta name=\"twitter:label1\" content=\"Est. tempo de leitura\" \/>\n\t<meta name=\"twitter:data1\" content=\"1 minuto\" \/>\n<script type=\"application\/ld+json\" class=\"yoast-schema-graph\">{\"@context\":\"https:\\\/\\\/schema.org\",\"@graph\":[{\"@type\":\"WebPage\",\"@id\":\"https:\\\/\\\/liag.ft.unicamp.br\\\/liagcopiateste\\\/noticias\\\/palestra-sobre-metodologias-ageis\\\/\",\"url\":\"https:\\\/\\\/liag.ft.unicamp.br\\\/liagcopiateste\\\/noticias\\\/palestra-sobre-metodologias-ageis\\\/\",\"name\":\"Palestra sobre Metodologias Ageis - LIAG c\u00f3pia teste\",\"isPartOf\":{\"@id\":\"https:\\\/\\\/liag.ft.unicamp.br\\\/liagcopiateste\\\/#website\"},\"primaryImageOfPage\":{\"@id\":\"https:\\\/\\\/liag.ft.unicamp.br\\\/liagcopiateste\\\/noticias\\\/palestra-sobre-metodologias-ageis\\\/#primaryimage\"},\"image\":{\"@id\":\"https:\\\/\\\/liag.ft.unicamp.br\\\/liagcopiateste\\\/noticias\\\/palestra-sobre-metodologias-ageis\\\/#primaryimage\"},\"thumbnailUrl\":\"https:\\\/\\\/liag.ft.unicamp.br\\\/liagcopiateste\\\/wp-content\\\/uploads\\\/sites\\\/36\\\/2016\\\/09\\\/Ambiente-Dextra-126-199x300.jpg\",\"datePublished\":\"2016-09-10T22:52:09+00:00\",\"dateModified\":\"2016-09-15T23:25:54+00:00\",\"breadcrumb\":{\"@id\":\"https:\\\/\\\/liag.ft.unicamp.br\\\/liagcopiateste\\\/noticias\\\/palestra-sobre-metodologias-ageis\\\/#breadcrumb\"},\"inLanguage\":\"pt-BR\",\"potentialAction\":[{\"@type\":\"ReadAction\",\"target\":[\"https:\\\/\\\/liag.ft.unicamp.br\\\/liagcopiateste\\\/noticias\\\/palestra-sobre-metodologias-ageis\\\/\"]}]},{\"@type\":\"ImageObject\",\"inLanguage\":\"pt-BR\",\"@id\":\"https:\\\/\\\/liag.ft.unicamp.br\\\/liagcopiateste\\\/noticias\\\/palestra-sobre-metodologias-ageis\\\/#primaryimage\",\"url\":\"https:\\\/\\\/liag.ft.unicamp.br\\\/liagcopiateste\\\/wp-content\\\/uploads\\\/sites\\\/36\\\/2016\\\/09\\\/Ambiente-Dextra-126.jpg\",\"contentUrl\":\"https:\\\/\\\/liag.ft.unicamp.br\\\/liagcopiateste\\\/wp-content\\\/uploads\\\/sites\\\/36\\\/2016\\\/09\\\/Ambiente-Dextra-126.jpg\",\"width\":784,\"height\":1184},{\"@type\":\"BreadcrumbList\",\"@id\":\"https:\\\/\\\/liag.ft.unicamp.br\\\/liagcopiateste\\\/noticias\\\/palestra-sobre-metodologias-ageis\\\/#breadcrumb\",\"itemListElement\":[{\"@type\":\"ListItem\",\"position\":1,\"name\":\"Home\",\"item\":\"https:\\\/\\\/liag.ft.unicamp.br\\\/liagcopiateste\\\/\"},{\"@type\":\"ListItem\",\"position\":2,\"name\":\"Not\u00edcias\",\"item\":\"https:\\\/\\\/liag.ft.unicamp.br\\\/liagcopiateste\\\/noticias\\\/\"},{\"@type\":\"ListItem\",\"position\":3,\"name\":\"Palestra sobre Metodologias Ageis\"}]},{\"@type\":\"WebSite\",\"@id\":\"https:\\\/\\\/liag.ft.unicamp.br\\\/liagcopiateste\\\/#website\",\"url\":\"https:\\\/\\\/liag.ft.unicamp.br\\\/liagcopiateste\\\/\",\"name\":\"LIAG\",\"description\":\"Laborat\u00f3rio de Inform\u00e1tica, Aprendizado e Gest\u00e3o\",\"publisher\":{\"@id\":\"https:\\\/\\\/liag.ft.unicamp.br\\\/liagcopiateste\\\/#organization\"},\"potentialAction\":[{\"@type\":\"SearchAction\",\"target\":{\"@type\":\"EntryPoint\",\"urlTemplate\":\"https:\\\/\\\/liag.ft.unicamp.br\\\/liagcopiateste\\\/?s={search_term_string}\"},\"query-input\":{\"@type\":\"PropertyValueSpecification\",\"valueRequired\":true,\"valueName\":\"search_term_string\"}}],\"inLanguage\":\"pt-BR\"},{\"@type\":\"Organization\",\"@id\":\"https:\\\/\\\/liag.ft.unicamp.br\\\/liagcopiateste\\\/#organization\",\"name\":\"LIAG\",\"url\":\"https:\\\/\\\/liag.ft.unicamp.br\\\/liagcopiateste\\\/\",\"logo\":{\"@type\":\"ImageObject\",\"inLanguage\":\"pt-BR\",\"@id\":\"https:\\\/\\\/liag.ft.unicamp.br\\\/liagcopiateste\\\/#\\\/schema\\\/logo\\\/image\\\/\",\"url\":\"https:\\\/\\\/liag.ft.unicamp.br\\\/liagcopiateste\\\/wp-content\\\/uploads\\\/sites\\\/36\\\/2016\\\/10\\\/cropped-logo_liag.png\",\"contentUrl\":\"https:\\\/\\\/liag.ft.unicamp.br\\\/liagcopiateste\\\/wp-content\\\/uploads\\\/sites\\\/36\\\/2016\\\/10\\\/cropped-logo_liag.png\",\"width\":148,\"height\":80,\"caption\":\"LIAG\"},\"image\":{\"@id\":\"https:\\\/\\\/liag.ft.unicamp.br\\\/liagcopiateste\\\/#\\\/schema\\\/logo\\\/image\\\/\"},\"sameAs\":[\"https:\\\/\\\/www.facebook.com\\\/Liag-Laborat\u00f3rio-de-inform\u00e1tica-aprendizagem-e-gest\u00e3o-245242555530637\\\/\"]}]}<\/script>\n<!-- \/ Yoast SEO plugin. -->","yoast_head_json":{"title":"Palestra sobre Metodologias Ageis - LIAG c\u00f3pia teste","robots":{"index":"index","follow":"follow","max-snippet":"max-snippet:-1","max-image-preview":"max-image-preview:large","max-video-preview":"max-video-preview:-1"},"canonical":"https:\/\/liag.ft.unicamp.br\/liagcopiateste\/noticias\/palestra-sobre-metodologias-ageis\/","og_locale":"pt_BR","og_type":"article","og_title":"Palestra sobre Metodologias Ageis - LIAG c\u00f3pia teste","og_description":"Durante a disciplina do Professor Marcos Borges, ser\u00e1 realizada a palestra sobre Metodologias \u00c1geis pelo\u00a0Diretor de Projetos da empresa de TI Dextra\u00a0Jos\u00e9 Fernando Guedes. Ser\u00e1 as 16h na sala PA05. T\u00edtulo da palestra: O que as metodologias \u00e1geis tem a ver com o seu futuro profissional? Descri\u00e7\u00e3o: As metodologias \u00e1geis tem impactado profundamente a forma [&hellip;]","og_url":"https:\/\/liag.ft.unicamp.br\/liagcopiateste\/noticias\/palestra-sobre-metodologias-ageis\/","og_site_name":"LIAG c\u00f3pia teste","article_publisher":"https:\/\/www.facebook.com\/Liag-Laborat%c3%b3rio-de-inform%c3%a1tica-aprendizagem-e-gest%c3%a3o-245242555530637\/","article_modified_time":"2016-09-15T23:25:54+00:00","og_image":[{"url":"https:\/\/liag.ft.unicamp.br\/liagcopiateste\/wp-content\/uploads\/sites\/36\/2016\/09\/Ambiente-Dextra-126-199x300.jpg","type":"","width":"","height":""}],"twitter_card":"summary_large_image","twitter_misc":{"Est. tempo de leitura":"1 minuto"},"schema":{"@context":"https:\/\/schema.org","@graph":[{"@type":"WebPage","@id":"https:\/\/liag.ft.unicamp.br\/liagcopiateste\/noticias\/palestra-sobre-metodologias-ageis\/","url":"https:\/\/liag.ft.unicamp.br\/liagcopiateste\/noticias\/palestra-sobre-metodologias-ageis\/","name":"Palestra sobre Metodologias Ageis - LIAG c\u00f3pia teste","isPartOf":{"@id":"https:\/\/liag.ft.unicamp.br\/liagcopiateste\/#website"},"primaryImageOfPage":{"@id":"https:\/\/liag.ft.unicamp.br\/liagcopiateste\/noticias\/palestra-sobre-metodologias-ageis\/#primaryimage"},"image":{"@id":"https:\/\/liag.ft.unicamp.br\/liagcopiateste\/noticias\/palestra-sobre-metodologias-ageis\/#primaryimage"},"thumbnailUrl":"https:\/\/liag.ft.unicamp.br\/liagcopiateste\/wp-content\/uploads\/sites\/36\/2016\/09\/Ambiente-Dextra-126-199x300.jpg","datePublished":"2016-09-10T22:52:09+00:00","dateModified":"2016-09-15T23:25:54+00:00","breadcrumb":{"@id":"https:\/\/liag.ft.unicamp.br\/liagcopiateste\/noticias\/palestra-sobre-metodologias-ageis\/#breadcrumb"},"inLanguage":"pt-BR","potentialAction":[{"@type":"ReadAction","target":["https:\/\/liag.ft.unicamp.br\/liagcopiateste\/noticias\/palestra-sobre-metodologias-ageis\/"]}]},{"@type":"ImageObject","inLanguage":"pt-BR","@id":"https:\/\/liag.ft.unicamp.br\/liagcopiateste\/noticias\/palestra-sobre-metodologias-ageis\/#primaryimage","url":"https:\/\/liag.ft.unicamp.br\/liagcopiateste\/wp-content\/uploads\/sites\/36\/2016\/09\/Ambiente-Dextra-126.jpg","contentUrl":"https:\/\/liag.ft.unicamp.br\/liagcopiateste\/wp-content\/uploads\/sites\/36\/2016\/09\/Ambiente-Dextra-126.jpg","width":784,"height":1184},{"@type":"BreadcrumbList","@id":"https:\/\/liag.ft.unicamp.br\/liagcopiateste\/noticias\/palestra-sobre-metodologias-ageis\/#breadcrumb","itemListElement":[{"@type":"ListItem","position":1,"name":"Home","item":"https:\/\/liag.ft.unicamp.br\/liagcopiateste\/"},{"@type":"ListItem","position":2,"name":"Not\u00edcias","item":"https:\/\/liag.ft.unicamp.br\/liagcopiateste\/noticias\/"},{"@type":"ListItem","position":3,"name":"Palestra sobre Metodologias Ageis"}]},{"@type":"WebSite","@id":"https:\/\/liag.ft.unicamp.br\/liagcopiateste\/#website","url":"https:\/\/liag.ft.unicamp.br\/liagcopiateste\/","name":"LIAG","description":"Laborat\u00f3rio de Inform\u00e1tica, Aprendizado e Gest\u00e3o","publisher":{"@id":"https:\/\/liag.ft.unicamp.br\/liagcopiateste\/#organization"},"potentialAction":[{"@type":"SearchAction","target":{"@type":"EntryPoint","urlTemplate":"https:\/\/liag.ft.unicamp.br\/liagcopiateste\/?s={search_term_string}"},"query-input":{"@type":"PropertyValueSpecification","valueRequired":true,"valueName":"search_term_string"}}],"inLanguage":"pt-BR"},{"@type":"Organization","@id":"https:\/\/liag.ft.unicamp.br\/liagcopiateste\/#organization","name":"LIAG","url":"https:\/\/liag.ft.unicamp.br\/liagcopiateste\/","logo":{"@type":"ImageObject","inLanguage":"pt-BR","@id":"https:\/\/liag.ft.unicamp.br\/liagcopiateste\/#\/schema\/logo\/image\/","url":"https:\/\/liag.ft.unicamp.br\/liagcopiateste\/wp-content\/uploads\/sites\/36\/2016\/10\/cropped-logo_liag.png","contentUrl":"https:\/\/liag.ft.unicamp.br\/liagcopiateste\/wp-content\/uploads\/sites\/36\/2016\/10\/cropped-logo_liag.png","width":148,"height":80,"caption":"LIAG"},"image":{"@id":"https:\/\/liag.ft.unicamp.br\/liagcopiateste\/#\/schema\/logo\/image\/"},"sameAs":["https:\/\/www.facebook.com\/Liag-Laborat\u00f3rio-de-inform\u00e1tica-aprendizagem-e-gest\u00e3o-245242555530637\/"]}]}},"wps_subtitle":" O que as metodologias \u00e1geis tem a ver com o seu futuro profissional?","_links":{"self":[{"href":"https:\/\/liag.ft.unicamp.br\/liagcopiateste\/wp-json\/wp\/v2\/pages\/2753","targetHints":{"allow":["GET"]}}],"collection":[{"href":"https:\/\/liag.ft.unicamp.br\/liagcopiateste\/wp-json\/wp\/v2\/pages"}],"about":[{"href":"https:\/\/liag.ft.unicamp.br\/liagcopiateste\/wp-json\/wp\/v2\/types\/page"}],"author":[{"embeddable":true,"href":"https:\/\/liag.ft.unicamp.br\/liagcopiateste\/wp-json\/wp\/v2\/users\/1"}],"replies":[{"embeddable":true,"href":"https:\/\/liag.ft.unicamp.br\/liagcopiateste\/wp-json\/wp\/v2\/comments?post=2753"}],"version-history":[{"count":16,"href":"https:\/\/liag.ft.unicamp.br\/liagcopiateste\/wp-json\/wp\/v2\/pages\/2753\/revisions"}],"predecessor-version":[{"id":2771,"href":"https:\/\/liag.ft.unicamp.br\/liagcopiateste\/wp-json\/wp\/v2\/pages\/2753\/revisions\/2771"}],"up":[{"embeddable":true,"href":"https:\/\/liag.ft.unicamp.br\/liagcopiateste\/wp-json\/wp\/v2\/pages\/2380"}],"wp:attachment":[{"href":"https:\/\/liag.ft.unicamp.br\/liagcopiateste\/wp-json\/wp\/v2\/media?parent=2753"}],"curies":[{"name":"wp","href":"https:\/\/api.w.org\/{rel}","templated":true}]}}