{"id":3005,"date":"2017-02-13T22:04:04","date_gmt":"2017-02-13T22:04:04","guid":{"rendered":"http:\/\/liag.ft.unicamp.br\/liagcopiateste\/?page_id=3005"},"modified":"2017-09-25T22:00:52","modified_gmt":"2017-09-26T01:00:52","slug":"congressos","status":"publish","type":"page","link":"https:\/\/liag.ft.unicamp.br\/liagcopiateste\/congressos\/","title":{"rendered":"Congressos"},"content":{"rendered":"","protected":false},"excerpt":{"rendered":"","protected":false},"author":1,"featured_media":0,"parent":0,"menu_order":0,"comment_status":"closed","ping_status":"closed","template":"","meta":{"_monsterinsights_skip_tracking":false,"_monsterinsights_sitenote_active":false,"_monsterinsights_sitenote_note":"","_monsterinsights_sitenote_category":0,"footnotes":"","_links_to":"","_links_to_target":""},"class_list":["post-3005","page","type-page","status-publish","hentry"],"yoast_head":"<!-- This site is optimized with the Yoast SEO plugin v27.4 - https:\/\/yoast.com\/product\/yoast-seo-wordpress\/ -->\n<title>Congressos - LIAG c\u00f3pia teste<\/title>\n<meta name=\"robots\" content=\"index, follow, max-snippet:-1, max-image-preview:large, max-video-preview:-1\" \/>\n<link rel=\"canonical\" href=\"https:\/\/liag.ft.unicamp.br\/liagcopiateste\/congressos\/\" \/>\n<meta property=\"og:locale\" content=\"pt_BR\" \/>\n<meta property=\"og:type\" content=\"article\" \/>\n<meta property=\"og:title\" content=\"Congressos - LIAG c\u00f3pia teste\" \/>\n<meta property=\"og:url\" content=\"https:\/\/liag.ft.unicamp.br\/liagcopiateste\/congressos\/\" \/>\n<meta property=\"og:site_name\" content=\"LIAG c\u00f3pia teste\" \/>\n<meta property=\"article:publisher\" content=\"https:\/\/www.facebook.com\/Liag-Laborat%c3%b3rio-de-inform%c3%a1tica-aprendizagem-e-gest%c3%a3o-245242555530637\/\" \/>\n<meta property=\"article:modified_time\" content=\"2017-09-26T01:00:52+00:00\" \/>\n<meta name=\"twitter:card\" content=\"summary_large_image\" \/>\n<script type=\"application\/ld+json\" class=\"yoast-schema-graph\">{\"@context\":\"https:\\\/\\\/schema.org\",\"@graph\":[{\"@type\":\"WebPage\",\"@id\":\"https:\\\/\\\/liag.ft.unicamp.br\\\/liagcopiateste\\\/congressos\\\/\",\"url\":\"https:\\\/\\\/liag.ft.unicamp.br\\\/liagcopiateste\\\/congressos\\\/\",\"name\":\"Congressos - LIAG c\u00f3pia teste\",\"isPartOf\":{\"@id\":\"https:\\\/\\\/liag.ft.unicamp.br\\\/liagcopiateste\\\/#website\"},\"datePublished\":\"2017-02-13T22:04:04+00:00\",\"dateModified\":\"2017-09-26T01:00:52+00:00\",\"breadcrumb\":{\"@id\":\"https:\\\/\\\/liag.ft.unicamp.br\\\/liagcopiateste\\\/congressos\\\/#breadcrumb\"},\"inLanguage\":\"pt-BR\",\"potentialAction\":[{\"@type\":\"ReadAction\",\"target\":[\"https:\\\/\\\/liag.ft.unicamp.br\\\/liagcopiateste\\\/congressos\\\/\"]}]},{\"@type\":\"BreadcrumbList\",\"@id\":\"https:\\\/\\\/liag.ft.unicamp.br\\\/liagcopiateste\\\/congressos\\\/#breadcrumb\",\"itemListElement\":[{\"@type\":\"ListItem\",\"position\":1,\"name\":\"Home\",\"item\":\"https:\\\/\\\/liag.ft.unicamp.br\\\/liagcopiateste\\\/\"},{\"@type\":\"ListItem\",\"position\":2,\"name\":\"Congressos\"}]},{\"@type\":\"WebSite\",\"@id\":\"https:\\\/\\\/liag.ft.unicamp.br\\\/liagcopiateste\\\/#website\",\"url\":\"https:\\\/\\\/liag.ft.unicamp.br\\\/liagcopiateste\\\/\",\"name\":\"LIAG\",\"description\":\"Laborat\u00f3rio de Inform\u00e1tica, Aprendizado e Gest\u00e3o\",\"publisher\":{\"@id\":\"https:\\\/\\\/liag.ft.unicamp.br\\\/liagcopiateste\\\/#organization\"},\"potentialAction\":[{\"@type\":\"SearchAction\",\"target\":{\"@type\":\"EntryPoint\",\"urlTemplate\":\"https:\\\/\\\/liag.ft.unicamp.br\\\/liagcopiateste\\\/?s={search_term_string}\"},\"query-input\":{\"@type\":\"PropertyValueSpecification\",\"valueRequired\":true,\"valueName\":\"search_term_string\"}}],\"inLanguage\":\"pt-BR\"},{\"@type\":\"Organization\",\"@id\":\"https:\\\/\\\/liag.ft.unicamp.br\\\/liagcopiateste\\\/#organization\",\"name\":\"LIAG\",\"url\":\"https:\\\/\\\/liag.ft.unicamp.br\\\/liagcopiateste\\\/\",\"logo\":{\"@type\":\"ImageObject\",\"inLanguage\":\"pt-BR\",\"@id\":\"https:\\\/\\\/liag.ft.unicamp.br\\\/liagcopiateste\\\/#\\\/schema\\\/logo\\\/image\\\/\",\"url\":\"https:\\\/\\\/liag.ft.unicamp.br\\\/liagcopiateste\\\/wp-content\\\/uploads\\\/sites\\\/36\\\/2016\\\/10\\\/cropped-logo_liag.png\",\"contentUrl\":\"https:\\\/\\\/liag.ft.unicamp.br\\\/liagcopiateste\\\/wp-content\\\/uploads\\\/sites\\\/36\\\/2016\\\/10\\\/cropped-logo_liag.png\",\"width\":148,\"height\":80,\"caption\":\"LIAG\"},\"image\":{\"@id\":\"https:\\\/\\\/liag.ft.unicamp.br\\\/liagcopiateste\\\/#\\\/schema\\\/logo\\\/image\\\/\"},\"sameAs\":[\"https:\\\/\\\/www.facebook.com\\\/Liag-Laborat\u00f3rio-de-inform\u00e1tica-aprendizagem-e-gest\u00e3o-245242555530637\\\/\"]}]}<\/script>\n<!-- \/ Yoast SEO plugin. -->","yoast_head_json":{"title":"Congressos - LIAG c\u00f3pia teste","robots":{"index":"index","follow":"follow","max-snippet":"max-snippet:-1","max-image-preview":"max-image-preview:large","max-video-preview":"max-video-preview:-1"},"canonical":"https:\/\/liag.ft.unicamp.br\/liagcopiateste\/congressos\/","og_locale":"pt_BR","og_type":"article","og_title":"Congressos - LIAG c\u00f3pia teste","og_url":"https:\/\/liag.ft.unicamp.br\/liagcopiateste\/congressos\/","og_site_name":"LIAG c\u00f3pia teste","article_publisher":"https:\/\/www.facebook.com\/Liag-Laborat%c3%b3rio-de-inform%c3%a1tica-aprendizagem-e-gest%c3%a3o-245242555530637\/","article_modified_time":"2017-09-26T01:00:52+00:00","twitter_card":"summary_large_image","schema":{"@context":"https:\/\/schema.org","@graph":[{"@type":"WebPage","@id":"https:\/\/liag.ft.unicamp.br\/liagcopiateste\/congressos\/","url":"https:\/\/liag.ft.unicamp.br\/liagcopiateste\/congressos\/","name":"Congressos - LIAG c\u00f3pia teste","isPartOf":{"@id":"https:\/\/liag.ft.unicamp.br\/liagcopiateste\/#website"},"datePublished":"2017-02-13T22:04:04+00:00","dateModified":"2017-09-26T01:00:52+00:00","breadcrumb":{"@id":"https:\/\/liag.ft.unicamp.br\/liagcopiateste\/congressos\/#breadcrumb"},"inLanguage":"pt-BR","potentialAction":[{"@type":"ReadAction","target":["https:\/\/liag.ft.unicamp.br\/liagcopiateste\/congressos\/"]}]},{"@type":"BreadcrumbList","@id":"https:\/\/liag.ft.unicamp.br\/liagcopiateste\/congressos\/#breadcrumb","itemListElement":[{"@type":"ListItem","position":1,"name":"Home","item":"https:\/\/liag.ft.unicamp.br\/liagcopiateste\/"},{"@type":"ListItem","position":2,"name":"Congressos"}]},{"@type":"WebSite","@id":"https:\/\/liag.ft.unicamp.br\/liagcopiateste\/#website","url":"https:\/\/liag.ft.unicamp.br\/liagcopiateste\/","name":"LIAG","description":"Laborat\u00f3rio de Inform\u00e1tica, Aprendizado e Gest\u00e3o","publisher":{"@id":"https:\/\/liag.ft.unicamp.br\/liagcopiateste\/#organization"},"potentialAction":[{"@type":"SearchAction","target":{"@type":"EntryPoint","urlTemplate":"https:\/\/liag.ft.unicamp.br\/liagcopiateste\/?s={search_term_string}"},"query-input":{"@type":"PropertyValueSpecification","valueRequired":true,"valueName":"search_term_string"}}],"inLanguage":"pt-BR"},{"@type":"Organization","@id":"https:\/\/liag.ft.unicamp.br\/liagcopiateste\/#organization","name":"LIAG","url":"https:\/\/liag.ft.unicamp.br\/liagcopiateste\/","logo":{"@type":"ImageObject","inLanguage":"pt-BR","@id":"https:\/\/liag.ft.unicamp.br\/liagcopiateste\/#\/schema\/logo\/image\/","url":"https:\/\/liag.ft.unicamp.br\/liagcopiateste\/wp-content\/uploads\/sites\/36\/2016\/10\/cropped-logo_liag.png","contentUrl":"https:\/\/liag.ft.unicamp.br\/liagcopiateste\/wp-content\/uploads\/sites\/36\/2016\/10\/cropped-logo_liag.png","width":148,"height":80,"caption":"LIAG"},"image":{"@id":"https:\/\/liag.ft.unicamp.br\/liagcopiateste\/#\/schema\/logo\/image\/"},"sameAs":["https:\/\/www.facebook.com\/Liag-Laborat\u00f3rio-de-inform\u00e1tica-aprendizagem-e-gest\u00e3o-245242555530637\/"]}]}},"wps_subtitle":"","_links":{"self":[{"href":"https:\/\/liag.ft.unicamp.br\/liagcopiateste\/wp-json\/wp\/v2\/pages\/3005","targetHints":{"allow":["GET"]}}],"collection":[{"href":"https:\/\/liag.ft.unicamp.br\/liagcopiateste\/wp-json\/wp\/v2\/pages"}],"about":[{"href":"https:\/\/liag.ft.unicamp.br\/liagcopiateste\/wp-json\/wp\/v2\/types\/page"}],"author":[{"embeddable":true,"href":"https:\/\/liag.ft.unicamp.br\/liagcopiateste\/wp-json\/wp\/v2\/users\/1"}],"replies":[{"embeddable":true,"href":"https:\/\/liag.ft.unicamp.br\/liagcopiateste\/wp-json\/wp\/v2\/comments?post=3005"}],"version-history":[{"count":1,"href":"https:\/\/liag.ft.unicamp.br\/liagcopiateste\/wp-json\/wp\/v2\/pages\/3005\/revisions"}],"predecessor-version":[{"id":3006,"href":"https:\/\/liag.ft.unicamp.br\/liagcopiateste\/wp-json\/wp\/v2\/pages\/3005\/revisions\/3006"}],"wp:attachment":[{"href":"https:\/\/liag.ft.unicamp.br\/liagcopiateste\/wp-json\/wp\/v2\/media?parent=3005"}],"curies":[{"name":"wp","href":"https:\/\/api.w.org\/{rel}","templated":true}]}}