{"id":3272,"date":"2017-04-03T22:17:01","date_gmt":"2017-04-04T01:17:01","guid":{"rendered":"http:\/\/liag.ft.unicamp.br\/liagcopiateste\/?page_id=3272"},"modified":"2019-04-23T15:13:34","modified_gmt":"2019-04-23T18:13:34","slug":"gestao-de-projetos-grupo-de-processos-de-encerramento","status":"publish","type":"page","link":"https:\/\/liag.ft.unicamp.br\/liagcopiateste\/conteudos\/gerenciamento-de-projetos\/gestao-de-projetos-grupo-de-processos-de-encerramento\/","title":{"rendered":"Gest\u00e3o de Projetos &#8211; Grupo de Processos de Encerramento"},"content":{"rendered":"<p><span style=\"font-family: arial, helvetica, sans-serif; font-size: 14pt;\"><span style=\"font-size: 24pt;\"><strong>Grupo de processos de encerramento\u00a0<\/strong><\/span><img fetchpriority=\"high\" decoding=\"async\" class=\" wp-image-3192 aligncenter\" src=\"https:\/\/liag.ft.unicamp.br\/liagcopiateste\/wp-content\/uploads\/sites\/36\/2017\/04\/59-300x222.png\" alt=\"59\" width=\"378\" height=\"280\" srcset=\"https:\/\/liag.ft.unicamp.br\/liagcopiateste\/wp-content\/uploads\/sites\/36\/2017\/04\/59-300x222.png 300w, https:\/\/liag.ft.unicamp.br\/liagcopiateste\/wp-content\/uploads\/sites\/36\/2017\/04\/59.png 630w\" sizes=\"(max-width: 378px) 100vw, 378px\" \/><\/span><\/p>\n<ol>\n<li><span style=\"font-family: arial, helvetica, sans-serif; font-size: 18pt;\"><strong>Encerrar projeto ou fase<\/strong><\/span>\n<ol>\n<li><span style=\"font-family: arial, helvetica, sans-serif; font-size: 14pt;\">Finaliza todas as atividades de todos os grupos de processo, formalizando o fim do projeto.\u00a0<img decoding=\"async\" class=\" wp-image-3191 aligncenter\" src=\"https:\/\/liag.ft.unicamp.br\/liagcopiateste\/wp-content\/uploads\/sites\/36\/2017\/04\/60-300x98.png\" alt=\"60\" width=\"404\" height=\"132\" srcset=\"https:\/\/liag.ft.unicamp.br\/liagcopiateste\/wp-content\/uploads\/sites\/36\/2017\/04\/60-300x98.png 300w, https:\/\/liag.ft.unicamp.br\/liagcopiateste\/wp-content\/uploads\/sites\/36\/2017\/04\/60-768x252.png 768w, https:\/\/liag.ft.unicamp.br\/liagcopiateste\/wp-content\/uploads\/sites\/36\/2017\/04\/60.png 913w\" sizes=\"(max-width: 404px) 100vw, 404px\" \/><\/span><\/li>\n<\/ol>\n<\/li>\n<li><span style=\"font-family: arial, helvetica, sans-serif; font-size: 18pt;\"><strong>Encerrar contratos<\/strong><\/span>\n<ol>\n<li><span style=\"font-family: arial, helvetica, sans-serif; font-size: 14pt;\">Finaliza todas os itens pendentes dos contratos e os encerra.\u00a0<img decoding=\"async\" class=\" wp-image-3190 aligncenter\" src=\"https:\/\/liag.ft.unicamp.br\/liagcopiateste\/wp-content\/uploads\/sites\/36\/2017\/04\/61-300x97.png\" alt=\"61\" width=\"408\" height=\"132\" srcset=\"https:\/\/liag.ft.unicamp.br\/liagcopiateste\/wp-content\/uploads\/sites\/36\/2017\/04\/61-300x97.png 300w, https:\/\/liag.ft.unicamp.br\/liagcopiateste\/wp-content\/uploads\/sites\/36\/2017\/04\/61-768x249.png 768w, https:\/\/liag.ft.unicamp.br\/liagcopiateste\/wp-content\/uploads\/sites\/36\/2017\/04\/61.png 915w\" sizes=\"(max-width: 408px) 100vw, 408px\" \/><\/span><\/li>\n<\/ol>\n<\/li>\n<li><span style=\"font-family: arial, helvetica, sans-serif; font-size: 14pt;\"><span style=\"font-size: 18pt;\"><strong>Mapeamento dos processos\u00a0<\/strong><\/span><img loading=\"lazy\" decoding=\"async\" class=\" wp-image-3189 aligncenter\" src=\"https:\/\/liag.ft.unicamp.br\/liagcopiateste\/wp-content\/uploads\/sites\/36\/2017\/04\/62-300x159.png\" alt=\"62\" width=\"402\" height=\"213\" srcset=\"https:\/\/liag.ft.unicamp.br\/liagcopiateste\/wp-content\/uploads\/sites\/36\/2017\/04\/62-300x159.png 300w, https:\/\/liag.ft.unicamp.br\/liagcopiateste\/wp-content\/uploads\/sites\/36\/2017\/04\/62-768x408.png 768w, https:\/\/liag.ft.unicamp.br\/liagcopiateste\/wp-content\/uploads\/sites\/36\/2017\/04\/62.png 954w\" sizes=\"(max-width: 402px) 100vw, 402px\" \/><\/span><\/li>\n<\/ol>\n<p><span style=\"font-family: arial, helvetica, sans-serif; font-size: 14pt;\"><span style=\"font-size: 18pt;\"><strong>P\u00e1gina anterior:<\/strong><\/span>\u00a0<span style=\"text-decoration: underline;\"><a href=\"https:\/\/liag.ft.unicamp.br\/liagcopiateste\/conteudos\/gerenciamento-de-projetos\/gestao-de-projetos-grupo-de-processos-de-monitoramento-e-controle\/\">Grupo de Processos de Monitoramento e Controle<\/a><\/span><\/span><\/p>\n","protected":false},"excerpt":{"rendered":"<p>Grupo de processos de encerramento\u00a0 Encerrar projeto ou fase Finaliza todas as atividades de todos os grupos de processo, formalizando o fim do projeto.\u00a0 Encerrar contratos Finaliza todas os itens pendentes dos contratos e os encerra.\u00a0 Mapeamento dos processos\u00a0 P\u00e1gina anterior:\u00a0Grupo de Processos de Monitoramento e Controle<\/p>\n","protected":false},"author":10,"featured_media":0,"parent":2496,"menu_order":0,"comment_status":"closed","ping_status":"closed","template":"","meta":{"_monsterinsights_skip_tracking":false,"_monsterinsights_sitenote_active":false,"_monsterinsights_sitenote_note":"","_monsterinsights_sitenote_category":0,"footnotes":"","_links_to":"","_links_to_target":""},"class_list":["post-3272","page","type-page","status-publish","hentry"],"yoast_head":"<!-- This site is optimized with the Yoast SEO plugin v27.4 - https:\/\/yoast.com\/product\/yoast-seo-wordpress\/ -->\n<title>Gest\u00e3o de Projetos - Grupo de Processos de Encerramento - LIAG c\u00f3pia teste<\/title>\n<meta name=\"robots\" content=\"index, follow, max-snippet:-1, max-image-preview:large, max-video-preview:-1\" \/>\n<link rel=\"canonical\" href=\"https:\/\/liag.ft.unicamp.br\/liagcopiateste\/conteudos\/gerenciamento-de-projetos\/gestao-de-projetos-grupo-de-processos-de-encerramento\/\" \/>\n<meta property=\"og:locale\" content=\"pt_BR\" \/>\n<meta property=\"og:type\" content=\"article\" \/>\n<meta property=\"og:title\" content=\"Gest\u00e3o de Projetos - Grupo de Processos de Encerramento - LIAG c\u00f3pia teste\" \/>\n<meta property=\"og:description\" content=\"Grupo de processos de encerramento\u00a0 Encerrar projeto ou fase Finaliza todas as atividades de todos os grupos de processo, formalizando o fim do projeto.\u00a0 Encerrar contratos Finaliza todas os itens pendentes dos contratos e os encerra.\u00a0 Mapeamento dos processos\u00a0 P\u00e1gina anterior:\u00a0Grupo de Processos de Monitoramento e Controle\" \/>\n<meta property=\"og:url\" content=\"https:\/\/liag.ft.unicamp.br\/liagcopiateste\/conteudos\/gerenciamento-de-projetos\/gestao-de-projetos-grupo-de-processos-de-encerramento\/\" \/>\n<meta property=\"og:site_name\" content=\"LIAG c\u00f3pia teste\" \/>\n<meta property=\"article:publisher\" content=\"https:\/\/www.facebook.com\/Liag-Laborat%c3%b3rio-de-inform%c3%a1tica-aprendizagem-e-gest%c3%a3o-245242555530637\/\" \/>\n<meta property=\"article:modified_time\" content=\"2019-04-23T18:13:34+00:00\" \/>\n<meta property=\"og:image\" content=\"https:\/\/liag.ft.unicamp.br\/liagcopiateste\/wp-content\/uploads\/sites\/36\/2017\/04\/59-300x222.png\" \/>\n<meta name=\"twitter:card\" content=\"summary_large_image\" \/>\n<script type=\"application\/ld+json\" class=\"yoast-schema-graph\">{\"@context\":\"https:\\\/\\\/schema.org\",\"@graph\":[{\"@type\":\"WebPage\",\"@id\":\"https:\\\/\\\/liag.ft.unicamp.br\\\/liagcopiateste\\\/conteudos\\\/gerenciamento-de-projetos\\\/gestao-de-projetos-grupo-de-processos-de-encerramento\\\/\",\"url\":\"https:\\\/\\\/liag.ft.unicamp.br\\\/liagcopiateste\\\/conteudos\\\/gerenciamento-de-projetos\\\/gestao-de-projetos-grupo-de-processos-de-encerramento\\\/\",\"name\":\"Gest\u00e3o de Projetos - Grupo de Processos de Encerramento - LIAG c\u00f3pia teste\",\"isPartOf\":{\"@id\":\"https:\\\/\\\/liag.ft.unicamp.br\\\/liagcopiateste\\\/#website\"},\"primaryImageOfPage\":{\"@id\":\"https:\\\/\\\/liag.ft.unicamp.br\\\/liagcopiateste\\\/conteudos\\\/gerenciamento-de-projetos\\\/gestao-de-projetos-grupo-de-processos-de-encerramento\\\/#primaryimage\"},\"image\":{\"@id\":\"https:\\\/\\\/liag.ft.unicamp.br\\\/liagcopiateste\\\/conteudos\\\/gerenciamento-de-projetos\\\/gestao-de-projetos-grupo-de-processos-de-encerramento\\\/#primaryimage\"},\"thumbnailUrl\":\"https:\\\/\\\/liag.ft.unicamp.br\\\/liagcopiateste\\\/wp-content\\\/uploads\\\/sites\\\/36\\\/2017\\\/04\\\/59-300x222.png\",\"datePublished\":\"2017-04-04T01:17:01+00:00\",\"dateModified\":\"2019-04-23T18:13:34+00:00\",\"breadcrumb\":{\"@id\":\"https:\\\/\\\/liag.ft.unicamp.br\\\/liagcopiateste\\\/conteudos\\\/gerenciamento-de-projetos\\\/gestao-de-projetos-grupo-de-processos-de-encerramento\\\/#breadcrumb\"},\"inLanguage\":\"pt-BR\",\"potentialAction\":[{\"@type\":\"ReadAction\",\"target\":[\"https:\\\/\\\/liag.ft.unicamp.br\\\/liagcopiateste\\\/conteudos\\\/gerenciamento-de-projetos\\\/gestao-de-projetos-grupo-de-processos-de-encerramento\\\/\"]}]},{\"@type\":\"ImageObject\",\"inLanguage\":\"pt-BR\",\"@id\":\"https:\\\/\\\/liag.ft.unicamp.br\\\/liagcopiateste\\\/conteudos\\\/gerenciamento-de-projetos\\\/gestao-de-projetos-grupo-de-processos-de-encerramento\\\/#primaryimage\",\"url\":\"https:\\\/\\\/liag.ft.unicamp.br\\\/liagcopiateste\\\/wp-content\\\/uploads\\\/sites\\\/36\\\/2017\\\/04\\\/59.png\",\"contentUrl\":\"https:\\\/\\\/liag.ft.unicamp.br\\\/liagcopiateste\\\/wp-content\\\/uploads\\\/sites\\\/36\\\/2017\\\/04\\\/59.png\",\"width\":630,\"height\":466},{\"@type\":\"BreadcrumbList\",\"@id\":\"https:\\\/\\\/liag.ft.unicamp.br\\\/liagcopiateste\\\/conteudos\\\/gerenciamento-de-projetos\\\/gestao-de-projetos-grupo-de-processos-de-encerramento\\\/#breadcrumb\",\"itemListElement\":[{\"@type\":\"ListItem\",\"position\":1,\"name\":\"Home\",\"item\":\"https:\\\/\\\/liag.ft.unicamp.br\\\/liagcopiateste\\\/\"},{\"@type\":\"ListItem\",\"position\":2,\"name\":\"Conte\u00fados\",\"item\":\"https:\\\/\\\/liag.ft.unicamp.br\\\/liagcopiateste\\\/conteudos\\\/\"},{\"@type\":\"ListItem\",\"position\":3,\"name\":\"Gerenciamento de Projetos\",\"item\":\"https:\\\/\\\/liag.ft.unicamp.br\\\/liagcopiateste\\\/conteudos\\\/gerenciamento-de-projetos\\\/\"},{\"@type\":\"ListItem\",\"position\":4,\"name\":\"Gest\u00e3o de Projetos &#8211; Grupo de Processos de Encerramento\"}]},{\"@type\":\"WebSite\",\"@id\":\"https:\\\/\\\/liag.ft.unicamp.br\\\/liagcopiateste\\\/#website\",\"url\":\"https:\\\/\\\/liag.ft.unicamp.br\\\/liagcopiateste\\\/\",\"name\":\"LIAG\",\"description\":\"Laborat\u00f3rio de Inform\u00e1tica, Aprendizado e Gest\u00e3o\",\"publisher\":{\"@id\":\"https:\\\/\\\/liag.ft.unicamp.br\\\/liagcopiateste\\\/#organization\"},\"potentialAction\":[{\"@type\":\"SearchAction\",\"target\":{\"@type\":\"EntryPoint\",\"urlTemplate\":\"https:\\\/\\\/liag.ft.unicamp.br\\\/liagcopiateste\\\/?s={search_term_string}\"},\"query-input\":{\"@type\":\"PropertyValueSpecification\",\"valueRequired\":true,\"valueName\":\"search_term_string\"}}],\"inLanguage\":\"pt-BR\"},{\"@type\":\"Organization\",\"@id\":\"https:\\\/\\\/liag.ft.unicamp.br\\\/liagcopiateste\\\/#organization\",\"name\":\"LIAG\",\"url\":\"https:\\\/\\\/liag.ft.unicamp.br\\\/liagcopiateste\\\/\",\"logo\":{\"@type\":\"ImageObject\",\"inLanguage\":\"pt-BR\",\"@id\":\"https:\\\/\\\/liag.ft.unicamp.br\\\/liagcopiateste\\\/#\\\/schema\\\/logo\\\/image\\\/\",\"url\":\"https:\\\/\\\/liag.ft.unicamp.br\\\/liagcopiateste\\\/wp-content\\\/uploads\\\/sites\\\/36\\\/2016\\\/10\\\/cropped-logo_liag.png\",\"contentUrl\":\"https:\\\/\\\/liag.ft.unicamp.br\\\/liagcopiateste\\\/wp-content\\\/uploads\\\/sites\\\/36\\\/2016\\\/10\\\/cropped-logo_liag.png\",\"width\":148,\"height\":80,\"caption\":\"LIAG\"},\"image\":{\"@id\":\"https:\\\/\\\/liag.ft.unicamp.br\\\/liagcopiateste\\\/#\\\/schema\\\/logo\\\/image\\\/\"},\"sameAs\":[\"https:\\\/\\\/www.facebook.com\\\/Liag-Laborat\u00f3rio-de-inform\u00e1tica-aprendizagem-e-gest\u00e3o-245242555530637\\\/\"]}]}<\/script>\n<!-- \/ Yoast SEO plugin. -->","yoast_head_json":{"title":"Gest\u00e3o de Projetos - Grupo de Processos de Encerramento - LIAG c\u00f3pia teste","robots":{"index":"index","follow":"follow","max-snippet":"max-snippet:-1","max-image-preview":"max-image-preview:large","max-video-preview":"max-video-preview:-1"},"canonical":"https:\/\/liag.ft.unicamp.br\/liagcopiateste\/conteudos\/gerenciamento-de-projetos\/gestao-de-projetos-grupo-de-processos-de-encerramento\/","og_locale":"pt_BR","og_type":"article","og_title":"Gest\u00e3o de Projetos - Grupo de Processos de Encerramento - LIAG c\u00f3pia teste","og_description":"Grupo de processos de encerramento\u00a0 Encerrar projeto ou fase Finaliza todas as atividades de todos os grupos de processo, formalizando o fim do projeto.\u00a0 Encerrar contratos Finaliza todas os itens pendentes dos contratos e os encerra.\u00a0 Mapeamento dos processos\u00a0 P\u00e1gina anterior:\u00a0Grupo de Processos de Monitoramento e Controle","og_url":"https:\/\/liag.ft.unicamp.br\/liagcopiateste\/conteudos\/gerenciamento-de-projetos\/gestao-de-projetos-grupo-de-processos-de-encerramento\/","og_site_name":"LIAG c\u00f3pia teste","article_publisher":"https:\/\/www.facebook.com\/Liag-Laborat%c3%b3rio-de-inform%c3%a1tica-aprendizagem-e-gest%c3%a3o-245242555530637\/","article_modified_time":"2019-04-23T18:13:34+00:00","og_image":[{"url":"https:\/\/liag.ft.unicamp.br\/liagcopiateste\/wp-content\/uploads\/sites\/36\/2017\/04\/59-300x222.png","type":"","width":"","height":""}],"twitter_card":"summary_large_image","schema":{"@context":"https:\/\/schema.org","@graph":[{"@type":"WebPage","@id":"https:\/\/liag.ft.unicamp.br\/liagcopiateste\/conteudos\/gerenciamento-de-projetos\/gestao-de-projetos-grupo-de-processos-de-encerramento\/","url":"https:\/\/liag.ft.unicamp.br\/liagcopiateste\/conteudos\/gerenciamento-de-projetos\/gestao-de-projetos-grupo-de-processos-de-encerramento\/","name":"Gest\u00e3o de Projetos - Grupo de Processos de Encerramento - LIAG c\u00f3pia teste","isPartOf":{"@id":"https:\/\/liag.ft.unicamp.br\/liagcopiateste\/#website"},"primaryImageOfPage":{"@id":"https:\/\/liag.ft.unicamp.br\/liagcopiateste\/conteudos\/gerenciamento-de-projetos\/gestao-de-projetos-grupo-de-processos-de-encerramento\/#primaryimage"},"image":{"@id":"https:\/\/liag.ft.unicamp.br\/liagcopiateste\/conteudos\/gerenciamento-de-projetos\/gestao-de-projetos-grupo-de-processos-de-encerramento\/#primaryimage"},"thumbnailUrl":"https:\/\/liag.ft.unicamp.br\/liagcopiateste\/wp-content\/uploads\/sites\/36\/2017\/04\/59-300x222.png","datePublished":"2017-04-04T01:17:01+00:00","dateModified":"2019-04-23T18:13:34+00:00","breadcrumb":{"@id":"https:\/\/liag.ft.unicamp.br\/liagcopiateste\/conteudos\/gerenciamento-de-projetos\/gestao-de-projetos-grupo-de-processos-de-encerramento\/#breadcrumb"},"inLanguage":"pt-BR","potentialAction":[{"@type":"ReadAction","target":["https:\/\/liag.ft.unicamp.br\/liagcopiateste\/conteudos\/gerenciamento-de-projetos\/gestao-de-projetos-grupo-de-processos-de-encerramento\/"]}]},{"@type":"ImageObject","inLanguage":"pt-BR","@id":"https:\/\/liag.ft.unicamp.br\/liagcopiateste\/conteudos\/gerenciamento-de-projetos\/gestao-de-projetos-grupo-de-processos-de-encerramento\/#primaryimage","url":"https:\/\/liag.ft.unicamp.br\/liagcopiateste\/wp-content\/uploads\/sites\/36\/2017\/04\/59.png","contentUrl":"https:\/\/liag.ft.unicamp.br\/liagcopiateste\/wp-content\/uploads\/sites\/36\/2017\/04\/59.png","width":630,"height":466},{"@type":"BreadcrumbList","@id":"https:\/\/liag.ft.unicamp.br\/liagcopiateste\/conteudos\/gerenciamento-de-projetos\/gestao-de-projetos-grupo-de-processos-de-encerramento\/#breadcrumb","itemListElement":[{"@type":"ListItem","position":1,"name":"Home","item":"https:\/\/liag.ft.unicamp.br\/liagcopiateste\/"},{"@type":"ListItem","position":2,"name":"Conte\u00fados","item":"https:\/\/liag.ft.unicamp.br\/liagcopiateste\/conteudos\/"},{"@type":"ListItem","position":3,"name":"Gerenciamento de Projetos","item":"https:\/\/liag.ft.unicamp.br\/liagcopiateste\/conteudos\/gerenciamento-de-projetos\/"},{"@type":"ListItem","position":4,"name":"Gest\u00e3o de Projetos &#8211; Grupo de Processos de Encerramento"}]},{"@type":"WebSite","@id":"https:\/\/liag.ft.unicamp.br\/liagcopiateste\/#website","url":"https:\/\/liag.ft.unicamp.br\/liagcopiateste\/","name":"LIAG","description":"Laborat\u00f3rio de Inform\u00e1tica, Aprendizado e Gest\u00e3o","publisher":{"@id":"https:\/\/liag.ft.unicamp.br\/liagcopiateste\/#organization"},"potentialAction":[{"@type":"SearchAction","target":{"@type":"EntryPoint","urlTemplate":"https:\/\/liag.ft.unicamp.br\/liagcopiateste\/?s={search_term_string}"},"query-input":{"@type":"PropertyValueSpecification","valueRequired":true,"valueName":"search_term_string"}}],"inLanguage":"pt-BR"},{"@type":"Organization","@id":"https:\/\/liag.ft.unicamp.br\/liagcopiateste\/#organization","name":"LIAG","url":"https:\/\/liag.ft.unicamp.br\/liagcopiateste\/","logo":{"@type":"ImageObject","inLanguage":"pt-BR","@id":"https:\/\/liag.ft.unicamp.br\/liagcopiateste\/#\/schema\/logo\/image\/","url":"https:\/\/liag.ft.unicamp.br\/liagcopiateste\/wp-content\/uploads\/sites\/36\/2016\/10\/cropped-logo_liag.png","contentUrl":"https:\/\/liag.ft.unicamp.br\/liagcopiateste\/wp-content\/uploads\/sites\/36\/2016\/10\/cropped-logo_liag.png","width":148,"height":80,"caption":"LIAG"},"image":{"@id":"https:\/\/liag.ft.unicamp.br\/liagcopiateste\/#\/schema\/logo\/image\/"},"sameAs":["https:\/\/www.facebook.com\/Liag-Laborat\u00f3rio-de-inform\u00e1tica-aprendizagem-e-gest\u00e3o-245242555530637\/"]}]}},"wps_subtitle":"Grupo de Processos de Encerramento","_links":{"self":[{"href":"https:\/\/liag.ft.unicamp.br\/liagcopiateste\/wp-json\/wp\/v2\/pages\/3272","targetHints":{"allow":["GET"]}}],"collection":[{"href":"https:\/\/liag.ft.unicamp.br\/liagcopiateste\/wp-json\/wp\/v2\/pages"}],"about":[{"href":"https:\/\/liag.ft.unicamp.br\/liagcopiateste\/wp-json\/wp\/v2\/types\/page"}],"author":[{"embeddable":true,"href":"https:\/\/liag.ft.unicamp.br\/liagcopiateste\/wp-json\/wp\/v2\/users\/10"}],"replies":[{"embeddable":true,"href":"https:\/\/liag.ft.unicamp.br\/liagcopiateste\/wp-json\/wp\/v2\/comments?post=3272"}],"version-history":[{"count":8,"href":"https:\/\/liag.ft.unicamp.br\/liagcopiateste\/wp-json\/wp\/v2\/pages\/3272\/revisions"}],"predecessor-version":[{"id":4756,"href":"https:\/\/liag.ft.unicamp.br\/liagcopiateste\/wp-json\/wp\/v2\/pages\/3272\/revisions\/4756"}],"up":[{"embeddable":true,"href":"https:\/\/liag.ft.unicamp.br\/liagcopiateste\/wp-json\/wp\/v2\/pages\/2496"}],"wp:attachment":[{"href":"https:\/\/liag.ft.unicamp.br\/liagcopiateste\/wp-json\/wp\/v2\/media?parent=3272"}],"curies":[{"name":"wp","href":"https:\/\/api.w.org\/{rel}","templated":true}]}}