{"id":4132,"date":"2017-10-05T00:17:10","date_gmt":"2017-10-05T03:17:10","guid":{"rendered":"http:\/\/liag.ft.unicamp.br\/liagcopiateste\/?page_id=4132"},"modified":"2019-04-26T08:52:47","modified_gmt":"2019-04-26T11:52:47","slug":"tendencias","status":"publish","type":"page","link":"https:\/\/liag.ft.unicamp.br\/liagcopiateste\/tendencias\/","title":{"rendered":"Video Aulas"},"content":{"rendered":"<p><span style=\"color: #003300; font-family: arial, helvetica, sans-serif; font-size: 24pt;\"><strong>Aula 09<\/strong><\/span><\/p>\n<p><span style=\"font-family: arial, helvetica, sans-serif; font-size: 18pt;\"><strong>Tend\u00eancias<\/strong><\/span><\/p>\n<p><iframe src=\"https:\/\/www.youtube.com\/embed\/hOL4ZF6fMnA\" width=\"560\" height=\"315\" frameborder=\"0\" allowfullscreen=\"allowfullscreen\"><\/iframe><\/p>\n<h2 style=\"text-align: center;\"><strong><span style=\"color: #008000; font-family: arial, helvetica, sans-serif; font-size: 24pt;\">QUIZZ<\/span><\/strong><\/h2>\n<p><iframe id=\"ifr\" src=\"https:\/\/liag.ft.unicamp.br\/liagcopiateste\/administracaoInformatica\/cssGameficacao\/tendencias.html\" name=\"ifr\" width=\"800px\" height=\"1320px\" frameborder=\"0\"><\/iframe><\/p>\n<p style=\"text-align: center;\"><span style=\"color: #008000; font-family: arial, helvetica, sans-serif; font-size: 24pt;\"><strong>DESAFIOS<\/strong><\/span><\/p>\n<p><span style=\"font-family: arial, helvetica, sans-serif; font-size: 14pt;\">1 &#8211; Segundo um levantamento realizado pela Enterprise Strategy Group (ESG), 71% das empresas do mundo concordam que, para manter o n\u00edvel de competitividade, \u00e9 necess\u00e1rio passar por um processo de transforma\u00e7\u00e3o digital. Apesar disso, apenas 5% delas j\u00e1 se adaptaram ou est\u00e3o se ajustando ao novo modelo de neg\u00f3cios global[1].<\/span><br \/>\n<span style=\"font-family: arial, helvetica, sans-serif; font-size: 14pt;\">As novas tecnologias, colocaram a ind\u00fastria de seguros diante de uma nova realidade. Com os clientes gerando dados a todo instante e conectados em diversos canais, como call center, website e redes sociais, essas informa\u00e7\u00f5es passam a ter um papel cada vez mais importante na tomada de decis\u00f5es, seja na aquisi\u00e7\u00e3o de um novo produto ou na renova\u00e7\u00e3o de um servi\u00e7o, do qual j\u00e1 s\u00e3o usu\u00e1rios [2].<\/span><br \/>\n<span style=\"font-family: arial, helvetica, sans-serif; font-size: 14pt;\">Uma empresa de seguros, fez uma an\u00e1lise e constatou que precisa passar por uma transforma\u00e7\u00e3o digital em seus neg\u00f3cios. Para isso, contratou uma consultoria para avaliar, quais neg\u00f3cios precisam de investimento na empresa.<\/span><br \/>\n<span style=\"font-family: arial, helvetica, sans-serif; font-size: 14pt;\">Quais tend\u00eancias v\u00e3o ajudar a empresa a alavancar seus neg\u00f3cios? Explique.<\/span><br \/>\n<span style=\"font-family: arial, helvetica, sans-serif; font-size: 14pt;\">Considere as tecnologias: Nuvem, Cloud\/Web Services, SAAS, BI, Data Mining, Big Data, BPM, DevOps, UX Experience.<\/span><br \/>\n<span style=\"font-family: arial, helvetica, sans-serif; font-size: 14pt;\">Refer\u00eancias<\/span><br \/>\n<span style=\"font-family: arial, helvetica, sans-serif; font-size: 14pt;\">[1] Estudo indicou que 71% das empresas em todo o mundo concordam que a transforma\u00e7\u00e3o digital \u00e9 necess\u00e1ria, mas apenas 5% delas j\u00e1 se adaptaram. Link: <a href=\"https:\/\/economia.ig.com.br\/2017-09-08\/transformacao-digital.html\">https:\/\/economia.ig.com.br\/2017-09-08\/transformacao-digital.html<\/a> . Acessado em: 20 de Outubro de 2017.<\/span><br \/>\n<span style=\"font-family: arial, helvetica, sans-serif; font-size: 14pt;\">[2] A transforma\u00e7\u00e3o digital no mercado de seguros. Link: <a href=\"https:\/\/www.revistaapolice.com.br\/2017\/08\/transformacao-digital-seguros\/\">https:\/\/www.revistaapolice.com.br\/2017\/08\/transformacao-digital-seguros\/<\/a> . Acessado em 20 de Outubro de 2017.<\/span><\/p>\n<p><span style=\"font-family: arial, helvetica, sans-serif; font-size: 14pt;\">2 &#8211; Escolha 3 itens abaixo, para pesquisar exemplos reais, que comprovem a grande tend\u00eancia desses t\u00f3picos na \u00e1rea de TI.<\/span><\/p>\n<ol>\n<li><span style=\"font-family: arial, helvetica, sans-serif; font-size: 14pt;\">BI, data mining<\/span><\/li>\n<li><span style=\"font-family: arial, helvetica, sans-serif; font-size: 14pt;\">BigData<\/span><\/li>\n<li><span style=\"font-family: arial, helvetica, sans-serif; font-size: 14pt;\">Ind\u00fastria 4.0<\/span><\/li>\n<li><span style=\"font-family: arial, helvetica, sans-serif; font-size: 14pt;\">DevOps<\/span><\/li>\n<li><span style=\"font-family: arial, helvetica, sans-serif; font-size: 14pt;\">UIX<\/span><\/li>\n<\/ol>\n<p style=\"text-align: center;\"><span style=\"color: #008000; font-family: arial, helvetica, sans-serif; font-size: 24pt;\"><strong>REFER\u00caNCIAS<\/strong><\/span><\/p>\n<p class=\"av-special-heading-tag\"><span style=\"font-family: arial, helvetica, sans-serif;\"><a href=\"https:\/\/futureoflife.org\/background\/benefits-risks-of-artificial-intelligence\/\"><span style=\"font-size: 14pt;\">Benefits <span class=\"special_amp\">&amp;<\/span> Risks of Artificial Intelligence<\/span><\/a><\/span><br \/>\n<span style=\"font-family: arial, helvetica, sans-serif; font-size: 14pt;\">(INGL\u00caS) Texto sobre a seguran\u00e7a na Intelig\u00eancia Artificial, fala sobre seus riscos e benef\u00edcios, fatos e mitos. Intelig\u00eancia Artificial \u00e9 sem d\u00favida algo que est\u00e1 conseguindo evoluir cada vez mais, e esse texto pode servir como uma porta para gerar interesse \u00e0queles que n\u00e3o conhecem o assunto. Ao final do texto, h\u00e1 mais refer\u00eancias para v\u00eddeos, artigos, pesquisas e etc.<\/span><\/p>\n<p><span style=\"font-family: arial, helvetica, sans-serif; font-size: 14pt;\"><a href=\"https:\/\/www.thoughtworks.com\/pt\/insights\/blog\/how-can-cloud-improve-your-apps-quality\">How can cloud improve your apps quality I<\/a><\/span><\/p>\n<p><span style=\"font-family: arial, helvetica, sans-serif; font-size: 14pt;\"><a href=\"https:\/\/www.thoughtworks.com\/insights\/blog\/how-can-cloud-improve-your-apps-quality-part-ii\">How can cloud improve your apps quality II<\/a><\/span><br \/>\n<span style=\"font-family: arial, helvetica, sans-serif; font-size: 14pt;\">(2\u00ba LINK EM INGL\u00caS) \u00d3timo texto sobre a Nuvem, mais uma tecnologia que vem crescendo nos \u00faltimos anos e ajudou muito a \u00e1rea de TI. O conceito de nuvem refere-se \u00e0 utiliza\u00e7\u00e3o da mem\u00f3ria e da capacidade de armazenamento e c\u00e1lculo de computadores e servidores compartilhados e interligados por meio da Internet, seguindo o princ\u00edpio da computa\u00e7\u00e3o em grade. Estes links servem como um primeiro passo diante deste grande assunto.<\/span><\/p>\n<p><span style=\"font-family: arial, helvetica, sans-serif; font-size: 14pt;\"><a href=\"https:\/\/www.sas.com\/pt_br\/insights\/big-data\/what-is-big-data.html\">What is big data<\/a><\/span><br \/>\n<span style=\"font-family: arial, helvetica, sans-serif; font-size: 14pt;\">Big Data talvez seja um assunto j\u00e1 falado a muito tempo, mas continua sendo uma tend\u00eancia. O site explica um pouco de sua hist\u00f3ria e seu potencial, al\u00e9m de citar motivos da Big Data ser algo importante e como isso afeta o mundo atual.<\/span><\/p>\n<p><span style=\"font-family: arial, helvetica, sans-serif; font-size: 14pt;\"><a href=\"https:\/\/www.sas.com\/pt_br\/insights\/analytics\/machine-learning.html\">Machine Learning<\/a><\/span><br \/>\n<span style=\"font-family: arial, helvetica, sans-serif; font-size: 14pt;\">Por \u00faltimo, mas n\u00e3o menos importante, temos o Machine Learning. \u00c9 um m\u00e9todo de an\u00e1lise de dados que automatiza o desenvolvimento de modelos anal\u00edticos, onde as m\u00e1quinas conseguem aprender sozinhas e evoluir atrav\u00e9s da interatividade com os dados. Este assunto est\u00e1 bastante ligado \u00e0 Intelig\u00eancia Artificial, ent\u00e3o quem tem interesse em AI com certeza precisar\u00e1 ler sobre Machine Learning.<\/span><\/p>\n<p><span style=\"font-family: arial, helvetica, sans-serif; font-size: 14pt;\"><a href=\"https:\/\/designculture.com.br\/o-que-e-ui-design-e-ux-design\">O que \u00e9 UI e UX design?<\/a><\/span><\/p>\n<p><span style=\"font-family: arial, helvetica, sans-serif; font-size: 14pt;\"><a href=\"https:\/\/aquare.la\/7-caracteristicas-importantes-para-diferenciar-bi-data-mining-e-big-data\/\">Diferenciando BIG DATA e DATA MINING<\/a><\/span><\/p>\n<p><span style=\"font-family: arial, helvetica, sans-serif; font-size: 14pt;\"><a href=\"https:\/\/aws.amazon.com\/pt\/devops\/what-is-devops\/\">What is DEVOPS?<\/a><\/span><\/p>\n<p><span style=\"font-family: arial, helvetica, sans-serif; font-size: 14pt;\"><a href=\"https:\/\/www.citisystems.com.br\/industria-4-0\/\">Industria<\/a><\/span><\/p>\n","protected":false},"excerpt":{"rendered":"<p>Aula 09 Tend\u00eancias QUIZZ DESAFIOS 1 &#8211; Segundo um levantamento realizado pela Enterprise Strategy Group (ESG), 71% das empresas do mundo concordam que, para manter o n\u00edvel de competitividade, \u00e9 necess\u00e1rio passar por um processo de transforma\u00e7\u00e3o digital. Apesar disso, apenas 5% delas j\u00e1 se adaptaram ou est\u00e3o se ajustando ao novo modelo de neg\u00f3cios [&hellip;]<\/p>\n","protected":false},"author":1,"featured_media":0,"parent":0,"menu_order":0,"comment_status":"closed","ping_status":"closed","template":"","meta":{"_monsterinsights_skip_tracking":false,"_monsterinsights_sitenote_active":false,"_monsterinsights_sitenote_note":"","_monsterinsights_sitenote_category":0,"footnotes":"","_links_to":"","_links_to_target":""},"class_list":["post-4132","page","type-page","status-publish","hentry"],"yoast_head":"<!-- This site is optimized with the Yoast SEO plugin v27.4 - https:\/\/yoast.com\/product\/yoast-seo-wordpress\/ -->\n<title>Video Aulas - LIAG c\u00f3pia teste<\/title>\n<meta name=\"robots\" content=\"index, follow, max-snippet:-1, max-image-preview:large, max-video-preview:-1\" \/>\n<link rel=\"canonical\" href=\"https:\/\/liag.ft.unicamp.br\/liagcopiateste\/tendencias\/\" \/>\n<meta property=\"og:locale\" content=\"pt_BR\" \/>\n<meta property=\"og:type\" content=\"article\" \/>\n<meta property=\"og:title\" content=\"Video Aulas - LIAG c\u00f3pia teste\" \/>\n<meta property=\"og:description\" content=\"Aula 09 Tend\u00eancias QUIZZ DESAFIOS 1 &#8211; Segundo um levantamento realizado pela Enterprise Strategy Group (ESG), 71% das empresas do mundo concordam que, para manter o n\u00edvel de competitividade, \u00e9 necess\u00e1rio passar por um processo de transforma\u00e7\u00e3o digital. Apesar disso, apenas 5% delas j\u00e1 se adaptaram ou est\u00e3o se ajustando ao novo modelo de neg\u00f3cios [&hellip;]\" \/>\n<meta property=\"og:url\" content=\"https:\/\/liag.ft.unicamp.br\/liagcopiateste\/tendencias\/\" \/>\n<meta property=\"og:site_name\" content=\"LIAG c\u00f3pia teste\" \/>\n<meta property=\"article:publisher\" content=\"https:\/\/www.facebook.com\/Liag-Laborat%c3%b3rio-de-inform%c3%a1tica-aprendizagem-e-gest%c3%a3o-245242555530637\/\" \/>\n<meta property=\"article:modified_time\" content=\"2019-04-26T11:52:47+00:00\" \/>\n<meta name=\"twitter:card\" content=\"summary_large_image\" \/>\n<meta name=\"twitter:label1\" content=\"Est. tempo de leitura\" \/>\n\t<meta name=\"twitter:data1\" content=\"3 minutos\" \/>\n<script type=\"application\/ld+json\" class=\"yoast-schema-graph\">{\"@context\":\"https:\\\/\\\/schema.org\",\"@graph\":[{\"@type\":\"WebPage\",\"@id\":\"https:\\\/\\\/liag.ft.unicamp.br\\\/liagcopiateste\\\/tendencias\\\/\",\"url\":\"https:\\\/\\\/liag.ft.unicamp.br\\\/liagcopiateste\\\/tendencias\\\/\",\"name\":\"Video Aulas - LIAG c\u00f3pia teste\",\"isPartOf\":{\"@id\":\"https:\\\/\\\/liag.ft.unicamp.br\\\/liagcopiateste\\\/#website\"},\"datePublished\":\"2017-10-05T03:17:10+00:00\",\"dateModified\":\"2019-04-26T11:52:47+00:00\",\"breadcrumb\":{\"@id\":\"https:\\\/\\\/liag.ft.unicamp.br\\\/liagcopiateste\\\/tendencias\\\/#breadcrumb\"},\"inLanguage\":\"pt-BR\",\"potentialAction\":[{\"@type\":\"ReadAction\",\"target\":[\"https:\\\/\\\/liag.ft.unicamp.br\\\/liagcopiateste\\\/tendencias\\\/\"]}]},{\"@type\":\"BreadcrumbList\",\"@id\":\"https:\\\/\\\/liag.ft.unicamp.br\\\/liagcopiateste\\\/tendencias\\\/#breadcrumb\",\"itemListElement\":[{\"@type\":\"ListItem\",\"position\":1,\"name\":\"Home\",\"item\":\"https:\\\/\\\/liag.ft.unicamp.br\\\/liagcopiateste\\\/\"},{\"@type\":\"ListItem\",\"position\":2,\"name\":\"Video Aulas\"}]},{\"@type\":\"WebSite\",\"@id\":\"https:\\\/\\\/liag.ft.unicamp.br\\\/liagcopiateste\\\/#website\",\"url\":\"https:\\\/\\\/liag.ft.unicamp.br\\\/liagcopiateste\\\/\",\"name\":\"LIAG\",\"description\":\"Laborat\u00f3rio de Inform\u00e1tica, Aprendizado e Gest\u00e3o\",\"publisher\":{\"@id\":\"https:\\\/\\\/liag.ft.unicamp.br\\\/liagcopiateste\\\/#organization\"},\"potentialAction\":[{\"@type\":\"SearchAction\",\"target\":{\"@type\":\"EntryPoint\",\"urlTemplate\":\"https:\\\/\\\/liag.ft.unicamp.br\\\/liagcopiateste\\\/?s={search_term_string}\"},\"query-input\":{\"@type\":\"PropertyValueSpecification\",\"valueRequired\":true,\"valueName\":\"search_term_string\"}}],\"inLanguage\":\"pt-BR\"},{\"@type\":\"Organization\",\"@id\":\"https:\\\/\\\/liag.ft.unicamp.br\\\/liagcopiateste\\\/#organization\",\"name\":\"LIAG\",\"url\":\"https:\\\/\\\/liag.ft.unicamp.br\\\/liagcopiateste\\\/\",\"logo\":{\"@type\":\"ImageObject\",\"inLanguage\":\"pt-BR\",\"@id\":\"https:\\\/\\\/liag.ft.unicamp.br\\\/liagcopiateste\\\/#\\\/schema\\\/logo\\\/image\\\/\",\"url\":\"https:\\\/\\\/liag.ft.unicamp.br\\\/liagcopiateste\\\/wp-content\\\/uploads\\\/sites\\\/36\\\/2016\\\/10\\\/cropped-logo_liag.png\",\"contentUrl\":\"https:\\\/\\\/liag.ft.unicamp.br\\\/liagcopiateste\\\/wp-content\\\/uploads\\\/sites\\\/36\\\/2016\\\/10\\\/cropped-logo_liag.png\",\"width\":148,\"height\":80,\"caption\":\"LIAG\"},\"image\":{\"@id\":\"https:\\\/\\\/liag.ft.unicamp.br\\\/liagcopiateste\\\/#\\\/schema\\\/logo\\\/image\\\/\"},\"sameAs\":[\"https:\\\/\\\/www.facebook.com\\\/Liag-Laborat\u00f3rio-de-inform\u00e1tica-aprendizagem-e-gest\u00e3o-245242555530637\\\/\"]}]}<\/script>\n<!-- \/ Yoast SEO plugin. -->","yoast_head_json":{"title":"Video Aulas - LIAG c\u00f3pia teste","robots":{"index":"index","follow":"follow","max-snippet":"max-snippet:-1","max-image-preview":"max-image-preview:large","max-video-preview":"max-video-preview:-1"},"canonical":"https:\/\/liag.ft.unicamp.br\/liagcopiateste\/tendencias\/","og_locale":"pt_BR","og_type":"article","og_title":"Video Aulas - LIAG c\u00f3pia teste","og_description":"Aula 09 Tend\u00eancias QUIZZ DESAFIOS 1 &#8211; Segundo um levantamento realizado pela Enterprise Strategy Group (ESG), 71% das empresas do mundo concordam que, para manter o n\u00edvel de competitividade, \u00e9 necess\u00e1rio passar por um processo de transforma\u00e7\u00e3o digital. Apesar disso, apenas 5% delas j\u00e1 se adaptaram ou est\u00e3o se ajustando ao novo modelo de neg\u00f3cios [&hellip;]","og_url":"https:\/\/liag.ft.unicamp.br\/liagcopiateste\/tendencias\/","og_site_name":"LIAG c\u00f3pia teste","article_publisher":"https:\/\/www.facebook.com\/Liag-Laborat%c3%b3rio-de-inform%c3%a1tica-aprendizagem-e-gest%c3%a3o-245242555530637\/","article_modified_time":"2019-04-26T11:52:47+00:00","twitter_card":"summary_large_image","twitter_misc":{"Est. tempo de leitura":"3 minutos"},"schema":{"@context":"https:\/\/schema.org","@graph":[{"@type":"WebPage","@id":"https:\/\/liag.ft.unicamp.br\/liagcopiateste\/tendencias\/","url":"https:\/\/liag.ft.unicamp.br\/liagcopiateste\/tendencias\/","name":"Video Aulas - LIAG c\u00f3pia teste","isPartOf":{"@id":"https:\/\/liag.ft.unicamp.br\/liagcopiateste\/#website"},"datePublished":"2017-10-05T03:17:10+00:00","dateModified":"2019-04-26T11:52:47+00:00","breadcrumb":{"@id":"https:\/\/liag.ft.unicamp.br\/liagcopiateste\/tendencias\/#breadcrumb"},"inLanguage":"pt-BR","potentialAction":[{"@type":"ReadAction","target":["https:\/\/liag.ft.unicamp.br\/liagcopiateste\/tendencias\/"]}]},{"@type":"BreadcrumbList","@id":"https:\/\/liag.ft.unicamp.br\/liagcopiateste\/tendencias\/#breadcrumb","itemListElement":[{"@type":"ListItem","position":1,"name":"Home","item":"https:\/\/liag.ft.unicamp.br\/liagcopiateste\/"},{"@type":"ListItem","position":2,"name":"Video Aulas"}]},{"@type":"WebSite","@id":"https:\/\/liag.ft.unicamp.br\/liagcopiateste\/#website","url":"https:\/\/liag.ft.unicamp.br\/liagcopiateste\/","name":"LIAG","description":"Laborat\u00f3rio de Inform\u00e1tica, Aprendizado e Gest\u00e3o","publisher":{"@id":"https:\/\/liag.ft.unicamp.br\/liagcopiateste\/#organization"},"potentialAction":[{"@type":"SearchAction","target":{"@type":"EntryPoint","urlTemplate":"https:\/\/liag.ft.unicamp.br\/liagcopiateste\/?s={search_term_string}"},"query-input":{"@type":"PropertyValueSpecification","valueRequired":true,"valueName":"search_term_string"}}],"inLanguage":"pt-BR"},{"@type":"Organization","@id":"https:\/\/liag.ft.unicamp.br\/liagcopiateste\/#organization","name":"LIAG","url":"https:\/\/liag.ft.unicamp.br\/liagcopiateste\/","logo":{"@type":"ImageObject","inLanguage":"pt-BR","@id":"https:\/\/liag.ft.unicamp.br\/liagcopiateste\/#\/schema\/logo\/image\/","url":"https:\/\/liag.ft.unicamp.br\/liagcopiateste\/wp-content\/uploads\/sites\/36\/2016\/10\/cropped-logo_liag.png","contentUrl":"https:\/\/liag.ft.unicamp.br\/liagcopiateste\/wp-content\/uploads\/sites\/36\/2016\/10\/cropped-logo_liag.png","width":148,"height":80,"caption":"LIAG"},"image":{"@id":"https:\/\/liag.ft.unicamp.br\/liagcopiateste\/#\/schema\/logo\/image\/"},"sameAs":["https:\/\/www.facebook.com\/Liag-Laborat\u00f3rio-de-inform\u00e1tica-aprendizagem-e-gest\u00e3o-245242555530637\/"]}]}},"wps_subtitle":"Administra\u00e7\u00e3o da inform\u00e1tica","_links":{"self":[{"href":"https:\/\/liag.ft.unicamp.br\/liagcopiateste\/wp-json\/wp\/v2\/pages\/4132","targetHints":{"allow":["GET"]}}],"collection":[{"href":"https:\/\/liag.ft.unicamp.br\/liagcopiateste\/wp-json\/wp\/v2\/pages"}],"about":[{"href":"https:\/\/liag.ft.unicamp.br\/liagcopiateste\/wp-json\/wp\/v2\/types\/page"}],"author":[{"embeddable":true,"href":"https:\/\/liag.ft.unicamp.br\/liagcopiateste\/wp-json\/wp\/v2\/users\/1"}],"replies":[{"embeddable":true,"href":"https:\/\/liag.ft.unicamp.br\/liagcopiateste\/wp-json\/wp\/v2\/comments?post=4132"}],"version-history":[{"count":15,"href":"https:\/\/liag.ft.unicamp.br\/liagcopiateste\/wp-json\/wp\/v2\/pages\/4132\/revisions"}],"predecessor-version":[{"id":5057,"href":"https:\/\/liag.ft.unicamp.br\/liagcopiateste\/wp-json\/wp\/v2\/pages\/4132\/revisions\/5057"}],"wp:attachment":[{"href":"https:\/\/liag.ft.unicamp.br\/liagcopiateste\/wp-json\/wp\/v2\/media?parent=4132"}],"curies":[{"name":"wp","href":"https:\/\/api.w.org\/{rel}","templated":true}]}}