{"id":4242,"date":"2017-11-14T14:00:07","date_gmt":"2017-11-14T17:00:07","guid":{"rendered":"http:\/\/liag.ft.unicamp.br\/liagcopiateste\/?page_id=4242"},"modified":"2019-04-23T14:38:12","modified_gmt":"2019-04-23T17:38:12","slug":"boot-camp-gestao-de-pessoas","status":"publish","type":"page","link":"https:\/\/liag.ft.unicamp.br\/liagcopiateste\/boot-camp-gestao-de-pessoas\/","title":{"rendered":"Boot Camp Gest\u00e3o de Pessoas"},"content":{"rendered":"<h2 style=\"text-align: center;\"><span style=\"font-size: 24pt;\"><strong><span style=\"color: #008000; font-family: arial, helvetica, sans-serif; line-height: 25px;\">Desafios<\/span><\/strong><\/span><\/h2>\n<p><span style=\"font-family: arial, helvetica, sans-serif; font-size: 14pt; line-height: 25px;\"><strong><span style=\"color: #008000;\">01 &#8211;<\/span><\/strong> A FT Games \u00e9 uma loja especializada em games, que passou da loja f\u00edsica para\u00a0a loja virtual. As opera\u00e7\u00f5es da loja virtual se expandiram e o dono da FT Games n\u00e3o consegue operar o neg\u00f3cio, sozinho. O objetivo do dono, \u00e9 fazer o neg\u00f3cio crescer,\u00a0al\u00e9m de buscar novos produtos que fortale\u00e7am e tragam produtividade ao e-commerce.<br \/>\nO dono fez uma an\u00e1lise da estrutura da empresa, tamb\u00e9m realizou o\u00a0planejamento de crescimento, al\u00e9m de ter realizado a an\u00e1lise do hist\u00f3rico do ecommerce.\u00a0A partir dessas an\u00e1lises, a FT Games pretende contratar e montar uma\u00a0equipe para o e-commerce. Como o e-commerce possui diversas atividades, como: controle de estoque, transa\u00e7\u00f5es financeiras, atendimento ao cliente, fornecedores e campanhas de\u00a0marketing.\u00a0Elabore um processo de sele\u00e7\u00e3o para a FT Games, apresentando os melhores\u00a0perfis para a montagem da equipe da empresa.<\/span><\/p>\n<hr \/>\n<h2 style=\"text-align: center;\"><span style=\"font-family: arial, helvetica, sans-serif; font-size: 24pt; line-height: 25px;\"><strong><span style=\"color: #008000;\">Refer\u00eancias complementares<\/span><\/strong><\/span><\/h2>\n<p><span style=\"font-family: arial, helvetica, sans-serif; font-size: 14pt;\"><a href=\"https:\/\/www.jrmcoaching.com.br\/blog\/conceito-e-definicao-de-gestao-de-pessoas\/\" target=\"_blank\" rel=\"noopener noreferrer\">CONCEITO E DEFINI\u00c7\u00c3O DE GEST\u00c3O DE PESSOAS<\/a><\/span><br \/>\n<span style=\"font-family: arial, helvetica, sans-serif; font-size: 14pt; line-height: 25px;\">O site explica o que \u00e9 gest\u00e3o de pessoas, os principais pilares, como aproveitar uma pessoa e ao mesmo tempo motiv\u00e1-la, tornando a rela\u00e7\u00e3o uma\u00a0via de m\u00e3o dupla. Este link \u00e9 principalmente um refor\u00e7o de tudo o que foi dito durante a aula.<\/span><\/p>\n<p><span style=\"font-size: 14pt; line-height: 25px;\"><a href=\"https:\/\/leadership.mit.edu\/category\/video-series\/\" target=\"_blank\" rel=\"noopener noreferrer\"><span style=\"font-family: arial, helvetica, sans-serif; line-height: 25px;\">How Failure Inspired One Entrepreneur to Ask Better Questions<\/span><\/a><\/span><br \/>\n<span style=\"font-family: arial, helvetica, sans-serif; font-size: 14pt; line-height: 25px;\"> (INGL\u00caS) V\u00eddeos educacionais sobre lideran\u00e7a. Como o fracasso faz parte do aprendizado, a import\u00e2ncia de se fazer as perguntas certas, a escolha\u00a0dos melhores membros para sua equipe e v\u00e1rias outras dicas e informa\u00e7\u00f5es importantes sobre e para l\u00edderes.<\/span><\/p>\n<p><span style=\"font-size: 14pt; line-height: 25px;\"><a href=\"https:\/\/www.administradores.com.br\/artigos\/cotidiano\/7-passos-para-o-rh-realizar-um-bom-processo-seletivo\/96117\/\" target=\"_blank\" rel=\"noopener noreferrer\"><span style=\"font-family: arial, helvetica, sans-serif; line-height: 25px;\">7 passos para o RH realizar um bom processo seletivo<\/span><\/a><\/span><br \/>\n<span style=\"font-family: arial, helvetica, sans-serif; font-size: 14pt; line-height: 25px;\"> Dicas de como montar um bom processo seletivo. \u00c9 importante ressaltar\u00a0que n\u00e3o deve-se restringir apenas ao citado no site, mas \u00e9 um bom caminho\u00a0para se come\u00e7ar a entender como selecionar as melhores pessoas para a sua empresa.<\/span><\/p>\n<p><span style=\"font-size: 14pt;\"><a href=\"https:\/\/www.jrmcoaching.com.br\/blog\/importancia-treinamento-de-integracao-para-novos-funcionarios\/\" target=\"_blank\" rel=\"noopener noreferrer\"><span style=\"font-family: arial, helvetica, sans-serif;\">A import\u00e2ncia do treinamento de integra\u00e7\u00e3o para novos funcion\u00e1rios<\/span><\/a><\/span><br \/>\n<span style=\"font-family: arial, helvetica, sans-serif; font-size: 14pt; line-height: 25px;\"> Mostra a import\u00e2ncia na recep\u00e7\u00e3o de novos funcion\u00e1rios na empresa e\u00a0como faz\u00ea-la. Al\u00e9m de repetir algumas das coisas ditas em sala de aula, tamb\u00e9m mostra uma vis\u00e3o ainda mais ampla deste dom\u00ednio.<\/span><\/p>\n<p><span style=\"font-family: arial, helvetica, sans-serif; font-size: 14pt;\"><a href=\"https:\/\/www.kenoby.com\/blog\/recrutamento-e-selecao\/\" target=\"_blank\" rel=\"noopener noreferrer\">Recrutamento e Sele\u00e7\u00e3o: saiba o que \u00e9, o conceito e as t\u00e9cnicas<\/a><\/span><\/p>\n<p><span style=\"font-family: arial, helvetica, sans-serif; font-size: 14pt;\"><a href=\"https:\/\/www.catho.com.br\/carreira-sucesso\/carreira\/primeiro-dia-de-trabalho-como-integrar-novos-funcionarios\/\" target=\"_blank\" rel=\"noopener noreferrer\">Primeiro dia de trabalho: como integrar novos funcion\u00e1rios<\/a><\/span><\/p>\n<p><span style=\"font-family: arial, helvetica, sans-serif; font-size: 14pt;\"><a href=\"https:\/\/www.ibccoaching.com.br\/portal\/rh-gestao-pessoas\/lideranca-trabalho-equipe-importancia-trabalhar-conjunto\/\" target=\"_blank\" rel=\"noopener noreferrer\">Lideran\u00e7a e trabalho em equipe: A import\u00e2ncia de trabalhar em conjunto<\/a><\/span><\/p>\n<p><span style=\"font-family: arial, helvetica, sans-serif; font-size: 14pt;\"><a href=\"https:\/\/www.efdeportes.com\/efd195\/motivacao-e-lideranca-no-ambiente-de-trabalho.htm\" target=\"_blank\" rel=\"noopener noreferrer\">Motiva\u00e7\u00e3o e Lideran\u00e7a no ambiente de trabalho: gest\u00e3o de pessoas como facilitadora da intera\u00e7\u00e3o\u00a0<\/a><\/span><\/p>\n","protected":false},"excerpt":{"rendered":"<p>Desafios 01 &#8211; A FT Games \u00e9 uma loja especializada em games, que passou da loja f\u00edsica para\u00a0a loja virtual. As opera\u00e7\u00f5es da loja virtual se expandiram e o dono da FT Games n\u00e3o consegue operar o neg\u00f3cio, sozinho. O objetivo do dono, \u00e9 fazer o neg\u00f3cio crescer,\u00a0al\u00e9m de buscar novos produtos que fortale\u00e7am e [&hellip;]<\/p>\n","protected":false},"author":1,"featured_media":0,"parent":0,"menu_order":0,"comment_status":"closed","ping_status":"closed","template":"","meta":{"_monsterinsights_skip_tracking":false,"_monsterinsights_sitenote_active":false,"_monsterinsights_sitenote_note":"","_monsterinsights_sitenote_category":0,"footnotes":"","_links_to":"","_links_to_target":""},"class_list":["post-4242","page","type-page","status-publish","hentry"],"yoast_head":"<!-- This site is optimized with the Yoast SEO plugin v27.4 - https:\/\/yoast.com\/product\/yoast-seo-wordpress\/ -->\n<title>Boot Camp Gest\u00e3o de Pessoas - LIAG c\u00f3pia teste<\/title>\n<meta name=\"robots\" content=\"index, follow, max-snippet:-1, max-image-preview:large, max-video-preview:-1\" \/>\n<link rel=\"canonical\" href=\"https:\/\/liag.ft.unicamp.br\/liagcopiateste\/boot-camp-gestao-de-pessoas\/\" \/>\n<meta property=\"og:locale\" content=\"pt_BR\" \/>\n<meta property=\"og:type\" content=\"article\" \/>\n<meta property=\"og:title\" content=\"Boot Camp Gest\u00e3o de Pessoas - LIAG c\u00f3pia teste\" \/>\n<meta property=\"og:description\" content=\"Desafios 01 &#8211; A FT Games \u00e9 uma loja especializada em games, que passou da loja f\u00edsica para\u00a0a loja virtual. As opera\u00e7\u00f5es da loja virtual se expandiram e o dono da FT Games n\u00e3o consegue operar o neg\u00f3cio, sozinho. O objetivo do dono, \u00e9 fazer o neg\u00f3cio crescer,\u00a0al\u00e9m de buscar novos produtos que fortale\u00e7am e [&hellip;]\" \/>\n<meta property=\"og:url\" content=\"https:\/\/liag.ft.unicamp.br\/liagcopiateste\/boot-camp-gestao-de-pessoas\/\" \/>\n<meta property=\"og:site_name\" content=\"LIAG c\u00f3pia teste\" \/>\n<meta property=\"article:publisher\" content=\"https:\/\/www.facebook.com\/Liag-Laborat%c3%b3rio-de-inform%c3%a1tica-aprendizagem-e-gest%c3%a3o-245242555530637\/\" \/>\n<meta property=\"article:modified_time\" content=\"2019-04-23T17:38:12+00:00\" \/>\n<meta name=\"twitter:card\" content=\"summary_large_image\" \/>\n<meta name=\"twitter:label1\" content=\"Est. tempo de leitura\" \/>\n\t<meta name=\"twitter:data1\" content=\"2 minutos\" \/>\n<script type=\"application\/ld+json\" class=\"yoast-schema-graph\">{\"@context\":\"https:\\\/\\\/schema.org\",\"@graph\":[{\"@type\":\"WebPage\",\"@id\":\"https:\\\/\\\/liag.ft.unicamp.br\\\/liagcopiateste\\\/boot-camp-gestao-de-pessoas\\\/\",\"url\":\"https:\\\/\\\/liag.ft.unicamp.br\\\/liagcopiateste\\\/boot-camp-gestao-de-pessoas\\\/\",\"name\":\"Boot Camp Gest\u00e3o de Pessoas - LIAG c\u00f3pia teste\",\"isPartOf\":{\"@id\":\"https:\\\/\\\/liag.ft.unicamp.br\\\/liagcopiateste\\\/#website\"},\"datePublished\":\"2017-11-14T17:00:07+00:00\",\"dateModified\":\"2019-04-23T17:38:12+00:00\",\"breadcrumb\":{\"@id\":\"https:\\\/\\\/liag.ft.unicamp.br\\\/liagcopiateste\\\/boot-camp-gestao-de-pessoas\\\/#breadcrumb\"},\"inLanguage\":\"pt-BR\",\"potentialAction\":[{\"@type\":\"ReadAction\",\"target\":[\"https:\\\/\\\/liag.ft.unicamp.br\\\/liagcopiateste\\\/boot-camp-gestao-de-pessoas\\\/\"]}]},{\"@type\":\"BreadcrumbList\",\"@id\":\"https:\\\/\\\/liag.ft.unicamp.br\\\/liagcopiateste\\\/boot-camp-gestao-de-pessoas\\\/#breadcrumb\",\"itemListElement\":[{\"@type\":\"ListItem\",\"position\":1,\"name\":\"Home\",\"item\":\"https:\\\/\\\/liag.ft.unicamp.br\\\/liagcopiateste\\\/\"},{\"@type\":\"ListItem\",\"position\":2,\"name\":\"Boot Camp Gest\u00e3o de Pessoas\"}]},{\"@type\":\"WebSite\",\"@id\":\"https:\\\/\\\/liag.ft.unicamp.br\\\/liagcopiateste\\\/#website\",\"url\":\"https:\\\/\\\/liag.ft.unicamp.br\\\/liagcopiateste\\\/\",\"name\":\"LIAG\",\"description\":\"Laborat\u00f3rio de Inform\u00e1tica, Aprendizado e Gest\u00e3o\",\"publisher\":{\"@id\":\"https:\\\/\\\/liag.ft.unicamp.br\\\/liagcopiateste\\\/#organization\"},\"potentialAction\":[{\"@type\":\"SearchAction\",\"target\":{\"@type\":\"EntryPoint\",\"urlTemplate\":\"https:\\\/\\\/liag.ft.unicamp.br\\\/liagcopiateste\\\/?s={search_term_string}\"},\"query-input\":{\"@type\":\"PropertyValueSpecification\",\"valueRequired\":true,\"valueName\":\"search_term_string\"}}],\"inLanguage\":\"pt-BR\"},{\"@type\":\"Organization\",\"@id\":\"https:\\\/\\\/liag.ft.unicamp.br\\\/liagcopiateste\\\/#organization\",\"name\":\"LIAG\",\"url\":\"https:\\\/\\\/liag.ft.unicamp.br\\\/liagcopiateste\\\/\",\"logo\":{\"@type\":\"ImageObject\",\"inLanguage\":\"pt-BR\",\"@id\":\"https:\\\/\\\/liag.ft.unicamp.br\\\/liagcopiateste\\\/#\\\/schema\\\/logo\\\/image\\\/\",\"url\":\"https:\\\/\\\/liag.ft.unicamp.br\\\/liagcopiateste\\\/wp-content\\\/uploads\\\/sites\\\/36\\\/2016\\\/10\\\/cropped-logo_liag.png\",\"contentUrl\":\"https:\\\/\\\/liag.ft.unicamp.br\\\/liagcopiateste\\\/wp-content\\\/uploads\\\/sites\\\/36\\\/2016\\\/10\\\/cropped-logo_liag.png\",\"width\":148,\"height\":80,\"caption\":\"LIAG\"},\"image\":{\"@id\":\"https:\\\/\\\/liag.ft.unicamp.br\\\/liagcopiateste\\\/#\\\/schema\\\/logo\\\/image\\\/\"},\"sameAs\":[\"https:\\\/\\\/www.facebook.com\\\/Liag-Laborat\u00f3rio-de-inform\u00e1tica-aprendizagem-e-gest\u00e3o-245242555530637\\\/\"]}]}<\/script>\n<!-- \/ Yoast SEO plugin. -->","yoast_head_json":{"title":"Boot Camp Gest\u00e3o de Pessoas - LIAG c\u00f3pia teste","robots":{"index":"index","follow":"follow","max-snippet":"max-snippet:-1","max-image-preview":"max-image-preview:large","max-video-preview":"max-video-preview:-1"},"canonical":"https:\/\/liag.ft.unicamp.br\/liagcopiateste\/boot-camp-gestao-de-pessoas\/","og_locale":"pt_BR","og_type":"article","og_title":"Boot Camp Gest\u00e3o de Pessoas - LIAG c\u00f3pia teste","og_description":"Desafios 01 &#8211; A FT Games \u00e9 uma loja especializada em games, que passou da loja f\u00edsica para\u00a0a loja virtual. As opera\u00e7\u00f5es da loja virtual se expandiram e o dono da FT Games n\u00e3o consegue operar o neg\u00f3cio, sozinho. O objetivo do dono, \u00e9 fazer o neg\u00f3cio crescer,\u00a0al\u00e9m de buscar novos produtos que fortale\u00e7am e [&hellip;]","og_url":"https:\/\/liag.ft.unicamp.br\/liagcopiateste\/boot-camp-gestao-de-pessoas\/","og_site_name":"LIAG c\u00f3pia teste","article_publisher":"https:\/\/www.facebook.com\/Liag-Laborat%c3%b3rio-de-inform%c3%a1tica-aprendizagem-e-gest%c3%a3o-245242555530637\/","article_modified_time":"2019-04-23T17:38:12+00:00","twitter_card":"summary_large_image","twitter_misc":{"Est. tempo de leitura":"2 minutos"},"schema":{"@context":"https:\/\/schema.org","@graph":[{"@type":"WebPage","@id":"https:\/\/liag.ft.unicamp.br\/liagcopiateste\/boot-camp-gestao-de-pessoas\/","url":"https:\/\/liag.ft.unicamp.br\/liagcopiateste\/boot-camp-gestao-de-pessoas\/","name":"Boot Camp Gest\u00e3o de Pessoas - LIAG c\u00f3pia teste","isPartOf":{"@id":"https:\/\/liag.ft.unicamp.br\/liagcopiateste\/#website"},"datePublished":"2017-11-14T17:00:07+00:00","dateModified":"2019-04-23T17:38:12+00:00","breadcrumb":{"@id":"https:\/\/liag.ft.unicamp.br\/liagcopiateste\/boot-camp-gestao-de-pessoas\/#breadcrumb"},"inLanguage":"pt-BR","potentialAction":[{"@type":"ReadAction","target":["https:\/\/liag.ft.unicamp.br\/liagcopiateste\/boot-camp-gestao-de-pessoas\/"]}]},{"@type":"BreadcrumbList","@id":"https:\/\/liag.ft.unicamp.br\/liagcopiateste\/boot-camp-gestao-de-pessoas\/#breadcrumb","itemListElement":[{"@type":"ListItem","position":1,"name":"Home","item":"https:\/\/liag.ft.unicamp.br\/liagcopiateste\/"},{"@type":"ListItem","position":2,"name":"Boot Camp Gest\u00e3o de Pessoas"}]},{"@type":"WebSite","@id":"https:\/\/liag.ft.unicamp.br\/liagcopiateste\/#website","url":"https:\/\/liag.ft.unicamp.br\/liagcopiateste\/","name":"LIAG","description":"Laborat\u00f3rio de Inform\u00e1tica, Aprendizado e Gest\u00e3o","publisher":{"@id":"https:\/\/liag.ft.unicamp.br\/liagcopiateste\/#organization"},"potentialAction":[{"@type":"SearchAction","target":{"@type":"EntryPoint","urlTemplate":"https:\/\/liag.ft.unicamp.br\/liagcopiateste\/?s={search_term_string}"},"query-input":{"@type":"PropertyValueSpecification","valueRequired":true,"valueName":"search_term_string"}}],"inLanguage":"pt-BR"},{"@type":"Organization","@id":"https:\/\/liag.ft.unicamp.br\/liagcopiateste\/#organization","name":"LIAG","url":"https:\/\/liag.ft.unicamp.br\/liagcopiateste\/","logo":{"@type":"ImageObject","inLanguage":"pt-BR","@id":"https:\/\/liag.ft.unicamp.br\/liagcopiateste\/#\/schema\/logo\/image\/","url":"https:\/\/liag.ft.unicamp.br\/liagcopiateste\/wp-content\/uploads\/sites\/36\/2016\/10\/cropped-logo_liag.png","contentUrl":"https:\/\/liag.ft.unicamp.br\/liagcopiateste\/wp-content\/uploads\/sites\/36\/2016\/10\/cropped-logo_liag.png","width":148,"height":80,"caption":"LIAG"},"image":{"@id":"https:\/\/liag.ft.unicamp.br\/liagcopiateste\/#\/schema\/logo\/image\/"},"sameAs":["https:\/\/www.facebook.com\/Liag-Laborat\u00f3rio-de-inform\u00e1tica-aprendizagem-e-gest\u00e3o-245242555530637\/"]}]}},"wps_subtitle":"Teste e aprimore seus conhecimentos sobre Gest\u00e3o de Pessoas","_links":{"self":[{"href":"https:\/\/liag.ft.unicamp.br\/liagcopiateste\/wp-json\/wp\/v2\/pages\/4242","targetHints":{"allow":["GET"]}}],"collection":[{"href":"https:\/\/liag.ft.unicamp.br\/liagcopiateste\/wp-json\/wp\/v2\/pages"}],"about":[{"href":"https:\/\/liag.ft.unicamp.br\/liagcopiateste\/wp-json\/wp\/v2\/types\/page"}],"author":[{"embeddable":true,"href":"https:\/\/liag.ft.unicamp.br\/liagcopiateste\/wp-json\/wp\/v2\/users\/1"}],"replies":[{"embeddable":true,"href":"https:\/\/liag.ft.unicamp.br\/liagcopiateste\/wp-json\/wp\/v2\/comments?post=4242"}],"version-history":[{"count":6,"href":"https:\/\/liag.ft.unicamp.br\/liagcopiateste\/wp-json\/wp\/v2\/pages\/4242\/revisions"}],"predecessor-version":[{"id":4715,"href":"https:\/\/liag.ft.unicamp.br\/liagcopiateste\/wp-json\/wp\/v2\/pages\/4242\/revisions\/4715"}],"wp:attachment":[{"href":"https:\/\/liag.ft.unicamp.br\/liagcopiateste\/wp-json\/wp\/v2\/media?parent=4242"}],"curies":[{"name":"wp","href":"https:\/\/api.w.org\/{rel}","templated":true}]}}