{"id":5127,"date":"2019-05-07T14:04:41","date_gmt":"2019-05-07T17:04:41","guid":{"rendered":"http:\/\/liag.ft.unicamp.br\/liagcopiateste\/?page_id=5127"},"modified":"2019-05-07T14:28:50","modified_gmt":"2019-05-07T17:28:50","slug":"lesat","status":"publish","type":"page","link":"https:\/\/liag.ft.unicamp.br\/liagcopiateste\/lesat\/","title":{"rendered":"LESAT"},"content":{"rendered":"\n<p><span style=\"font-family: arial, helvetica, sans-serif; font-size: 18pt;\"><strong>Desenvolvimento de ferramenta Web para a LESAT<\/strong><\/span><\/p>\n<div>\n<div><span style=\"font-family: arial, helvetica, sans-serif; font-size: 18pt;\"><strong>Trabalho de Conclus\u00e3o de Curso<\/strong><\/span><br \/><span style=\"font-family: arial, helvetica, sans-serif; font-size: 14pt;\">Alessandra Alves Montanher\u00a0<\/span><\/div>\n<div><span style=\"font-family: arial, helvetica, sans-serif; font-size: 14pt;\">Elisa Ortolani Sebuske<\/span><\/div>\n<div><span style=\"font-family: arial, helvetica, sans-serif; font-size: 14pt;\">Desenvolvimento de Ferramenta Web para a LESAT For Software em Portugu\u00eas<\/span><\/div>\n<p><span style=\"font-family: arial, helvetica, sans-serif; font-size: 14pt;\"><span style=\"font-size: 18pt;\"><strong>In\u00edcio:<\/strong><\/span>\u00a02016<\/span><\/p>\n<\/div>\n<p><span style=\"font-family: arial, helvetica, sans-serif; font-size: 14pt;\"><span style=\"font-size: 18pt;\"><strong>Orientador:<\/strong>\u00a0<\/span>Marcos Augusto Francisco Borges<\/span><\/p>\n<p><span style=\"font-family: arial, helvetica, sans-serif; font-size: 14pt;\">Um projeto que automatiza uma ferramenta de Assessment de Lean IT<\/span><\/p>\n<p><span class=\"text_exposed_show\" style=\"font-family: arial, helvetica, sans-serif; font-size: 14pt;\">Resumo: A LESAT \u00e9 uma ferramenta que foi desenvolvida no Massachusetts Institute of Technology (MIT), que tem como objetivo avaliar o n\u00edvel de Lean, e mostrar \u201conde\u201d a empresa est\u00e1 e \u201conde\u201d deve-se chegar. Atualmente, a avalia\u00e7\u00e3o \u00e9 feita por meio de formul\u00e1rios impressos e precisa ser feito manualmente, usualmente pela pessoa que est\u00e1 conduzindo a autoavalia\u00e7\u00e3o. Este trabalho tem como objetivo desenvolver uma ferramenta, ou p\u00e1gina online, para automatizar a avalia\u00e7\u00e3o LESAT em portugu\u00eas.<br \/><br \/><\/span><\/p>\n<p><span style=\"font-family: arial, helvetica, sans-serif; font-size: 18pt;\"><strong>Desenvolvimento de Ferramenta Web para a LESAT For Software em Portugu\u00eas<\/strong><\/span><\/p>\n<div>\n<div><span style=\"font-family: arial, helvetica, sans-serif; font-size: 18pt;\"><strong>Trabalho de Conclus\u00e3o de Curso<\/strong><\/span><\/div>\n<div><span style=\"font-family: arial, helvetica, sans-serif; font-size: 14pt;\">Amanda Gon\u00e7alves<\/span><\/div>\n<div>\u00a0<\/div>\n<\/div>\n<div><span style=\"font-family: arial, helvetica, sans-serif; font-size: 14pt;\">Projeto \u00e9 baseado no TCC de duas alunas que j\u00e1 se formaram\u00a0Alessandra Alves Montanher e Elisa Ortolani Sebuske<\/span><\/div>\n<div>\u00a0<\/div>\n<div>\n<div><span style=\"font-family: arial, helvetica, sans-serif; font-size: 18pt;\"><b>Objetivo<\/b><\/span><br \/><span style=\"font-family: arial, helvetica, sans-serif; font-size: 14pt;\">Levando em considera\u00e7\u00e3o a import\u00e2ncia do LESAT para as empresas que desejam adotar a filosofia Lean e o espa\u00e7o j\u00e1 conquistado pelo Lean nas empresas brasileiras, este trabalho tem como objetivo iniciar um processo de melhoria cont\u00ednua do LESAT For Software e contribuir de maneira significativa para a usabilidade e efici\u00eancia da ferramenta. Pretende-se atingir este objetivo por meio do estudo de poss\u00edveis melhorias no sistema LESAT For Software a partir da base te\u00f3rica encontrada na literatura e nos trabalhos anteriores relacionados ao Lean IT e ao LESAT, promovendo melhorias concretas na aplica\u00e7\u00e3o Web. Essas melhorias englobam processos de manuten\u00e7\u00e3o da aplica\u00e7\u00e3o, interface, usabilidade, visualiza\u00e7\u00e3o das informa\u00e7\u00f5es e implementa\u00e7\u00e3o de rotinas de testes \u2013 tudo para gerar valor para os usu\u00e1rios.<\/span><\/div>\n<\/div>\n<div>\u00a0<\/div>\n<div>\u00a0<\/div>\n<div>\n<div><span style=\"font-family: arial, helvetica, sans-serif; font-size: 18pt;\"><b>O que j\u00e1 foi feito<\/b><\/span><\/div>\n<div><span style=\"font-family: arial, helvetica, sans-serif; font-size: 14pt;\">O site j\u00e1 est\u00e1 passando por mudan\u00e7as de layout, refatora\u00e7\u00e3o de c\u00f3digo e corre\u00e7\u00e3o de bugs. Tamb\u00e9m estamos trabalhando no desenvolvimento de relat\u00f3rios mais f\u00e1ceis de analisar, maior controle do administrador de cada conta sobre o andamento das pesquisas e mais facilidade de uso. A aluna trabalha com o aux\u00edlio do mestrando Carlos Roberto de Jesus.<\/span><\/div>\n<\/div>\n","protected":false},"excerpt":{"rendered":"<p>Desenvolvimento de ferramenta Web para a LESAT Trabalho de Conclus\u00e3o de CursoAlessandra Alves Montanher\u00a0 Elisa Ortolani Sebuske Desenvolvimento de Ferramenta Web para a LESAT For Software em Portugu\u00eas In\u00edcio:\u00a02016 Orientador:\u00a0Marcos Augusto Francisco Borges Um projeto que automatiza uma ferramenta de Assessment de Lean IT Resumo: A LESAT \u00e9 uma ferramenta que foi desenvolvida no Massachusetts [&hellip;]<\/p>\n","protected":false},"author":1,"featured_media":0,"parent":0,"menu_order":0,"comment_status":"closed","ping_status":"closed","template":"","meta":{"_monsterinsights_skip_tracking":false,"_monsterinsights_sitenote_active":false,"_monsterinsights_sitenote_note":"","_monsterinsights_sitenote_category":0,"footnotes":"","_links_to":"","_links_to_target":""},"class_list":["post-5127","page","type-page","status-publish","hentry"],"yoast_head":"<!-- This site is optimized with the Yoast SEO plugin v27.4 - https:\/\/yoast.com\/product\/yoast-seo-wordpress\/ -->\n<title>LESAT - LIAG c\u00f3pia teste<\/title>\n<meta name=\"robots\" content=\"index, follow, max-snippet:-1, max-image-preview:large, max-video-preview:-1\" \/>\n<link rel=\"canonical\" href=\"https:\/\/liag.ft.unicamp.br\/liagcopiateste\/lesat\/\" \/>\n<meta property=\"og:locale\" content=\"pt_BR\" \/>\n<meta property=\"og:type\" content=\"article\" \/>\n<meta property=\"og:title\" content=\"LESAT - LIAG c\u00f3pia teste\" \/>\n<meta property=\"og:description\" content=\"Desenvolvimento de ferramenta Web para a LESAT Trabalho de Conclus\u00e3o de CursoAlessandra Alves Montanher\u00a0 Elisa Ortolani Sebuske Desenvolvimento de Ferramenta Web para a LESAT For Software em Portugu\u00eas In\u00edcio:\u00a02016 Orientador:\u00a0Marcos Augusto Francisco Borges Um projeto que automatiza uma ferramenta de Assessment de Lean IT Resumo: A LESAT \u00e9 uma ferramenta que foi desenvolvida no Massachusetts [&hellip;]\" \/>\n<meta property=\"og:url\" content=\"https:\/\/liag.ft.unicamp.br\/liagcopiateste\/lesat\/\" \/>\n<meta property=\"og:site_name\" content=\"LIAG c\u00f3pia teste\" \/>\n<meta property=\"article:publisher\" content=\"https:\/\/www.facebook.com\/Liag-Laborat%c3%b3rio-de-inform%c3%a1tica-aprendizagem-e-gest%c3%a3o-245242555530637\/\" \/>\n<meta property=\"article:modified_time\" content=\"2019-05-07T17:28:50+00:00\" \/>\n<meta name=\"twitter:card\" content=\"summary_large_image\" \/>\n<meta name=\"twitter:label1\" content=\"Est. tempo de leitura\" \/>\n\t<meta name=\"twitter:data1\" content=\"2 minutos\" \/>\n<script type=\"application\/ld+json\" class=\"yoast-schema-graph\">{\"@context\":\"https:\\\/\\\/schema.org\",\"@graph\":[{\"@type\":\"WebPage\",\"@id\":\"https:\\\/\\\/liag.ft.unicamp.br\\\/liagcopiateste\\\/lesat\\\/\",\"url\":\"https:\\\/\\\/liag.ft.unicamp.br\\\/liagcopiateste\\\/lesat\\\/\",\"name\":\"LESAT - LIAG c\u00f3pia teste\",\"isPartOf\":{\"@id\":\"https:\\\/\\\/liag.ft.unicamp.br\\\/liagcopiateste\\\/#website\"},\"datePublished\":\"2019-05-07T17:04:41+00:00\",\"dateModified\":\"2019-05-07T17:28:50+00:00\",\"breadcrumb\":{\"@id\":\"https:\\\/\\\/liag.ft.unicamp.br\\\/liagcopiateste\\\/lesat\\\/#breadcrumb\"},\"inLanguage\":\"pt-BR\",\"potentialAction\":[{\"@type\":\"ReadAction\",\"target\":[\"https:\\\/\\\/liag.ft.unicamp.br\\\/liagcopiateste\\\/lesat\\\/\"]}]},{\"@type\":\"BreadcrumbList\",\"@id\":\"https:\\\/\\\/liag.ft.unicamp.br\\\/liagcopiateste\\\/lesat\\\/#breadcrumb\",\"itemListElement\":[{\"@type\":\"ListItem\",\"position\":1,\"name\":\"Home\",\"item\":\"https:\\\/\\\/liag.ft.unicamp.br\\\/liagcopiateste\\\/\"},{\"@type\":\"ListItem\",\"position\":2,\"name\":\"LESAT\"}]},{\"@type\":\"WebSite\",\"@id\":\"https:\\\/\\\/liag.ft.unicamp.br\\\/liagcopiateste\\\/#website\",\"url\":\"https:\\\/\\\/liag.ft.unicamp.br\\\/liagcopiateste\\\/\",\"name\":\"LIAG\",\"description\":\"Laborat\u00f3rio de Inform\u00e1tica, Aprendizado e Gest\u00e3o\",\"publisher\":{\"@id\":\"https:\\\/\\\/liag.ft.unicamp.br\\\/liagcopiateste\\\/#organization\"},\"potentialAction\":[{\"@type\":\"SearchAction\",\"target\":{\"@type\":\"EntryPoint\",\"urlTemplate\":\"https:\\\/\\\/liag.ft.unicamp.br\\\/liagcopiateste\\\/?s={search_term_string}\"},\"query-input\":{\"@type\":\"PropertyValueSpecification\",\"valueRequired\":true,\"valueName\":\"search_term_string\"}}],\"inLanguage\":\"pt-BR\"},{\"@type\":\"Organization\",\"@id\":\"https:\\\/\\\/liag.ft.unicamp.br\\\/liagcopiateste\\\/#organization\",\"name\":\"LIAG\",\"url\":\"https:\\\/\\\/liag.ft.unicamp.br\\\/liagcopiateste\\\/\",\"logo\":{\"@type\":\"ImageObject\",\"inLanguage\":\"pt-BR\",\"@id\":\"https:\\\/\\\/liag.ft.unicamp.br\\\/liagcopiateste\\\/#\\\/schema\\\/logo\\\/image\\\/\",\"url\":\"https:\\\/\\\/liag.ft.unicamp.br\\\/liagcopiateste\\\/wp-content\\\/uploads\\\/sites\\\/36\\\/2016\\\/10\\\/cropped-logo_liag.png\",\"contentUrl\":\"https:\\\/\\\/liag.ft.unicamp.br\\\/liagcopiateste\\\/wp-content\\\/uploads\\\/sites\\\/36\\\/2016\\\/10\\\/cropped-logo_liag.png\",\"width\":148,\"height\":80,\"caption\":\"LIAG\"},\"image\":{\"@id\":\"https:\\\/\\\/liag.ft.unicamp.br\\\/liagcopiateste\\\/#\\\/schema\\\/logo\\\/image\\\/\"},\"sameAs\":[\"https:\\\/\\\/www.facebook.com\\\/Liag-Laborat\u00f3rio-de-inform\u00e1tica-aprendizagem-e-gest\u00e3o-245242555530637\\\/\"]}]}<\/script>\n<!-- \/ Yoast SEO plugin. -->","yoast_head_json":{"title":"LESAT - LIAG c\u00f3pia teste","robots":{"index":"index","follow":"follow","max-snippet":"max-snippet:-1","max-image-preview":"max-image-preview:large","max-video-preview":"max-video-preview:-1"},"canonical":"https:\/\/liag.ft.unicamp.br\/liagcopiateste\/lesat\/","og_locale":"pt_BR","og_type":"article","og_title":"LESAT - LIAG c\u00f3pia teste","og_description":"Desenvolvimento de ferramenta Web para a LESAT Trabalho de Conclus\u00e3o de CursoAlessandra Alves Montanher\u00a0 Elisa Ortolani Sebuske Desenvolvimento de Ferramenta Web para a LESAT For Software em Portugu\u00eas In\u00edcio:\u00a02016 Orientador:\u00a0Marcos Augusto Francisco Borges Um projeto que automatiza uma ferramenta de Assessment de Lean IT Resumo: A LESAT \u00e9 uma ferramenta que foi desenvolvida no Massachusetts [&hellip;]","og_url":"https:\/\/liag.ft.unicamp.br\/liagcopiateste\/lesat\/","og_site_name":"LIAG c\u00f3pia teste","article_publisher":"https:\/\/www.facebook.com\/Liag-Laborat%c3%b3rio-de-inform%c3%a1tica-aprendizagem-e-gest%c3%a3o-245242555530637\/","article_modified_time":"2019-05-07T17:28:50+00:00","twitter_card":"summary_large_image","twitter_misc":{"Est. tempo de leitura":"2 minutos"},"schema":{"@context":"https:\/\/schema.org","@graph":[{"@type":"WebPage","@id":"https:\/\/liag.ft.unicamp.br\/liagcopiateste\/lesat\/","url":"https:\/\/liag.ft.unicamp.br\/liagcopiateste\/lesat\/","name":"LESAT - LIAG c\u00f3pia teste","isPartOf":{"@id":"https:\/\/liag.ft.unicamp.br\/liagcopiateste\/#website"},"datePublished":"2019-05-07T17:04:41+00:00","dateModified":"2019-05-07T17:28:50+00:00","breadcrumb":{"@id":"https:\/\/liag.ft.unicamp.br\/liagcopiateste\/lesat\/#breadcrumb"},"inLanguage":"pt-BR","potentialAction":[{"@type":"ReadAction","target":["https:\/\/liag.ft.unicamp.br\/liagcopiateste\/lesat\/"]}]},{"@type":"BreadcrumbList","@id":"https:\/\/liag.ft.unicamp.br\/liagcopiateste\/lesat\/#breadcrumb","itemListElement":[{"@type":"ListItem","position":1,"name":"Home","item":"https:\/\/liag.ft.unicamp.br\/liagcopiateste\/"},{"@type":"ListItem","position":2,"name":"LESAT"}]},{"@type":"WebSite","@id":"https:\/\/liag.ft.unicamp.br\/liagcopiateste\/#website","url":"https:\/\/liag.ft.unicamp.br\/liagcopiateste\/","name":"LIAG","description":"Laborat\u00f3rio de Inform\u00e1tica, Aprendizado e Gest\u00e3o","publisher":{"@id":"https:\/\/liag.ft.unicamp.br\/liagcopiateste\/#organization"},"potentialAction":[{"@type":"SearchAction","target":{"@type":"EntryPoint","urlTemplate":"https:\/\/liag.ft.unicamp.br\/liagcopiateste\/?s={search_term_string}"},"query-input":{"@type":"PropertyValueSpecification","valueRequired":true,"valueName":"search_term_string"}}],"inLanguage":"pt-BR"},{"@type":"Organization","@id":"https:\/\/liag.ft.unicamp.br\/liagcopiateste\/#organization","name":"LIAG","url":"https:\/\/liag.ft.unicamp.br\/liagcopiateste\/","logo":{"@type":"ImageObject","inLanguage":"pt-BR","@id":"https:\/\/liag.ft.unicamp.br\/liagcopiateste\/#\/schema\/logo\/image\/","url":"https:\/\/liag.ft.unicamp.br\/liagcopiateste\/wp-content\/uploads\/sites\/36\/2016\/10\/cropped-logo_liag.png","contentUrl":"https:\/\/liag.ft.unicamp.br\/liagcopiateste\/wp-content\/uploads\/sites\/36\/2016\/10\/cropped-logo_liag.png","width":148,"height":80,"caption":"LIAG"},"image":{"@id":"https:\/\/liag.ft.unicamp.br\/liagcopiateste\/#\/schema\/logo\/image\/"},"sameAs":["https:\/\/www.facebook.com\/Liag-Laborat\u00f3rio-de-inform\u00e1tica-aprendizagem-e-gest\u00e3o-245242555530637\/"]}]}},"wps_subtitle":"","_links":{"self":[{"href":"https:\/\/liag.ft.unicamp.br\/liagcopiateste\/wp-json\/wp\/v2\/pages\/5127","targetHints":{"allow":["GET"]}}],"collection":[{"href":"https:\/\/liag.ft.unicamp.br\/liagcopiateste\/wp-json\/wp\/v2\/pages"}],"about":[{"href":"https:\/\/liag.ft.unicamp.br\/liagcopiateste\/wp-json\/wp\/v2\/types\/page"}],"author":[{"embeddable":true,"href":"https:\/\/liag.ft.unicamp.br\/liagcopiateste\/wp-json\/wp\/v2\/users\/1"}],"replies":[{"embeddable":true,"href":"https:\/\/liag.ft.unicamp.br\/liagcopiateste\/wp-json\/wp\/v2\/comments?post=5127"}],"version-history":[{"count":4,"href":"https:\/\/liag.ft.unicamp.br\/liagcopiateste\/wp-json\/wp\/v2\/pages\/5127\/revisions"}],"predecessor-version":[{"id":5139,"href":"https:\/\/liag.ft.unicamp.br\/liagcopiateste\/wp-json\/wp\/v2\/pages\/5127\/revisions\/5139"}],"wp:attachment":[{"href":"https:\/\/liag.ft.unicamp.br\/liagcopiateste\/wp-json\/wp\/v2\/media?parent=5127"}],"curies":[{"name":"wp","href":"https:\/\/api.w.org\/{rel}","templated":true}]}}