{"id":5155,"date":"2019-05-07T15:21:38","date_gmt":"2019-05-07T18:21:38","guid":{"rendered":"http:\/\/liag.ft.unicamp.br\/liagcopiateste\/?page_id=5155"},"modified":"2019-05-07T15:21:38","modified_gmt":"2019-05-07T18:21:38","slug":"criatibits7","status":"publish","type":"page","link":"https:\/\/liag.ft.unicamp.br\/liagcopiateste\/criatibits7\/","title":{"rendered":"CRIATIBITS"},"content":{"rendered":"\n<p dir=\"ltr\"><strong><span style=\"font-family: arial, helvetica, sans-serif; font-size: 18pt;\">Criatibits: Uma Proposta Para Promover a Computa\u00e7\u00e3o Criativa, o Pensamento Computacional e a Cultura Maker<\/span><\/strong><\/p>\n<p dir=\"ltr\"><strong><span style=\"font-family: arial, helvetica, sans-serif; font-size: 18pt;\">Trabalho de Conclus\u00e3o de Curso<br \/><\/span><\/strong><span style=\"font-family: arial, helvetica, sans-serif; font-size: 14pt;\">Caique Antonelli Maurano<br \/><\/span><span style=\"font-family: arial, helvetica, sans-serif; font-size: 14pt;\">Lidianne Hamaguti Jardim<br \/><\/span><span style=\"font-family: arial, helvetica, sans-serif; font-size: 14pt;\">Criatibits: Uma Proposta Para Promover a Computa\u00e7\u00e3o Criativa, o Pensamento Computacional e a Cultura Maker<\/span><\/p>\n<p dir=\"ltr\"><span style=\"font-family: arial, helvetica, sans-serif; font-size: 14pt;\"><strong><span style=\"font-size: 18pt;\">In\u00edcio:<\/span><\/strong> 2017<\/span><\/p>\n<p dir=\"ltr\"><span style=\"font-family: arial, helvetica, sans-serif; font-size: 14pt;\"><strong><span style=\"font-size: 18pt;\">Orientador:<\/span><\/strong> Prof. Dr. Marcos Augusto Francisco Borges.<\/span><\/p>\n<p dir=\"ltr\"><span style=\"font-family: arial, helvetica, sans-serif; font-size: 14pt;\">Resumo: As novas tecnologias criam a necessidade de novas habilidades e novos meios de aprendizagem. A tecnologia tem seu poder real nas formas de express\u00e3o que ela permite, nas novas formas de intera\u00e7\u00e3o humana que ela facilita ou na possibilidade de tornar realidade, poderosas ideias. Este projeto utilizou pilares como cultura Maker, construcionismo e computa\u00e7\u00e3o criativa para cria\u00e7\u00e3o e sugest\u00e3o de um kit de baixo custo, auxiliado por um website, visando criar oportunidades de acessibilidade, compartilhamento de ideias e abordagens de conte\u00fados tecnol\u00f3gicos tais como Scratch, Paper Circuit e Makey Makey nos primeiros anos do ensino fundamental. Al\u00e9m disso, este projeto teve como objetivo possibilitar e disseminar o ambiente de imers\u00e3o criativa para incentivar o interesse pelo campo do conhecimento composto por ci\u00eancias, tecnologia, engenharia e matem\u00e1tica a partir de explora\u00e7\u00e3o e experimenta\u00e7\u00e3o.<\/span><\/p>\n<p><a href=\"https:\/\/liag.ft.unicamp.br\/liagcopiateste\/criatibits\/\"><span style=\"font-family: arial, helvetica, sans-serif; font-size: 14pt;\">https:\/\/liag.ft.unicamp.br\/liagcopiateste\/criatibits\/<\/span><\/a><\/p>\n","protected":false},"excerpt":{"rendered":"<p>Criatibits: Uma Proposta Para Promover a Computa\u00e7\u00e3o Criativa, o Pensamento Computacional e a Cultura Maker Trabalho de Conclus\u00e3o de CursoCaique Antonelli MauranoLidianne Hamaguti JardimCriatibits: Uma Proposta Para Promover a Computa\u00e7\u00e3o Criativa, o Pensamento Computacional e a Cultura Maker In\u00edcio: 2017 Orientador: Prof. Dr. Marcos Augusto Francisco Borges. Resumo: As novas tecnologias criam a necessidade de [&hellip;]<\/p>\n","protected":false},"author":1,"featured_media":0,"parent":0,"menu_order":0,"comment_status":"closed","ping_status":"closed","template":"","meta":{"_monsterinsights_skip_tracking":false,"_monsterinsights_sitenote_active":false,"_monsterinsights_sitenote_note":"","_monsterinsights_sitenote_category":0,"footnotes":"","_links_to":"","_links_to_target":""},"class_list":["post-5155","page","type-page","status-publish","hentry"],"yoast_head":"<!-- This site is optimized with the Yoast SEO plugin v27.4 - https:\/\/yoast.com\/product\/yoast-seo-wordpress\/ -->\n<title>CRIATIBITS - LIAG c\u00f3pia teste<\/title>\n<meta name=\"robots\" content=\"index, follow, max-snippet:-1, max-image-preview:large, max-video-preview:-1\" \/>\n<link rel=\"canonical\" href=\"https:\/\/liag.ft.unicamp.br\/liagcopiateste\/criatibits7\/\" \/>\n<meta property=\"og:locale\" content=\"pt_BR\" \/>\n<meta property=\"og:type\" content=\"article\" \/>\n<meta property=\"og:title\" content=\"CRIATIBITS - LIAG c\u00f3pia teste\" \/>\n<meta property=\"og:description\" content=\"Criatibits: Uma Proposta Para Promover a Computa\u00e7\u00e3o Criativa, o Pensamento Computacional e a Cultura Maker Trabalho de Conclus\u00e3o de CursoCaique Antonelli MauranoLidianne Hamaguti JardimCriatibits: Uma Proposta Para Promover a Computa\u00e7\u00e3o Criativa, o Pensamento Computacional e a Cultura Maker In\u00edcio: 2017 Orientador: Prof. Dr. Marcos Augusto Francisco Borges. Resumo: As novas tecnologias criam a necessidade de [&hellip;]\" \/>\n<meta property=\"og:url\" content=\"https:\/\/liag.ft.unicamp.br\/liagcopiateste\/criatibits7\/\" \/>\n<meta property=\"og:site_name\" content=\"LIAG c\u00f3pia teste\" \/>\n<meta property=\"article:publisher\" content=\"https:\/\/www.facebook.com\/Liag-Laborat%c3%b3rio-de-inform%c3%a1tica-aprendizagem-e-gest%c3%a3o-245242555530637\/\" \/>\n<meta name=\"twitter:card\" content=\"summary_large_image\" \/>\n<meta name=\"twitter:label1\" content=\"Est. tempo de leitura\" \/>\n\t<meta name=\"twitter:data1\" content=\"1 minuto\" \/>\n<script type=\"application\/ld+json\" class=\"yoast-schema-graph\">{\"@context\":\"https:\\\/\\\/schema.org\",\"@graph\":[{\"@type\":\"WebPage\",\"@id\":\"https:\\\/\\\/liag.ft.unicamp.br\\\/liagcopiateste\\\/criatibits7\\\/\",\"url\":\"https:\\\/\\\/liag.ft.unicamp.br\\\/liagcopiateste\\\/criatibits7\\\/\",\"name\":\"CRIATIBITS - LIAG c\u00f3pia teste\",\"isPartOf\":{\"@id\":\"https:\\\/\\\/liag.ft.unicamp.br\\\/liagcopiateste\\\/#website\"},\"datePublished\":\"2019-05-07T18:21:38+00:00\",\"breadcrumb\":{\"@id\":\"https:\\\/\\\/liag.ft.unicamp.br\\\/liagcopiateste\\\/criatibits7\\\/#breadcrumb\"},\"inLanguage\":\"pt-BR\",\"potentialAction\":[{\"@type\":\"ReadAction\",\"target\":[\"https:\\\/\\\/liag.ft.unicamp.br\\\/liagcopiateste\\\/criatibits7\\\/\"]}]},{\"@type\":\"BreadcrumbList\",\"@id\":\"https:\\\/\\\/liag.ft.unicamp.br\\\/liagcopiateste\\\/criatibits7\\\/#breadcrumb\",\"itemListElement\":[{\"@type\":\"ListItem\",\"position\":1,\"name\":\"Home\",\"item\":\"https:\\\/\\\/liag.ft.unicamp.br\\\/liagcopiateste\\\/\"},{\"@type\":\"ListItem\",\"position\":2,\"name\":\"CRIATIBITS\"}]},{\"@type\":\"WebSite\",\"@id\":\"https:\\\/\\\/liag.ft.unicamp.br\\\/liagcopiateste\\\/#website\",\"url\":\"https:\\\/\\\/liag.ft.unicamp.br\\\/liagcopiateste\\\/\",\"name\":\"LIAG\",\"description\":\"Laborat\u00f3rio de Inform\u00e1tica, Aprendizado e Gest\u00e3o\",\"publisher\":{\"@id\":\"https:\\\/\\\/liag.ft.unicamp.br\\\/liagcopiateste\\\/#organization\"},\"potentialAction\":[{\"@type\":\"SearchAction\",\"target\":{\"@type\":\"EntryPoint\",\"urlTemplate\":\"https:\\\/\\\/liag.ft.unicamp.br\\\/liagcopiateste\\\/?s={search_term_string}\"},\"query-input\":{\"@type\":\"PropertyValueSpecification\",\"valueRequired\":true,\"valueName\":\"search_term_string\"}}],\"inLanguage\":\"pt-BR\"},{\"@type\":\"Organization\",\"@id\":\"https:\\\/\\\/liag.ft.unicamp.br\\\/liagcopiateste\\\/#organization\",\"name\":\"LIAG\",\"url\":\"https:\\\/\\\/liag.ft.unicamp.br\\\/liagcopiateste\\\/\",\"logo\":{\"@type\":\"ImageObject\",\"inLanguage\":\"pt-BR\",\"@id\":\"https:\\\/\\\/liag.ft.unicamp.br\\\/liagcopiateste\\\/#\\\/schema\\\/logo\\\/image\\\/\",\"url\":\"https:\\\/\\\/liag.ft.unicamp.br\\\/liagcopiateste\\\/wp-content\\\/uploads\\\/sites\\\/36\\\/2016\\\/10\\\/cropped-logo_liag.png\",\"contentUrl\":\"https:\\\/\\\/liag.ft.unicamp.br\\\/liagcopiateste\\\/wp-content\\\/uploads\\\/sites\\\/36\\\/2016\\\/10\\\/cropped-logo_liag.png\",\"width\":148,\"height\":80,\"caption\":\"LIAG\"},\"image\":{\"@id\":\"https:\\\/\\\/liag.ft.unicamp.br\\\/liagcopiateste\\\/#\\\/schema\\\/logo\\\/image\\\/\"},\"sameAs\":[\"https:\\\/\\\/www.facebook.com\\\/Liag-Laborat\u00f3rio-de-inform\u00e1tica-aprendizagem-e-gest\u00e3o-245242555530637\\\/\"]}]}<\/script>\n<!-- \/ Yoast SEO plugin. -->","yoast_head_json":{"title":"CRIATIBITS - LIAG c\u00f3pia teste","robots":{"index":"index","follow":"follow","max-snippet":"max-snippet:-1","max-image-preview":"max-image-preview:large","max-video-preview":"max-video-preview:-1"},"canonical":"https:\/\/liag.ft.unicamp.br\/liagcopiateste\/criatibits7\/","og_locale":"pt_BR","og_type":"article","og_title":"CRIATIBITS - LIAG c\u00f3pia teste","og_description":"Criatibits: Uma Proposta Para Promover a Computa\u00e7\u00e3o Criativa, o Pensamento Computacional e a Cultura Maker Trabalho de Conclus\u00e3o de CursoCaique Antonelli MauranoLidianne Hamaguti JardimCriatibits: Uma Proposta Para Promover a Computa\u00e7\u00e3o Criativa, o Pensamento Computacional e a Cultura Maker In\u00edcio: 2017 Orientador: Prof. Dr. Marcos Augusto Francisco Borges. Resumo: As novas tecnologias criam a necessidade de [&hellip;]","og_url":"https:\/\/liag.ft.unicamp.br\/liagcopiateste\/criatibits7\/","og_site_name":"LIAG c\u00f3pia teste","article_publisher":"https:\/\/www.facebook.com\/Liag-Laborat%c3%b3rio-de-inform%c3%a1tica-aprendizagem-e-gest%c3%a3o-245242555530637\/","twitter_card":"summary_large_image","twitter_misc":{"Est. tempo de leitura":"1 minuto"},"schema":{"@context":"https:\/\/schema.org","@graph":[{"@type":"WebPage","@id":"https:\/\/liag.ft.unicamp.br\/liagcopiateste\/criatibits7\/","url":"https:\/\/liag.ft.unicamp.br\/liagcopiateste\/criatibits7\/","name":"CRIATIBITS - LIAG c\u00f3pia teste","isPartOf":{"@id":"https:\/\/liag.ft.unicamp.br\/liagcopiateste\/#website"},"datePublished":"2019-05-07T18:21:38+00:00","breadcrumb":{"@id":"https:\/\/liag.ft.unicamp.br\/liagcopiateste\/criatibits7\/#breadcrumb"},"inLanguage":"pt-BR","potentialAction":[{"@type":"ReadAction","target":["https:\/\/liag.ft.unicamp.br\/liagcopiateste\/criatibits7\/"]}]},{"@type":"BreadcrumbList","@id":"https:\/\/liag.ft.unicamp.br\/liagcopiateste\/criatibits7\/#breadcrumb","itemListElement":[{"@type":"ListItem","position":1,"name":"Home","item":"https:\/\/liag.ft.unicamp.br\/liagcopiateste\/"},{"@type":"ListItem","position":2,"name":"CRIATIBITS"}]},{"@type":"WebSite","@id":"https:\/\/liag.ft.unicamp.br\/liagcopiateste\/#website","url":"https:\/\/liag.ft.unicamp.br\/liagcopiateste\/","name":"LIAG","description":"Laborat\u00f3rio de Inform\u00e1tica, Aprendizado e Gest\u00e3o","publisher":{"@id":"https:\/\/liag.ft.unicamp.br\/liagcopiateste\/#organization"},"potentialAction":[{"@type":"SearchAction","target":{"@type":"EntryPoint","urlTemplate":"https:\/\/liag.ft.unicamp.br\/liagcopiateste\/?s={search_term_string}"},"query-input":{"@type":"PropertyValueSpecification","valueRequired":true,"valueName":"search_term_string"}}],"inLanguage":"pt-BR"},{"@type":"Organization","@id":"https:\/\/liag.ft.unicamp.br\/liagcopiateste\/#organization","name":"LIAG","url":"https:\/\/liag.ft.unicamp.br\/liagcopiateste\/","logo":{"@type":"ImageObject","inLanguage":"pt-BR","@id":"https:\/\/liag.ft.unicamp.br\/liagcopiateste\/#\/schema\/logo\/image\/","url":"https:\/\/liag.ft.unicamp.br\/liagcopiateste\/wp-content\/uploads\/sites\/36\/2016\/10\/cropped-logo_liag.png","contentUrl":"https:\/\/liag.ft.unicamp.br\/liagcopiateste\/wp-content\/uploads\/sites\/36\/2016\/10\/cropped-logo_liag.png","width":148,"height":80,"caption":"LIAG"},"image":{"@id":"https:\/\/liag.ft.unicamp.br\/liagcopiateste\/#\/schema\/logo\/image\/"},"sameAs":["https:\/\/www.facebook.com\/Liag-Laborat\u00f3rio-de-inform\u00e1tica-aprendizagem-e-gest\u00e3o-245242555530637\/"]}]}},"wps_subtitle":"","_links":{"self":[{"href":"https:\/\/liag.ft.unicamp.br\/liagcopiateste\/wp-json\/wp\/v2\/pages\/5155","targetHints":{"allow":["GET"]}}],"collection":[{"href":"https:\/\/liag.ft.unicamp.br\/liagcopiateste\/wp-json\/wp\/v2\/pages"}],"about":[{"href":"https:\/\/liag.ft.unicamp.br\/liagcopiateste\/wp-json\/wp\/v2\/types\/page"}],"author":[{"embeddable":true,"href":"https:\/\/liag.ft.unicamp.br\/liagcopiateste\/wp-json\/wp\/v2\/users\/1"}],"replies":[{"embeddable":true,"href":"https:\/\/liag.ft.unicamp.br\/liagcopiateste\/wp-json\/wp\/v2\/comments?post=5155"}],"version-history":[{"count":1,"href":"https:\/\/liag.ft.unicamp.br\/liagcopiateste\/wp-json\/wp\/v2\/pages\/5155\/revisions"}],"predecessor-version":[{"id":5156,"href":"https:\/\/liag.ft.unicamp.br\/liagcopiateste\/wp-json\/wp\/v2\/pages\/5155\/revisions\/5156"}],"wp:attachment":[{"href":"https:\/\/liag.ft.unicamp.br\/liagcopiateste\/wp-json\/wp\/v2\/media?parent=5155"}],"curies":[{"name":"wp","href":"https:\/\/api.w.org\/{rel}","templated":true}]}}