{"id":6279,"date":"2020-05-30T15:40:40","date_gmt":"2020-05-30T18:40:40","guid":{"rendered":"http:\/\/liag.ft.unicamp.br\/liagcopiateste\/?page_id=6279"},"modified":"2020-05-30T17:33:38","modified_gmt":"2020-05-30T20:33:38","slug":"07-tipos-de-ciclo-de-vida","status":"publish","type":"page","link":"https:\/\/liag.ft.unicamp.br\/liagcopiateste\/07-tipos-de-ciclo-de-vida\/","title":{"rendered":"07. Tipos de Ciclo de Vida"},"content":{"rendered":"\n<h1><span style=\"font-size: 24pt;\"><strong><span style=\"font-family: arial, helvetica, sans-serif;\">07. Tipos de Ciclo de Vida<\/span><\/strong><\/span><\/h1>\n<p><iframe title=\"Tipos de Ciclos de Vida\" width=\"630\" height=\"354\" src=\"https:\/\/www.youtube.com\/embed\/p6JsDoTCmg0?feature=oembed\" frameborder=\"0\" allow=\"accelerometer; autoplay; clipboard-write; encrypted-media; gyroscope; picture-in-picture; web-share\" referrerpolicy=\"strict-origin-when-cross-origin\" allowfullscreen><\/iframe><\/p>\n<p>\u00a0<\/p>\n<ul>\n<li><span style=\"font-family: arial, helvetica, sans-serif; font-size: 14pt;\">Preditivo (ou cascata): escopo, prazo e custo determinados nas fases iniciais. Altera\u00e7\u00f5es ao escopo s\u00e3o cuidadosamente gerenciadas.<br \/><br \/><\/span><\/li>\n<li><span style=\"font-family: arial, helvetica, sans-serif; font-size: 14pt;\">Iterativo: escopo \u00e9 determinado no in\u00edcio do ciclo de vida, mas prazo e custos s\u00e3o modificados com mais conhecimento do produto. Produto desenvolvido em s\u00e9rie de ciclos repetidos (itera\u00e7\u00f5es) que acrescentam incrementos \u00e0 funcionalidade do produto.<br \/><br \/><\/span><\/li>\n<li><span style=\"font-family: arial, helvetica, sans-serif; font-size: 14pt;\">Incremental: entrega produzida por s\u00e9rie de itera\u00e7\u00f5es que adicionam funcionalidade em prazo predeterminado.<br \/><br \/><\/span><\/li>\n<li><span style=\"font-family: arial, helvetica, sans-serif; font-size: 14pt;\">Adaptativos (\u00e1geis): escopo detalhado \u00e9 definido e aprovado antes do in\u00edcio de uma itera\u00e7\u00e3o.<br \/><br \/><\/span><\/li>\n<li><span style=\"font-family: arial, helvetica, sans-serif; font-size: 14pt;\">H\u00edbrido: combina\u00e7\u00e3o de adaptativo e preditivo. Elementos conhecidos ou com requisitos estabelecidos seguem preditivo, e elementos em evolu\u00e7\u00e3o seguem um adaptativo.<\/span><\/li>\n<\/ul>\n<p>\u00a0<\/p>\n<h3><span style=\"font-size: 18pt;\"><strong><span style=\"font-family: arial, helvetica, sans-serif;\">Download do PDF: <a href=\"https:\/\/liag.ft.unicamp.br\/liagcopiateste\/wp-content\/uploads\/sites\/36\/2020\/05\/GP-01a14.pdf\" target=\"_blank\" rel=\"noreferrer noopener\">GP-1a14.pdf<\/a><\/span><\/strong><\/span><br \/><span style=\"font-size: 18pt;\"><strong><span style=\"font-family: arial, helvetica, sans-serif;\">P\u00e1gina Anterior: <a href=\"https:\/\/liag.ft.unicamp.br\/liagcopiateste\/06-ciclos-de-vida\/\">06. Ciclos de Vida<\/a><\/span><\/strong><\/span><br \/><span style=\"font-size: 18pt;\"><strong><span style=\"font-family: arial, helvetica, sans-serif;\">Pr\u00f3xima P\u00e1gina: <a href=\"https:\/\/liag.ft.unicamp.br\/liagcopiateste\/08-areas-de-conhecimento\/\">08. \u00c1reas de Conhecimento<\/a><\/span><\/strong><\/span><\/h3>\n","protected":false},"excerpt":{"rendered":"<p>07. Tipos de Ciclo de Vida \u00a0 Preditivo (ou cascata): escopo, prazo e custo determinados nas fases iniciais. Altera\u00e7\u00f5es ao escopo s\u00e3o cuidadosamente gerenciadas. Iterativo: escopo \u00e9 determinado no in\u00edcio do ciclo de vida, mas prazo e custos s\u00e3o modificados com mais conhecimento do produto. Produto desenvolvido em s\u00e9rie de ciclos repetidos (itera\u00e7\u00f5es) que acrescentam [&hellip;]<\/p>\n","protected":false},"author":1,"featured_media":0,"parent":0,"menu_order":0,"comment_status":"closed","ping_status":"closed","template":"","meta":{"_monsterinsights_skip_tracking":false,"_monsterinsights_sitenote_active":false,"_monsterinsights_sitenote_note":"","_monsterinsights_sitenote_category":0,"footnotes":"","_links_to":"","_links_to_target":""},"class_list":["post-6279","page","type-page","status-publish","hentry"],"yoast_head":"<!-- This site is optimized with the Yoast SEO plugin v27.4 - https:\/\/yoast.com\/product\/yoast-seo-wordpress\/ -->\n<title>07. Tipos de Ciclo de Vida - LIAG c\u00f3pia teste<\/title>\n<meta name=\"robots\" content=\"index, follow, max-snippet:-1, max-image-preview:large, max-video-preview:-1\" \/>\n<link rel=\"canonical\" href=\"https:\/\/liag.ft.unicamp.br\/liagcopiateste\/07-tipos-de-ciclo-de-vida\/\" \/>\n<meta property=\"og:locale\" content=\"pt_BR\" \/>\n<meta property=\"og:type\" content=\"article\" \/>\n<meta property=\"og:title\" content=\"07. Tipos de Ciclo de Vida - LIAG c\u00f3pia teste\" \/>\n<meta property=\"og:description\" content=\"07. Tipos de Ciclo de Vida \u00a0 Preditivo (ou cascata): escopo, prazo e custo determinados nas fases iniciais. Altera\u00e7\u00f5es ao escopo s\u00e3o cuidadosamente gerenciadas. Iterativo: escopo \u00e9 determinado no in\u00edcio do ciclo de vida, mas prazo e custos s\u00e3o modificados com mais conhecimento do produto. Produto desenvolvido em s\u00e9rie de ciclos repetidos (itera\u00e7\u00f5es) que acrescentam [&hellip;]\" \/>\n<meta property=\"og:url\" content=\"https:\/\/liag.ft.unicamp.br\/liagcopiateste\/07-tipos-de-ciclo-de-vida\/\" \/>\n<meta property=\"og:site_name\" content=\"LIAG c\u00f3pia teste\" \/>\n<meta property=\"article:publisher\" content=\"https:\/\/www.facebook.com\/Liag-Laborat%c3%b3rio-de-inform%c3%a1tica-aprendizagem-e-gest%c3%a3o-245242555530637\/\" \/>\n<meta property=\"article:modified_time\" content=\"2020-05-30T20:33:38+00:00\" \/>\n<meta name=\"twitter:card\" content=\"summary_large_image\" \/>\n<meta name=\"twitter:label1\" content=\"Est. tempo de leitura\" \/>\n\t<meta name=\"twitter:data1\" content=\"1 minuto\" \/>\n<script type=\"application\/ld+json\" class=\"yoast-schema-graph\">{\"@context\":\"https:\\\/\\\/schema.org\",\"@graph\":[{\"@type\":\"WebPage\",\"@id\":\"https:\\\/\\\/liag.ft.unicamp.br\\\/liagcopiateste\\\/07-tipos-de-ciclo-de-vida\\\/\",\"url\":\"https:\\\/\\\/liag.ft.unicamp.br\\\/liagcopiateste\\\/07-tipos-de-ciclo-de-vida\\\/\",\"name\":\"07. Tipos de Ciclo de Vida - LIAG c\u00f3pia teste\",\"isPartOf\":{\"@id\":\"https:\\\/\\\/liag.ft.unicamp.br\\\/liagcopiateste\\\/#website\"},\"datePublished\":\"2020-05-30T18:40:40+00:00\",\"dateModified\":\"2020-05-30T20:33:38+00:00\",\"breadcrumb\":{\"@id\":\"https:\\\/\\\/liag.ft.unicamp.br\\\/liagcopiateste\\\/07-tipos-de-ciclo-de-vida\\\/#breadcrumb\"},\"inLanguage\":\"pt-BR\",\"potentialAction\":[{\"@type\":\"ReadAction\",\"target\":[\"https:\\\/\\\/liag.ft.unicamp.br\\\/liagcopiateste\\\/07-tipos-de-ciclo-de-vida\\\/\"]}]},{\"@type\":\"BreadcrumbList\",\"@id\":\"https:\\\/\\\/liag.ft.unicamp.br\\\/liagcopiateste\\\/07-tipos-de-ciclo-de-vida\\\/#breadcrumb\",\"itemListElement\":[{\"@type\":\"ListItem\",\"position\":1,\"name\":\"Home\",\"item\":\"https:\\\/\\\/liag.ft.unicamp.br\\\/liagcopiateste\\\/\"},{\"@type\":\"ListItem\",\"position\":2,\"name\":\"07. Tipos de Ciclo de Vida\"}]},{\"@type\":\"WebSite\",\"@id\":\"https:\\\/\\\/liag.ft.unicamp.br\\\/liagcopiateste\\\/#website\",\"url\":\"https:\\\/\\\/liag.ft.unicamp.br\\\/liagcopiateste\\\/\",\"name\":\"LIAG\",\"description\":\"Laborat\u00f3rio de Inform\u00e1tica, Aprendizado e Gest\u00e3o\",\"publisher\":{\"@id\":\"https:\\\/\\\/liag.ft.unicamp.br\\\/liagcopiateste\\\/#organization\"},\"potentialAction\":[{\"@type\":\"SearchAction\",\"target\":{\"@type\":\"EntryPoint\",\"urlTemplate\":\"https:\\\/\\\/liag.ft.unicamp.br\\\/liagcopiateste\\\/?s={search_term_string}\"},\"query-input\":{\"@type\":\"PropertyValueSpecification\",\"valueRequired\":true,\"valueName\":\"search_term_string\"}}],\"inLanguage\":\"pt-BR\"},{\"@type\":\"Organization\",\"@id\":\"https:\\\/\\\/liag.ft.unicamp.br\\\/liagcopiateste\\\/#organization\",\"name\":\"LIAG\",\"url\":\"https:\\\/\\\/liag.ft.unicamp.br\\\/liagcopiateste\\\/\",\"logo\":{\"@type\":\"ImageObject\",\"inLanguage\":\"pt-BR\",\"@id\":\"https:\\\/\\\/liag.ft.unicamp.br\\\/liagcopiateste\\\/#\\\/schema\\\/logo\\\/image\\\/\",\"url\":\"https:\\\/\\\/liag.ft.unicamp.br\\\/liagcopiateste\\\/wp-content\\\/uploads\\\/sites\\\/36\\\/2016\\\/10\\\/cropped-logo_liag.png\",\"contentUrl\":\"https:\\\/\\\/liag.ft.unicamp.br\\\/liagcopiateste\\\/wp-content\\\/uploads\\\/sites\\\/36\\\/2016\\\/10\\\/cropped-logo_liag.png\",\"width\":148,\"height\":80,\"caption\":\"LIAG\"},\"image\":{\"@id\":\"https:\\\/\\\/liag.ft.unicamp.br\\\/liagcopiateste\\\/#\\\/schema\\\/logo\\\/image\\\/\"},\"sameAs\":[\"https:\\\/\\\/www.facebook.com\\\/Liag-Laborat\u00f3rio-de-inform\u00e1tica-aprendizagem-e-gest\u00e3o-245242555530637\\\/\"]}]}<\/script>\n<!-- \/ Yoast SEO plugin. -->","yoast_head_json":{"title":"07. Tipos de Ciclo de Vida - LIAG c\u00f3pia teste","robots":{"index":"index","follow":"follow","max-snippet":"max-snippet:-1","max-image-preview":"max-image-preview:large","max-video-preview":"max-video-preview:-1"},"canonical":"https:\/\/liag.ft.unicamp.br\/liagcopiateste\/07-tipos-de-ciclo-de-vida\/","og_locale":"pt_BR","og_type":"article","og_title":"07. Tipos de Ciclo de Vida - LIAG c\u00f3pia teste","og_description":"07. Tipos de Ciclo de Vida \u00a0 Preditivo (ou cascata): escopo, prazo e custo determinados nas fases iniciais. Altera\u00e7\u00f5es ao escopo s\u00e3o cuidadosamente gerenciadas. Iterativo: escopo \u00e9 determinado no in\u00edcio do ciclo de vida, mas prazo e custos s\u00e3o modificados com mais conhecimento do produto. Produto desenvolvido em s\u00e9rie de ciclos repetidos (itera\u00e7\u00f5es) que acrescentam [&hellip;]","og_url":"https:\/\/liag.ft.unicamp.br\/liagcopiateste\/07-tipos-de-ciclo-de-vida\/","og_site_name":"LIAG c\u00f3pia teste","article_publisher":"https:\/\/www.facebook.com\/Liag-Laborat%c3%b3rio-de-inform%c3%a1tica-aprendizagem-e-gest%c3%a3o-245242555530637\/","article_modified_time":"2020-05-30T20:33:38+00:00","twitter_card":"summary_large_image","twitter_misc":{"Est. tempo de leitura":"1 minuto"},"schema":{"@context":"https:\/\/schema.org","@graph":[{"@type":"WebPage","@id":"https:\/\/liag.ft.unicamp.br\/liagcopiateste\/07-tipos-de-ciclo-de-vida\/","url":"https:\/\/liag.ft.unicamp.br\/liagcopiateste\/07-tipos-de-ciclo-de-vida\/","name":"07. Tipos de Ciclo de Vida - LIAG c\u00f3pia teste","isPartOf":{"@id":"https:\/\/liag.ft.unicamp.br\/liagcopiateste\/#website"},"datePublished":"2020-05-30T18:40:40+00:00","dateModified":"2020-05-30T20:33:38+00:00","breadcrumb":{"@id":"https:\/\/liag.ft.unicamp.br\/liagcopiateste\/07-tipos-de-ciclo-de-vida\/#breadcrumb"},"inLanguage":"pt-BR","potentialAction":[{"@type":"ReadAction","target":["https:\/\/liag.ft.unicamp.br\/liagcopiateste\/07-tipos-de-ciclo-de-vida\/"]}]},{"@type":"BreadcrumbList","@id":"https:\/\/liag.ft.unicamp.br\/liagcopiateste\/07-tipos-de-ciclo-de-vida\/#breadcrumb","itemListElement":[{"@type":"ListItem","position":1,"name":"Home","item":"https:\/\/liag.ft.unicamp.br\/liagcopiateste\/"},{"@type":"ListItem","position":2,"name":"07. Tipos de Ciclo de Vida"}]},{"@type":"WebSite","@id":"https:\/\/liag.ft.unicamp.br\/liagcopiateste\/#website","url":"https:\/\/liag.ft.unicamp.br\/liagcopiateste\/","name":"LIAG","description":"Laborat\u00f3rio de Inform\u00e1tica, Aprendizado e Gest\u00e3o","publisher":{"@id":"https:\/\/liag.ft.unicamp.br\/liagcopiateste\/#organization"},"potentialAction":[{"@type":"SearchAction","target":{"@type":"EntryPoint","urlTemplate":"https:\/\/liag.ft.unicamp.br\/liagcopiateste\/?s={search_term_string}"},"query-input":{"@type":"PropertyValueSpecification","valueRequired":true,"valueName":"search_term_string"}}],"inLanguage":"pt-BR"},{"@type":"Organization","@id":"https:\/\/liag.ft.unicamp.br\/liagcopiateste\/#organization","name":"LIAG","url":"https:\/\/liag.ft.unicamp.br\/liagcopiateste\/","logo":{"@type":"ImageObject","inLanguage":"pt-BR","@id":"https:\/\/liag.ft.unicamp.br\/liagcopiateste\/#\/schema\/logo\/image\/","url":"https:\/\/liag.ft.unicamp.br\/liagcopiateste\/wp-content\/uploads\/sites\/36\/2016\/10\/cropped-logo_liag.png","contentUrl":"https:\/\/liag.ft.unicamp.br\/liagcopiateste\/wp-content\/uploads\/sites\/36\/2016\/10\/cropped-logo_liag.png","width":148,"height":80,"caption":"LIAG"},"image":{"@id":"https:\/\/liag.ft.unicamp.br\/liagcopiateste\/#\/schema\/logo\/image\/"},"sameAs":["https:\/\/www.facebook.com\/Liag-Laborat\u00f3rio-de-inform\u00e1tica-aprendizagem-e-gest\u00e3o-245242555530637\/"]}]}},"wps_subtitle":"","_links":{"self":[{"href":"https:\/\/liag.ft.unicamp.br\/liagcopiateste\/wp-json\/wp\/v2\/pages\/6279","targetHints":{"allow":["GET"]}}],"collection":[{"href":"https:\/\/liag.ft.unicamp.br\/liagcopiateste\/wp-json\/wp\/v2\/pages"}],"about":[{"href":"https:\/\/liag.ft.unicamp.br\/liagcopiateste\/wp-json\/wp\/v2\/types\/page"}],"author":[{"embeddable":true,"href":"https:\/\/liag.ft.unicamp.br\/liagcopiateste\/wp-json\/wp\/v2\/users\/1"}],"replies":[{"embeddable":true,"href":"https:\/\/liag.ft.unicamp.br\/liagcopiateste\/wp-json\/wp\/v2\/comments?post=6279"}],"version-history":[{"count":3,"href":"https:\/\/liag.ft.unicamp.br\/liagcopiateste\/wp-json\/wp\/v2\/pages\/6279\/revisions"}],"predecessor-version":[{"id":6383,"href":"https:\/\/liag.ft.unicamp.br\/liagcopiateste\/wp-json\/wp\/v2\/pages\/6279\/revisions\/6383"}],"wp:attachment":[{"href":"https:\/\/liag.ft.unicamp.br\/liagcopiateste\/wp-json\/wp\/v2\/media?parent=6279"}],"curies":[{"name":"wp","href":"https:\/\/api.w.org\/{rel}","templated":true}]}}