{"id":6639,"date":"2020-10-08T12:35:32","date_gmt":"2020-10-08T15:35:32","guid":{"rendered":"http:\/\/liag.ft.unicamp.br\/liagcopiateste\/?page_id=6639"},"modified":"2021-01-22T14:01:26","modified_gmt":"2021-01-22T17:01:26","slug":"estrutura-de-um-erp","status":"publish","type":"page","link":"https:\/\/liag.ft.unicamp.br\/liagcopiateste\/estrutura-de-um-erp\/","title":{"rendered":"Sistemas para gest\u00e3o empresarial"},"content":{"rendered":"<p><iframe title=\"Aula07.1 - ERP\" width=\"630\" height=\"354\" src=\"https:\/\/www.youtube.com\/embed\/XFv4DRBLRl8?feature=oembed\" frameborder=\"0\" allow=\"accelerometer; autoplay; clipboard-write; encrypted-media; gyroscope; picture-in-picture; web-share\" referrerpolicy=\"strict-origin-when-cross-origin\" allowfullscreen><\/iframe><\/p>\n<p><span style=\"font-family: arial black, sans-serif;\">Estruturas de um ERP<\/span><\/p>\n<p><strong>O que \u00e9 ERP?<\/strong><\/p>\n<p>ERP \u00e9 um sistema de informa\u00e7\u00e3o amplo da empresa que integra todas as informa\u00e7\u00f5es de diferentes fun\u00e7\u00f5es, necess\u00e1rias ao planejamento e controle das atividades de opera\u00e7\u00f5es. Essa integra\u00e7\u00e3o ao redor de um banco de dados comum permite maior transpar\u00eancia.<strong>\u00a0<\/strong><\/p>\n<p><strong>Hist\u00f3rico<\/strong><\/p>\n<p>A IBM disponibilizava gratuitamente alguns pacotes internos de softwares juntamente com o mainframe. Esses pacotes de dados foram evoluindo e se tornaram o que hoje conhecemos por ERP.<\/p>\n<p>Dada uma agressiva e muito bem sucedida estrat\u00e9gia de vendas associada \u00e0 promessa de um sistema padr\u00e3o que facilitasse o controle e a organiza\u00e7\u00e3o das empresas globalmente, hoje os ERPs s\u00e3o preponderantes. O marketing desses produtos soube centrar as vantagens em quest\u00f5es de <em>business<\/em> e n\u00e3o tecnol\u00f3gicas.<\/p>\n<p><strong>Alguns exemplos de ERP\u2019s<\/strong><\/p>\n<p>SAP (maior ERP do mundo), Oracle, MS, Totvs (maior ERP da Am\u00e9rica Latina, empresa que incorporou a \u00a0Microsiga e a Datasul, entre outras), etc.<\/p>\n<p><strong>Vantagens e desvantagens<\/strong><\/p>\n<p>&#8211; Integra\u00e7\u00e3o entre todos os m\u00f3dulos<\/p>\n<p>&#8211; Padr\u00e3o \u00fanico mundial<\/p>\n<p>&#8211; Integra\u00e7\u00e3o entre filiais mundialmente<\/p>\n<p>&#8211; Custo muito alto e fixo<\/p>\n<p>&#8211; Inflexibilidade nos processos<strong>\u00a0<\/strong><\/p>\n<p><strong>Estrat\u00e9gias de implanta\u00e7\u00e3o<\/strong><\/p>\n<p>&#8211; Mapeamento de processos<\/p>\n<p>&#8211; Alinhamento entre processos internos e padr\u00f5es do ERP<\/p>\n<p>&#8211; Desenvolvimento de <em>customiza\u00e7\u00f5es<\/em><\/p>\n<p>&#8211; Treinamento da equipe<\/p>\n<p>&#8211; Implanta\u00e7\u00e3o paralela (opcional e bastante custosa, mas que minimiza riscos)<\/p>\n<p>&#8211; Implanta\u00e7\u00e3o setorial: evita maiores riscos mais aumenta muito custos com integra\u00e7\u00f5es entre m\u00f3dulos<\/p>\n<p>&#8211; Implanta\u00e7\u00e3o <em>big-bang<\/em>: em um certo momento toda a empresa come\u00e7a a usar somente o ERP.<\/p>\n<div id=\"attachment_6811\" style=\"width: 810px\" class=\"wp-caption aligncenter\"><a href=\"https:\/\/liag.ft.unicamp.br\/liagcopiateste\/wp-content\/uploads\/sites\/36\/2021\/01\/imagem-erp.png\"><img fetchpriority=\"high\" decoding=\"async\" aria-describedby=\"caption-attachment-6811\" class=\"wp-image-6811 size-full\" src=\"https:\/\/liag.ft.unicamp.br\/liagcopiateste\/wp-content\/uploads\/sites\/36\/2021\/01\/imagem-erp.png\" alt=\"\" width=\"800\" height=\"533\" srcset=\"https:\/\/liag.ft.unicamp.br\/liagcopiateste\/wp-content\/uploads\/sites\/36\/2021\/01\/imagem-erp.png 800w, https:\/\/liag.ft.unicamp.br\/liagcopiateste\/wp-content\/uploads\/sites\/36\/2021\/01\/imagem-erp-300x200.png 300w, https:\/\/liag.ft.unicamp.br\/liagcopiateste\/wp-content\/uploads\/sites\/36\/2021\/01\/imagem-erp-768x512.png 768w\" sizes=\"(max-width: 800px) 100vw, 800px\" \/><\/a><p id=\"caption-attachment-6811\" class=\"wp-caption-text\">Imagem 1: Modelo simplificado de um banco de dados de um ERP<\/p><\/div>\n<p><a href=\"https:\/\/liag.ft.unicamp.br\/liagcopiateste\/bpm\/\"><span style=\"font-family: arial, helvetica, sans-serif;\">I &#8211; BPM<\/span><\/a><\/p>\n<p><a href=\"https:\/\/liag.ft.unicamp.br\/liagcopiateste\/financeira\/\"><span style=\"font-family: arial, helvetica, sans-serif;\">II &#8211; Financeira<\/span><\/a><\/p>\n<p><a href=\"https:\/\/liag.ft.unicamp.br\/liagcopiateste\/suporte\/\"><span style=\"font-family: arial, helvetica, sans-serif;\">III &#8211; Suporte<\/span><\/a><\/p>\n<p><a href=\"https:\/\/liag.ft.unicamp.br\/liagcopiateste\/producao\/\"><span style=\"font-family: arial, helvetica, sans-serif;\">IV &#8211; Produ\u00e7\u00e3o<\/span><\/a><\/p>\n<p><a href=\"https:\/\/liag.ft.unicamp.br\/liagcopiateste\/vendas\/\"><span style=\"font-family: arial, helvetica, sans-serif;\">V &#8211; Vendas<\/span><\/a><\/p>\n<p><a href=\"https:\/\/liag.ft.unicamp.br\/liagcopiateste\/compras\/\"><span style=\"font-family: arial, helvetica, sans-serif;\">VI &#8211; Compras<\/span><\/a><\/p>\n<p><a href=\"https:\/\/liag.ft.unicamp.br\/liagcopiateste\/logistica-e-distribuicao\/\"><span style=\"font-family: arial, helvetica, sans-serif;\">VII &#8211; Log\u00edstica e distribui\u00e7\u00e3o<\/span><\/a><\/p>\n<p><a href=\"https:\/\/liag.ft.unicamp.br\/liagcopiateste\/controle-de-estoque\/\"><span style=\"font-family: arial, helvetica, sans-serif;\">VIII &#8211; Controle de estoque<\/span><\/a><\/p>\n<p><a href=\"https:\/\/liag.ft.unicamp.br\/liagcopiateste\/outros-sistemas-e-solucoes\/\"><span style=\"font-family: arial, helvetica, sans-serif;\">IX &#8211; Outros sistemas e solu\u00e7\u00f5es<\/span><\/a><\/p>\n\n\n<div class=\"wp-block-buttons aligncenter is-layout-flex wp-block-buttons-is-layout-flex\">\n<div class=\"wp-block-button\"><a class=\"wp-block-button__link\" href=\"https:\/\/liag.ft.unicamp.br\/liagcopiateste\/lean\/\">Lean<\/a><\/div>\n<\/div>\n\n\n","protected":false},"excerpt":{"rendered":"<p>Estruturas de um ERP O que \u00e9 ERP? ERP \u00e9 um sistema de informa\u00e7\u00e3o amplo da empresa que integra todas as informa\u00e7\u00f5es de diferentes fun\u00e7\u00f5es, necess\u00e1rias ao planejamento e controle das atividades de opera\u00e7\u00f5es. Essa integra\u00e7\u00e3o ao redor de um banco de dados comum permite maior transpar\u00eancia.\u00a0 Hist\u00f3rico A IBM disponibilizava gratuitamente alguns pacotes internos [&hellip;]<\/p>\n","protected":false},"author":1,"featured_media":0,"parent":0,"menu_order":0,"comment_status":"closed","ping_status":"closed","template":"","meta":{"_monsterinsights_skip_tracking":false,"_monsterinsights_sitenote_active":false,"_monsterinsights_sitenote_note":"","_monsterinsights_sitenote_category":0,"footnotes":"","_links_to":"","_links_to_target":""},"class_list":["post-6639","page","type-page","status-publish","hentry"],"yoast_head":"<!-- This site is optimized with the Yoast SEO plugin v27.4 - https:\/\/yoast.com\/product\/yoast-seo-wordpress\/ -->\n<title>Sistemas para gest\u00e3o empresarial - LIAG c\u00f3pia teste<\/title>\n<meta name=\"robots\" content=\"index, follow, max-snippet:-1, max-image-preview:large, max-video-preview:-1\" \/>\n<link rel=\"canonical\" href=\"https:\/\/liag.ft.unicamp.br\/liagcopiateste\/estrutura-de-um-erp\/\" \/>\n<meta property=\"og:locale\" content=\"pt_BR\" \/>\n<meta property=\"og:type\" content=\"article\" \/>\n<meta property=\"og:title\" content=\"Sistemas para gest\u00e3o empresarial - LIAG c\u00f3pia teste\" \/>\n<meta property=\"og:description\" content=\"Estruturas de um ERP O que \u00e9 ERP? ERP \u00e9 um sistema de informa\u00e7\u00e3o amplo da empresa que integra todas as informa\u00e7\u00f5es de diferentes fun\u00e7\u00f5es, necess\u00e1rias ao planejamento e controle das atividades de opera\u00e7\u00f5es. Essa integra\u00e7\u00e3o ao redor de um banco de dados comum permite maior transpar\u00eancia.\u00a0 Hist\u00f3rico A IBM disponibilizava gratuitamente alguns pacotes internos [&hellip;]\" \/>\n<meta property=\"og:url\" content=\"https:\/\/liag.ft.unicamp.br\/liagcopiateste\/estrutura-de-um-erp\/\" \/>\n<meta property=\"og:site_name\" content=\"LIAG c\u00f3pia teste\" \/>\n<meta property=\"article:publisher\" content=\"https:\/\/www.facebook.com\/Liag-Laborat%c3%b3rio-de-inform%c3%a1tica-aprendizagem-e-gest%c3%a3o-245242555530637\/\" \/>\n<meta property=\"article:modified_time\" content=\"2021-01-22T17:01:26+00:00\" \/>\n<meta property=\"og:image\" content=\"https:\/\/liag.ft.unicamp.br\/liagcopiateste\/wp-content\/uploads\/sites\/36\/2021\/01\/imagem-erp.png\" \/>\n<meta name=\"twitter:card\" content=\"summary_large_image\" \/>\n<meta name=\"twitter:label1\" content=\"Est. tempo de leitura\" \/>\n\t<meta name=\"twitter:data1\" content=\"2 minutos\" \/>\n<script type=\"application\/ld+json\" class=\"yoast-schema-graph\">{\"@context\":\"https:\\\/\\\/schema.org\",\"@graph\":[{\"@type\":\"WebPage\",\"@id\":\"https:\\\/\\\/liag.ft.unicamp.br\\\/liagcopiateste\\\/estrutura-de-um-erp\\\/\",\"url\":\"https:\\\/\\\/liag.ft.unicamp.br\\\/liagcopiateste\\\/estrutura-de-um-erp\\\/\",\"name\":\"Sistemas para gest\u00e3o empresarial - LIAG c\u00f3pia teste\",\"isPartOf\":{\"@id\":\"https:\\\/\\\/liag.ft.unicamp.br\\\/liagcopiateste\\\/#website\"},\"primaryImageOfPage\":{\"@id\":\"https:\\\/\\\/liag.ft.unicamp.br\\\/liagcopiateste\\\/estrutura-de-um-erp\\\/#primaryimage\"},\"image\":{\"@id\":\"https:\\\/\\\/liag.ft.unicamp.br\\\/liagcopiateste\\\/estrutura-de-um-erp\\\/#primaryimage\"},\"thumbnailUrl\":\"https:\\\/\\\/liag.ft.unicamp.br\\\/liagcopiateste\\\/wp-content\\\/uploads\\\/sites\\\/36\\\/2021\\\/01\\\/imagem-erp.png\",\"datePublished\":\"2020-10-08T15:35:32+00:00\",\"dateModified\":\"2021-01-22T17:01:26+00:00\",\"breadcrumb\":{\"@id\":\"https:\\\/\\\/liag.ft.unicamp.br\\\/liagcopiateste\\\/estrutura-de-um-erp\\\/#breadcrumb\"},\"inLanguage\":\"pt-BR\",\"potentialAction\":[{\"@type\":\"ReadAction\",\"target\":[\"https:\\\/\\\/liag.ft.unicamp.br\\\/liagcopiateste\\\/estrutura-de-um-erp\\\/\"]}]},{\"@type\":\"ImageObject\",\"inLanguage\":\"pt-BR\",\"@id\":\"https:\\\/\\\/liag.ft.unicamp.br\\\/liagcopiateste\\\/estrutura-de-um-erp\\\/#primaryimage\",\"url\":\"https:\\\/\\\/liag.ft.unicamp.br\\\/liagcopiateste\\\/wp-content\\\/uploads\\\/sites\\\/36\\\/2021\\\/01\\\/imagem-erp.png\",\"contentUrl\":\"https:\\\/\\\/liag.ft.unicamp.br\\\/liagcopiateste\\\/wp-content\\\/uploads\\\/sites\\\/36\\\/2021\\\/01\\\/imagem-erp.png\",\"width\":800,\"height\":533},{\"@type\":\"BreadcrumbList\",\"@id\":\"https:\\\/\\\/liag.ft.unicamp.br\\\/liagcopiateste\\\/estrutura-de-um-erp\\\/#breadcrumb\",\"itemListElement\":[{\"@type\":\"ListItem\",\"position\":1,\"name\":\"Home\",\"item\":\"https:\\\/\\\/liag.ft.unicamp.br\\\/liagcopiateste\\\/\"},{\"@type\":\"ListItem\",\"position\":2,\"name\":\"Sistemas para gest\u00e3o empresarial\"}]},{\"@type\":\"WebSite\",\"@id\":\"https:\\\/\\\/liag.ft.unicamp.br\\\/liagcopiateste\\\/#website\",\"url\":\"https:\\\/\\\/liag.ft.unicamp.br\\\/liagcopiateste\\\/\",\"name\":\"LIAG\",\"description\":\"Laborat\u00f3rio de Inform\u00e1tica, Aprendizado e Gest\u00e3o\",\"publisher\":{\"@id\":\"https:\\\/\\\/liag.ft.unicamp.br\\\/liagcopiateste\\\/#organization\"},\"potentialAction\":[{\"@type\":\"SearchAction\",\"target\":{\"@type\":\"EntryPoint\",\"urlTemplate\":\"https:\\\/\\\/liag.ft.unicamp.br\\\/liagcopiateste\\\/?s={search_term_string}\"},\"query-input\":{\"@type\":\"PropertyValueSpecification\",\"valueRequired\":true,\"valueName\":\"search_term_string\"}}],\"inLanguage\":\"pt-BR\"},{\"@type\":\"Organization\",\"@id\":\"https:\\\/\\\/liag.ft.unicamp.br\\\/liagcopiateste\\\/#organization\",\"name\":\"LIAG\",\"url\":\"https:\\\/\\\/liag.ft.unicamp.br\\\/liagcopiateste\\\/\",\"logo\":{\"@type\":\"ImageObject\",\"inLanguage\":\"pt-BR\",\"@id\":\"https:\\\/\\\/liag.ft.unicamp.br\\\/liagcopiateste\\\/#\\\/schema\\\/logo\\\/image\\\/\",\"url\":\"https:\\\/\\\/liag.ft.unicamp.br\\\/liagcopiateste\\\/wp-content\\\/uploads\\\/sites\\\/36\\\/2016\\\/10\\\/cropped-logo_liag.png\",\"contentUrl\":\"https:\\\/\\\/liag.ft.unicamp.br\\\/liagcopiateste\\\/wp-content\\\/uploads\\\/sites\\\/36\\\/2016\\\/10\\\/cropped-logo_liag.png\",\"width\":148,\"height\":80,\"caption\":\"LIAG\"},\"image\":{\"@id\":\"https:\\\/\\\/liag.ft.unicamp.br\\\/liagcopiateste\\\/#\\\/schema\\\/logo\\\/image\\\/\"},\"sameAs\":[\"https:\\\/\\\/www.facebook.com\\\/Liag-Laborat\u00f3rio-de-inform\u00e1tica-aprendizagem-e-gest\u00e3o-245242555530637\\\/\"]}]}<\/script>\n<!-- \/ Yoast SEO plugin. -->","yoast_head_json":{"title":"Sistemas para gest\u00e3o empresarial - LIAG c\u00f3pia teste","robots":{"index":"index","follow":"follow","max-snippet":"max-snippet:-1","max-image-preview":"max-image-preview:large","max-video-preview":"max-video-preview:-1"},"canonical":"https:\/\/liag.ft.unicamp.br\/liagcopiateste\/estrutura-de-um-erp\/","og_locale":"pt_BR","og_type":"article","og_title":"Sistemas para gest\u00e3o empresarial - LIAG c\u00f3pia teste","og_description":"Estruturas de um ERP O que \u00e9 ERP? ERP \u00e9 um sistema de informa\u00e7\u00e3o amplo da empresa que integra todas as informa\u00e7\u00f5es de diferentes fun\u00e7\u00f5es, necess\u00e1rias ao planejamento e controle das atividades de opera\u00e7\u00f5es. Essa integra\u00e7\u00e3o ao redor de um banco de dados comum permite maior transpar\u00eancia.\u00a0 Hist\u00f3rico A IBM disponibilizava gratuitamente alguns pacotes internos [&hellip;]","og_url":"https:\/\/liag.ft.unicamp.br\/liagcopiateste\/estrutura-de-um-erp\/","og_site_name":"LIAG c\u00f3pia teste","article_publisher":"https:\/\/www.facebook.com\/Liag-Laborat%c3%b3rio-de-inform%c3%a1tica-aprendizagem-e-gest%c3%a3o-245242555530637\/","article_modified_time":"2021-01-22T17:01:26+00:00","og_image":[{"url":"https:\/\/liag.ft.unicamp.br\/liagcopiateste\/wp-content\/uploads\/sites\/36\/2021\/01\/imagem-erp.png","type":"","width":"","height":""}],"twitter_card":"summary_large_image","twitter_misc":{"Est. tempo de leitura":"2 minutos"},"schema":{"@context":"https:\/\/schema.org","@graph":[{"@type":"WebPage","@id":"https:\/\/liag.ft.unicamp.br\/liagcopiateste\/estrutura-de-um-erp\/","url":"https:\/\/liag.ft.unicamp.br\/liagcopiateste\/estrutura-de-um-erp\/","name":"Sistemas para gest\u00e3o empresarial - LIAG c\u00f3pia teste","isPartOf":{"@id":"https:\/\/liag.ft.unicamp.br\/liagcopiateste\/#website"},"primaryImageOfPage":{"@id":"https:\/\/liag.ft.unicamp.br\/liagcopiateste\/estrutura-de-um-erp\/#primaryimage"},"image":{"@id":"https:\/\/liag.ft.unicamp.br\/liagcopiateste\/estrutura-de-um-erp\/#primaryimage"},"thumbnailUrl":"https:\/\/liag.ft.unicamp.br\/liagcopiateste\/wp-content\/uploads\/sites\/36\/2021\/01\/imagem-erp.png","datePublished":"2020-10-08T15:35:32+00:00","dateModified":"2021-01-22T17:01:26+00:00","breadcrumb":{"@id":"https:\/\/liag.ft.unicamp.br\/liagcopiateste\/estrutura-de-um-erp\/#breadcrumb"},"inLanguage":"pt-BR","potentialAction":[{"@type":"ReadAction","target":["https:\/\/liag.ft.unicamp.br\/liagcopiateste\/estrutura-de-um-erp\/"]}]},{"@type":"ImageObject","inLanguage":"pt-BR","@id":"https:\/\/liag.ft.unicamp.br\/liagcopiateste\/estrutura-de-um-erp\/#primaryimage","url":"https:\/\/liag.ft.unicamp.br\/liagcopiateste\/wp-content\/uploads\/sites\/36\/2021\/01\/imagem-erp.png","contentUrl":"https:\/\/liag.ft.unicamp.br\/liagcopiateste\/wp-content\/uploads\/sites\/36\/2021\/01\/imagem-erp.png","width":800,"height":533},{"@type":"BreadcrumbList","@id":"https:\/\/liag.ft.unicamp.br\/liagcopiateste\/estrutura-de-um-erp\/#breadcrumb","itemListElement":[{"@type":"ListItem","position":1,"name":"Home","item":"https:\/\/liag.ft.unicamp.br\/liagcopiateste\/"},{"@type":"ListItem","position":2,"name":"Sistemas para gest\u00e3o empresarial"}]},{"@type":"WebSite","@id":"https:\/\/liag.ft.unicamp.br\/liagcopiateste\/#website","url":"https:\/\/liag.ft.unicamp.br\/liagcopiateste\/","name":"LIAG","description":"Laborat\u00f3rio de Inform\u00e1tica, Aprendizado e Gest\u00e3o","publisher":{"@id":"https:\/\/liag.ft.unicamp.br\/liagcopiateste\/#organization"},"potentialAction":[{"@type":"SearchAction","target":{"@type":"EntryPoint","urlTemplate":"https:\/\/liag.ft.unicamp.br\/liagcopiateste\/?s={search_term_string}"},"query-input":{"@type":"PropertyValueSpecification","valueRequired":true,"valueName":"search_term_string"}}],"inLanguage":"pt-BR"},{"@type":"Organization","@id":"https:\/\/liag.ft.unicamp.br\/liagcopiateste\/#organization","name":"LIAG","url":"https:\/\/liag.ft.unicamp.br\/liagcopiateste\/","logo":{"@type":"ImageObject","inLanguage":"pt-BR","@id":"https:\/\/liag.ft.unicamp.br\/liagcopiateste\/#\/schema\/logo\/image\/","url":"https:\/\/liag.ft.unicamp.br\/liagcopiateste\/wp-content\/uploads\/sites\/36\/2016\/10\/cropped-logo_liag.png","contentUrl":"https:\/\/liag.ft.unicamp.br\/liagcopiateste\/wp-content\/uploads\/sites\/36\/2016\/10\/cropped-logo_liag.png","width":148,"height":80,"caption":"LIAG"},"image":{"@id":"https:\/\/liag.ft.unicamp.br\/liagcopiateste\/#\/schema\/logo\/image\/"},"sameAs":["https:\/\/www.facebook.com\/Liag-Laborat\u00f3rio-de-inform\u00e1tica-aprendizagem-e-gest\u00e3o-245242555530637\/"]}]}},"wps_subtitle":"","_links":{"self":[{"href":"https:\/\/liag.ft.unicamp.br\/liagcopiateste\/wp-json\/wp\/v2\/pages\/6639","targetHints":{"allow":["GET"]}}],"collection":[{"href":"https:\/\/liag.ft.unicamp.br\/liagcopiateste\/wp-json\/wp\/v2\/pages"}],"about":[{"href":"https:\/\/liag.ft.unicamp.br\/liagcopiateste\/wp-json\/wp\/v2\/types\/page"}],"author":[{"embeddable":true,"href":"https:\/\/liag.ft.unicamp.br\/liagcopiateste\/wp-json\/wp\/v2\/users\/1"}],"replies":[{"embeddable":true,"href":"https:\/\/liag.ft.unicamp.br\/liagcopiateste\/wp-json\/wp\/v2\/comments?post=6639"}],"version-history":[{"count":14,"href":"https:\/\/liag.ft.unicamp.br\/liagcopiateste\/wp-json\/wp\/v2\/pages\/6639\/revisions"}],"predecessor-version":[{"id":6817,"href":"https:\/\/liag.ft.unicamp.br\/liagcopiateste\/wp-json\/wp\/v2\/pages\/6639\/revisions\/6817"}],"wp:attachment":[{"href":"https:\/\/liag.ft.unicamp.br\/liagcopiateste\/wp-json\/wp\/v2\/media?parent=6639"}],"curies":[{"name":"wp","href":"https:\/\/api.w.org\/{rel}","templated":true}]}}