{"id":6744,"date":"2020-12-01T18:24:34","date_gmt":"2020-12-01T21:24:34","guid":{"rendered":"http:\/\/liag.ft.unicamp.br\/liagcopiateste\/?page_id=6744"},"modified":"2021-01-22T14:00:12","modified_gmt":"2021-01-22T17:00:12","slug":"planejamento-estrategico","status":"publish","type":"page","link":"https:\/\/liag.ft.unicamp.br\/liagcopiateste\/planejamento-estrategico\/","title":{"rendered":"Planejamento Estrat\u00e9gico"},"content":{"rendered":"<p><iframe title=\"Aula07.2 - Planejamento Estrat\u00e9gico\" width=\"630\" height=\"354\" src=\"https:\/\/www.youtube.com\/embed\/oJmTQIG0-n0?feature=oembed\" frameborder=\"0\" allow=\"accelerometer; autoplay; clipboard-write; encrypted-media; gyroscope; picture-in-picture; web-share\" referrerpolicy=\"strict-origin-when-cross-origin\" allowfullscreen><\/iframe><\/p>\n<p><strong>-Miss\u00e3o<\/strong><\/p>\n<p>Qual a miss\u00e3o da empresa? Para o que a empresa existe?<\/p>\n<p>Exemplo bandej\u00e3o: Alimentar a comunidade da FT com baixo custo e de forma saud\u00e1vel.<\/p>\n<p><strong>-Vis\u00e3o<\/strong><\/p>\n<p>Onde a empresa quer chegar? (Meta) Deve conter uma data alvo (ou, no exemplo abaixo, sempre)<\/p>\n<p>Exemplo bandej\u00e3o:<\/p>\n<p>&#8211; Ser sempre reconhecido pela comunidade como a melhor forma de se alimentar.<\/p>\n<p>&#8211; Ser a op\u00e7\u00e3o mais barata da comunidade fazer uma refei\u00e7\u00e3o saud\u00e1vel e balanceada a partir de jan\/2016.<\/p>\n<p><strong>-Princ\u00edpios<\/strong><\/p>\n<p>O que a empresa n\u00e3o abre m\u00e3o<\/p>\n<p>Exemplo bandej\u00e3o: Comida que n\u00e3o faz mal.<\/p>\n<p><strong>-Valores<\/strong><\/p>\n<p>N\u00e3o \u00e9 algo t\u00e3o fundamental como os princ\u00edpios. Valoriza caso a empresa tenha<\/p>\n<p>Exemplo bandej\u00e3o: Comida ser gostosa<\/p>\n<p><strong>-SWOT ou FOFA<\/strong><\/p>\n<p>Strenghts, Weaknesses, Opportunities, Threats<\/p>\n<p>For\u00e7as, Fraquezas, Oportunidades e Amea\u00e7as<\/p>\n<table>\n<tbody>\n<tr>\n<td width=\"199\">\n<p><strong>&nbsp;<\/strong><\/p>\n<\/td>\n<td width=\"200\">\n<p><strong>Ajuda (+)<\/strong><\/p>\n<\/td>\n<td width=\"200\">\n<p><strong>Atrapalha (-)<\/strong><\/p>\n<\/td>\n<\/tr>\n<tr>\n<td width=\"199\">\n<p><strong>Interno<\/strong><\/p>\n<\/td>\n<td width=\"200\">\n<p>S<\/p>\n<\/td>\n<td width=\"200\">\n<p>W<\/p>\n<\/td>\n<\/tr>\n<tr>\n<td width=\"199\">\n<p><strong>Externo<\/strong><\/p>\n<\/td>\n<td width=\"200\">\n<p>O<\/p>\n<\/td>\n<td width=\"200\">\n<p>T<\/p>\n<\/td>\n<\/tr>\n<\/tbody>\n<\/table>\n<p>Exemplo: jovens que acabaram de se formar na Unicamp:<\/p>\n<p>S \u2013 boa forma\u00e7\u00e3o;<\/p>\n<p>W \u2013 falta de experi\u00eancia;<\/p>\n<p>O \u2013 Mercado aquecido;<\/p>\n<p>T \u2013 Crise no exterior;<strong>&nbsp;<\/strong><\/p>\n<p><strong>Metas<\/strong><\/p>\n<p>H\u00e1 uma vis\u00e3o corporativa, de alto n\u00edvel, apresentada na miss\u00e3o e vis\u00e3o, e sob controle da alta dire\u00e7\u00e3o.<\/p>\n<p>E existe o planejamento para o pr\u00f3ximo ano, definindo metas espec\u00edficas que ir\u00e3o ajudar a empresa a buscar sua meta de longo prazo.<\/p>\n<p><strong>KPI \u2013 Key Proccess Indicator<\/strong><\/p>\n<p>&nbsp;&nbsp;&nbsp;&nbsp;&nbsp;&nbsp;&nbsp;&nbsp;&nbsp;&nbsp;&nbsp; \u00c9 uma m\u00e9trica, um indicador chave da empresa, que \u00e9 calculada de forma clara, sem dubiedades, e acompanhada por toda a empresa.<strong>&nbsp;<\/strong><\/p>\n<p><strong>BSC \u2013 Balance Scorecard<\/strong><\/p>\n<p>Integra\u00e7\u00e3o e balanceamento dos principais indicadores de desempenho. \u00c9 uma estrat\u00e9gia para conseguir equilibrar KPIs com v\u00e1rios focos distintos. Para cada KPI, deve ser definida uma meta macro que a empresa deve alcan\u00e7ar no pr\u00f3ximo ano.<\/p>\n<p>Pilares:<\/p>\n<ul>\n<li>Financeira: dinheiro, a empresa existe para ganhar dinheiro, faturamento, lucro EBITDA;<\/li>\n<li>Clientes: n\u00edvel de satisfa\u00e7\u00e3o, tomar medidas associadas ao cliente;<\/li>\n<li>Processos internos: Ser\u00e1 que a empresa est\u00e1 eficiente? Custos bons? Defeitos? Custo da administra\u00e7\u00e3o \u00e9 alto?<\/li>\n<li>Aprendizagem\/Crescimento: Itens que precisam ser melhorados como: Capacita\u00e7\u00e3o dos funcion\u00e1rios, pesquisa de novos produtos, capacidade de crescer no futuro.<\/li>\n<\/ul>\n<p><strong>Desdobramento<\/strong><\/p>\n<ul>\n<li>Defini\u00e7\u00e3o de metas<\/li>\n<li>Mostra cockpit: Painel geral de avi\u00e3o, visualmente f\u00e1cil de observar e de entender. Met\u00e1fora usada para ferramenta de gest\u00e3o em empresas<\/li>\n<\/ul>\n<p><strong>Reuni\u00f5es de acompanhamento<\/strong><\/p>\n<p>Normalmente mensal<\/p>\n<p>Mostra cockpit<\/p>\n<p>A\u00e7\u00e3o para KPI em <u>vermelho<\/u> (fora da meta associada)<\/p>\n<p>Empowerment<\/p>\n<p>Gest\u00e3o por objetivos<\/p>\n<p>Exerc\u00edcio. Voc\u00ea est\u00e1 abrindo uma empresa respons\u00e1vel por organizar festas na casa de estudantes.<\/p>\n<ol>\n<li>Defina sua miss\u00e3o, vis\u00e3o, princ\u00edpios e valores<\/li>\n<li>Fa\u00e7a uma an\u00e1lise swot (justifique sua an\u00e1lise).<\/li>\n<li>Defina um KPI para cada pilar do BSC.<\/li>\n<li>Defina estrat\u00e9gias para os 4Ps.<\/li>\n<\/ol>\n<h1><a name=\"_Toc434866571\"><\/a><span style=\"font-size: 14pt;\">1.&nbsp;&nbsp;&nbsp;&nbsp;&nbsp; Teoria das Restri\u00e7\u00f5es (TOC \u2013 Theory of Constraints)<\/span><\/h1>\n<p>Baseada no livro A Meta, de Goldratt.<\/p>\n<ol>\n<li>Gargalo: ponto da f\u00e1brica com menor capacidade de fluxo. Uma hora perdida no gargalo \u00e9 uma hora perdida na linha. Uma hora ganha em um n\u00e3o-gargalo \u00e9 uma ilus\u00e3o. O gargalo deve definir o ritmo da f\u00e1brica\n<ol>\n<li>Interno: restri\u00e7\u00e3o interna<\/li>\n<li>Externo: restri\u00e7\u00e3o do mercado<\/li>\n<\/ol>\n<\/li>\n<li>Pulm\u00e3o: estoques\n<ol>\n<li>Recurso: mant\u00e9m o gargalo funcionando<\/li>\n<li>Mercado: atende varia\u00e7\u00f5es de demanda<\/li>\n<li>Montagem: n\u00e3o deixa produto fabricado no gargalo parado<\/li>\n<\/ol>\n<\/li>\n<li>Corda: mant\u00e9m a f\u00e1brica trabalhando no ritmo do gargalo<\/li>\n<li>Custeio: uma m\u00e1quina parada n\u00e3o \u00e9 perda, uma m\u00e1quina funcionando sem necessidade \u00e9 desperd\u00edcio.<\/li>\n<\/ol>\n\n\n<div class=\"wp-block-buttons aligncenter is-layout-flex wp-block-buttons-is-layout-flex\">\n<div class=\"wp-block-button\"><a class=\"wp-block-button__link has-text-color has-background\" href=\"https:\/\/liag.ft.unicamp.br\/liagcopiateste\/conteudos\/administracao-da-producao\/\" style=\"border-radius:2px;background-color:#ba0c49;color:#fffffa\">ADM da Produ\u00e7\u00e3o<\/a><\/div>\n\n\n\n<div class=\"wp-block-button is-style-outline is-style-outline--1\"><a class=\"wp-block-button__link has-text-color\" href=\"https:\/\/liag.ft.unicamp.br\/liagcopiateste\/estrutura-de-um-erp\/\" style=\"border-radius:2px;color:#ba0c49\">Sistemas para gest\u00e3o empresarial<\/a><\/div>\n<\/div>\n","protected":false},"excerpt":{"rendered":"<p>-Miss\u00e3o Qual a miss\u00e3o da empresa? Para o que a empresa existe? Exemplo bandej\u00e3o: Alimentar a comunidade da FT com baixo custo e de forma saud\u00e1vel. -Vis\u00e3o Onde a empresa quer chegar? (Meta) Deve conter uma data alvo (ou, no exemplo abaixo, sempre) Exemplo bandej\u00e3o: &#8211; Ser sempre reconhecido pela comunidade como a melhor forma [&hellip;]<\/p>\n","protected":false},"author":1,"featured_media":0,"parent":0,"menu_order":0,"comment_status":"closed","ping_status":"closed","template":"","meta":{"_monsterinsights_skip_tracking":false,"_monsterinsights_sitenote_active":false,"_monsterinsights_sitenote_note":"","_monsterinsights_sitenote_category":0,"footnotes":"","_links_to":"","_links_to_target":""},"class_list":["post-6744","page","type-page","status-publish","hentry"],"yoast_head":"<!-- This site is optimized with the Yoast SEO plugin v27.4 - https:\/\/yoast.com\/product\/yoast-seo-wordpress\/ -->\n<title>Planejamento Estrat\u00e9gico - LIAG c\u00f3pia teste<\/title>\n<meta name=\"robots\" content=\"index, follow, max-snippet:-1, max-image-preview:large, max-video-preview:-1\" \/>\n<link rel=\"canonical\" href=\"https:\/\/liag.ft.unicamp.br\/liagcopiateste\/planejamento-estrategico\/\" \/>\n<meta property=\"og:locale\" content=\"pt_BR\" \/>\n<meta property=\"og:type\" content=\"article\" \/>\n<meta property=\"og:title\" content=\"Planejamento Estrat\u00e9gico - LIAG c\u00f3pia teste\" \/>\n<meta property=\"og:description\" content=\"-Miss\u00e3o Qual a miss\u00e3o da empresa? Para o que a empresa existe? Exemplo bandej\u00e3o: Alimentar a comunidade da FT com baixo custo e de forma saud\u00e1vel. -Vis\u00e3o Onde a empresa quer chegar? (Meta) Deve conter uma data alvo (ou, no exemplo abaixo, sempre) Exemplo bandej\u00e3o: &#8211; Ser sempre reconhecido pela comunidade como a melhor forma [&hellip;]\" \/>\n<meta property=\"og:url\" content=\"https:\/\/liag.ft.unicamp.br\/liagcopiateste\/planejamento-estrategico\/\" \/>\n<meta property=\"og:site_name\" content=\"LIAG c\u00f3pia teste\" \/>\n<meta property=\"article:publisher\" content=\"https:\/\/www.facebook.com\/Liag-Laborat%c3%b3rio-de-inform%c3%a1tica-aprendizagem-e-gest%c3%a3o-245242555530637\/\" \/>\n<meta property=\"article:modified_time\" content=\"2021-01-22T17:00:12+00:00\" \/>\n<meta name=\"twitter:card\" content=\"summary_large_image\" \/>\n<meta name=\"twitter:label1\" content=\"Est. tempo de leitura\" \/>\n\t<meta name=\"twitter:data1\" content=\"3 minutos\" \/>\n<script type=\"application\/ld+json\" class=\"yoast-schema-graph\">{\"@context\":\"https:\\\/\\\/schema.org\",\"@graph\":[{\"@type\":\"WebPage\",\"@id\":\"https:\\\/\\\/liag.ft.unicamp.br\\\/liagcopiateste\\\/planejamento-estrategico\\\/\",\"url\":\"https:\\\/\\\/liag.ft.unicamp.br\\\/liagcopiateste\\\/planejamento-estrategico\\\/\",\"name\":\"Planejamento Estrat\u00e9gico - LIAG c\u00f3pia teste\",\"isPartOf\":{\"@id\":\"https:\\\/\\\/liag.ft.unicamp.br\\\/liagcopiateste\\\/#website\"},\"datePublished\":\"2020-12-01T21:24:34+00:00\",\"dateModified\":\"2021-01-22T17:00:12+00:00\",\"breadcrumb\":{\"@id\":\"https:\\\/\\\/liag.ft.unicamp.br\\\/liagcopiateste\\\/planejamento-estrategico\\\/#breadcrumb\"},\"inLanguage\":\"pt-BR\",\"potentialAction\":[{\"@type\":\"ReadAction\",\"target\":[\"https:\\\/\\\/liag.ft.unicamp.br\\\/liagcopiateste\\\/planejamento-estrategico\\\/\"]}]},{\"@type\":\"BreadcrumbList\",\"@id\":\"https:\\\/\\\/liag.ft.unicamp.br\\\/liagcopiateste\\\/planejamento-estrategico\\\/#breadcrumb\",\"itemListElement\":[{\"@type\":\"ListItem\",\"position\":1,\"name\":\"Home\",\"item\":\"https:\\\/\\\/liag.ft.unicamp.br\\\/liagcopiateste\\\/\"},{\"@type\":\"ListItem\",\"position\":2,\"name\":\"Planejamento Estrat\u00e9gico\"}]},{\"@type\":\"WebSite\",\"@id\":\"https:\\\/\\\/liag.ft.unicamp.br\\\/liagcopiateste\\\/#website\",\"url\":\"https:\\\/\\\/liag.ft.unicamp.br\\\/liagcopiateste\\\/\",\"name\":\"LIAG\",\"description\":\"Laborat\u00f3rio de Inform\u00e1tica, Aprendizado e Gest\u00e3o\",\"publisher\":{\"@id\":\"https:\\\/\\\/liag.ft.unicamp.br\\\/liagcopiateste\\\/#organization\"},\"potentialAction\":[{\"@type\":\"SearchAction\",\"target\":{\"@type\":\"EntryPoint\",\"urlTemplate\":\"https:\\\/\\\/liag.ft.unicamp.br\\\/liagcopiateste\\\/?s={search_term_string}\"},\"query-input\":{\"@type\":\"PropertyValueSpecification\",\"valueRequired\":true,\"valueName\":\"search_term_string\"}}],\"inLanguage\":\"pt-BR\"},{\"@type\":\"Organization\",\"@id\":\"https:\\\/\\\/liag.ft.unicamp.br\\\/liagcopiateste\\\/#organization\",\"name\":\"LIAG\",\"url\":\"https:\\\/\\\/liag.ft.unicamp.br\\\/liagcopiateste\\\/\",\"logo\":{\"@type\":\"ImageObject\",\"inLanguage\":\"pt-BR\",\"@id\":\"https:\\\/\\\/liag.ft.unicamp.br\\\/liagcopiateste\\\/#\\\/schema\\\/logo\\\/image\\\/\",\"url\":\"https:\\\/\\\/liag.ft.unicamp.br\\\/liagcopiateste\\\/wp-content\\\/uploads\\\/sites\\\/36\\\/2016\\\/10\\\/cropped-logo_liag.png\",\"contentUrl\":\"https:\\\/\\\/liag.ft.unicamp.br\\\/liagcopiateste\\\/wp-content\\\/uploads\\\/sites\\\/36\\\/2016\\\/10\\\/cropped-logo_liag.png\",\"width\":148,\"height\":80,\"caption\":\"LIAG\"},\"image\":{\"@id\":\"https:\\\/\\\/liag.ft.unicamp.br\\\/liagcopiateste\\\/#\\\/schema\\\/logo\\\/image\\\/\"},\"sameAs\":[\"https:\\\/\\\/www.facebook.com\\\/Liag-Laborat\u00f3rio-de-inform\u00e1tica-aprendizagem-e-gest\u00e3o-245242555530637\\\/\"]}]}<\/script>\n<!-- \/ Yoast SEO plugin. -->","yoast_head_json":{"title":"Planejamento Estrat\u00e9gico - LIAG c\u00f3pia teste","robots":{"index":"index","follow":"follow","max-snippet":"max-snippet:-1","max-image-preview":"max-image-preview:large","max-video-preview":"max-video-preview:-1"},"canonical":"https:\/\/liag.ft.unicamp.br\/liagcopiateste\/planejamento-estrategico\/","og_locale":"pt_BR","og_type":"article","og_title":"Planejamento Estrat\u00e9gico - LIAG c\u00f3pia teste","og_description":"-Miss\u00e3o Qual a miss\u00e3o da empresa? Para o que a empresa existe? Exemplo bandej\u00e3o: Alimentar a comunidade da FT com baixo custo e de forma saud\u00e1vel. -Vis\u00e3o Onde a empresa quer chegar? (Meta) Deve conter uma data alvo (ou, no exemplo abaixo, sempre) Exemplo bandej\u00e3o: &#8211; Ser sempre reconhecido pela comunidade como a melhor forma [&hellip;]","og_url":"https:\/\/liag.ft.unicamp.br\/liagcopiateste\/planejamento-estrategico\/","og_site_name":"LIAG c\u00f3pia teste","article_publisher":"https:\/\/www.facebook.com\/Liag-Laborat%c3%b3rio-de-inform%c3%a1tica-aprendizagem-e-gest%c3%a3o-245242555530637\/","article_modified_time":"2021-01-22T17:00:12+00:00","twitter_card":"summary_large_image","twitter_misc":{"Est. tempo de leitura":"3 minutos"},"schema":{"@context":"https:\/\/schema.org","@graph":[{"@type":"WebPage","@id":"https:\/\/liag.ft.unicamp.br\/liagcopiateste\/planejamento-estrategico\/","url":"https:\/\/liag.ft.unicamp.br\/liagcopiateste\/planejamento-estrategico\/","name":"Planejamento Estrat\u00e9gico - LIAG c\u00f3pia teste","isPartOf":{"@id":"https:\/\/liag.ft.unicamp.br\/liagcopiateste\/#website"},"datePublished":"2020-12-01T21:24:34+00:00","dateModified":"2021-01-22T17:00:12+00:00","breadcrumb":{"@id":"https:\/\/liag.ft.unicamp.br\/liagcopiateste\/planejamento-estrategico\/#breadcrumb"},"inLanguage":"pt-BR","potentialAction":[{"@type":"ReadAction","target":["https:\/\/liag.ft.unicamp.br\/liagcopiateste\/planejamento-estrategico\/"]}]},{"@type":"BreadcrumbList","@id":"https:\/\/liag.ft.unicamp.br\/liagcopiateste\/planejamento-estrategico\/#breadcrumb","itemListElement":[{"@type":"ListItem","position":1,"name":"Home","item":"https:\/\/liag.ft.unicamp.br\/liagcopiateste\/"},{"@type":"ListItem","position":2,"name":"Planejamento Estrat\u00e9gico"}]},{"@type":"WebSite","@id":"https:\/\/liag.ft.unicamp.br\/liagcopiateste\/#website","url":"https:\/\/liag.ft.unicamp.br\/liagcopiateste\/","name":"LIAG","description":"Laborat\u00f3rio de Inform\u00e1tica, Aprendizado e Gest\u00e3o","publisher":{"@id":"https:\/\/liag.ft.unicamp.br\/liagcopiateste\/#organization"},"potentialAction":[{"@type":"SearchAction","target":{"@type":"EntryPoint","urlTemplate":"https:\/\/liag.ft.unicamp.br\/liagcopiateste\/?s={search_term_string}"},"query-input":{"@type":"PropertyValueSpecification","valueRequired":true,"valueName":"search_term_string"}}],"inLanguage":"pt-BR"},{"@type":"Organization","@id":"https:\/\/liag.ft.unicamp.br\/liagcopiateste\/#organization","name":"LIAG","url":"https:\/\/liag.ft.unicamp.br\/liagcopiateste\/","logo":{"@type":"ImageObject","inLanguage":"pt-BR","@id":"https:\/\/liag.ft.unicamp.br\/liagcopiateste\/#\/schema\/logo\/image\/","url":"https:\/\/liag.ft.unicamp.br\/liagcopiateste\/wp-content\/uploads\/sites\/36\/2016\/10\/cropped-logo_liag.png","contentUrl":"https:\/\/liag.ft.unicamp.br\/liagcopiateste\/wp-content\/uploads\/sites\/36\/2016\/10\/cropped-logo_liag.png","width":148,"height":80,"caption":"LIAG"},"image":{"@id":"https:\/\/liag.ft.unicamp.br\/liagcopiateste\/#\/schema\/logo\/image\/"},"sameAs":["https:\/\/www.facebook.com\/Liag-Laborat\u00f3rio-de-inform\u00e1tica-aprendizagem-e-gest\u00e3o-245242555530637\/"]}]}},"wps_subtitle":"","_links":{"self":[{"href":"https:\/\/liag.ft.unicamp.br\/liagcopiateste\/wp-json\/wp\/v2\/pages\/6744","targetHints":{"allow":["GET"]}}],"collection":[{"href":"https:\/\/liag.ft.unicamp.br\/liagcopiateste\/wp-json\/wp\/v2\/pages"}],"about":[{"href":"https:\/\/liag.ft.unicamp.br\/liagcopiateste\/wp-json\/wp\/v2\/types\/page"}],"author":[{"embeddable":true,"href":"https:\/\/liag.ft.unicamp.br\/liagcopiateste\/wp-json\/wp\/v2\/users\/1"}],"replies":[{"embeddable":true,"href":"https:\/\/liag.ft.unicamp.br\/liagcopiateste\/wp-json\/wp\/v2\/comments?post=6744"}],"version-history":[{"count":4,"href":"https:\/\/liag.ft.unicamp.br\/liagcopiateste\/wp-json\/wp\/v2\/pages\/6744\/revisions"}],"predecessor-version":[{"id":6816,"href":"https:\/\/liag.ft.unicamp.br\/liagcopiateste\/wp-json\/wp\/v2\/pages\/6744\/revisions\/6816"}],"wp:attachment":[{"href":"https:\/\/liag.ft.unicamp.br\/liagcopiateste\/wp-json\/wp\/v2\/media?parent=6744"}],"curies":[{"name":"wp","href":"https:\/\/api.w.org\/{rel}","templated":true}]}}