{"id":46,"date":"2017-12-15T09:32:37","date_gmt":"2017-12-15T11:32:37","guid":{"rendered":"http:\/\/liag.ft.unicamp.br\/montamatica\/?page_id=46"},"modified":"2019-04-24T09:27:42","modified_gmt":"2019-04-24T12:27:42","slug":"downloads","status":"publish","type":"page","link":"https:\/\/liag.ft.unicamp.br\/montamatica\/downloads\/","title":{"rendered":"Downloads"},"content":{"rendered":"<h3><span style=\"font-family: arial, helvetica, sans-serif; font-size: 18pt;\">Como fa\u00e7o para realizar a din\u00e2mica?<\/span><\/h3>\n<p><span style=\"font-family: arial, helvetica, sans-serif; font-size: 14pt;\">Para realizar a din\u00e2mica \u00e9 necess\u00e1rio possuir o kit Lego Mindstorms Education e acesso aos programas desenvolvidos, assim como \u00e0 sequ\u00eancia de passos para a montagem dos rob\u00f4s. Nos links abaixo, \u00e9 poss\u00edvel realizar o download dos programas e acessar a p\u00e1gina para a montagem dos rob\u00f4s!<\/span><\/p>\n<p><span style=\"font-family: arial, helvetica, sans-serif; font-size: 14pt;\"><a href=\"https:\/\/www.nxtprograms.com\/volume_calc\/index.html\">Montagem primeira din\u00e2mica<\/a><\/span><\/p>\n<p><span style=\"font-family: arial, helvetica, sans-serif; font-size: 14pt;\"><a href=\"https:\/\/www.nxtprograms.com\/voice_car\/index.html\">Montagem segunda din\u00e2mica<\/a><\/span><\/p>\n<p><span style=\"font-family: arial, helvetica, sans-serif; font-size: 14pt;\"><a href=\"https:\/\/drive.google.com\/file\/d\/0B7ypOh45W7vVenc0NExUSVFqM0k\/view\">Programas<\/a><\/span><\/p>\n","protected":false},"excerpt":{"rendered":"<p>Como fa\u00e7o para realizar a din\u00e2mica? Para realizar a din\u00e2mica \u00e9 necess\u00e1rio possuir o kit Lego Mindstorms Education e acesso aos programas desenvolvidos, assim como \u00e0 sequ\u00eancia de passos para a montagem dos rob\u00f4s. Nos links abaixo, \u00e9 poss\u00edvel realizar o download dos programas e acessar a p\u00e1gina para a montagem dos rob\u00f4s! Montagem primeira [&hellip;]<\/p>\n","protected":false},"author":1,"featured_media":0,"parent":0,"menu_order":0,"comment_status":"closed","ping_status":"closed","template":"","meta":{"_monsterinsights_skip_tracking":false,"_monsterinsights_sitenote_active":false,"_monsterinsights_sitenote_note":"","_monsterinsights_sitenote_category":0,"footnotes":"","_links_to":"","_links_to_target":""},"class_list":["post-46","page","type-page","status-publish","hentry"],"wps_subtitle":"","_links":{"self":[{"href":"https:\/\/liag.ft.unicamp.br\/montamatica\/wp-json\/wp\/v2\/pages\/46","targetHints":{"allow":["GET"]}}],"collection":[{"href":"https:\/\/liag.ft.unicamp.br\/montamatica\/wp-json\/wp\/v2\/pages"}],"about":[{"href":"https:\/\/liag.ft.unicamp.br\/montamatica\/wp-json\/wp\/v2\/types\/page"}],"author":[{"embeddable":true,"href":"https:\/\/liag.ft.unicamp.br\/montamatica\/wp-json\/wp\/v2\/users\/1"}],"replies":[{"embeddable":true,"href":"https:\/\/liag.ft.unicamp.br\/montamatica\/wp-json\/wp\/v2\/comments?post=46"}],"version-history":[{"count":3,"href":"https:\/\/liag.ft.unicamp.br\/montamatica\/wp-json\/wp\/v2\/pages\/46\/revisions"}],"predecessor-version":[{"id":55,"href":"https:\/\/liag.ft.unicamp.br\/montamatica\/wp-json\/wp\/v2\/pages\/46\/revisions\/55"}],"wp:attachment":[{"href":"https:\/\/liag.ft.unicamp.br\/montamatica\/wp-json\/wp\/v2\/media?parent=46"}],"curies":[{"name":"wp","href":"https:\/\/api.w.org\/{rel}","templated":true}]}}