{"id":2,"date":"2018-06-04T12:39:26","date_gmt":"2018-06-04T15:39:26","guid":{"rendered":"http:\/\/liag.ft.unicamp.br\/mostraliag\/?page_id=2"},"modified":"2018-07-19T19:19:47","modified_gmt":"2018-07-19T22:19:47","slug":"sobre","status":"publish","type":"page","link":"https:\/\/liag.ft.unicamp.br\/mostraliag\/sobre\/","title":{"rendered":"Sobre"},"content":{"rendered":"<p>Durante o semestre, os alunos das turmas A e B de TT060 (Gest\u00e3o de Projetos) realizaram a\u00e7\u00f5es de apoio \u00e0 educa\u00e7\u00e3o nas escolas de Limeira. Esses projetos, al\u00e9m de aproximarem a Universidade da comunidade, se baseiam no desenvolvimento do pensamento computacional por meio de jogos, de forma a estimular o interesse de crian\u00e7as e jovens pela programa\u00e7\u00e3o.<\/p>\n<p>Os grupos envolvidos trabalharam com ferramentas acess\u00edveis e de grande usabilidade, tais como Scratch, Code.org e Construct 3.<\/p>\n<p>Ap\u00f3s os resultados satisfat\u00f3rios, nosso Laborat\u00f3rio criou a 1\u00aa Mostra LIAG, onde esses alunos apresentaram ao p\u00fablico os seus projetos.<\/p>\n<p>O evento se realizou dia 12\/06, na PA 07 (situada na Faculdade de Tecnologia da Unicamp) e foi aberto \u00e0 comunidade.<\/p>\n<p>Confira os projetos envolvidos:<\/p>\n<ul>\n<li><a href=\"https:\/\/liag.ft.unicamp.br\/mostraliag\/2018\/06\/14\/projeto-ecoedu\/\">Projeto Ecoedu<\/a><\/li>\n<li><a href=\"https:\/\/liag.ft.unicamp.br\/mostraliag\/2018\/06\/15\/grupo-construct\/\">Grupo Construct<\/a><\/li>\n<li><a href=\"https:\/\/liag.ft.unicamp.br\/mostraliag\/2018\/06\/17\/grupo-kollay\/\">Grupo Kollay<\/a><\/li>\n<li><a href=\"https:\/\/liag.ft.unicamp.br\/mostraliag\/2018\/06\/17\/grupo-the-info-lab\/\">Grupo The InfoLab<\/a><\/li>\n<li><a href=\"https:\/\/liag.ft.unicamp.br\/mostraliag\/2018\/06\/19\/grupo-adultinhos\/\">Grupo Adultinhos<\/a><\/li>\n<li>Desafio Jovem Engenheiro<\/li>\n<li>Programa de Volunt\u00e1rios<\/li>\n<li><a href=\"https:\/\/liag.ft.unicamp.br\/mostraliag\/2018\/06\/19\/scratch-day-2018\/\">Scratch Day<\/a><\/li>\n<li><a href=\"https:\/\/liag.ft.unicamp.br\/mostraliag\/2018\/06\/19\/projeto-grupo-easy\/\">Grupo Easy<\/a><\/li>\n<li><a href=\"https:\/\/liag.ft.unicamp.br\/mostraliag\/2018\/06\/16\/robocode\/\">Robocode<\/a><\/li>\n<li><a href=\"https:\/\/liag.ft.unicamp.br\/mostraliag\/2018\/07\/22\/compartilhando-projetos-educacionais\/\">Projeto &#8220;Compartilhando Projetos Educacionais&#8221;<\/a><\/li>\n<li><a href=\"https:\/\/liag.ft.unicamp.br\/mostraliag\/2018\/06\/22\/programa-venturanca-de-educacao-empreendedora-com-criptomoedas-educacionais\/\">Programa Venturan\u00e7a de Educa\u00e7\u00e3o Empreendedora com Criptomoedas Educacionais<\/a><\/li>\n<li>Grupo Brincadeiradecrian\u00e7a<\/li>\n<li><a href=\"https:\/\/liag.ft.unicamp.br\/mostraliag\/2018\/06\/22\/grupo-tadiano\/\">Grupo Tadiano<\/a><\/li>\n<li>Grupo CodeFriends<\/li>\n<li>Grupo PacWars<\/li>\n<li><a href=\"https:\/\/liag.ft.unicamp.br\/mostraliag\/2018\/06\/19\/grupo-a-hora-do-codigo\/\">Grupo A hora do codigo<\/a><\/li>\n<li>Makeyourself<\/li>\n<li>Wikteaching (Scratch Day)<\/li>\n<li>GGEM<\/li>\n<li><a href=\"https:\/\/liag.ft.unicamp.br\/mostraliag\/2018\/06\/22\/mesa-redonda\/\">Mesa redonda sobre os projetos e desafios<\/a><\/li>\n<\/ul>\n<p>&nbsp;<\/p>\n","protected":false},"excerpt":{"rendered":"<p>Durante o semestre, os alunos das turmas A e B de TT060 (Gest\u00e3o de Projetos) realizaram a\u00e7\u00f5es de apoio \u00e0 educa\u00e7\u00e3o nas escolas de Limeira. Esses projetos, al\u00e9m de aproximarem a Universidade da comunidade, se baseiam no desenvolvimento do pensamento computacional por meio de jogos, de forma a estimular o interesse de crian\u00e7as e jovens [&hellip;]<\/p>\n","protected":false},"author":1,"featured_media":0,"parent":0,"menu_order":0,"comment_status":"closed","ping_status":"open","template":"","meta":{"_monsterinsights_skip_tracking":false,"_monsterinsights_sitenote_active":false,"_monsterinsights_sitenote_note":"","_monsterinsights_sitenote_category":0,"footnotes":"","_links_to":"","_links_to_target":""},"class_list":["post-2","page","type-page","status-publish","hentry"],"wps_subtitle":"","_links":{"self":[{"href":"https:\/\/liag.ft.unicamp.br\/mostraliag\/wp-json\/wp\/v2\/pages\/2","targetHints":{"allow":["GET"]}}],"collection":[{"href":"https:\/\/liag.ft.unicamp.br\/mostraliag\/wp-json\/wp\/v2\/pages"}],"about":[{"href":"https:\/\/liag.ft.unicamp.br\/mostraliag\/wp-json\/wp\/v2\/types\/page"}],"author":[{"embeddable":true,"href":"https:\/\/liag.ft.unicamp.br\/mostraliag\/wp-json\/wp\/v2\/users\/1"}],"replies":[{"embeddable":true,"href":"https:\/\/liag.ft.unicamp.br\/mostraliag\/wp-json\/wp\/v2\/comments?post=2"}],"version-history":[{"count":4,"href":"https:\/\/liag.ft.unicamp.br\/mostraliag\/wp-json\/wp\/v2\/pages\/2\/revisions"}],"predecessor-version":[{"id":241,"href":"https:\/\/liag.ft.unicamp.br\/mostraliag\/wp-json\/wp\/v2\/pages\/2\/revisions\/241"}],"wp:attachment":[{"href":"https:\/\/liag.ft.unicamp.br\/mostraliag\/wp-json\/wp\/v2\/media?parent=2"}],"curies":[{"name":"wp","href":"https:\/\/api.w.org\/{rel}","templated":true}]}}