{"id":45,"date":"2018-06-09T12:29:04","date_gmt":"2018-06-09T15:29:04","guid":{"rendered":"http:\/\/liag.ft.unicamp.br\/mostraliag\/?page_id=45"},"modified":"2018-06-22T20:06:05","modified_gmt":"2018-06-22T23:06:05","slug":"galeria","status":"publish","type":"page","link":"https:\/\/liag.ft.unicamp.br\/mostraliag\/galeria\/","title":{"rendered":"Galeria"},"content":{"rendered":"\n\t\t<style type=\"text\/css\">\n\t\t\t#gallery-1 {\n\t\t\t\tmargin: auto;\n\t\t\t}\n\t\t\t#gallery-1 .gallery-item {\n\t\t\t\tfloat: left;\n\t\t\t\tmargin-top: 10px;\n\t\t\t\ttext-align: center;\n\t\t\t\twidth: 25%;\n\t\t\t}\n\t\t\t#gallery-1 img {\n\t\t\t\tborder: 2px solid #cfcfcf;\n\t\t\t}\n\t\t\t#gallery-1 .gallery-caption {\n\t\t\t\tmargin-left: 0;\n\t\t\t}\n\t\t\t\/* see gallery_shortcode() in wp-includes\/media.php *\/\n\t\t<\/style>\n\t\t<div id='gallery-1' class='gallery galleryid-45 gallery-columns-4 gallery-size-thumbnail'><dl class='gallery-item'>\n\t\t\t<dt class='gallery-icon landscape'>\n\t\t\t\t<a href='https:\/\/liag.ft.unicamp.br\/mostraliag\/wp-content\/uploads\/sites\/18\/2018\/06\/WhatsApp-Image-2018-06-13-at-00.59.43.jpeg'><img decoding=\"async\" width=\"150\" height=\"150\" src=\"https:\/\/liag.ft.unicamp.br\/mostraliag\/wp-content\/uploads\/sites\/18\/2018\/06\/WhatsApp-Image-2018-06-13-at-00.59.43-150x150.jpeg\" class=\"attachment-thumbnail size-thumbnail\" alt=\"\" aria-describedby=\"gallery-1-98\" \/><\/a>\n\t\t\t<\/dt>\n\t\t\t\t<dd class='wp-caption-text gallery-caption' id='gallery-1-98'>\n\t\t\t\tVal\u00e9ria Kawauchi\n\t\t\t\t<\/dd><\/dl><dl class='gallery-item'>\n\t\t\t<dt class='gallery-icon landscape'>\n\t\t\t\t<a href='https:\/\/liag.ft.unicamp.br\/mostraliag\/wp-content\/uploads\/sites\/18\/2018\/06\/WhatsApp-Image-2018-06-13-at-00.59.42.jpeg'><img decoding=\"async\" width=\"150\" height=\"150\" src=\"https:\/\/liag.ft.unicamp.br\/mostraliag\/wp-content\/uploads\/sites\/18\/2018\/06\/WhatsApp-Image-2018-06-13-at-00.59.42-150x150.jpeg\" class=\"attachment-thumbnail size-thumbnail\" alt=\"\" aria-describedby=\"gallery-1-97\" \/><\/a>\n\t\t\t<\/dt>\n\t\t\t\t<dd class='wp-caption-text gallery-caption' id='gallery-1-97'>\n\t\t\t\tVal\u00e9ria Kawauchi\n\t\t\t\t<\/dd><\/dl><dl class='gallery-item'>\n\t\t\t<dt class='gallery-icon landscape'>\n\t\t\t\t<a href='https:\/\/liag.ft.unicamp.br\/mostraliag\/wp-content\/uploads\/sites\/18\/2018\/06\/WhatsApp-Image-2018-06-13-at-00.59.40.jpeg'><img decoding=\"async\" width=\"150\" height=\"150\" src=\"https:\/\/liag.ft.unicamp.br\/mostraliag\/wp-content\/uploads\/sites\/18\/2018\/06\/WhatsApp-Image-2018-06-13-at-00.59.40-150x150.jpeg\" class=\"attachment-thumbnail size-thumbnail\" alt=\"\" aria-describedby=\"gallery-1-95\" \/><\/a>\n\t\t\t<\/dt>\n\t\t\t\t<dd class='wp-caption-text gallery-caption' id='gallery-1-95'>\n\t\t\t\tPaulo Morais\n\t\t\t\t<\/dd><\/dl><dl class='gallery-item'>\n\t\t\t<dt class='gallery-icon landscape'>\n\t\t\t\t<a href='https:\/\/liag.ft.unicamp.br\/mostraliag\/wp-content\/uploads\/sites\/18\/2018\/06\/WhatsApp-Image-2018-06-13-at-00.59.03.jpeg'><img loading=\"lazy\" decoding=\"async\" width=\"150\" height=\"150\" src=\"https:\/\/liag.ft.unicamp.br\/mostraliag\/wp-content\/uploads\/sites\/18\/2018\/06\/WhatsApp-Image-2018-06-13-at-00.59.03-150x150.jpeg\" class=\"attachment-thumbnail size-thumbnail\" alt=\"\" \/><\/a>\n\t\t\t<\/dt><\/dl><br style=\"clear: both\" \/><dl class='gallery-item'>\n\t\t\t<dt class='gallery-icon landscape'>\n\t\t\t\t<a href='https:\/\/liag.ft.unicamp.br\/mostraliag\/wp-content\/uploads\/sites\/18\/2018\/06\/WhatsApp-Image-2018-06-13-at-00.59.06.jpeg'><img loading=\"lazy\" decoding=\"async\" width=\"150\" height=\"150\" src=\"https:\/\/liag.ft.unicamp.br\/mostraliag\/wp-content\/uploads\/sites\/18\/2018\/06\/WhatsApp-Image-2018-06-13-at-00.59.06-150x150.jpeg\" class=\"attachment-thumbnail size-thumbnail\" alt=\"\" \/><\/a>\n\t\t\t<\/dt><\/dl><dl class='gallery-item'>\n\t\t\t<dt class='gallery-icon landscape'>\n\t\t\t\t<a href='https:\/\/liag.ft.unicamp.br\/mostraliag\/wp-content\/uploads\/sites\/18\/2018\/06\/WhatsApp-Image-2018-06-13-at-00.59.15.jpeg'><img loading=\"lazy\" decoding=\"async\" width=\"150\" height=\"150\" src=\"https:\/\/liag.ft.unicamp.br\/mostraliag\/wp-content\/uploads\/sites\/18\/2018\/06\/WhatsApp-Image-2018-06-13-at-00.59.15-150x150.jpeg\" class=\"attachment-thumbnail size-thumbnail\" alt=\"\" aria-describedby=\"gallery-1-92\" \/><\/a>\n\t\t\t<\/dt>\n\t\t\t\t<dd class='wp-caption-text gallery-caption' id='gallery-1-92'>\n\t\t\t\tGrupo Easy\n\t\t\t\t<\/dd><\/dl><dl class='gallery-item'>\n\t\t\t<dt class='gallery-icon landscape'>\n\t\t\t\t<a href='https:\/\/liag.ft.unicamp.br\/mostraliag\/wp-content\/uploads\/sites\/18\/2018\/06\/WhatsApp-Image-2018-06-13-at-00.59.30.jpeg'><img loading=\"lazy\" decoding=\"async\" width=\"150\" height=\"150\" src=\"https:\/\/liag.ft.unicamp.br\/mostraliag\/wp-content\/uploads\/sites\/18\/2018\/06\/WhatsApp-Image-2018-06-13-at-00.59.30-150x150.jpeg\" class=\"attachment-thumbnail size-thumbnail\" alt=\"\" aria-describedby=\"gallery-1-93\" \/><\/a>\n\t\t\t<\/dt>\n\t\t\t\t<dd class='wp-caption-text gallery-caption' id='gallery-1-93'>\n\t\t\t\tPauloMorais\n\t\t\t\t<\/dd><\/dl><dl class='gallery-item'>\n\t\t\t<dt class='gallery-icon landscape'>\n\t\t\t\t<a href='https:\/\/liag.ft.unicamp.br\/mostraliag\/wp-content\/uploads\/sites\/18\/2018\/06\/WhatsApp-Image-2018-06-13-at-00.59.39.jpeg'><img loading=\"lazy\" decoding=\"async\" width=\"150\" height=\"150\" src=\"https:\/\/liag.ft.unicamp.br\/mostraliag\/wp-content\/uploads\/sites\/18\/2018\/06\/WhatsApp-Image-2018-06-13-at-00.59.39-150x150.jpeg\" class=\"attachment-thumbnail size-thumbnail\" alt=\"\" aria-describedby=\"gallery-1-94\" \/><\/a>\n\t\t\t<\/dt>\n\t\t\t\t<dd class='wp-caption-text gallery-caption' id='gallery-1-94'>\n\t\t\t\tPaulo Morais\n\t\t\t\t<\/dd><\/dl><br style=\"clear: both\" \/><dl class='gallery-item'>\n\t\t\t<dt class='gallery-icon landscape'>\n\t\t\t\t<a href='https:\/\/liag.ft.unicamp.br\/mostraliag\/wp-content\/uploads\/sites\/18\/2018\/06\/WhatsApp-Image-2018-06-13-at-00.58.36.jpeg'><img loading=\"lazy\" decoding=\"async\" width=\"150\" height=\"150\" src=\"https:\/\/liag.ft.unicamp.br\/mostraliag\/wp-content\/uploads\/sites\/18\/2018\/06\/WhatsApp-Image-2018-06-13-at-00.58.36-150x150.jpeg\" class=\"attachment-thumbnail size-thumbnail\" alt=\"\" \/><\/a>\n\t\t\t<\/dt><\/dl><dl class='gallery-item'>\n\t\t\t<dt class='gallery-icon landscape'>\n\t\t\t\t<a href='https:\/\/liag.ft.unicamp.br\/mostraliag\/wp-content\/uploads\/sites\/18\/2018\/06\/WhatsApp-Image-2018-06-13-at-00.58.44.jpeg'><img loading=\"lazy\" decoding=\"async\" width=\"150\" height=\"150\" src=\"https:\/\/liag.ft.unicamp.br\/mostraliag\/wp-content\/uploads\/sites\/18\/2018\/06\/WhatsApp-Image-2018-06-13-at-00.58.44-150x150.jpeg\" class=\"attachment-thumbnail size-thumbnail\" alt=\"\" \/><\/a>\n\t\t\t<\/dt><\/dl><dl class='gallery-item'>\n\t\t\t<dt class='gallery-icon landscape'>\n\t\t\t\t<a href='https:\/\/liag.ft.unicamp.br\/mostraliag\/wp-content\/uploads\/sites\/18\/2018\/06\/WhatsApp-Image-2018-06-13-at-00.58.49.jpeg'><img loading=\"lazy\" decoding=\"async\" width=\"150\" height=\"150\" src=\"https:\/\/liag.ft.unicamp.br\/mostraliag\/wp-content\/uploads\/sites\/18\/2018\/06\/WhatsApp-Image-2018-06-13-at-00.58.49-150x150.jpeg\" class=\"attachment-thumbnail size-thumbnail\" alt=\"\" aria-describedby=\"gallery-1-87\" \/><\/a>\n\t\t\t<\/dt>\n\t\t\t\t<dd class='wp-caption-text gallery-caption' id='gallery-1-87'>\n\t\t\t\tGrupo The InfoLab\n\t\t\t\t<\/dd><\/dl><dl class='gallery-item'>\n\t\t\t<dt class='gallery-icon landscape'>\n\t\t\t\t<a href='https:\/\/liag.ft.unicamp.br\/mostraliag\/wp-content\/uploads\/sites\/18\/2018\/06\/WhatsApp-Image-2018-06-13-at-00.58.54.jpeg'><img loading=\"lazy\" decoding=\"async\" width=\"150\" height=\"150\" src=\"https:\/\/liag.ft.unicamp.br\/mostraliag\/wp-content\/uploads\/sites\/18\/2018\/06\/WhatsApp-Image-2018-06-13-at-00.58.54-150x150.jpeg\" class=\"attachment-thumbnail size-thumbnail\" alt=\"\" aria-describedby=\"gallery-1-88\" \/><\/a>\n\t\t\t<\/dt>\n\t\t\t\t<dd class='wp-caption-text gallery-caption' id='gallery-1-88'>\n\t\t\t\tGrupo The InfoLab\n\t\t\t\t<\/dd><\/dl><br style=\"clear: both\" \/><dl class='gallery-item'>\n\t\t\t<dt class='gallery-icon landscape'>\n\t\t\t\t<a href='https:\/\/liag.ft.unicamp.br\/mostraliag\/wp-content\/uploads\/sites\/18\/2018\/06\/WhatsApp-Image-2018-06-13-at-00.58.59.jpeg'><img loading=\"lazy\" decoding=\"async\" width=\"150\" height=\"150\" src=\"https:\/\/liag.ft.unicamp.br\/mostraliag\/wp-content\/uploads\/sites\/18\/2018\/06\/WhatsApp-Image-2018-06-13-at-00.58.59-150x150.jpeg\" class=\"attachment-thumbnail size-thumbnail\" alt=\"\" \/><\/a>\n\t\t\t<\/dt><\/dl><dl class='gallery-item'>\n\t\t\t<dt class='gallery-icon landscape'>\n\t\t\t\t<a href='https:\/\/liag.ft.unicamp.br\/mostraliag\/wp-content\/uploads\/sites\/18\/2018\/06\/WhatsApp-Image-2018-06-13-at-00.58.35.jpeg'><img loading=\"lazy\" decoding=\"async\" width=\"150\" height=\"150\" src=\"https:\/\/liag.ft.unicamp.br\/mostraliag\/wp-content\/uploads\/sites\/18\/2018\/06\/WhatsApp-Image-2018-06-13-at-00.58.35-150x150.jpeg\" class=\"attachment-thumbnail size-thumbnail\" alt=\"\" \/><\/a>\n\t\t\t<\/dt><\/dl><dl class='gallery-item'>\n\t\t\t<dt class='gallery-icon landscape'>\n\t\t\t\t<a href='https:\/\/liag.ft.unicamp.br\/mostraliag\/wp-content\/uploads\/sites\/18\/2018\/06\/WhatsApp-Image-2018-06-13-at-00.58.30.jpeg'><img loading=\"lazy\" decoding=\"async\" width=\"150\" height=\"150\" src=\"https:\/\/liag.ft.unicamp.br\/mostraliag\/wp-content\/uploads\/sites\/18\/2018\/06\/WhatsApp-Image-2018-06-13-at-00.58.30-150x150.jpeg\" class=\"attachment-thumbnail size-thumbnail\" alt=\"\" \/><\/a>\n\t\t\t<\/dt><\/dl><dl class='gallery-item'>\n\t\t\t<dt class='gallery-icon landscape'>\n\t\t\t\t<a href='https:\/\/liag.ft.unicamp.br\/mostraliag\/wp-content\/uploads\/sites\/18\/2018\/06\/WhatsApp-Image-2018-06-13-at-00.58.27.jpeg'><img loading=\"lazy\" decoding=\"async\" width=\"150\" height=\"150\" src=\"https:\/\/liag.ft.unicamp.br\/mostraliag\/wp-content\/uploads\/sites\/18\/2018\/06\/WhatsApp-Image-2018-06-13-at-00.58.27-150x150.jpeg\" class=\"attachment-thumbnail size-thumbnail\" alt=\"\" \/><\/a>\n\t\t\t<\/dt><\/dl><br style=\"clear: both\" \/><dl class='gallery-item'>\n\t\t\t<dt class='gallery-icon landscape'>\n\t\t\t\t<a href='https:\/\/liag.ft.unicamp.br\/mostraliag\/wp-content\/uploads\/sites\/18\/2018\/06\/WhatsApp-Image-2018-06-13-at-00.58.25.jpeg'><img loading=\"lazy\" decoding=\"async\" width=\"150\" height=\"150\" src=\"https:\/\/liag.ft.unicamp.br\/mostraliag\/wp-content\/uploads\/sites\/18\/2018\/06\/WhatsApp-Image-2018-06-13-at-00.58.25-150x150.jpeg\" class=\"attachment-thumbnail size-thumbnail\" alt=\"\" \/><\/a>\n\t\t\t<\/dt><\/dl><dl class='gallery-item'>\n\t\t\t<dt class='gallery-icon landscape'>\n\t\t\t\t<a href='https:\/\/liag.ft.unicamp.br\/mostraliag\/wp-content\/uploads\/sites\/18\/2018\/06\/WhatsApp-Image-2018-06-13-at-00.58.21.jpeg'><img loading=\"lazy\" decoding=\"async\" width=\"150\" height=\"150\" src=\"https:\/\/liag.ft.unicamp.br\/mostraliag\/wp-content\/uploads\/sites\/18\/2018\/06\/WhatsApp-Image-2018-06-13-at-00.58.21-150x150.jpeg\" class=\"attachment-thumbnail size-thumbnail\" alt=\"\" \/><\/a>\n\t\t\t<\/dt><\/dl><dl class='gallery-item'>\n\t\t\t<dt class='gallery-icon landscape'>\n\t\t\t\t<a href='https:\/\/liag.ft.unicamp.br\/mostraliag\/wp-content\/uploads\/sites\/18\/2018\/06\/WhatsApp-Image-2018-06-13-at-00.57.54.jpeg'><img loading=\"lazy\" decoding=\"async\" width=\"150\" height=\"150\" src=\"https:\/\/liag.ft.unicamp.br\/mostraliag\/wp-content\/uploads\/sites\/18\/2018\/06\/WhatsApp-Image-2018-06-13-at-00.57.54-150x150.jpeg\" class=\"attachment-thumbnail size-thumbnail\" alt=\"\" \/><\/a>\n\t\t\t<\/dt><\/dl><dl class='gallery-item'>\n\t\t\t<dt class='gallery-icon landscape'>\n\t\t\t\t<a href='https:\/\/liag.ft.unicamp.br\/mostraliag\/wp-content\/uploads\/sites\/18\/2018\/06\/WhatsApp-Image-2018-06-13-at-00.57.57.jpeg'><img loading=\"lazy\" decoding=\"async\" width=\"150\" height=\"150\" src=\"https:\/\/liag.ft.unicamp.br\/mostraliag\/wp-content\/uploads\/sites\/18\/2018\/06\/WhatsApp-Image-2018-06-13-at-00.57.57-150x150.jpeg\" class=\"attachment-thumbnail size-thumbnail\" alt=\"\" \/><\/a>\n\t\t\t<\/dt><\/dl><br style=\"clear: both\" \/><dl class='gallery-item'>\n\t\t\t<dt class='gallery-icon landscape'>\n\t\t\t\t<a href='https:\/\/liag.ft.unicamp.br\/mostraliag\/wp-content\/uploads\/sites\/18\/2018\/06\/WhatsApp-Image-2018-06-13-at-00.58.03.jpeg'><img loading=\"lazy\" decoding=\"async\" width=\"150\" height=\"150\" src=\"https:\/\/liag.ft.unicamp.br\/mostraliag\/wp-content\/uploads\/sites\/18\/2018\/06\/WhatsApp-Image-2018-06-13-at-00.58.03-150x150.jpeg\" class=\"attachment-thumbnail size-thumbnail\" alt=\"\" \/><\/a>\n\t\t\t<\/dt><\/dl><dl class='gallery-item'>\n\t\t\t<dt class='gallery-icon landscape'>\n\t\t\t\t<a href='https:\/\/liag.ft.unicamp.br\/mostraliag\/wp-content\/uploads\/sites\/18\/2018\/06\/WhatsApp-Image-2018-06-13-at-00.58.04.jpeg'><img loading=\"lazy\" decoding=\"async\" width=\"150\" height=\"150\" src=\"https:\/\/liag.ft.unicamp.br\/mostraliag\/wp-content\/uploads\/sites\/18\/2018\/06\/WhatsApp-Image-2018-06-13-at-00.58.04-150x150.jpeg\" class=\"attachment-thumbnail size-thumbnail\" alt=\"\" \/><\/a>\n\t\t\t<\/dt><\/dl><dl class='gallery-item'>\n\t\t\t<dt class='gallery-icon landscape'>\n\t\t\t\t<a href='https:\/\/liag.ft.unicamp.br\/mostraliag\/wp-content\/uploads\/sites\/18\/2018\/06\/WhatsApp-Image-2018-06-13-at-00.58.19.jpeg'><img loading=\"lazy\" decoding=\"async\" width=\"150\" height=\"150\" src=\"https:\/\/liag.ft.unicamp.br\/mostraliag\/wp-content\/uploads\/sites\/18\/2018\/06\/WhatsApp-Image-2018-06-13-at-00.58.19-150x150.jpeg\" class=\"attachment-thumbnail size-thumbnail\" alt=\"\" \/><\/a>\n\t\t\t<\/dt><\/dl><dl class='gallery-item'>\n\t\t\t<dt class='gallery-icon landscape'>\n\t\t\t\t<a href='https:\/\/liag.ft.unicamp.br\/mostraliag\/wp-content\/uploads\/sites\/18\/2018\/06\/WhatsApp-Image-2018-06-13-at-00.57.51.jpeg'><img loading=\"lazy\" decoding=\"async\" width=\"150\" height=\"150\" src=\"https:\/\/liag.ft.unicamp.br\/mostraliag\/wp-content\/uploads\/sites\/18\/2018\/06\/WhatsApp-Image-2018-06-13-at-00.57.51-150x150.jpeg\" class=\"attachment-thumbnail size-thumbnail\" alt=\"\" aria-describedby=\"gallery-1-73\" \/><\/a>\n\t\t\t<\/dt>\n\t\t\t\t<dd class='wp-caption-text gallery-caption' id='gallery-1-73'>\n\t\t\t\tScratch Day &#8211; Karen Malzoni\n\t\t\t\t<\/dd><\/dl><br style=\"clear: both\" \/><dl class='gallery-item'>\n\t\t\t<dt class='gallery-icon landscape'>\n\t\t\t\t<a href='https:\/\/liag.ft.unicamp.br\/mostraliag\/wp-content\/uploads\/sites\/18\/2018\/06\/WhatsApp-Image-2018-06-13-at-00.57.50.jpeg'><img loading=\"lazy\" decoding=\"async\" width=\"150\" height=\"150\" src=\"https:\/\/liag.ft.unicamp.br\/mostraliag\/wp-content\/uploads\/sites\/18\/2018\/06\/WhatsApp-Image-2018-06-13-at-00.57.50-150x150.jpeg\" class=\"attachment-thumbnail size-thumbnail\" alt=\"\" aria-describedby=\"gallery-1-72\" \/><\/a>\n\t\t\t<\/dt>\n\t\t\t\t<dd class='wp-caption-text gallery-caption' id='gallery-1-72'>\n\t\t\t\tScratch Day &#8211; Karen Malzoni\n\t\t\t\t<\/dd><\/dl><dl class='gallery-item'>\n\t\t\t<dt class='gallery-icon landscape'>\n\t\t\t\t<a href='https:\/\/liag.ft.unicamp.br\/mostraliag\/wp-content\/uploads\/sites\/18\/2018\/06\/WhatsApp-Image-2018-06-13-at-00.57.47.jpeg'><img loading=\"lazy\" decoding=\"async\" width=\"150\" height=\"150\" src=\"https:\/\/liag.ft.unicamp.br\/mostraliag\/wp-content\/uploads\/sites\/18\/2018\/06\/WhatsApp-Image-2018-06-13-at-00.57.47-150x150.jpeg\" class=\"attachment-thumbnail size-thumbnail\" alt=\"\" \/><\/a>\n\t\t\t<\/dt><\/dl><dl class='gallery-item'>\n\t\t\t<dt class='gallery-icon landscape'>\n\t\t\t\t<a href='https:\/\/liag.ft.unicamp.br\/mostraliag\/wp-content\/uploads\/sites\/18\/2018\/06\/WhatsApp-Image-2018-06-13-at-00.43.21.jpeg'><img loading=\"lazy\" decoding=\"async\" width=\"150\" height=\"150\" src=\"https:\/\/liag.ft.unicamp.br\/mostraliag\/wp-content\/uploads\/sites\/18\/2018\/06\/WhatsApp-Image-2018-06-13-at-00.43.21-150x150.jpeg\" class=\"attachment-thumbnail size-thumbnail\" alt=\"\" \/><\/a>\n\t\t\t<\/dt><\/dl><dl class='gallery-item'>\n\t\t\t<dt class='gallery-icon landscape'>\n\t\t\t\t<a href='https:\/\/liag.ft.unicamp.br\/mostraliag\/wp-content\/uploads\/sites\/18\/2018\/06\/WhatsApp-Image-2018-06-13-at-00.43.19.jpeg'><img loading=\"lazy\" decoding=\"async\" width=\"150\" height=\"150\" src=\"https:\/\/liag.ft.unicamp.br\/mostraliag\/wp-content\/uploads\/sites\/18\/2018\/06\/WhatsApp-Image-2018-06-13-at-00.43.19-150x150.jpeg\" class=\"attachment-thumbnail size-thumbnail\" alt=\"\" \/><\/a>\n\t\t\t<\/dt><\/dl><br style=\"clear: both\" \/><dl class='gallery-item'>\n\t\t\t<dt class='gallery-icon landscape'>\n\t\t\t\t<a href='https:\/\/liag.ft.unicamp.br\/mostraliag\/wp-content\/uploads\/sites\/18\/2018\/06\/2-1.jpg'><img loading=\"lazy\" decoding=\"async\" width=\"150\" height=\"150\" src=\"https:\/\/liag.ft.unicamp.br\/mostraliag\/wp-content\/uploads\/sites\/18\/2018\/06\/2-1-150x150.jpg\" class=\"attachment-thumbnail size-thumbnail\" alt=\"\" \/><\/a>\n\t\t\t<\/dt><\/dl><dl class='gallery-item'>\n\t\t\t<dt class='gallery-icon portrait'>\n\t\t\t\t<a href='https:\/\/liag.ft.unicamp.br\/mostraliag\/wp-content\/uploads\/sites\/18\/2018\/06\/3.jpg'><img loading=\"lazy\" decoding=\"async\" width=\"150\" height=\"150\" src=\"https:\/\/liag.ft.unicamp.br\/mostraliag\/wp-content\/uploads\/sites\/18\/2018\/06\/3-150x150.jpg\" class=\"attachment-thumbnail size-thumbnail\" alt=\"\" \/><\/a>\n\t\t\t<\/dt><\/dl><dl class='gallery-item'>\n\t\t\t<dt class='gallery-icon landscape'>\n\t\t\t\t<a href='https:\/\/liag.ft.unicamp.br\/mostraliag\/wp-content\/uploads\/sites\/18\/2018\/06\/1-1.jpg'><img loading=\"lazy\" decoding=\"async\" width=\"150\" height=\"150\" src=\"https:\/\/liag.ft.unicamp.br\/mostraliag\/wp-content\/uploads\/sites\/18\/2018\/06\/1-1-150x150.jpg\" class=\"attachment-thumbnail size-thumbnail\" alt=\"\" \/><\/a>\n\t\t\t<\/dt><\/dl><dl class='gallery-item'>\n\t\t\t<dt class='gallery-icon landscape'>\n\t\t\t\t<a href='https:\/\/liag.ft.unicamp.br\/mostraliag\/wp-content\/uploads\/sites\/18\/2018\/06\/5.jpg'><img loading=\"lazy\" decoding=\"async\" width=\"150\" height=\"150\" src=\"https:\/\/liag.ft.unicamp.br\/mostraliag\/wp-content\/uploads\/sites\/18\/2018\/06\/5-150x150.jpg\" class=\"attachment-thumbnail size-thumbnail\" alt=\"\" aria-describedby=\"gallery-1-60\" \/><\/a>\n\t\t\t<\/dt>\n\t\t\t\t<dd class='wp-caption-text gallery-caption' id='gallery-1-60'>\n\t\t\t\t\u00c0 esquerda, Paulo Roberto &#8211; aluno de doutorado, ao centro, Prof Marcos Augusto &#8211; coordenador do LIAG e \u00e0 direita, Andr\u00e9 Lu\u00eds &#8211; secret\u00e1rio de educa\u00e7\u00e3o\n\t\t\t\t<\/dd><\/dl><br style=\"clear: both\" \/><dl class='gallery-item'>\n\t\t\t<dt class='gallery-icon landscape'>\n\t\t\t\t<a href='https:\/\/liag.ft.unicamp.br\/mostraliag\/wp-content\/uploads\/sites\/18\/2018\/06\/4.jpg'><img loading=\"lazy\" decoding=\"async\" width=\"150\" height=\"150\" src=\"https:\/\/liag.ft.unicamp.br\/mostraliag\/wp-content\/uploads\/sites\/18\/2018\/06\/4-150x150.jpg\" class=\"attachment-thumbnail size-thumbnail\" alt=\"\" aria-describedby=\"gallery-1-59\" \/><\/a>\n\t\t\t<\/dt>\n\t\t\t\t<dd class='wp-caption-text gallery-caption' id='gallery-1-59'>\n\t\t\t\tHumberto Zanetti, Prof Dr Marcos Augusto, Professoras da E.E Jos\u00e9 Aldo Kuhl, Val\u00e9ria Kawauchi, Ana L\u00facia e Paulo Roberto\n\t\t\t\t<\/dd><\/dl>\n\t\t\t<br style='clear: both' \/>\n\t\t<\/div>\n\n<p>&nbsp;<\/p>\n","protected":false},"excerpt":{"rendered":"<p>&nbsp;<\/p>\n","protected":false},"author":1,"featured_media":0,"parent":0,"menu_order":0,"comment_status":"closed","ping_status":"closed","template":"","meta":{"_monsterinsights_skip_tracking":false,"_monsterinsights_sitenote_active":false,"_monsterinsights_sitenote_note":"","_monsterinsights_sitenote_category":0,"footnotes":"","_links_to":"","_links_to_target":""},"class_list":["post-45","page","type-page","status-publish","hentry"],"wps_subtitle":"","_links":{"self":[{"href":"https:\/\/liag.ft.unicamp.br\/mostraliag\/wp-json\/wp\/v2\/pages\/45","targetHints":{"allow":["GET"]}}],"collection":[{"href":"https:\/\/liag.ft.unicamp.br\/mostraliag\/wp-json\/wp\/v2\/pages"}],"about":[{"href":"https:\/\/liag.ft.unicamp.br\/mostraliag\/wp-json\/wp\/v2\/types\/page"}],"author":[{"embeddable":true,"href":"https:\/\/liag.ft.unicamp.br\/mostraliag\/wp-json\/wp\/v2\/users\/1"}],"replies":[{"embeddable":true,"href":"https:\/\/liag.ft.unicamp.br\/mostraliag\/wp-json\/wp\/v2\/comments?post=45"}],"version-history":[{"count":2,"href":"https:\/\/liag.ft.unicamp.br\/mostraliag\/wp-json\/wp\/v2\/pages\/45\/revisions"}],"predecessor-version":[{"id":102,"href":"https:\/\/liag.ft.unicamp.br\/mostraliag\/wp-json\/wp\/v2\/pages\/45\/revisions\/102"}],"wp:attachment":[{"href":"https:\/\/liag.ft.unicamp.br\/mostraliag\/wp-json\/wp\/v2\/media?parent=45"}],"curies":[{"name":"wp","href":"https:\/\/api.w.org\/{rel}","templated":true}]}}