{"id":108,"date":"2017-08-17T22:40:31","date_gmt":"2017-08-18T01:40:31","guid":{"rendered":"http:\/\/liag.ft.unicamp.br\/programacao2\/?page_id=108"},"modified":"2017-08-17T23:20:24","modified_gmt":"2017-08-18T02:20:24","slug":"software-didaticos","status":"publish","type":"page","link":"https:\/\/liag.ft.unicamp.br\/programacao2\/software-didaticos\/","title":{"rendered":"Software Did\u00e1ticos"},"content":{"rendered":"<p><strong>Aqui est\u00e3o reunidos alguns links para ferramentas interessantes para a aprendizagem do C<\/strong><br \/>\n<span class=\"collapseomatic \" id=\"id69d774387aa0f\"  tabindex=\"0\" title=\"&lt;strong&gt;&lt;em&gt;Documenta\u00e7\u00e3o Linguagem C&lt;\/em&gt;&lt;\/strong&gt;\"    ><strong><em>Documenta\u00e7\u00e3o Linguagem C<\/em><\/strong><\/span><div id=\"target-id69d774387aa0f\" class=\"collapseomatic_content \"><a href=\"https:\/\/www.open-std.org\/jtc1\/sc22\/wg14\/www\/docs\/n1570.pdf\">aqui<\/a><\/div>\n<br \/>\n<span class=\"collapseomatic \" id=\"id69d774387ab72\"  tabindex=\"0\" title=\"&lt;em&gt;&lt;strong&gt;NotePad++&lt;\/strong&gt;&lt;\/em&gt;\"    ><em><strong>NotePad++<\/strong><\/em><\/span><div id=\"target-id69d774387ab72\" class=\"collapseomatic_content \"><a href=\"https:\/\/notepad-plus-plus.org\/\">NotePad++<\/a> \u00e9 um editor de texto Free com grandes\u00a0capacidades de execu\u00e7\u00e3o de c\u00f3digo\u00a0em C e outras linguagens<\/div>\n<br \/>\n<span class=\"collapseomatic \" id=\"id69d774387abdd\"  tabindex=\"0\" title=\"&lt;em&gt;&lt;strong&gt;VisualAlg 3.0&lt;\/strong&gt;&lt;\/em&gt;\"    ><em><strong>VisualAlg 3.0<\/strong><\/em><\/span><div id=\"target-id69d774387abdd\" class=\"collapseomatic_content \"><a href=\"https:\/\/sourceforge.net\/projects\/visualg30\/\">VisualAlg 3.0<\/a>\u00a0\u00c9 um interpretador, editor e criador de Algoritmos escritos em Portugol \u00a0excelente\u00a0ferramenta para o aprendizado de l\u00f3gica de programa\u00e7\u00e3o<\/div>\n<br \/>\n<span class=\"collapseomatic \" id=\"id69d774387ac36\"  tabindex=\"0\" title=\"&lt;em&gt;&lt;strong&gt;Livros&lt;\/strong&gt;&lt;\/em&gt;\"    ><em><strong>Livros<\/strong><\/em><\/span><div id=\"target-id69d774387ac36\" class=\"collapseomatic_content \">Alguns livros sobre programa\u00e7\u00e3o, algebra e l\u00f3gica dispon\u00edveis <a href=\"https:\/\/professor.ic.ufal.br\/jaime\/\">aqui<\/a><\/div>\n","protected":false},"excerpt":{"rendered":"<p>Aqui est\u00e3o reunidos alguns links para ferramentas interessantes para a aprendizagem do C<\/p>\n","protected":false},"author":1,"featured_media":0,"parent":0,"menu_order":0,"comment_status":"closed","ping_status":"closed","template":"","meta":{"_monsterinsights_skip_tracking":false,"_monsterinsights_sitenote_active":false,"_monsterinsights_sitenote_note":"","_monsterinsights_sitenote_category":0,"footnotes":"","_links_to":"","_links_to_target":""},"class_list":["post-108","page","type-page","status-publish","hentry"],"wps_subtitle":"Software Did\u00e1ticos","_links":{"self":[{"href":"https:\/\/liag.ft.unicamp.br\/programacao2\/wp-json\/wp\/v2\/pages\/108","targetHints":{"allow":["GET"]}}],"collection":[{"href":"https:\/\/liag.ft.unicamp.br\/programacao2\/wp-json\/wp\/v2\/pages"}],"about":[{"href":"https:\/\/liag.ft.unicamp.br\/programacao2\/wp-json\/wp\/v2\/types\/page"}],"author":[{"embeddable":true,"href":"https:\/\/liag.ft.unicamp.br\/programacao2\/wp-json\/wp\/v2\/users\/1"}],"replies":[{"embeddable":true,"href":"https:\/\/liag.ft.unicamp.br\/programacao2\/wp-json\/wp\/v2\/comments?post=108"}],"version-history":[{"count":28,"href":"https:\/\/liag.ft.unicamp.br\/programacao2\/wp-json\/wp\/v2\/pages\/108\/revisions"}],"predecessor-version":[{"id":136,"href":"https:\/\/liag.ft.unicamp.br\/programacao2\/wp-json\/wp\/v2\/pages\/108\/revisions\/136"}],"wp:attachment":[{"href":"https:\/\/liag.ft.unicamp.br\/programacao2\/wp-json\/wp\/v2\/media?parent=108"}],"curies":[{"name":"wp","href":"https:\/\/api.w.org\/{rel}","templated":true}]}}