{"id":137,"date":"2017-08-17T23:34:17","date_gmt":"2017-08-18T02:34:17","guid":{"rendered":"http:\/\/liag.ft.unicamp.br\/programacao2\/?page_id=137"},"modified":"2017-08-17T23:42:45","modified_gmt":"2017-08-18T02:42:45","slug":"ebnf-em-c","status":"publish","type":"page","link":"https:\/\/liag.ft.unicamp.br\/programacao2\/ebnf-em-c\/","title":{"rendered":"EBNF em C"},"content":{"rendered":"<p>Explicar coment\u00e1rios\/incluir return\/acertar tipos de IO do scanf<br \/>\n<span class=\"collapseomatic \" id=\"id69d4e71fba97d\"  tabindex=\"0\" title=\"Legenda\"    >Legenda<\/span><div id=\"target-id69d4e71fba97d\" class=\"collapseomatic_content \">\n::= &#8211; significa<\/p>\n<p>{ } &#8211; zero ou mais vezes<\/p>\n[ ] &#8211; opcional<\/p>\n<p>&#8221; &#8221; &#8211; forma final<\/p>\n<p>| &#8211; ou<br \/>\n<\/div>\n<p>Programa em C ::= declara\u00e7\u00e3o de rotina { rotina }<\/p>\n<p>Declara\u00e7\u00e3o ::= { include } { define }<\/p>\n<p>include ::= &#8220;#include&#8221; espa\u00e7o &lt; nomedoarquivo &gt;<\/p>\n<p>define ::= &#8220;#define&#8221; espa\u00e7o &#8220;nome&#8221; espa\u00e7o literal<\/p>\n<p>nomedoarquivo ::= palavra&#8221;.&#8221;letra<\/p>\n<p>palavra ::= letra{letra_numero}<\/p>\n<p>nome ::= letra{letra_numero}<\/p>\n<p>letra_numero ::= letra | numero<\/p>\n<p>letra ::= &#8220;a&#8221; | &#8220;b&#8221; | &#8220;c&#8221; | &#8220;d&#8221; | .. &#8220;z&#8221;<\/p>\n<p>numero ::= &#8220;1&#8221; | &#8220;2&#8221; | &#8220;3&#8221; | &#8220;4&#8221; | &#8220;5&#8221; &#8230;<\/p>\n<p>literal ::= nome | valor<\/p>\n<p>valor ::= numero { numero } [.numero{numero}]\n<p>&nbsp;<\/p>\n","protected":false},"excerpt":{"rendered":"<p>Explicar coment\u00e1rios\/incluir return\/acertar tipos de IO do scanf Programa em C ::= declara\u00e7\u00e3o de rotina { rotina } Declara\u00e7\u00e3o ::= { include } { define } include ::= &#8220;#include&#8221; espa\u00e7o &lt; nomedoarquivo &gt; define ::= &#8220;#define&#8221; espa\u00e7o &#8220;nome&#8221; espa\u00e7o literal nomedoarquivo ::= palavra&#8221;.&#8221;letra palavra ::= letra{letra_numero} nome ::= letra{letra_numero} letra_numero ::= letra | numero letra [&hellip;]<\/p>\n","protected":false},"author":1,"featured_media":0,"parent":0,"menu_order":0,"comment_status":"closed","ping_status":"closed","template":"","meta":{"_monsterinsights_skip_tracking":false,"_monsterinsights_sitenote_active":false,"_monsterinsights_sitenote_note":"","_monsterinsights_sitenote_category":0,"footnotes":"","_links_to":"","_links_to_target":""},"class_list":["post-137","page","type-page","status-publish","hentry"],"wps_subtitle":"","_links":{"self":[{"href":"https:\/\/liag.ft.unicamp.br\/programacao2\/wp-json\/wp\/v2\/pages\/137","targetHints":{"allow":["GET"]}}],"collection":[{"href":"https:\/\/liag.ft.unicamp.br\/programacao2\/wp-json\/wp\/v2\/pages"}],"about":[{"href":"https:\/\/liag.ft.unicamp.br\/programacao2\/wp-json\/wp\/v2\/types\/page"}],"author":[{"embeddable":true,"href":"https:\/\/liag.ft.unicamp.br\/programacao2\/wp-json\/wp\/v2\/users\/1"}],"replies":[{"embeddable":true,"href":"https:\/\/liag.ft.unicamp.br\/programacao2\/wp-json\/wp\/v2\/comments?post=137"}],"version-history":[{"count":5,"href":"https:\/\/liag.ft.unicamp.br\/programacao2\/wp-json\/wp\/v2\/pages\/137\/revisions"}],"predecessor-version":[{"id":140,"href":"https:\/\/liag.ft.unicamp.br\/programacao2\/wp-json\/wp\/v2\/pages\/137\/revisions\/140"}],"wp:attachment":[{"href":"https:\/\/liag.ft.unicamp.br\/programacao2\/wp-json\/wp\/v2\/media?parent=137"}],"curies":[{"name":"wp","href":"https:\/\/api.w.org\/{rel}","templated":true}]}}