{"id":1924,"date":"2016-05-10T16:13:02","date_gmt":"2016-05-10T19:13:02","guid":{"rendered":"http:\/\/liag.ft.unicamp.br\/robocode\/?page_id=1924"},"modified":"2019-08-20T18:23:57","modified_gmt":"2019-08-20T18:23:57","slug":"torneio-2015","status":"publish","type":"page","link":"https:\/\/liag.ft.unicamp.br\/robocode\/torneio-2015\/","title":{"rendered":"Torneio 2015"},"content":{"rendered":"<p><strong>Equipes Robocode 2015<\/strong><\/p>\n<table>\n<tbody>\n<tr>\n<td width=\"123\"><strong>Institui\u00e7\u00e3o<\/strong><\/td>\n<td width=\"142\">\n<p><strong>Equipes Cadastradas<\/strong><\/td>\n<td width=\"104\"><strong>Cidade<\/strong><\/td>\n<\/tr>\n<tr>\n<td width=\"123\">FT-UNICAMP<\/p>\n<p>IF Farroupilha<\/td>\n<td width=\"142\">Robot Hunters<\/p>\n<p>Gear<\/p>\n<p>GER<\/p>\n<p>AsimovTeam<\/p>\n<p>JavaCode<\/p>\n<p>Karamba<\/p>\n<p>Farrapos<\/p>\n<p>Asad<\/p>\n<p>Infinity<\/td>\n<td width=\"104\">Limeira-SP<\/p>\n<p>Limeira-SP<\/p>\n<p>Limeira-SP<\/p>\n<p>Limeira-SP<\/p>\n<p>Limeira-SP<\/p>\n<p>Limeira-SP<\/p>\n<p>S\u00e3o Borja-RS<\/p>\n<p>S\u00e3o Borja-RS<\/p>\n<p>S\u00e3o Borja-RS<\/td>\n<\/tr>\n<tr>\n<td width=\"123\">COTIL-UNICAMP<\/td>\n<td width=\"142\">UPB-1<\/p>\n<p>The Runaways-6<\/p>\n<p>Baidu-3<\/p>\n<p>Battle Axe-4<\/p>\n<p>M\u00e9todo Destrutor-5<\/p>\n<p>Tortuguitas7<\/p>\n<p>PDeuses<\/td>\n<td width=\"104\">Limeira-SP<\/p>\n<p>Limeira-SP<\/p>\n<p>Limeira-SP<\/p>\n<p>Limeira-SP<\/p>\n<p>Limeira-SP<\/p>\n<p>Limeira-SP<\/p>\n<p>Limeira-SP<\/td>\n<\/tr>\n<tr>\n<td width=\"123\">IFSP<\/td>\n<td width=\"142\">Coiotes 404<\/p>\n<p>Ningu\u00e9m CEGG<\/p>\n<p>SotfDeadCorporation<\/p>\n<p>SotfDeadCorporation<\/p>\n<p>B&amp;T &#8211; Stay Strong<\/p>\n<p>NG Corp.<\/p>\n<p>An Unnamed Team<\/p>\n<p>Allianz Classic<\/p>\n<p>Deathstroke<\/p>\n<p>Overflow<\/p>\n<p>EE-T1 Os\u00f3rio<\/p>\n<p>DeceptiCodes<\/td>\n<td width=\"104\">Capivari-SP<\/p>\n<p>Capivari-SP<\/p>\n<p>Capivari-SP<\/p>\n<p>Capivari-SP<\/p>\n<p>Capivari-SP<\/p>\n<p>Capivari-SP<\/p>\n<p>Capivari-SP<\/p>\n<p>Capivari-SP<\/p>\n<p>Capivari-SP<\/p>\n<p>Boituva-SP<\/p>\n<p>Hortol\u00e2ndia-SP<\/p>\n<p>Hortol\u00e2ndia-SP<\/td>\n<\/tr>\n<\/tbody>\n<\/table>\n<p><strong>FINALISTAS<\/strong><\/p>\n<p><img fetchpriority=\"high\" decoding=\"async\" class=\"alignnone size-medium wp-image-1930\" src=\"https:\/\/liag.ft.unicamp.br\/wp-content\/uploads\/2016\/05\/finalistas-300x284.png\" alt=\"finalistas\" width=\"300\" height=\"284\" \/><\/p>\n<p><a href=\"https:\/\/liag.ft.unicamp.br\/robocode\/torneio-ft\/\">TORNEIO FT<\/a> \u00a0<a href=\"https:\/\/liag.ft.unicamp.br\/robocode\/torneio-cotil\/\">TORNEIO COTIL<\/a> \u00a0<a href=\"https:\/\/liag.ft.unicamp.br\/robocode\/torneio-ifsp\/\">TORNEIO IFSP<\/a> \u00a0<a href=\"https:\/\/liag.ft.unicamp.br\/robocode\/torneio-publico\/\">TORNEIO P\u00daBLICO<\/a><\/p>\n<p><strong>PATROCINADORES<\/strong><\/p>\n<p><a href=\"https:\/\/www.movile.com\/pt\/\"><img decoding=\"async\" class=\"alignnone wp-image-2099\" src=\"https:\/\/liag.ft.unicamp.br\/wp-content\/uploads\/2016\/05\/Novo_logo_-_Movile-300x245.png\" alt=\"Novo_logo_-_Movile\" width=\"166\" height=\"147\" \/><\/a><\/p>\n<p><a href=\"https:\/\/liag.ft.unicamp.br\/robocode\/finais-torneio-ft-2015\/\"><span style=\"font-family: arial, helvetica, sans-serif; font-size: 14pt;\">RESULTADO DO TORNEIO<\/span><\/a><\/p>\n","protected":false},"excerpt":{"rendered":"<p>Equipes Robocode 2015 Institui\u00e7\u00e3o Equipes Cadastradas Cidade FT-UNICAMP IF Farroupilha Robot Hunters Gear GER AsimovTeam JavaCode Karamba Farrapos Asad Infinity Limeira-SP Limeira-SP Limeira-SP Limeira-SP Limeira-SP Limeira-SP S\u00e3o Borja-RS S\u00e3o Borja-RS S\u00e3o Borja-RS COTIL-UNICAMP UPB-1 The Runaways-6 Baidu-3 Battle Axe-4 M\u00e9todo Destrutor-5 Tortuguitas7 PDeuses Limeira-SP Limeira-SP Limeira-SP Limeira-SP Limeira-SP Limeira-SP Limeira-SP IFSP Coiotes 404 Ningu\u00e9m CEGG [&hellip;]<\/p>\n","protected":false},"author":12,"featured_media":0,"parent":0,"menu_order":0,"comment_status":"closed","ping_status":"closed","template":"","meta":{"_monsterinsights_skip_tracking":false,"_monsterinsights_sitenote_active":false,"_monsterinsights_sitenote_note":"","_monsterinsights_sitenote_category":0,"footnotes":"","_links_to":"","_links_to_target":""},"class_list":["post-1924","page","type-page","status-publish","hentry"],"wps_subtitle":"","_links":{"self":[{"href":"https:\/\/liag.ft.unicamp.br\/robocode\/wp-json\/wp\/v2\/pages\/1924","targetHints":{"allow":["GET"]}}],"collection":[{"href":"https:\/\/liag.ft.unicamp.br\/robocode\/wp-json\/wp\/v2\/pages"}],"about":[{"href":"https:\/\/liag.ft.unicamp.br\/robocode\/wp-json\/wp\/v2\/types\/page"}],"author":[{"embeddable":true,"href":"https:\/\/liag.ft.unicamp.br\/robocode\/wp-json\/wp\/v2\/users\/12"}],"replies":[{"embeddable":true,"href":"https:\/\/liag.ft.unicamp.br\/robocode\/wp-json\/wp\/v2\/comments?post=1924"}],"version-history":[{"count":6,"href":"https:\/\/liag.ft.unicamp.br\/robocode\/wp-json\/wp\/v2\/pages\/1924\/revisions"}],"predecessor-version":[{"id":2990,"href":"https:\/\/liag.ft.unicamp.br\/robocode\/wp-json\/wp\/v2\/pages\/1924\/revisions\/2990"}],"wp:attachment":[{"href":"https:\/\/liag.ft.unicamp.br\/robocode\/wp-json\/wp\/v2\/media?parent=1924"}],"curies":[{"name":"wp","href":"https:\/\/api.w.org\/{rel}","templated":true}]}}