{"id":2098,"date":"2016-05-17T16:33:30","date_gmt":"2016-05-17T19:33:30","guid":{"rendered":"http:\/\/liag.ft.unicamp.br\/robocode\/?page_id=2098"},"modified":"2016-05-17T16:33:30","modified_gmt":"2016-05-17T19:33:30","slug":"torneio-2014","status":"publish","type":"page","link":"https:\/\/liag.ft.unicamp.br\/robocode\/torneio-2014\/","title":{"rendered":"Torneio 2014"},"content":{"rendered":"<p>A equipe do Robocode agradece a todos que participaram tanto aos que puderam enviar os c\u00f3digos ou os que compareceram no dia do torneio.<\/p>\n<p>&nbsp;<\/p>\n<p><strong>PLACAR GERAL DAS PRIMEIRAS RODADAS<\/strong><\/p>\n<p>Equipe VCLS venceu a primeira rodada do torneio do dia 03-05<\/p>\n<table border=\"1\" cellspacing=\"0\" cellpadding=\"0\">\n<tbody>\n<tr>\n<td valign=\"top\" width=\"144\">03-06-2014<\/td>\n<td valign=\"top\" width=\"144\">Equipe<\/td>\n<td valign=\"top\" width=\"144\">1\u00ba rodada<\/td>\n<td valign=\"top\" width=\"144\">2\u00ba rodada<\/td>\n<\/tr>\n<tr>\n<td valign=\"top\" width=\"144\"><\/td>\n<td valign=\"top\" width=\"144\">VCLS <strong>X<\/strong> TRON<\/td>\n<td valign=\"top\" width=\"144\">5 <strong>X<\/strong> 0<\/td>\n<td valign=\"top\" width=\"144\">5 <strong>X<\/strong> 0<\/td>\n<\/tr>\n<tr>\n<td valign=\"top\" width=\"144\"><\/td>\n<td valign=\"top\" width=\"144\">TANC\u00c3O <strong>X<\/strong> POTATO<\/td>\n<td valign=\"top\" width=\"144\">5<strong> X<\/strong> 0<\/td>\n<td valign=\"top\" width=\"144\">5 <strong>X<\/strong> 1<\/td>\n<\/tr>\n<tr>\n<td valign=\"top\" width=\"144\">FINAL<\/td>\n<td valign=\"top\" width=\"144\">VCLS <strong>X<\/strong> TANC\u00c3O<\/td>\n<td valign=\"top\" width=\"144\">5 <strong>X<\/strong> 0<\/td>\n<td valign=\"top\" width=\"144\">5 <strong>X<\/strong> 0<\/td>\n<\/tr>\n<\/tbody>\n<\/table>\n<p>Equipe NERV venceu a primeira rodada do torneio do dia 05-06 a tarde \u2013 12:20<\/p>\n<table border=\"1\" cellspacing=\"0\" cellpadding=\"0\">\n<tbody>\n<tr>\n<td valign=\"top\" width=\"144\">05-06-2014<\/td>\n<td valign=\"top\" width=\"213\">Equipe<\/td>\n<td valign=\"top\" width=\"123\">Placar<\/td>\n<td valign=\"top\" width=\"97\">Data<\/td>\n<\/tr>\n<tr>\n<td valign=\"top\" width=\"144\">1\u00ba Partida<\/td>\n<td valign=\"top\" width=\"213\">NERV <strong>X<\/strong> GER Y<\/td>\n<td valign=\"top\" width=\"123\">10 <strong>X<\/strong> 0<\/td>\n<td valign=\"top\" width=\"97\">05-06-2014<\/td>\n<\/tr>\n<tr>\n<td valign=\"top\" width=\"144\">1\u00ba Partida<\/td>\n<td valign=\"top\" width=\"213\">GEARS <strong>X<\/strong> M4 SHERMAN<\/td>\n<td valign=\"top\" width=\"123\">3 <strong>X<\/strong> 7<\/td>\n<td valign=\"top\" width=\"97\">05-06-2014<\/td>\n<\/tr>\n<tr>\n<td valign=\"top\" width=\"144\">1\u00ba Partida<\/td>\n<td valign=\"top\" width=\"213\">ADVENTURE TIME <strong>X<\/strong> GER X<\/td>\n<td valign=\"top\" width=\"123\">4 <strong>X<\/strong> 6<\/td>\n<td valign=\"top\" width=\"97\">05-06-2014<\/td>\n<\/tr>\n<tr>\n<td valign=\"top\" width=\"144\">1\u00ba Partida \u2013 FINAL<\/td>\n<td valign=\"top\" width=\"213\">NERV <strong>X<\/strong> M4 SHERMAN <strong>X<\/strong> GER X<\/td>\n<td valign=\"top\" width=\"123\">6 <strong>X<\/strong> 1 <strong>X<\/strong> 3<\/td>\n<td valign=\"top\" width=\"97\">05-06-2014<\/td>\n<\/tr>\n<\/tbody>\n<\/table>\n<p>Equipe BodeRoco \u00a0venceu a primeira rodada do torneio do dia 05-06 a noite -18:20<\/p>\n<table border=\"1\" cellspacing=\"0\" cellpadding=\"0\">\n<tbody>\n<tr>\n<td valign=\"top\" width=\"102\">05-06-2014<\/td>\n<td valign=\"top\" width=\"186\">Equipe<\/td>\n<td valign=\"top\" width=\"144\">1\u00ba Partida<\/td>\n<td valign=\"top\" width=\"144\">2\u00ba Partida<\/td>\n<\/tr>\n<tr>\n<td valign=\"top\" width=\"102\"><\/td>\n<td valign=\"top\" width=\"186\">BodeRoco <strong>X <\/strong>CyberTeens<\/td>\n<td valign=\"top\" width=\"144\">3 <strong>X <\/strong>2<\/td>\n<td valign=\"top\" width=\"144\">5<strong> X <\/strong>0<\/td>\n<\/tr>\n<\/tbody>\n<\/table>\n<p>&nbsp;<\/p>\n<p><strong>-BATALHA 11\/09<\/strong><\/p>\n<p>No\u00a0dia 11\/09 ocorreu a primeira rodada do torneio FT do segundo semestre e a equipe vencedora foi o GER X\u2026 PARAB\u00c9NS a voc\u00eas e as outras equipes, n\u00e3o se desanimem, as pr\u00f3ximas batalhas est\u00e3o por vir continuem programando.<\/p>\n<p>&nbsp;<\/p>\n<p><strong>-BATALHA 24\/09<\/strong><\/p>\n<p>Mais uma vez a equipe VCLS ganhou a rodada do segundo semestre, segue abaixo os c\u00f3digos dessa rodada, muito obrigado a todos que compareceram e PARAB\u00c9NS VCLS mais uma vez!!!<\/p>\n<p><iframe title=\"RoboCode 2014 - segunda rodada do Torneio Cotil diurno\" width=\"630\" height=\"354\" src=\"https:\/\/www.youtube.com\/embed\/41cnGMvm_S4?feature=oembed\" frameborder=\"0\" allow=\"accelerometer; autoplay; clipboard-write; encrypted-media; gyroscope; picture-in-picture; web-share\" referrerpolicy=\"strict-origin-when-cross-origin\" allowfullscreen><\/iframe><\/p>\n<p><strong>-BATALHA 24\/09<\/strong><\/p>\n<p>Ocorreu a terceira rodada do torneio da FT, mesmo tendo sido acirrada a disputa, contando at\u00e9 com a troca de rob\u00f4s de uma das equipes, a equipe vencedora \u00e9 novamente a GER X, a mesma vencedora da \u00faltima rodada, abaixo segue o v\u00eddeo das partidas e os c\u00f3digos utilizados!<\/p>\n<p>PARAB\u00c9NS a equipe GER X mais uma vez, que seus concorrentes tomem cuidado, por que o final est\u00e1 pr\u00f3ximo.<\/p>\n<p><iframe title=\"Torneio Robocode FT - 23\/10\/2014\" width=\"630\" height=\"354\" src=\"https:\/\/www.youtube.com\/embed\/spM4tLaKe3s?feature=oembed\" frameborder=\"0\" allow=\"accelerometer; autoplay; clipboard-write; encrypted-media; gyroscope; picture-in-picture; web-share\" referrerpolicy=\"strict-origin-when-cross-origin\" allowfullscreen><\/iframe><\/p>\n<p>&nbsp;<\/p>\n<p><strong>-BATALHA 30\/09<\/strong><\/p>\n<p>Boa noite pessoal, hoje ocorreu a terceira rodada do torneio Cotil e mais uma vez a equipe vencedora foi a VCLs\u2026 PARAB\u00c9NS aos vencedores que est\u00e3o invictos dentro do torneio desde o semestre passado.<\/p>\n<p><iframe title=\"roboCotil\" width=\"630\" height=\"354\" src=\"https:\/\/www.youtube.com\/embed\/_zPtL0QAxec?feature=oembed\" frameborder=\"0\" allow=\"accelerometer; autoplay; clipboard-write; encrypted-media; gyroscope; picture-in-picture; web-share\" referrerpolicy=\"strict-origin-when-cross-origin\" allowfullscreen><\/iframe><\/p>\n<p>&nbsp;<\/p>\n<p><strong>-BATALHA 25\/11<\/strong><\/p>\n<p>Ocorreu a quarta rodada do torneio FT, que \u00e9 a \u00faltima rodada antes da final.<br \/>\nNessa rodada ocorreram 2 empates entre as duas chaves que foram sorteadas, um empate ocorreu entre as equipes Adventure e\u00a0NERV\u00a0e o outro entre as equipes GER X e gears. No primeiro empate a equipe Adventure levou a melhor e no segundo empate a equipe GER X conseguiu destruir o rob\u00f4 do gears. Assistam o v\u00eddeo do post acima com a partida de hoje.<\/p>\n<p>A equipe vencedora da quarta rodada foi a ADVENTURE, parab\u00e9ns a todos os integrantes da equipe que com essa vit\u00f3ria conseguiram um lugar na rodada final do torneio FT. Sendo assim, de acordo com a regra do torneio apenas 3 equipes estar\u00e3o na final, as quais venceram pelo menos uma rodada do torneio. <strong>Segue abaixo as equipes que ir\u00e3o participar da final do torneio FT:<\/strong><\/p>\n<p><strong>-Equipe GERX \u2013 venceram duas rodadas, a segunda e a terceira rodada do segundo semestre de 2014.<br \/>\n-Equipe NERV\u00a0\u2013 venceram a primeira rodada que ocorreu no semestre passado e a primeira rodada do segundo semestre de 2014.<br \/>\n-Equipe Adventure \u2013 venceram a quarta e \u00faltima rodada do segundo semestre de 2014.<\/strong><\/p>\n<p>A todas as outras equipes que participaram, agradecemos muito a participa\u00e7\u00e3o e colabora\u00e7\u00e3o de voc\u00eas, mas n\u00e3o desistam, pois o ano que vem ter\u00e3o uma nova chance.<br \/>\nParab\u00e9ns as equipes que est\u00e3o na final, a qual ocorrer\u00e1 na pr\u00f3xima semana, dia 05\/12(quinta-feira). Fiquem atentos aos e-mails, estarei entrando em contato com voc\u00eas por l\u00e1.<\/p>\n<p><strong>-FINAL<\/strong><\/p>\n<p>Finalmente temos o resultado do torneio RoboCode 2014. A equipe de Campinas GER X \u00e9 a vencedora, conseguiu desbancar todas as equipes do Cotil e da FT e acabou ocupando o lugar da campe\u00e3 do torneio da liga de 2014.<\/p>\n<p>Parab\u00e9ns a equipe GER X pela grande vit\u00f3ria!!!!<\/p>\n<p>Como vencedor do torneio eles ir\u00e3o ganhar um curso de PL\/SQL, para o in\u00edcio de 2015, oferecido pela nossa patrocinadora MATERA SYSTEMS e um kit com camisetas da CI&amp;T\u2026.<\/p>\n<p>&nbsp;<\/p>\n<p><strong>PATROCINADORES<\/strong><\/p>\n<p><a href=\"https:\/\/www.ciandt.com\/br-pt\"><img decoding=\"async\" class=\"alignnone wp-image-2101\" src=\"https:\/\/liag.ft.unicamp.br\/wp-content\/uploads\/2016\/05\/Prata_CIeT-300x120.png\" alt=\"Prata_CIeT\" width=\"205\" height=\"82\" \/><\/a>\u00a0\u00a0<a href=\"https:\/\/www.matera.com\/br\/\"><img decoding=\"async\" class=\"alignnone  wp-image-2102\" src=\"https:\/\/liag.ft.unicamp.br\/wp-content\/uploads\/2016\/05\/20120730125020_matera.jpg\" alt=\"20120730125020_matera\" width=\"225\" height=\"71\" \/><\/a><\/p>\n","protected":false},"excerpt":{"rendered":"<p>A equipe do Robocode agradece a todos que participaram tanto aos que puderam enviar os c\u00f3digos ou os que compareceram no dia do torneio. &nbsp; PLACAR GERAL DAS PRIMEIRAS RODADAS Equipe VCLS venceu a primeira rodada do torneio do dia 03-05 03-06-2014 Equipe 1\u00ba rodada 2\u00ba rodada VCLS X TRON 5 X 0 5 X [&hellip;]<\/p>\n","protected":false},"author":12,"featured_media":0,"parent":0,"menu_order":0,"comment_status":"closed","ping_status":"closed","template":"","meta":{"_monsterinsights_skip_tracking":false,"_monsterinsights_sitenote_active":false,"_monsterinsights_sitenote_note":"","_monsterinsights_sitenote_category":0,"footnotes":"","_links_to":"","_links_to_target":""},"class_list":["post-2098","page","type-page","status-publish","hentry"],"wps_subtitle":"","_links":{"self":[{"href":"https:\/\/liag.ft.unicamp.br\/robocode\/wp-json\/wp\/v2\/pages\/2098","targetHints":{"allow":["GET"]}}],"collection":[{"href":"https:\/\/liag.ft.unicamp.br\/robocode\/wp-json\/wp\/v2\/pages"}],"about":[{"href":"https:\/\/liag.ft.unicamp.br\/robocode\/wp-json\/wp\/v2\/types\/page"}],"author":[{"embeddable":true,"href":"https:\/\/liag.ft.unicamp.br\/robocode\/wp-json\/wp\/v2\/users\/12"}],"replies":[{"embeddable":true,"href":"https:\/\/liag.ft.unicamp.br\/robocode\/wp-json\/wp\/v2\/comments?post=2098"}],"version-history":[{"count":0,"href":"https:\/\/liag.ft.unicamp.br\/robocode\/wp-json\/wp\/v2\/pages\/2098\/revisions"}],"wp:attachment":[{"href":"https:\/\/liag.ft.unicamp.br\/robocode\/wp-json\/wp\/v2\/media?parent=2098"}],"curies":[{"name":"wp","href":"https:\/\/api.w.org\/{rel}","templated":true}]}}