{"id":2120,"date":"2016-06-28T13:19:20","date_gmt":"2016-06-28T16:19:20","guid":{"rendered":"http:\/\/liag.ft.unicamp.br\/robocode\/?page_id=2120"},"modified":"2016-06-28T13:19:20","modified_gmt":"2016-06-28T16:19:20","slug":"terceira-rodada-cotil","status":"publish","type":"page","link":"https:\/\/liag.ft.unicamp.br\/robocode\/terceira-rodada-cotil\/","title":{"rendered":"Segunda rodada COTIL"},"content":{"rendered":"<h1>Pixel Shot 4 x 6 TITANS<\/h1>\n<p>A equipe Pixel Shot come\u00e7ou vencendo, por\u00e9m, no intervalo a equipe TITANS trocou o rob\u00f4 KayoAnalisis pelo WataMote, que virou o jogo.<\/p>\n<h2>V\u00eddeo da Partida:<\/h2>\n<p>&nbsp;<\/p>\n<h1>PD Terror 9 x 1 Harecrishna<\/h1>\n<p>Endhiram, rob\u00f4 da equipe Harecrishna, apresentou problemas no primeiro tempo e Asimov, da equipe PD Terror, passou facilmente por ele. Ap\u00f3s o intervalo um novo rob\u00f4 foi colocado no lugar de Endhiram: Shiva, mas n\u00e3o foi o suficiente para vencer Asimov.<\/p>\n<h2>V\u00eddeo da Partida:<\/h2>\n<p>&nbsp;<\/p>\n<h1>TITANS 7 x 3 PD Terror<\/h1>\n<p>Os vencedores das partidas anteriores se enfrentaram para ver quem seria o campe\u00e3o da rodada, os TITANS come\u00e7aram perdendo, por\u00e9m no segundo tempo viraram o jogo, que terminou em 7\u00d73 para eles.<\/p>\n<h2>V\u00eddeo da Partida:<\/h2>\n","protected":false},"excerpt":{"rendered":"<p>Pixel Shot 4 x 6 TITANS A equipe Pixel Shot come\u00e7ou vencendo, por\u00e9m, no intervalo a equipe TITANS trocou o rob\u00f4 KayoAnalisis pelo WataMote, que virou o jogo. V\u00eddeo da Partida: &nbsp; PD Terror 9 x 1 Harecrishna Endhiram, rob\u00f4 da equipe Harecrishna, apresentou problemas no primeiro tempo e Asimov, da equipe PD Terror, passou [&hellip;]<\/p>\n","protected":false},"author":12,"featured_media":0,"parent":0,"menu_order":0,"comment_status":"closed","ping_status":"closed","template":"","meta":{"_monsterinsights_skip_tracking":false,"_monsterinsights_sitenote_active":false,"_monsterinsights_sitenote_note":"","_monsterinsights_sitenote_category":0,"footnotes":"","_links_to":"","_links_to_target":""},"class_list":["post-2120","page","type-page","status-publish","hentry"],"wps_subtitle":"","_links":{"self":[{"href":"https:\/\/liag.ft.unicamp.br\/robocode\/wp-json\/wp\/v2\/pages\/2120","targetHints":{"allow":["GET"]}}],"collection":[{"href":"https:\/\/liag.ft.unicamp.br\/robocode\/wp-json\/wp\/v2\/pages"}],"about":[{"href":"https:\/\/liag.ft.unicamp.br\/robocode\/wp-json\/wp\/v2\/types\/page"}],"author":[{"embeddable":true,"href":"https:\/\/liag.ft.unicamp.br\/robocode\/wp-json\/wp\/v2\/users\/12"}],"replies":[{"embeddable":true,"href":"https:\/\/liag.ft.unicamp.br\/robocode\/wp-json\/wp\/v2\/comments?post=2120"}],"version-history":[{"count":0,"href":"https:\/\/liag.ft.unicamp.br\/robocode\/wp-json\/wp\/v2\/pages\/2120\/revisions"}],"wp:attachment":[{"href":"https:\/\/liag.ft.unicamp.br\/robocode\/wp-json\/wp\/v2\/media?parent=2120"}],"curies":[{"name":"wp","href":"https:\/\/api.w.org\/{rel}","templated":true}]}}