{"id":2125,"date":"2016-06-28T13:22:00","date_gmt":"2016-06-28T16:22:00","guid":{"rendered":"http:\/\/liag.ft.unicamp.br\/robocode\/?page_id=2125"},"modified":"2016-06-28T13:22:00","modified_gmt":"2016-06-28T16:22:00","slug":"primeira-rodada-ft","status":"publish","type":"page","link":"https:\/\/liag.ft.unicamp.br\/robocode\/primeira-rodada-ft\/","title":{"rendered":"Primeira rodada FT"},"content":{"rendered":"<h1>Metaleiros do Hava\u00ed x Zuera<\/h1>\n<p>&nbsp;<\/p>\n<p>Nessa Primeira rodada contamos com a esmagadora vit\u00f3ria da equipe Metaleiros do Hava\u00ed sobra a equipe Zuera. Com um placar de 10 x 0, os Metaleiros garantiram uma vaga na Final da liga FT. Al\u00e9m da caneca de acr\u00edlico, foi distribu\u00eddo os MousePads fornecidos pela<strong><em> <a title=\"Make Maestro\" href=\"https:\/\/www.maestro.inf.br\/empresa.php\" target=\"_blank\">Make Technology<\/a> <\/em><\/strong>para os participantes.<\/p>\n<p>A equipe Zuera selecionou para a batalha o seu rob\u00f4 <em>\u201cIreportU\u201d,<\/em> e do outro lado<em>\u201cTrevasObscuras\u201d<\/em> era o rob\u00f4 da equipe dos Metaleiros, que n\u00e3o brincou em servi\u00e7o e terminou invicto.<\/p>\n<p>&nbsp;<\/p>\n<h3>Para ver ou baixar o c\u00f3digo usado pelos Metaleiros no TrevasObscuras, clique <a title=\"TrevasObscuras\" href=\"https:\/\/liag.ft.unicamp.br\/wp\/robocode_files\/codigos\/2013\/FT\/TrevasObscuras.txt\" target=\"_blank\">aqui<\/a>.<\/h3>\n<h3>Para ver ou baixar o c\u00f3digo usado pela equipe Zuera no IreportU, clique<a title=\"IreportU\" href=\"https:\/\/liag.ft.unicamp.br\/wp\/robocode_files\/codigos\/2013\/FT\/IreportU.txt\" target=\"_blank\">aqui<\/a>.<\/h3>\n<p>&nbsp;<\/p>\n<p><img fetchpriority=\"high\" decoding=\"async\" class=\"aligncenter\" title=\"Rob\" src=\"https:\/\/liag.ft.unicamp.br\/wp\/robocode_files\/imagens\/torneio2013\/page.jpg\" alt=\"\" width=\"404\" height=\"404\" \/><\/p>\n<p>&nbsp;<\/p>\n<h2><strong>V\u00eddeo da partida:<\/strong><\/h2>\n<h2><\/h2>\n<p>&nbsp;<\/p>\n<address>\n<p>&nbsp;<\/p>\n<p><em>Obs: Nenhuma das equipes alterou o c\u00f3digo ou trocou de rob\u00f4 durante o intervalo.<\/em><\/p>\n<\/address>\n","protected":false},"excerpt":{"rendered":"<p>Metaleiros do Hava\u00ed x Zuera &nbsp; Nessa Primeira rodada contamos com a esmagadora vit\u00f3ria da equipe Metaleiros do Hava\u00ed sobra a equipe Zuera. Com um placar de 10 x 0, os Metaleiros garantiram uma vaga na Final da liga FT. Al\u00e9m da caneca de acr\u00edlico, foi distribu\u00eddo os MousePads fornecidos pela Make Technology para os [&hellip;]<\/p>\n","protected":false},"author":12,"featured_media":0,"parent":0,"menu_order":0,"comment_status":"closed","ping_status":"closed","template":"","meta":{"_monsterinsights_skip_tracking":false,"_monsterinsights_sitenote_active":false,"_monsterinsights_sitenote_note":"","_monsterinsights_sitenote_category":0,"footnotes":"","_links_to":"","_links_to_target":""},"class_list":["post-2125","page","type-page","status-publish","hentry"],"wps_subtitle":"","_links":{"self":[{"href":"https:\/\/liag.ft.unicamp.br\/robocode\/wp-json\/wp\/v2\/pages\/2125","targetHints":{"allow":["GET"]}}],"collection":[{"href":"https:\/\/liag.ft.unicamp.br\/robocode\/wp-json\/wp\/v2\/pages"}],"about":[{"href":"https:\/\/liag.ft.unicamp.br\/robocode\/wp-json\/wp\/v2\/types\/page"}],"author":[{"embeddable":true,"href":"https:\/\/liag.ft.unicamp.br\/robocode\/wp-json\/wp\/v2\/users\/12"}],"replies":[{"embeddable":true,"href":"https:\/\/liag.ft.unicamp.br\/robocode\/wp-json\/wp\/v2\/comments?post=2125"}],"version-history":[{"count":0,"href":"https:\/\/liag.ft.unicamp.br\/robocode\/wp-json\/wp\/v2\/pages\/2125\/revisions"}],"wp:attachment":[{"href":"https:\/\/liag.ft.unicamp.br\/robocode\/wp-json\/wp\/v2\/media?parent=2125"}],"curies":[{"name":"wp","href":"https:\/\/api.w.org\/{rel}","templated":true}]}}