{"id":2127,"date":"2016-06-28T13:22:57","date_gmt":"2016-06-28T16:22:57","guid":{"rendered":"http:\/\/liag.ft.unicamp.br\/robocode\/?page_id=2127"},"modified":"2016-06-28T13:22:57","modified_gmt":"2016-06-28T16:22:57","slug":"segunda-rodada-ft","status":"publish","type":"page","link":"https:\/\/liag.ft.unicamp.br\/robocode\/segunda-rodada-ft\/","title":{"rendered":"Segunda rodada FT"},"content":{"rendered":"<hr \/>\n<div class=\"postagem\">\n<div class=\"imagem-destaque\">ADICIONADO EM 15\/AGO\/2013 NA CATEGORIA <a class=\"categoria categoria-noticia\" href=\"https:\/\/www.ft.unicamp.br\/category\/noticia\">NOT\u00cdCIA<\/a><\/div>\n<p>Nessa segunda rodada contamos com a vit\u00f3ria da equipe <em>Asimov Team <\/em>sobre os Metaleiros do Hava\u00ed e sobre a equipe Zuera. Asimov venceu 8 rounds , enquanto os Metaleiros venceram 2.<br \/>\nA equipe Zuera n\u00e3o venceu, mas n\u00e3o tem problema, pois o importe \u00e9 competir!!!<\/p>\n<p><img fetchpriority=\"high\" decoding=\"async\" title=\"Robocode\" src=\"https:\/\/liag.ft.unicamp.br\/wp\/robocode_files\/imagens\/torneio2013\/img2rod\" alt=\"Robocode\" width=\"309\" height=\"324\" \/><\/p>\n<p>Asimov Team escolheu o seu rob\u00f4<em> \u201cZerothLaw_2\u201d<\/em>, e apesar de come\u00e7ar perdendo virou o jogo usando uma estrat\u00e9gia de ficar nas paredes. A equipe Zuera selecionou para a batalha o seu brasileir\u00edssimo rob\u00f4\u00a0<em>\u201cHUEHUE\u201d,<\/em> e do outro lado\u00a0<em>\u201cBlackSab\u00e3o\u201d<\/em> era o rob\u00f4 da equipe dos Metaleiros, que surgiu ap\u00f3s eles alterarem algumas vari\u00e1veis do seu rob\u00f4 da primeira rodada, o\u00a0<em>\u201cTrevasObscuras\u201d.<\/em><\/p>\n<p><strong>Para ver ou baixar o c\u00f3digo usado no ZerothLaw_2, clique <\/strong><a title=\"ZerothLaw_2\" href=\"https:\/\/liag.ft.unicamp.br\/wp\/robocode_files\/codigos\/2013\/FT\/ZerothLaw_2.txt\" target=\"_blank\">aqui<\/a>.<\/p>\n<p><strong>Para ver ou baixar o c\u00f3digo usado no BlackSab\u00e3o, clique <\/strong><a title=\"BlackSab\u00e3o\" href=\"https:\/\/liag.ft.unicamp.br\/wp\/robocode_files\/codigos\/2013\/FT\/BlackSab%C3%A3o.txt\" target=\"_blank\">aqui<\/a><strong>.<\/strong><\/p>\n<p><strong>Para ver ou baixar o c\u00f3digo usado no HUEHUE, clique <a title=\"HUEHUE\" href=\"https:\/\/liag.ft.unicamp.br\/wp\/robocode_files\/codigos\/2013\/FT\/HUEHUE.txt\" target=\"_blank\">aqui<\/a>.<\/strong><\/p>\n<p><strong>Para baixar o pacote com todos os c\u00f3digos dessa rodada, clique <a title=\"PACK 2 rodada\" href=\"https:\/\/www.4shared.com\/zip\/Q-mBEd--\/Codigos_2_rodada_FT_2013.html?\" target=\"_blank\">aqui<\/a>.<\/strong><\/p>\n<div class=\"wp-caption aligncenter\"><em><img decoding=\"async\" class=\"  \" title=\"Asimov Team\" src=\"https:\/\/liag.ft.unicamp.br\/wp\/robocode_files\/imagens\/torneio2013\/993996_409114579194404_1632577497_n.jpg\" alt=\"Asimov Team\" width=\"257\" height=\"298\" \/><\/em><\/p>\n<p class=\"wp-caption-text\">Asimov Team<\/p>\n<\/div>\n<h4>Foi uma partida com 3 rob\u00f4s batalhando, cada um por si, veja o v\u00eddeo:<\/h4>\n<h4><\/h4>\n<p>&nbsp;<\/p>\n<p><em>Obs: Nenhuma das equipes alterou o c\u00f3digo ou trocou de rob\u00f4 durante o intervalo.<\/em><\/p>\n<\/div>\n","protected":false},"excerpt":{"rendered":"<p>ADICIONADO EM 15\/AGO\/2013 NA CATEGORIA NOT\u00cdCIA Nessa segunda rodada contamos com a vit\u00f3ria da equipe Asimov Team sobre os Metaleiros do Hava\u00ed e sobre a equipe Zuera. Asimov venceu 8 rounds , enquanto os Metaleiros venceram 2. A equipe Zuera n\u00e3o venceu, mas n\u00e3o tem problema, pois o importe \u00e9 competir!!! Asimov Team escolheu o [&hellip;]<\/p>\n","protected":false},"author":12,"featured_media":0,"parent":0,"menu_order":0,"comment_status":"closed","ping_status":"closed","template":"","meta":{"_monsterinsights_skip_tracking":false,"_monsterinsights_sitenote_active":false,"_monsterinsights_sitenote_note":"","_monsterinsights_sitenote_category":0,"footnotes":"","_links_to":"","_links_to_target":""},"class_list":["post-2127","page","type-page","status-publish","hentry"],"wps_subtitle":"","_links":{"self":[{"href":"https:\/\/liag.ft.unicamp.br\/robocode\/wp-json\/wp\/v2\/pages\/2127","targetHints":{"allow":["GET"]}}],"collection":[{"href":"https:\/\/liag.ft.unicamp.br\/robocode\/wp-json\/wp\/v2\/pages"}],"about":[{"href":"https:\/\/liag.ft.unicamp.br\/robocode\/wp-json\/wp\/v2\/types\/page"}],"author":[{"embeddable":true,"href":"https:\/\/liag.ft.unicamp.br\/robocode\/wp-json\/wp\/v2\/users\/12"}],"replies":[{"embeddable":true,"href":"https:\/\/liag.ft.unicamp.br\/robocode\/wp-json\/wp\/v2\/comments?post=2127"}],"version-history":[{"count":0,"href":"https:\/\/liag.ft.unicamp.br\/robocode\/wp-json\/wp\/v2\/pages\/2127\/revisions"}],"wp:attachment":[{"href":"https:\/\/liag.ft.unicamp.br\/robocode\/wp-json\/wp\/v2\/media?parent=2127"}],"curies":[{"name":"wp","href":"https:\/\/api.w.org\/{rel}","templated":true}]}}