{"id":2129,"date":"2016-06-28T13:23:43","date_gmt":"2016-06-28T16:23:43","guid":{"rendered":"http:\/\/liag.ft.unicamp.br\/robocode\/?page_id=2129"},"modified":"2016-06-28T13:23:43","modified_gmt":"2016-06-28T16:23:43","slug":"terceira-rodada-ft","status":"publish","type":"page","link":"https:\/\/liag.ft.unicamp.br\/robocode\/terceira-rodada-ft\/","title":{"rendered":"Terceira rodada FT"},"content":{"rendered":"<p><strong>Mais uma vit\u00f3ria da equipe\u00a0<em>Asimov Team <\/em>sobre os Metaleiros do Hava\u00ed e sobre a equipe Zuera.<\/strong><\/p>\n<p>O placar final foi de 8 Vit\u00f3rias para <em>Asimov Team<\/em>, 1 para a equipe <em>Zuera<\/em> e 1 para os <em>Metaleiros.<\/em><\/p>\n<p>&nbsp;<\/p>\n<p>N\u00e3o houveram muitas mudan\u00e7as nos c\u00f3digos, a equipe <em>Asimov Team<\/em> manteve o mesmo c\u00f3digo e as outras equipes fizeram poucas mudan\u00e7as em seus rob\u00f4s.<\/p>\n<div class=\"wp-caption aligncenter\">\n<p>&nbsp;<\/p>\n<p class=\"wp-caption-text\">Asimov Team &#8211; Ganhadores da 3\u00ba Rodada<\/p>\n<\/div>\n<p>&nbsp;<\/p>\n<h2>Veja o v\u00eddeo:<\/h2>\n<h4><\/h4>\n","protected":false},"excerpt":{"rendered":"<p>Mais uma vit\u00f3ria da equipe\u00a0Asimov Team sobre os Metaleiros do Hava\u00ed e sobre a equipe Zuera. O placar final foi de 8 Vit\u00f3rias para Asimov Team, 1 para a equipe Zuera e 1 para os Metaleiros. &nbsp; N\u00e3o houveram muitas mudan\u00e7as nos c\u00f3digos, a equipe Asimov Team manteve o mesmo c\u00f3digo e as outras equipes [&hellip;]<\/p>\n","protected":false},"author":12,"featured_media":0,"parent":0,"menu_order":0,"comment_status":"closed","ping_status":"closed","template":"","meta":{"_monsterinsights_skip_tracking":false,"_monsterinsights_sitenote_active":false,"_monsterinsights_sitenote_note":"","_monsterinsights_sitenote_category":0,"footnotes":"","_links_to":"","_links_to_target":""},"class_list":["post-2129","page","type-page","status-publish","hentry"],"wps_subtitle":"","_links":{"self":[{"href":"https:\/\/liag.ft.unicamp.br\/robocode\/wp-json\/wp\/v2\/pages\/2129","targetHints":{"allow":["GET"]}}],"collection":[{"href":"https:\/\/liag.ft.unicamp.br\/robocode\/wp-json\/wp\/v2\/pages"}],"about":[{"href":"https:\/\/liag.ft.unicamp.br\/robocode\/wp-json\/wp\/v2\/types\/page"}],"author":[{"embeddable":true,"href":"https:\/\/liag.ft.unicamp.br\/robocode\/wp-json\/wp\/v2\/users\/12"}],"replies":[{"embeddable":true,"href":"https:\/\/liag.ft.unicamp.br\/robocode\/wp-json\/wp\/v2\/comments?post=2129"}],"version-history":[{"count":0,"href":"https:\/\/liag.ft.unicamp.br\/robocode\/wp-json\/wp\/v2\/pages\/2129\/revisions"}],"wp:attachment":[{"href":"https:\/\/liag.ft.unicamp.br\/robocode\/wp-json\/wp\/v2\/media?parent=2129"}],"curies":[{"name":"wp","href":"https:\/\/api.w.org\/{rel}","templated":true}]}}