{"id":2779,"date":"2017-11-27T18:04:00","date_gmt":"2017-11-27T18:04:00","guid":{"rendered":"http:\/\/liag.ft.unicamp.br\/robocode\/?page_id=2779"},"modified":"2019-04-24T19:10:13","modified_gmt":"2019-04-24T19:10:13","slug":"resultado-robocode-2017","status":"publish","type":"page","link":"https:\/\/liag.ft.unicamp.br\/robocode\/resultado-robocode-2017\/","title":{"rendered":"RESULTADO &#8211; ROBOCODE 2017"},"content":{"rendered":"<p><span style=\"font-family: arial, helvetica, sans-serif; font-size: 14pt;\"><img fetchpriority=\"high\" decoding=\"async\" class=\"size-full wp-image-2746 aligncenter\" src=\"https:\/\/liag.ft.unicamp.br\/robocode\/wp-content\/uploads\/sites\/4\/2017\/08\/robocode.png\" alt=\"\" width=\"679\" height=\"104\" srcset=\"https:\/\/liag.ft.unicamp.br\/robocode\/wp-content\/uploads\/sites\/4\/2017\/08\/robocode.png 679w, https:\/\/liag.ft.unicamp.br\/robocode\/wp-content\/uploads\/sites\/4\/2017\/08\/robocode-300x46.png 300w\" sizes=\"(max-width: 679px) 100vw, 679px\" \/><\/span><\/p>\n<p><span style=\"font-family: arial, helvetica, sans-serif; font-size: 14pt;\">A Edi\u00e7\u00e3o do Robocode 2017 chegou a Fim, primeiramente gostar\u00edamos de parabenizar a equipe <strong>PIVA <\/strong>da Universidade Federal da Bahia, Campe\u00e3 da Liga ROBOCODE 2017 !!!<\/span><\/p>\n<p><span style=\"font-family: arial, helvetica, sans-serif; font-size: 14pt;\">A Equipe do LIAG agradece a todos os participantes da edi\u00e7\u00e3o 2017 e esperamos nos encontrar novamente na edi\u00e7\u00e3o 2018 ! Abaixo disponibilizaremos o placar final da LIGA ROBOCODE 2017 e os links para acesso aos c\u00f3digos e v\u00eddeos das partidas.<\/span><\/p>\n<p><span style=\"font-family: arial, helvetica, sans-serif; font-size: 18pt;\"><strong>PLACAR FINAL:<\/strong><\/span><\/p>\n<p><span style=\"font-family: arial, helvetica, sans-serif; font-size: 14pt;\"><a href=\"https:\/\/drive.google.com\/drive\/folders\/0B-1OJjz92hqRU3lha3ppQktwZUE\"><img decoding=\"async\" class=\"aligncenter wp-image-2781 size-full\" src=\"https:\/\/liag.ft.unicamp.br\/robocode\/wp-content\/uploads\/sites\/4\/2017\/11\/ROBOCODE-2017.png\" alt=\"\" width=\"1732\" height=\"594\" srcset=\"https:\/\/liag.ft.unicamp.br\/robocode\/wp-content\/uploads\/sites\/4\/2017\/11\/ROBOCODE-2017.png 1732w, https:\/\/liag.ft.unicamp.br\/robocode\/wp-content\/uploads\/sites\/4\/2017\/11\/ROBOCODE-2017-300x103.png 300w, https:\/\/liag.ft.unicamp.br\/robocode\/wp-content\/uploads\/sites\/4\/2017\/11\/ROBOCODE-2017-768x263.png 768w, https:\/\/liag.ft.unicamp.br\/robocode\/wp-content\/uploads\/sites\/4\/2017\/11\/ROBOCODE-2017-1024x351.png 1024w\" sizes=\"(max-width: 1732px) 100vw, 1732px\" \/><\/a><\/span><\/p>\n<p><strong><span style=\"font-family: arial, helvetica, sans-serif; font-size: 18pt;\">PREMIA\u00c7\u00d5ES:<\/span><\/strong><\/p>\n<p><span style=\"font-family: arial, helvetica, sans-serif; font-size: 14pt;\">Em rela\u00e7\u00e3o as premia\u00e7\u00f5es, os vencedores da LIGA assim como os dos torneios locais receber\u00e3o trof\u00e9us e medalhas. De acordo com nosso levantamento, segue a rela\u00e7\u00e3o das equipes vencedoras:<\/span><\/p>\n<p><span style=\"font-family: arial, helvetica, sans-serif; font-size: 18pt;\"><strong>Torneios Locais:<\/strong><\/span><\/p>\n<p><span style=\"font-family: arial, helvetica, sans-serif; font-size: 14pt;\"><strong><span style=\"font-size: 18pt;\">UFBA<\/span> <\/strong>\u2013 1\u00ba &#8211; Rob\u00e9rio e Seu Teclado<\/span><\/p>\n<p><span style=\"font-family: arial, helvetica, sans-serif; font-size: 14pt;\">2\u00ba &#8211; \u00a0Piva<\/span><\/p>\n<p><span style=\"font-family: arial, helvetica, sans-serif; font-size: 14pt;\">3\u00b0 &#8211; \u00a0Nico \/ Myth<\/span><\/p>\n<p><span style=\"font-family: arial, helvetica, sans-serif; font-size: 14pt;\"><strong><span style=\"font-size: 18pt;\">IFSP<\/span> <\/strong>\u2013\u00a0\u00a0 1\u00ba &#8211; Chaos (Desclassificada)<\/span><\/p>\n<p><span style=\"font-family: arial, helvetica, sans-serif; font-size: 14pt;\">2\u00ba &#8211; \u00a0N\u00c3O DIVULGADO<\/span><\/p>\n<p><span style=\"font-family: arial, helvetica, sans-serif; font-size: 14pt;\">3\u00b0 &#8211; \u00a0\u00a0N\u00c3O DIVULGADO<\/span><\/p>\n<p><span style=\"font-family: arial, helvetica, sans-serif; font-size: 14pt;\"><span style=\"font-size: 18pt;\"><strong>SATC <\/strong><\/span>\u2013\u00a0 1\u00ba &#8211; Mangilix<\/span><\/p>\n<p><span style=\"font-family: arial, helvetica, sans-serif; font-size: 14pt;\">2\u00ba &#8211; \u00a0SJ001<\/span><\/p>\n<p><span style=\"font-family: arial, helvetica, sans-serif; font-size: 14pt;\">3\u00b0 &#8211; \u00a0Gladiador<\/span><\/p>\n<p><span style=\"font-family: arial, helvetica, sans-serif; font-size: 14pt;\"><span style=\"font-size: 18pt;\"><strong>TORNEIO COTIL<\/strong> <\/span>\u2013 1\u00ba &#8211; Maldiot<\/span><\/p>\n<p><span style=\"font-family: arial, helvetica, sans-serif; font-size: 14pt;\">2\u00ba &#8211; \u00a0Amigos da Pri<\/span><\/p>\n<p><span style=\"font-family: arial, helvetica, sans-serif; font-size: 14pt;\"><span style=\"font-size: 18pt;\"><strong>TORNEIO P\u00daBLICO <\/strong><\/span>\u2013\u00a0 1\u00ba &#8211; Baconeitor Team<\/span><\/p>\n<p><span style=\"font-family: arial, helvetica, sans-serif; font-size: 14pt;\">2\u00ba &#8211; \u00a0Recruta Zero (DESCLASSIFICADA)<\/span><\/p>\n<p><span style=\"font-family: arial, helvetica, sans-serif; font-size: 14pt;\">3\u00b0 &#8211; \u00a0Fioro Team<\/span><\/p>\n<p><strong><span style=\"font-family: arial, helvetica, sans-serif; font-size: 18pt;\">LIGA:<\/span><\/strong><\/p>\n<p><span style=\"font-family: arial, helvetica, sans-serif; font-size: 14pt;\">1\u00ba &#8211; Piva (UFBA)<\/span><\/p>\n<p><span style=\"font-family: arial, helvetica, sans-serif; font-size: 14pt;\">2\u00ba &#8211; \u00a0Mangilix (SATC)<\/span><\/p>\n<p><span style=\"font-family: arial, helvetica, sans-serif; font-size: 14pt;\">3\u00b0 &#8211; \u00a0Baconeitor Team (TORNEIO P\u00daBLICO)<\/span><\/p>\n<p><span style=\"font-family: arial, helvetica, sans-serif; font-size: 18pt;\"><strong>CERTIFICADOS:<\/strong><\/span><\/p>\n<p><span style=\"font-family: arial, helvetica, sans-serif; font-size: 14pt;\">Os certificados ser\u00e3o emitidos e enviados via email para todos os participantes do ROBOCODE 2017, as equipes e seus respectivos integrantes ser\u00e3o identificados a partir das planilhas com pontua\u00e7\u00f5es disponibilizadas por cada institui\u00e7\u00e3o no DRIVE. Portanto pedimos que os organizadores que ainda n\u00e3o atualizaram o DRIVE o fa\u00e7a o mais r\u00e1pido poss\u00edvel.<\/span><\/p>\n<p><span style=\"font-family: arial, helvetica, sans-serif; font-size: 18pt;\"><strong>C\u00d3DIGOS E RESULTADOS DA EDI\u00c7\u00c3O ROBOCODE 2017:<\/strong><\/span><\/p>\n<p><span style=\"font-family: arial, helvetica, sans-serif; font-size: 14pt;\">Os c\u00f3digos e os Resultados da Edi\u00e7\u00e3o 2017 do Robocode foram disponibilizados no DRIVE do LIAG, segue o link para acesso:<\/span><\/p>\n<p><span style=\"font-family: arial, helvetica, sans-serif; font-size: 14pt;\"><a href=\"https:\/\/drive.google.com\/drive\/folders\/0B-1OJjz92hqRaHBVOFZXVGdtNGs?usp=sharing\"><strong>LINK<\/strong>: https:\/\/drive.google.com\/drive\/folders\/0B-1OJjz92hqRaHBVOFZXVGdtNGs<\/a><\/span><\/p>\n<p><span style=\"font-family: arial, helvetica, sans-serif; font-size: 14pt;\"><a href=\"https:\/\/www.youtube.com\/channel\/UC24bY3loUIaWpED1jPUK-BQ?view_as=subscriber\"><strong>LIGA:<\/strong> https:\/\/www.youtube.com\/channel\/UC24bY3loUIaWpED1jPUK-BQ?view_as=subscriber<\/a><\/span><\/p>\n<p><span style=\"font-family: arial, helvetica, sans-serif; font-size: 14pt;\">Novamente parabenizamos as equipe vencedora e tamb\u00e9m o 2\u00ba e 3\u00ba lugar da Liga, agradecemos tamb\u00e9m a participa\u00e7\u00e3o de todos, n\u00f3s do LIAG estamos empenhados em melhorar a cada dia nosso torneio, e contamos com a participa\u00e7\u00e3o de todos voc\u00eas nessa jornada. Qualquer duvida pedimos que entrem em contato via email.<\/span><\/p>\n","protected":false},"excerpt":{"rendered":"<p>A Edi\u00e7\u00e3o do Robocode 2017 chegou a Fim, primeiramente gostar\u00edamos de parabenizar a equipe PIVA da Universidade Federal da Bahia, Campe\u00e3 da Liga ROBOCODE 2017 !!! A Equipe do LIAG agradece a todos os participantes da edi\u00e7\u00e3o 2017 e esperamos nos encontrar novamente na edi\u00e7\u00e3o 2018 ! Abaixo disponibilizaremos o placar final da LIGA ROBOCODE [&hellip;]<\/p>\n","protected":false},"author":1,"featured_media":0,"parent":0,"menu_order":0,"comment_status":"closed","ping_status":"closed","template":"","meta":{"_monsterinsights_skip_tracking":false,"_monsterinsights_sitenote_active":false,"_monsterinsights_sitenote_note":"","_monsterinsights_sitenote_category":0,"footnotes":"","_links_to":"","_links_to_target":""},"class_list":["post-2779","page","type-page","status-publish","hentry"],"wps_subtitle":"","_links":{"self":[{"href":"https:\/\/liag.ft.unicamp.br\/robocode\/wp-json\/wp\/v2\/pages\/2779","targetHints":{"allow":["GET"]}}],"collection":[{"href":"https:\/\/liag.ft.unicamp.br\/robocode\/wp-json\/wp\/v2\/pages"}],"about":[{"href":"https:\/\/liag.ft.unicamp.br\/robocode\/wp-json\/wp\/v2\/types\/page"}],"author":[{"embeddable":true,"href":"https:\/\/liag.ft.unicamp.br\/robocode\/wp-json\/wp\/v2\/users\/1"}],"replies":[{"embeddable":true,"href":"https:\/\/liag.ft.unicamp.br\/robocode\/wp-json\/wp\/v2\/comments?post=2779"}],"version-history":[{"count":4,"href":"https:\/\/liag.ft.unicamp.br\/robocode\/wp-json\/wp\/v2\/pages\/2779\/revisions"}],"predecessor-version":[{"id":2970,"href":"https:\/\/liag.ft.unicamp.br\/robocode\/wp-json\/wp\/v2\/pages\/2779\/revisions\/2970"}],"wp:attachment":[{"href":"https:\/\/liag.ft.unicamp.br\/robocode\/wp-json\/wp\/v2\/media?parent=2779"}],"curies":[{"name":"wp","href":"https:\/\/api.w.org\/{rel}","templated":true}]}}