{"id":2867,"date":"2018-11-16T00:03:57","date_gmt":"2018-11-16T00:03:57","guid":{"rendered":"http:\/\/liag.ft.unicamp.br\/robocode\/?page_id=2867"},"modified":"2019-04-24T19:10:55","modified_gmt":"2019-04-24T19:10:55","slug":"robocode-2018-2","status":"publish","type":"page","link":"https:\/\/liag.ft.unicamp.br\/robocode\/robocode-2018-2\/","title":{"rendered":"Robocode 2018"},"content":{"rendered":"<p><img decoding=\"async\" class=\"alignleft size-full wp-image-2792\" src=\"https:\/\/liag.ft.unicamp.br\/robocode\/wp-content\/uploads\/sites\/4\/2018\/02\/logo.png\" alt=\"\" width=\"351\" height=\"111\" srcset=\"https:\/\/liag.ft.unicamp.br\/robocode\/wp-content\/uploads\/sites\/4\/2018\/02\/logo.png 351w, https:\/\/liag.ft.unicamp.br\/robocode\/wp-content\/uploads\/sites\/4\/2018\/02\/logo-300x95.png 300w\" sizes=\"(max-width: 351px) 100vw, 351px\" \/><\/p>\n<p><span style=\"font-family: arial, helvetica, sans-serif; font-size: 14pt;\">A Edi\u00e7\u00e3o do Robocode 2018 chegou a Fim, primeiramente gostar\u00edamos de parabenizar a equipe\u00a0<strong>NullPointerBlessing\u00a0<\/strong>da Faculdade de tecnologia da Unicamp, Campe\u00e3 da Liga ROBOCODE 2018!!!<\/span><\/p>\n<p><span style=\"font-family: arial, helvetica, sans-serif; font-size: 14pt;\">A Equipe do LIAG agradece a todos os participantes da edi\u00e7\u00e3o 2017 e esperamos nos encontrar novamente na edi\u00e7\u00e3o 2018 ! Abaixo disponibilizaremos o placar final da LIGA ROBOCODE 2018 e os links para acesso aos c\u00f3digo.<\/span><\/p>\n<p><a href=\"https:\/\/drive.google.com\/open?id=1um_1NTvrcNISjez6piUkDw2YDIE1Ny0Z\"><span style=\"font-family: arial, helvetica, sans-serif; font-size: 14pt;\">https:\/\/drive.google.com\/open?id=1um_1NTvrcNISjez6piUkDw2YDIE1Ny0Z<\/span><\/a><\/p>\n<p><span style=\"font-family: arial, helvetica, sans-serif; font-size: 18pt;\"><strong>Certificados:<\/strong><\/span><\/p>\n<p><span style=\"font-family: arial, helvetica, sans-serif; font-size: 14pt;\">Os certificados ser\u00e3o emitidos e enviados via email para todos os participantes do ROBOCODE 2018, as equipes e seus respectivos integrantes ser\u00e3o identificados a partir das planilhas com pontua\u00e7\u00f5es disponibilizadas por cada institui\u00e7\u00e3o no DRIVE. Portanto pedimos que os organizadores que ainda n\u00e3o atualizaram o DRIVE o fa\u00e7a o mais r\u00e1pido poss\u00edvel.<\/span><\/p>\n<p><span style=\"font-family: arial, helvetica, sans-serif; font-size: 14pt;\">Novamente parabenizamos as equipe vencedora e tamb\u00e9m o 2\u00ba e 3\u00ba lugar da Liga, agradecemos tamb\u00e9m a participa\u00e7\u00e3o de todos, n\u00f3s do LIAG estamos empenhados em melhorar a cada dia nosso torneio, e contamos com a participa\u00e7\u00e3o de todos voc\u00eas nessa jornada. Qualquer duvida pedimos que entrem em contato via email.<\/span><\/p>\n","protected":false},"excerpt":{"rendered":"<p>A Edi\u00e7\u00e3o do Robocode 2018 chegou a Fim, primeiramente gostar\u00edamos de parabenizar a equipe\u00a0NullPointerBlessing\u00a0da Faculdade de tecnologia da Unicamp, Campe\u00e3 da Liga ROBOCODE 2018!!! A Equipe do LIAG agradece a todos os participantes da edi\u00e7\u00e3o 2017 e esperamos nos encontrar novamente na edi\u00e7\u00e3o 2018 ! Abaixo disponibilizaremos o placar final da LIGA ROBOCODE 2018 e [&hellip;]<\/p>\n","protected":false},"author":1,"featured_media":0,"parent":0,"menu_order":0,"comment_status":"closed","ping_status":"closed","template":"","meta":{"_monsterinsights_skip_tracking":false,"_monsterinsights_sitenote_active":false,"_monsterinsights_sitenote_note":"","_monsterinsights_sitenote_category":0,"footnotes":"","_links_to":"","_links_to_target":""},"class_list":["post-2867","page","type-page","status-publish","hentry"],"wps_subtitle":"","_links":{"self":[{"href":"https:\/\/liag.ft.unicamp.br\/robocode\/wp-json\/wp\/v2\/pages\/2867","targetHints":{"allow":["GET"]}}],"collection":[{"href":"https:\/\/liag.ft.unicamp.br\/robocode\/wp-json\/wp\/v2\/pages"}],"about":[{"href":"https:\/\/liag.ft.unicamp.br\/robocode\/wp-json\/wp\/v2\/types\/page"}],"author":[{"embeddable":true,"href":"https:\/\/liag.ft.unicamp.br\/robocode\/wp-json\/wp\/v2\/users\/1"}],"replies":[{"embeddable":true,"href":"https:\/\/liag.ft.unicamp.br\/robocode\/wp-json\/wp\/v2\/comments?post=2867"}],"version-history":[{"count":2,"href":"https:\/\/liag.ft.unicamp.br\/robocode\/wp-json\/wp\/v2\/pages\/2867\/revisions"}],"predecessor-version":[{"id":2971,"href":"https:\/\/liag.ft.unicamp.br\/robocode\/wp-json\/wp\/v2\/pages\/2867\/revisions\/2971"}],"wp:attachment":[{"href":"https:\/\/liag.ft.unicamp.br\/robocode\/wp-json\/wp\/v2\/media?parent=2867"}],"curies":[{"name":"wp","href":"https:\/\/api.w.org\/{rel}","templated":true}]}}