{"id":3205,"date":"2020-03-29T00:04:46","date_gmt":"2020-03-29T00:04:46","guid":{"rendered":"http:\/\/liag.ft.unicamp.br\/robocode\/?page_id=3205"},"modified":"2021-08-05T15:25:01","modified_gmt":"2021-08-05T15:25:01","slug":"inscricao-ao-robocode-2020","status":"publish","type":"page","link":"https:\/\/liag.ft.unicamp.br\/robocode\/inscricao-ao-robocode-2020\/","title":{"rendered":"INSCRI\u00c7\u00c3O AO ROBOCODE 2021"},"content":{"rendered":"\n<p><span style=\"font-family: arial, helvetica, sans-serif; font-size: 14pt;\"><img fetchpriority=\"high\" decoding=\"async\" class=\"alignnone  wp-image-3206\" src=\"https:\/\/liag.ft.unicamp.br\/robocode\/wp-content\/uploads\/sites\/4\/2020\/03\/robocode-300x46.png\" alt=\"\" width=\"985\" height=\"151\" srcset=\"https:\/\/liag.ft.unicamp.br\/robocode\/wp-content\/uploads\/sites\/4\/2020\/03\/robocode-300x46.png 300w, https:\/\/liag.ft.unicamp.br\/robocode\/wp-content\/uploads\/sites\/4\/2020\/03\/robocode.png 679w\" sizes=\"(max-width: 985px) 100vw, 985px\" \/><\/span><\/p>\n<h6 style=\"text-align: center;\"><span style=\"color: #008000; font-family: arial, helvetica, sans-serif; font-size: 18pt;\"><strong>ACOMPANHE O ROBOCODE 2021<\/strong><\/span><\/h6>\n<h6 style=\"text-align: center;\" align=\"center\"><strong><span style=\"font-family: arial, helvetica, sans-serif; color: #353535; font-size: 14pt;\">Robocode Brasil \u00e9 uma competi\u00e7\u00e3o que utiliza Aprendizagem Baseada em Problemas (PBL) para estimular alunos de cursos t\u00e9cnicos e superiores a aprender conceitos de linguagem de programa\u00e7\u00e3o no qual equipes criam \u201crob\u00f4s\u201d virtuais para competirem entre si. O Robocode \u00e9 um jogo s\u00e9rio de simula\u00e7\u00e3o que permite estruturar competi\u00e7\u00f5es entre rob\u00f4s virtuais, com objetivos na programa\u00e7\u00e3o de estrat\u00e9gias e compara\u00e7\u00e3o de comportamentos para vencer disputas. Competi\u00e7\u00e3o ocorre desde 2010 com reconhecimento do reposit\u00f3rio internacional de projetos livres\u00a0<i style=\"box-sizing: border-box; line-height: inherit;\">Sourceforge<\/i> como a competi\u00e7\u00e3o oficial brasileira de Robocode. J\u00e1 envolveu aproximadamente 800 alunos e 200 equipes.<\/span><\/strong><\/h6>\n<hr \/>\n<p style=\"text-align: center;\"><strong><span style=\"font-family: arial, helvetica, sans-serif; font-size: 18pt; color: #008000;\">COMO FUNCIONA ROBOCODE?<\/span><\/strong><\/p>\n<p style=\"text-align: center;\"><strong><span style=\"font-family: arial, helvetica, sans-serif; font-size: 14pt;\">O torneio Robocode \u00e9 dividido em Duas Fases, a primeira fase s\u00e3o as disputas nos torneios locais realizados pela institui\u00e7\u00e3o, ou por n\u00f3s virtualmente pelo LIAG, ap\u00f3s finalizar os torneios Locais, as equipes que tiveram um Desempenho melhor participar\u00e1 da LIGA NACIONAL, onde envolve v\u00e1rias equipes de diversos estados do Brasil.<\/span><\/strong><\/p>\n<hr \/>\n<p style=\"text-align: center;\"><span style=\"color: #008000; font-family: arial, helvetica, sans-serif; font-size: 18pt;\"><strong>TORNEIO LOCAL<\/strong><\/span><\/p>\n<ul>\n<li><span style=\"font-weight: 400; color: #000000; font-family: arial, helvetica, sans-serif; font-size: 14pt;\"> Os Torneios Locais devem ocorrer entre agosto e setembro . <\/span><\/li>\n<li><span style=\"font-weight: 400; color: #000000; font-family: arial, helvetica, sans-serif; font-size: 14pt;\">Cada institui\u00e7\u00e3o participante da competi\u00e7\u00e3o nacional Robocode 2021 dever\u00e1 sediar um torneio local. Para sediar um torneio local a Institui\u00e7\u00e3o dever\u00e1 inscrever um m\u00ednimo de 4 equipes.<\/span><\/li>\n<li><span style=\"color: #000000; font-family: arial, helvetica, sans-serif; font-size: 14pt;\">Se sua institui\u00e7\u00e3o n\u00e3o possui 4 equipes ou voc\u00ea deseja participar com uma equipe independente, n\u00e3o tem problema, voc\u00ea tamb\u00e9m pode participar ! Basta preencher \u00a0&#8220;Publico&#8221; no campo &#8220;Nome do respons\u00e1vel pelo torneio local&#8221; do formul\u00e1rio de inscri\u00e7\u00e3o\u00a0, assim voc\u00ea participara do torneio P\u00fablico organizado pela equipe do LIAG.<\/span><\/li>\n<li><span style=\"color: #000000; font-family: arial, helvetica, sans-serif; font-size: 14pt;\"><span style=\"font-weight: 400;\">O torneio local devera ocorrer em 3 semanas ,\u00a0<\/span><span style=\"font-weight: 400;\">sendo as 2 primeiras semanas de pontos corridos (todos contra todos) e\u00a0<\/span><span style=\"font-weight: 400;\">a \u00faltima semana com semi e final e disputa de 3 lugar (entre 4 melhores).<\/span><\/span><\/li>\n<li><span style=\"color: #000000; font-family: arial, helvetica, sans-serif; font-size: 14pt;\">As pontua\u00e7\u00f5es dever\u00e3o seguir o modelo descrito no edital dispon\u00edvel <\/span><\/li>\n<li><a href=\"https:\/\/liag.ft.unicamp.br\/robocode\/wp-content\/uploads\/sites\/4\/2020\/03\/EDITAL-ROBOCODE-2020.docx.pdf\" target=\"_blank\" rel=\"noopener noreferrer\"><span style=\"color: #000000; font-family: arial, helvetica, sans-serif; font-size: 14pt;\"><strong><span style=\"color: #008000;\">EDITAL 2021<\/span><\/strong><\/span><\/a><\/li>\n<li><span style=\"font-family: arial, helvetica, sans-serif; font-size: 14pt;\">Os Lideres de cada equipe ser\u00e3o respons\u00e1veis por enviar os c\u00f3digos antes das rodadas. Equipes que n\u00e3o enviarem os c\u00f3digos no prazo previsto receber\u00e3o zero pontos ao final da rodada em quest\u00e3o.<\/span><\/li>\n<\/ul>\n<p><span style=\"font-weight: 400; font-family: arial, helvetica, sans-serif; font-size: 14pt;\">\u00a0 \u00a0 \u00a0 \u00a0 \u00a0 \u00a0 \u00a0 \u00a0 \u00a0 \u00a0 \u00a0 &#8211; 1\u00ba &#8211; L\u00edder envia o c\u00f3digo da sua equipe at\u00e9 1 dia antes da rodada;<\/span><\/p>\n<p><span style=\"font-weight: 400; font-family: arial, helvetica, sans-serif; font-size: 14pt;\">\u00a0 \u00a0 \u00a0 \u00a0 \u00a0 \u00a0 \u00a0 \u00a0 \u00a0 \u00a0 \u00a0&#8211; 2\u00ba &#8211; Administrador (Gestor) tem acesso a todos c\u00f3digos (professor da disciplina);<\/span><\/p>\n<p><span style=\"font-weight: 400; font-family: arial, helvetica, sans-serif; font-size: 14pt;\">\u00a0 \u00a0 \u00a0 \u00a0 \u00a0 \u00a0 \u00a0 \u00a0 \u00a0 \u00a0 \u00a0&#8211; 3\u00ba &#8211; Ap\u00f3s a rodada o c\u00f3digo \u00e9 liberado a todas equipes (c\u00f3digo na pr\u00f3pria plataforma);<\/span><\/p>\n<hr \/>\n<p style=\"text-align: center;\"><span style=\"color: #008000; font-family: arial, helvetica, sans-serif; font-size: 18pt;\"><strong>LIGA<\/strong><\/span><\/p>\n<ul>\n<li><span style=\"font-family: arial, helvetica, sans-serif; font-size: 14pt;\">As rodadas da liga devem ocorrer em outubro sendo que na primeira semana\u00a0 ocorrera as rodadas entre os finalistas dos torneios locais, e na segunda semana ocorrera a semifinal e a final da LIGA.<\/span><\/li>\n<li><span style=\"font-family: arial, helvetica, sans-serif; font-size: 14pt;\">Primeira semana: Pontos corridos (todos contra todos)<\/span><\/li>\n<li><span style=\"font-weight: 400; font-family: arial, helvetica, sans-serif; font-size: 14pt;\">Segunda semana: \u00a0semifinal, final e disputa de 3 lugar (entre 4 melhores)<\/span><\/li>\n<li><span style=\"font-family: arial, helvetica, sans-serif; font-size: 14pt;\">Torneios de quatro at\u00e9 sete equipes classificam o primeiro colocado para a Liga. Torneios com mais de oito equipes classificam o primeiro e o segundo colocado para \u00a0a LIGA .<\/span><\/li>\n<li><span style=\"font-family: arial, helvetica, sans-serif; font-size: 14pt;\">A Liga ser\u00e1 organizada pela equipe do LIAG FT-UNICAMP<\/span><\/li>\n<\/ul>\n<hr \/>\n<p style=\"text-align: center;\"><span style=\"color: #008000;\"><strong><span style=\"font-family: arial, helvetica, sans-serif; font-size: 18pt;\">CALEND\u00c1RIO DO ROBOCODE 2021<\/span><\/strong><\/span><\/p>\n<ul>\n<li><span style=\"color: #ffff00;\"><a style=\"color: #ffff00;\" href=\"https:\/\/liag.ft.unicamp.br\/robocode\/wp-content\/uploads\/sites\/4\/2020\/03\/Calend\u00e1rio-ROBOCODE-2020.pdf\" target=\"_blank\" rel=\"noopener noreferrer\"><strong><span style=\"font-family: arial, helvetica, sans-serif; font-size: 14pt;\">DATAS<\/span><\/strong><\/a><\/span><\/li>\n<\/ul>\n<hr \/>\n<p style=\"text-align: center;\"><span style=\"color: #008000; font-family: arial, helvetica, sans-serif; font-size: 18pt;\"><strong>PREMIA\u00c7\u00c3O<\/strong><\/span><\/p>\n<ul>\n<li><span style=\"font-family: arial, helvetica, sans-serif; font-size: 14pt; color: #ffff00;\"><strong><a style=\"color: #ffff00;\" href=\"https:\/\/liag.ft.unicamp.br\/robocode\/premios-robocode-2020\/\" target=\"_blank\" rel=\"noopener noreferrer\">PR\u00caMIOS<\/a><\/strong><\/span><\/li>\n<\/ul>\n<hr \/>\n<p style=\"text-align: center;\"><span style=\"font-size: 18pt; color: #ff0000; background-color: #000000;\"><a style=\"color: #ff0000; background-color: #000000;\" href=\"https:\/\/forms.gle\/uhydXLStXvbRz8bg6\" target=\"_blank\" rel=\"noopener noreferrer\"><strong><span style=\"font-family: arial, helvetica, sans-serif;\">|FA\u00c7A SUA INSCRI\u00c7\u00c3O|<\/span><\/strong><\/a><\/span><\/p>\n","protected":false},"excerpt":{"rendered":"<p>ACOMPANHE O ROBOCODE 2021 Robocode Brasil \u00e9 uma competi\u00e7\u00e3o que utiliza Aprendizagem Baseada em Problemas (PBL) para estimular alunos de cursos t\u00e9cnicos e superiores a aprender conceitos de linguagem de programa\u00e7\u00e3o no qual equipes criam \u201crob\u00f4s\u201d virtuais para competirem entre si. O Robocode \u00e9 um jogo s\u00e9rio de simula\u00e7\u00e3o que permite estruturar competi\u00e7\u00f5es entre rob\u00f4s [&hellip;]<\/p>\n","protected":false},"author":1,"featured_media":0,"parent":0,"menu_order":0,"comment_status":"closed","ping_status":"closed","template":"","meta":{"_monsterinsights_skip_tracking":false,"_monsterinsights_sitenote_active":false,"_monsterinsights_sitenote_note":"","_monsterinsights_sitenote_category":0,"footnotes":"","_links_to":"","_links_to_target":""},"class_list":["post-3205","page","type-page","status-publish","hentry"],"wps_subtitle":"","_links":{"self":[{"href":"https:\/\/liag.ft.unicamp.br\/robocode\/wp-json\/wp\/v2\/pages\/3205","targetHints":{"allow":["GET"]}}],"collection":[{"href":"https:\/\/liag.ft.unicamp.br\/robocode\/wp-json\/wp\/v2\/pages"}],"about":[{"href":"https:\/\/liag.ft.unicamp.br\/robocode\/wp-json\/wp\/v2\/types\/page"}],"author":[{"embeddable":true,"href":"https:\/\/liag.ft.unicamp.br\/robocode\/wp-json\/wp\/v2\/users\/1"}],"replies":[{"embeddable":true,"href":"https:\/\/liag.ft.unicamp.br\/robocode\/wp-json\/wp\/v2\/comments?post=3205"}],"version-history":[{"count":12,"href":"https:\/\/liag.ft.unicamp.br\/robocode\/wp-json\/wp\/v2\/pages\/3205\/revisions"}],"predecessor-version":[{"id":3449,"href":"https:\/\/liag.ft.unicamp.br\/robocode\/wp-json\/wp\/v2\/pages\/3205\/revisions\/3449"}],"wp:attachment":[{"href":"https:\/\/liag.ft.unicamp.br\/robocode\/wp-json\/wp\/v2\/media?parent=3205"}],"curies":[{"name":"wp","href":"https:\/\/api.w.org\/{rel}","templated":true}]}}