{"id":23,"date":"2018-04-09T11:04:12","date_gmt":"2018-04-09T14:04:12","guid":{"rendered":"http:\/\/liag.ft.unicamp.br\/scratch2018\/?page_id=23"},"modified":"2018-04-09T14:11:45","modified_gmt":"2018-04-09T17:11:45","slug":"sobre","status":"publish","type":"page","link":"https:\/\/liag.ft.unicamp.br\/scratch2018\/sobre\/","title":{"rendered":"Sobre"},"content":{"rendered":"<p><img fetchpriority=\"high\" decoding=\"async\" class=\"size-full wp-image-24 aligncenter\" src=\"https:\/\/liag.ft.unicamp.br\/scratch2018\/wp-content\/uploads\/sites\/17\/2018\/04\/liag.png\" alt=\"\" width=\"487\" height=\"215\" srcset=\"https:\/\/liag.ft.unicamp.br\/scratch2018\/wp-content\/uploads\/sites\/17\/2018\/04\/liag.png 487w, https:\/\/liag.ft.unicamp.br\/scratch2018\/wp-content\/uploads\/sites\/17\/2018\/04\/liag-300x132.png 300w\" sizes=\"(max-width: 487px) 100vw, 487px\" \/><\/p>\n<h4 style=\"text-align: center;\"><\/h4>\n<h6 style=\"text-align: center;\"><span style=\"color: #3366ff;\"><strong>O Laborat\u00f3rio de Inform\u00e1tica Aprendizagem e Gest\u00e3o (LIAG) da Faculdade de Tecnologia de Limeira (FT) esta organizando seu 3\u00ba Scratch Day. Acreditamos na\u00a0 filosofia do evento, no qual crian\u00e7as e adultos se re\u00fanem para compartilhar projetos e aprenderem juntos.<\/strong><\/span><\/h6>\n<h6 style=\"text-align: center;\"><span style=\"color: #ff6600;\"><strong>Sobre o Scratch Day\u00a0<\/strong><\/span><\/h6>\n<h6 style=\"text-align: center;\"><span style=\"color: #3366ff;\"><strong>O Scratch Day \u00e9 uma rede global de eventos nos quais as pessoas se re\u00fanem para celebrar o\u00a0Scratch, a plataforma de programa\u00e7\u00e3o gratuita e comunidade online para crian\u00e7as. Os eventos do Scratch Day re\u00fanem jovens da comunidade Scratch para que eles compartilhem projetos, aprendam uns com os outros, e deem as boas-vindas aos rec\u00e9m-chegados.<\/strong><\/span><\/h6>\n<h6 style=\"text-align: center;\"><span style=\"color: #3366ff;\"><b>A comemora\u00e7\u00e3o deste ano correra\u00a0em 12 de Maio de 2018. Procure saber mais sobre o evento Scratch Day e procure um na sua comunidade, ou participe organizando um voc\u00ea mesmo!<\/b><\/span><\/h6>\n<h6 style=\"text-align: center;\"><strong><span style=\"color: #3366ff;\"><span style=\"color: #ff6600;\">Site Oficial do Scratch Day<\/span>: \u00a0<span style=\"color: #ff6600;\"><a href=\"https:\/\/day.scratch.mit.edu\/\">https:\/\/day.scratch.mit.edu\/<\/a><\/span><\/span><\/strong><\/h6>\n<h6 style=\"text-align: center;\"><strong><span style=\"color: #3366ff;\"><span style=\"color: #ff6600;\">Site Oficial do Scratch:<\/span> \u00a0\u00a0<span style=\"color: #ff6600;\">\u00a0<a href=\"https:\/\/scratch.mit.edu\/\">https:\/\/scratch.mit.edu\/<\/a><\/span><\/span><\/strong><\/h6>\n<p>&nbsp;<\/p>\n","protected":false},"excerpt":{"rendered":"<p>O Laborat\u00f3rio de Inform\u00e1tica Aprendizagem e Gest\u00e3o (LIAG) da Faculdade de Tecnologia de Limeira (FT) esta organizando seu 3\u00ba Scratch Day. Acreditamos na\u00a0 filosofia do evento, no qual crian\u00e7as e adultos se re\u00fanem para compartilhar projetos e aprenderem juntos. Sobre o Scratch Day\u00a0 O Scratch Day \u00e9 uma rede global de eventos nos quais as [&hellip;]<\/p>\n","protected":false},"author":1,"featured_media":0,"parent":0,"menu_order":0,"comment_status":"closed","ping_status":"closed","template":"","meta":{"_monsterinsights_skip_tracking":false,"_monsterinsights_sitenote_active":false,"_monsterinsights_sitenote_note":"","_monsterinsights_sitenote_category":0,"footnotes":"","_links_to":"","_links_to_target":""},"class_list":["post-23","page","type-page","status-publish","hentry"],"wps_subtitle":"","_links":{"self":[{"href":"https:\/\/liag.ft.unicamp.br\/scratch2018\/wp-json\/wp\/v2\/pages\/23","targetHints":{"allow":["GET"]}}],"collection":[{"href":"https:\/\/liag.ft.unicamp.br\/scratch2018\/wp-json\/wp\/v2\/pages"}],"about":[{"href":"https:\/\/liag.ft.unicamp.br\/scratch2018\/wp-json\/wp\/v2\/types\/page"}],"author":[{"embeddable":true,"href":"https:\/\/liag.ft.unicamp.br\/scratch2018\/wp-json\/wp\/v2\/users\/1"}],"replies":[{"embeddable":true,"href":"https:\/\/liag.ft.unicamp.br\/scratch2018\/wp-json\/wp\/v2\/comments?post=23"}],"version-history":[{"count":9,"href":"https:\/\/liag.ft.unicamp.br\/scratch2018\/wp-json\/wp\/v2\/pages\/23\/revisions"}],"predecessor-version":[{"id":63,"href":"https:\/\/liag.ft.unicamp.br\/scratch2018\/wp-json\/wp\/v2\/pages\/23\/revisions\/63"}],"wp:attachment":[{"href":"https:\/\/liag.ft.unicamp.br\/scratch2018\/wp-json\/wp\/v2\/media?parent=23"}],"curies":[{"name":"wp","href":"https:\/\/api.w.org\/{rel}","templated":true}]}}